{"id":360,"date":"2019-07-22T10:57:54","date_gmt":"2019-07-22T10:57:54","guid":{"rendered":"https:\/\/jadeant.com\/?post_type=product&#038;p=360"},"modified":"2025-03-17T13:08:39","modified_gmt":"2025-03-17T13:08:39","slug":"modern-nightstands","status":"publish","type":"product","link":"https:\/\/jadeant.com\/ar\/product\/modern-nightstands\/","title":{"rendered":"\u0645\u0646\u0627\u0636\u062f \u0644\u064a\u0644\u064a\u0629 \u0639\u0635\u0631\u064a\u0629"},"content":{"rendered":"<h1>\u0645\u0646\u0627\u0636\u062f \u0644\u064a\u0644\u064a\u0629 \u0639\u0635\u0631\u064a\u0629<\/h1>\n<p>&nbsp;<\/p>\n<h2>\u0645\u0648\u0627\u0635\u0641\u0627\u062a \u0645\u0646\u0627\u0636\u062f \u0627\u0644\u0646\u0648\u0645 \u0627\u0644\u062d\u062f\u064a\u062b\u0629<\/h2>\n<p>\u0645\u0642\u0627\u0633 QUEEN70.75\u2033*87.5\u2033*52\u2033 \u0628\u0648\u0635\u0629<br \/>\n1540 \u00d7 2035 \u0645\u0645<\/p>\n<table style=\"width: 64.3565%; height: 527px;\" border=\"1\">\n<tbody>\n<tr style=\"height: 78px;\">\n<td style=\"width: 24.8318%; height: 78px;\">\u0627\u0644\u062d\u062c\u0645 \u0627\u0644\u0643\u0627\u0645\u0644<\/td>\n<td style=\"width: 92.2463%; height: 78px;\">\n<p data-spm-anchor-id=\"a2700.details.pronpeci14.i3.74a65239ocgbJ9\">500 \u00d7 500 \u00d7 500 \u00d7 400 \u0645\u0645<\/p>\n<\/td>\n<\/tr>\n<tr style=\"height: 72px;\">\n<td style=\"width: 24.8318%; height: 72px;\">\u062d\u062c\u0645 \u0627\u0644\u062a\u0639\u0628\u0626\u0629 \u0648\u0627\u0644\u062a\u063a\u0644\u064a\u0641<\/td>\n<td style=\"width: 92.2463%; height: 72px;\">600 \u00d7 600 \u00d7 600 \u00d7 500 \u0645\u0645<\/td>\n<\/tr>\n<tr style=\"height: 87px;\">\n<td style=\"width: 24.8318%; height: 87px;\">\u0627\u0633\u062a\u062e\u062f\u0627\u0645 \u0645\u062d\u062f\u062f<\/td>\n<td style=\"width: 92.2463%; height: 87px;\">\u0633\u0631\u064a\u0631 \u063a\u0631\u0641\u0629 \u0646\u0648\u0645\u060c \u0633\u0631\u064a\u0631 \u0641\u0646\u062f\u0642<\/td>\n<\/tr>\n<tr style=\"height: 80px;\">\n<td style=\"width: 24.8318%; height: 80px;\">\u0627\u0644\u0625\u0637\u0627\u0631:<\/td>\n<td style=\"width: 92.2463%; height: 80px;\">\u062e\u0634\u0628 \u0631\u0642\u0627\u0626\u0642\u064a<\/td>\n<\/tr>\n<tr style=\"height: 75px;\">\n<td style=\"width: 24.8318%; height: 75px;\">\u0627\u0644\u0623\u0642\u062f\u0627\u0645<\/td>\n<td style=\"width: 92.2463%; height: 75px;\">\u0627\u0644\u0641\u0648\u0644\u0627\u0630 \u0627\u0644\u0645\u0642\u0627\u0648\u0645 \u0644\u0644\u0635\u062f\u0623<\/td>\n<\/tr>\n<tr style=\"height: 135px;\">\n<td style=\"width: 24.8318%; height: 135px;\">\u062a\u0641\u0627\u0635\u064a\u0644 \u0627\u0644\u062a\u0639\u0628\u0626\u0629 \u0648\u0627\u0644\u062a\u063a\u0644\u064a\u0641<\/td>\n<td style=\"width: 92.2463%; height: 135px;\">(1) \u0625\u0633\u0641\u0646\u062c EPE+ \u0648\u0633\u0627\u062f\u0629 \u0643\u0631\u0627\u0641\u062a + \u0643\u064a\u0633 \u0623\u0628\u064a\u0636 \u063a\u064a\u0631 \u0645\u0646\u0633\u0648\u062c<span data-spm-anchor-id=\"a2700.details.pronpeci14.i1.74a65239ocgbJ9\">(2) \u063a\u0644\u0627\u0641 \u0645\u0646 \u0627\u0644\u0641\u0648\u0645 \u0648\u0627\u0644\u0648\u0631\u0642 \u0627\u0644\u0645\u0642\u0648\u0649 \u0627\u0644\u0645\u0645\u0648\u062c \u0645\u0639 \u062d\u0645\u0627\u064a\u0629 \u0627\u0644\u0632\u0648\u0627\u064a\u0627\u00a0<\/span><\/p>\n<p>(3) \u064a\u0645\u0643\u0646 \u0625\u0632\u0627\u0644\u0629 \u0627\u0644\u0623\u0631\u062c\u0644 \u0627\u0644\u062e\u0634\u0628\u064a\u0629 \u0623\u0648 \u0627\u0644\u0623\u0631\u062c\u0644 \u0627\u0644\u0645\u0639\u062f\u0646\u064a\u0629 \u0648\u062a\u0639\u0628\u0626\u062a\u0647\u0627 \u0628\u0634\u0643\u0644 \u0645\u0646\u0641\u0635\u0644.<\/td>\n<\/tr>\n<\/tbody>\n<\/table>\n<h2>\u062d\u0648\u0644 \u0645\u0646\u0627\u0636\u062f \u0627\u0644\u0646\u0648\u0645 \u0627\u0644\u062d\u062f\u064a\u062b\u0629<\/h2>\n<p><span style=\"font-family: georgia, palatino; font-size: 14pt;\">\u0625\u0630\u0627 \u0643\u0646\u062a \u0644\u0627 \u062a\u0631\u063a\u0628 \u0641\u064a \u0627\u062e\u062a\u064a\u0627\u0631 \u0645\u0646\u0627\u0636\u062f \u0627\u0644\u0646\u0648\u0645 \u0627\u0644\u062d\u062f\u064a\u062b\u0629 \u0648\u0641\u0642\u064b\u0627 \u0644\u0644\u0631\u0648\u062a\u064a\u0646\u060c \u0648\u0644\u0643\u0646\u0643 \u062a\u0623\u0645\u0644 \u0623\u0646 \u062a\u062d\u062a\u0648\u064a \u0637\u0627\u0648\u0644\u0629 \u0627\u0644\u0633\u0631\u064a\u0631 \u0627\u0644\u062c\u0627\u0646\u0628\u064a\u0629 \u0639\u0644\u0649 \u0645\u062c\u0645\u0648\u0639\u0629 \u0645\u062a\u0646\u0648\u0639\u0629 \u0645\u0646 \u0627\u0644\u0648\u0638\u0627\u0626\u0641 \u0627\u0644\u0645\u062f\u0645\u062c\u0629\u060c \u0623\u0648 \u062a\u0623\u0645\u0644 \u0623\u0646 \u062a\u0643\u0648\u0646 \u0645\u0645\u064a\u0632\u0629\u060c \u062d\u062a\u0649 \u0644\u0648 \u0644\u0645 \u062a\u0643\u0646 \u0639\u0644\u0649 \u0637\u0631\u0627\u0632 \u0627\u0644\u062e\u0632\u0627\u0646\u0629 \u0628\u062f\u0642\u0629. \u0623\u0648\u0644\u0626\u0643 \u0627\u0644\u0630\u064a\u0646 \u0644\u062f\u064a\u0647\u0645 \u0645\u062b\u0644 \u0647\u0630\u0647 \u0627\u0644\u062d\u0627\u062c\u0629 \u0642\u062f \u064a\u0646\u0638\u0631\u0648\u0646 \u0625\u0644\u0649 \u0637\u0627\u0648\u0644\u0627\u062a \u0627\u0644\u0646\u0648\u0645 \u0627\u0644\u062d\u062f\u064a\u062b\u0629 \u0630\u0627\u062a \u0627\u0644\u0648\u0638\u0627\u0626\u0641 \u0627\u0644\u0645\u062f\u0645\u062c\u0629. \u0623\u0648 \u0637\u0627\u0648\u0644\u0627\u062a \u062c\u0627\u0646\u0628\u064a\u0629 \u062d\u062f\u064a\u062b\u0629.<\/span><\/p>\n<p><span style=\"font-family: georgia, palatino; font-size: 14pt;\">\u0643\u0645\u0627 \u0623\u0646 \u0648\u0636\u0639 \u0627\u0644\u0639\u0646\u0627\u0635\u0631 \u0639\u0644\u0649 \u0637\u0627\u0648\u0644\u0629 \u0627\u0644\u0633\u0631\u064a\u0631 \u0627\u0644\u062c\u0627\u0646\u0628\u064a\u0629 \u0647\u0648 \u0623\u064a\u0636\u064b\u0627 \u062e\u0627\u0635 \u062c\u062f\u064b\u0627. \u064a\u0645\u0643\u0646\u0646\u0627 \u0648\u0636\u0639 \u0645\u0635\u0628\u0627\u062d \u0637\u0627\u0648\u0644\u0629 \u0639\u0644\u0649 \u0627\u0644\u062e\u0632\u0627\u0646\u0629\u060c \u0644\u0623\u0646 \u0645\u0635\u0628\u0627\u062d \u0627\u0644\u0637\u0627\u0648\u0644\u0629 \u064a\u0645\u0643\u0646 \u0623\u0646 \u064a\u062c\u0639\u0644 \u0645\u0633\u062a\u0642\u0628\u0644\u0646\u0627 \u0645\u0634\u0631\u0642\u064b\u0627. <\/span><\/p>\n<p><span style=\"font-family: georgia, palatino; font-size: 14pt;\">\u0639\u0644\u0649 \u0627\u0644\u0631\u063a\u0645 \u0645\u0646 \u0623\u0646\u0647 \u0645\u0646 \u0627\u0644\u0645\u0645\u0643\u0646 \u0623\u0646 \u0644\u0627 \u064a\u0645\u0643\u0646\u0646\u0627 \u0627\u0633\u062a\u062e\u062f\u0627\u0645 \u0627\u0644\u0645\u0635\u0628\u0627\u062d \u0627\u0644\u0645\u0643\u062a\u0628\u064a \u0641\u064a \u0627\u0644\u0623\u0648\u0642\u0627\u062a \u0627\u0644\u0639\u0627\u062f\u064a\u0629\u060c \u0625\u0644\u0627 \u0623\u0646 \u0628\u0639\u0636 \u0627\u0644\u0623\u063a\u0646\u064a\u0627\u0621 \u064a\u0636\u0639\u0648\u0646 \u0627\u0644\u0645\u0635\u0628\u0627\u062d \u0627\u0644\u0645\u0643\u062a\u0628\u064a \u0639\u0644\u0649 \u0637\u0627\u0648\u0644\u0629 \u0627\u0644\u0633\u0631\u064a\u0631. <\/span><\/p>\n<p><span style=\"font-family: georgia, palatino; font-size: 14pt;\">\u0628\u0627\u0644\u0625\u0636\u0627\u0641\u0629 \u0625\u0644\u0649 \u0645\u0635\u0628\u0627\u062d \u0627\u0644\u0645\u0643\u062a\u0628\u060c \u0641\u0625\u0646 \u0627\u0644\u0623\u0634\u064a\u0627\u0621 \u0627\u0644\u0623\u0643\u062b\u0631 \u0634\u064a\u0648\u0639\u064b\u0627 \u0639\u0644\u0649 \u0637\u0627\u0648\u0644\u0629 \u0627\u0644\u0633\u0631\u064a\u0631 \u0627\u0644\u062c\u0627\u0646\u0628\u064a\u0629 \u0647\u064a \u0627\u0644\u0647\u0627\u062a\u0641 \u0627\u0644\u0645\u062d\u0645\u0648\u0644 \u0648\u0627\u0644\u0643\u0645\u0628\u064a\u0648\u062a\u0631\u060c \u0648\u0644\u0643\u0646 \u0644\u0627 \u064a\u0645\u0643\u0646 \u0648\u0636\u0639 \u0647\u0630\u064a\u0646 \u0627\u0644\u0634\u064a\u0626\u064a\u0646 \u0639\u0644\u0649 \u0637\u0627\u0648\u0644\u0629 \u0627\u0644\u0633\u0631\u064a\u0631\u060c \u0644\u0623\u0646 \u0647\u0630\u0647 \u0627\u0644\u0645\u0646\u062a\u062c\u0627\u062a \u0639\u0627\u0644\u064a\u0629 \u0627\u0644\u062a\u0642\u0646\u064a\u0629\u060c \u0648\u0647\u0646\u0627\u0643 \u0627\u0644\u0643\u062b\u064a\u0631 \u0645\u0646 \u0627\u0644\u0625\u0634\u0639\u0627\u0639 \u0639\u0646\u062f \u0627\u0633\u062a\u062e\u062f\u0627\u0645\u0647\u0627. <\/span><\/p>\n<p><span style=\"font-family: georgia, palatino; font-size: 14pt;\">\u0639\u0644\u0649 \u0627\u0644\u0631\u063a\u0645 \u0645\u0646 \u0623\u0646 \u0628\u0639\u0636 \u0627\u0644\u0646\u0627\u0633 \u064a\u062d\u0628\u0648\u0646 \u0627\u0644\u0644\u0639\u0628 \u0628\u0627\u0644\u0647\u0627\u062a\u0641 \u0627\u0644\u0645\u062d\u0645\u0648\u0644 \u0642\u0628\u0644 \u0627\u0644\u0646\u0648\u0645\u060c \u0625\u0644\u0627 \u0623\u0646\u0646\u0627 \u0639\u0646\u062f\u0645\u0627 \u0646\u0643\u0648\u0646 \u0645\u0633\u062a\u0639\u062f\u064a\u0646 \u0644\u0644\u0631\u0627\u062d\u0629\u060c \u0646\u062d\u062a\u0627\u062c \u0625\u0644\u0649 \u0625\u0628\u0639\u0627\u062f \u0627\u0644\u0647\u0627\u062a\u0641\u060c \u0648\u0625\u0644\u0627 \u0633\u0646\u0634\u0639\u0631 \u0628\u0639\u062f\u0645 \u0627\u0644\u0627\u0631\u062a\u064a\u0627\u062d \u0639\u0646\u062f \u0627\u0644\u0646\u0648\u0645\u060c \u0648\u0633\u062a\u0646\u062e\u0641\u0636 \u062c\u0648\u062f\u0629 \u0646\u0648\u0645\u0646\u0627.<\/span><\/p>","protected":false},"excerpt":{"rendered":"<p>Modern nightstands &nbsp; Specification of modern nightstands QUEEN size70.75\u2033*87.5\u2033*52\u2033 inch 1540x2035mm Full size 500x500x400mm packing size 600x600x500mm specific use Bedroom bed,Hotel bed Frame: Plywood Feet stainless steel Packing details (1) EPE foam+kraft pad + White non-woven bag(2) Foam and corrugated cardboard wrappling with corner protection\u00a0 (3) The wooden legs or metal legs are removable and [&hellip;]<\/p>\n","protected":false},"featured_media":2158,"template":"","meta":{"_seopress_robots_primary_cat":"117","_seopress_titles_title":"Modern nightstands must be come with the bed | Jade Ant Home","_seopress_titles_desc":"If you don't want to choose the modern nightstands according to the routine, but you hope that the bedside table has a variety of combination functions, or you hope it is special, even if it is not strictly in the cabinet style. Those who have such a need may look at the modern nightstands with combined functions.","_seopress_robots_index":"","_joinchat":[]},"product_brand":[],"product_cat":[117,123],"product_tag":[],"class_list":{"0":"post-360","1":"product","2":"type-product","3":"status-publish","4":"has-post-thumbnail","6":"product_cat-bedroom-furniture","7":"product_cat-nightstand","9":"first","10":"instock","11":"shipping-taxable","12":"product-type-simple"},"_links":{"self":[{"href":"https:\/\/jadeant.com\/ar\/wp-json\/wp\/v2\/product\/360","targetHints":{"allow":["GET"]}}],"collection":[{"href":"https:\/\/jadeant.com\/ar\/wp-json\/wp\/v2\/product"}],"about":[{"href":"https:\/\/jadeant.com\/ar\/wp-json\/wp\/v2\/types\/product"}],"version-history":[{"count":1,"href":"https:\/\/jadeant.com\/ar\/wp-json\/wp\/v2\/product\/360\/revisions"}],"predecessor-version":[{"id":2322,"href":"https:\/\/jadeant.com\/ar\/wp-json\/wp\/v2\/product\/360\/revisions\/2322"}],"wp:featuredmedia":[{"embeddable":true,"href":"https:\/\/jadeant.com\/ar\/wp-json\/wp\/v2\/media\/2158"}],"wp:attachment":[{"href":"https:\/\/jadeant.com\/ar\/wp-json\/wp\/v2\/media?parent=360"}],"wp:term":[{"taxonomy":"product_brand","embeddable":true,"href":"https:\/\/jadeant.com\/ar\/wp-json\/wp\/v2\/product_brand?post=360"},{"taxonomy":"product_cat","embeddable":true,"href":"https:\/\/jadeant.com\/ar\/wp-json\/wp\/v2\/product_cat?post=360"},{"taxonomy":"product_tag","embeddable":true,"href":"https:\/\/jadeant.com\/ar\/wp-json\/wp\/v2\/product_tag?post=360"}],"curies":[{"name":"\u062f\u0628\u0644\u064a\u0648 \u0628\u064a","href":"https:\/\/api.w.org\/{rel}","templated":true}]}}