{"id":207,"date":"2019-05-06T09:43:58","date_gmt":"2019-05-06T09:43:58","guid":{"rendered":"https:\/\/jadeant.com\/?post_type=product&#038;p=207"},"modified":"2025-03-17T13:25:26","modified_gmt":"2025-03-17T13:25:26","slug":"king-size-bed","status":"publish","type":"product","link":"https:\/\/jadeant.com\/pt\/produto\/king-size-bed\/","title":{"rendered":"Cama king size"},"content":{"rendered":"<h2>Cama king size<\/h2>\n<p>&nbsp;<\/p>\n<h2>Informa\u00e7\u00f5es de produ\u00e7\u00e3o da cama king size<\/h2>\n<table style=\"width: 59.4581%;\" border=\"1\">\n<tbody>\n<tr>\n<td style=\"width: 28.4982%;\" data-spm-anchor-id=\"a2700.details.pronpeci14.i0.479d3829Y92VWk\">Nome do produto<\/td>\n<td style=\"width: 96.1172%;\">\u00a0 cama para tamanhos diferentes<\/td>\n<\/tr>\n<tr>\n<td style=\"width: 28.4982%;\">\u00a0Tamanho<\/td>\n<td style=\"width: 96.1172%;\">\u00a0 180\u00d7200 ou tamanho King personalizado<\/td>\n<\/tr>\n<tr>\n<td style=\"width: 28.4982%;\">\u00a0Uso<\/td>\n<td style=\"width: 96.1172%;\">\u00a0 Quarto de dormir<\/td>\n<\/tr>\n<tr>\n<td style=\"width: 28.4982%;\">\u00a0Moldura<\/td>\n<td style=\"width: 96.1172%;\">\u00a0\u00a0Madeira maci\u00e7a ecol\u00f3gica com estofamento de tecido<\/td>\n<\/tr>\n<tr>\n<td style=\"width: 28.4982%;\">\u00a0Op\u00e7\u00e3o de capa<\/td>\n<td style=\"width: 96.1172%;\">\u00a0 \u00a0Couro, ou PU, ou<a>\u00a0tecido de linho e algod\u00e3o<\/a><\/td>\n<\/tr>\n<tr>\n<td style=\"width: 28.4982%;\">\u00a0Cor<\/td>\n<td style=\"width: 96.1172%;\">\u00a0 Conforme a imagem ou personalizado<\/td>\n<\/tr>\n<\/tbody>\n<\/table>\n<p>&nbsp;<\/p>\n<p>A cama King Size \u00e9 o tamanho personalizado que fazemos para os clientes, com mais cores de tecido para escolher.<\/p>\n<p>O mais importante na decora\u00e7\u00e3o do quarto \u00e9 prestar aten\u00e7\u00e3o a ele. Ou seja, quem \u00e9 o propriet\u00e1rio do quarto.<\/p>\n<p>Dependendo do usu\u00e1rio do quarto, \u00e9 claro que o design da decora\u00e7\u00e3o n\u00e3o deve ser o mesmo.<\/p>\n<p>Especialmente no quarto de idosos e crian\u00e7as, a seguran\u00e7a \u00e9 a primeira prioridade. Tente reduzir a coloca\u00e7\u00e3o de outros m\u00f3veis. A ilumina\u00e7\u00e3o deve ser um pouco mais clara.<\/p>\n<p>O maior foco do quarto \u00e9 a cama. O posicionamento da cama \u00e9 muito importante. Onde est\u00e1 a cama, onde est\u00e1 o centro visual<\/p>","protected":false},"excerpt":{"rendered":"<p>King size bed &nbsp; Production Information of king size bed Product name \u00a0 bed for different size \u00a0Size \u00a0 180&#215;200 or customized King size \u00a0Usage \u00a0 Bedroom \u00a0Frame \u00a0\u00a0Eco friendly solid wood with fabric upholestery \u00a0Cover Option \u00a0 \u00a0Leather,or PU, or\u00a0linen cotton fabric \u00a0Color \u00a0 As picture or customized &nbsp; King Size bed is the [&hellip;]<\/p>\n","protected":false},"featured_media":1770,"template":"","meta":{"_seopress_robots_primary_cat":"117","_seopress_titles_title":"King size bed could be provided specially for client | Jade Ant","_seopress_titles_desc":"King Size bed is the custom size we do for the clients,made with solid wood frame and the fabric cover headboard and body,the fabric could be changed.","_seopress_robots_index":"","_joinchat":[]},"product_brand":[],"product_cat":[122,117],"product_tag":[],"class_list":{"0":"post-207","1":"product","2":"type-product","3":"status-publish","4":"has-post-thumbnail","6":"product_cat-bed","7":"product_cat-bedroom-furniture","9":"first","10":"instock","11":"featured","12":"shipping-taxable","13":"product-type-simple"},"_links":{"self":[{"href":"https:\/\/jadeant.com\/pt\/wp-json\/wp\/v2\/product\/207","targetHints":{"allow":["GET"]}}],"collection":[{"href":"https:\/\/jadeant.com\/pt\/wp-json\/wp\/v2\/product"}],"about":[{"href":"https:\/\/jadeant.com\/pt\/wp-json\/wp\/v2\/types\/product"}],"version-history":[{"count":1,"href":"https:\/\/jadeant.com\/pt\/wp-json\/wp\/v2\/product\/207\/revisions"}],"predecessor-version":[{"id":2332,"href":"https:\/\/jadeant.com\/pt\/wp-json\/wp\/v2\/product\/207\/revisions\/2332"}],"wp:featuredmedia":[{"embeddable":true,"href":"https:\/\/jadeant.com\/pt\/wp-json\/wp\/v2\/media\/1770"}],"wp:attachment":[{"href":"https:\/\/jadeant.com\/pt\/wp-json\/wp\/v2\/media?parent=207"}],"wp:term":[{"taxonomy":"product_brand","embeddable":true,"href":"https:\/\/jadeant.com\/pt\/wp-json\/wp\/v2\/product_brand?post=207"},{"taxonomy":"product_cat","embeddable":true,"href":"https:\/\/jadeant.com\/pt\/wp-json\/wp\/v2\/product_cat?post=207"},{"taxonomy":"product_tag","embeddable":true,"href":"https:\/\/jadeant.com\/pt\/wp-json\/wp\/v2\/product_tag?post=207"}],"curies":[{"name":"wp","href":"https:\/\/api.w.org\/{rel}","templated":true}]}}