{"id":210,"date":"2019-05-06T10:07:34","date_gmt":"2019-05-06T10:07:34","guid":{"rendered":"https:\/\/jadeant.com\/?post_type=product&#038;p=210"},"modified":"2025-03-17T13:22:24","modified_gmt":"2025-03-17T13:22:24","slug":"beds-for-girls","status":"publish","type":"product","link":"https:\/\/jadeant.com\/pt\/produto\/beds-for-girls\/","title":{"rendered":"Cama para meninas"},"content":{"rendered":"<h1>Cama para meninas<\/h1>\n<table style=\"width: 97.3323%;\" cellspacing=\"0\" cellpadding=\"0\">\n<tbody>\n<tr>\n<td style=\"width: 0.745156%;\"><\/td>\n<td style=\"width: 184.137%;\"><strong data-spm-anchor-id=\"a2700.details.pronpeci14.i3.5c0b2b22cAsROZ\">Descri\u00e7\u00e3o do produto sobre cama para meninas<\/strong><\/td>\n<\/tr>\n<\/tbody>\n<\/table>\n<p>&nbsp;<\/p>\n<table style=\"width: 60.594%;\" cellspacing=\"0\" cellpadding=\"0\">\n<tbody>\n<tr>\n<td style=\"width: 42.3729%;\"><span data-spm-anchor-id=\"a2700.details.pronpeci14.i1.5c0b2b22cAsROZ\">Nome do produto\u00a0 \u00a0<\/span><\/td>\n<td style=\"width: 87.2145%;\">Cama para meninas<\/td>\n<\/tr>\n<tr>\n<td style=\"width: 42.3729%;\">Roupas de couro<\/td>\n<td style=\"width: 87.2145%;\">tecido<\/td>\n<\/tr>\n<tr>\n<td style=\"width: 42.3729%;\">Tela da cama<\/td>\n<td style=\"width: 87.2145%;\">tecido \/ madeira maci\u00e7a \/ espuma de alta densidade<\/td>\n<\/tr>\n<tr>\n<td style=\"width: 42.3729%;\">Jogo de cama<\/td>\n<td style=\"width: 87.2145%;\">tecido \/ madeira maci\u00e7a \/ espuma de alta densidade<\/td>\n<\/tr>\n<tr>\n<td style=\"width: 42.3729%;\">Usado<\/td>\n<td style=\"width: 87.2145%;\" data-spm-anchor-id=\"a2700.details.pronpeci14.i0.5c0b2b22cAsROZ\">Hotel \/ Casa<\/td>\n<\/tr>\n<tr>\n<td style=\"width: 42.3729%;\">Cor<\/td>\n<td style=\"width: 87.2145%;\">pinkor Outras cores personalizadas<\/td>\n<\/tr>\n<tr>\n<td style=\"width: 42.3729%;\">Estilo<\/td>\n<td style=\"width: 87.2145%;\">Antigo \/ Moderno<\/td>\n<\/tr>\n<tr>\n<td style=\"width: 42.3729%;\">Tamanho<\/td>\n<td style=\"width: 87.2145%;\">Queen, King, (personalizado em qualquer tamanho)<\/td>\n<\/tr>\n<\/tbody>\n<\/table>\n<p>Crian\u00e7as para meninas: Toda menina tem um sonho de Branca de Neve em sua mente.<\/p>\n<p>Ela sonhava em ter seu pr\u00f3prio mundo de contos de fadas em seu quarto.<\/p>\n<p>Para muitas meninas, o quarto \u00e9 seu segundo habitat, vestindo-se a partir do pr\u00f3prio quarto. Veja, tamb\u00e9m podemos analisar suas diferentes caracter\u00edsticas de personalidade.<\/p>\n<p>O sistema de cores \u00e9 sempre popular entre muitas meninas. A roupa de cama \"variada\" nos permite sentir o calor do c\u00f4modo e a import\u00e2ncia da lumin\u00e1ria de parede.<\/p>\n<p>O colorido <a href=\"https:\/\/jadeant.com\/pt\/produto\/bed\/\">cama<\/a> para meninas tornam o c\u00f4modo brilhante e bonito. A lumin\u00e1ria de parede simples e elegante com base quadrada ecoa os elementos do bloco de cores, ao mesmo tempo em que<\/p>\n<p>O layout do quarto das meninas n\u00e3o s\u00f3 \u00e9 capaz de decorar o estilo que queremos, mas tamb\u00e9m de fazer voc\u00ea se sentir diferente da vida anterior.<\/p>\n<h2>Com rela\u00e7\u00e3o \u00e0 decora\u00e7\u00e3o do quarto das meninas:<\/h2>\n<p>N\u00e3o use preto e branco frio na decora\u00e7\u00e3o de meninas, escolha cores quentes. O amarelo alaranjado parece brincalh\u00e3o, o rosa \u00e1gua reflete a fofura, o azul lago mostra estabilidade atmosf\u00e9rica, o verde claro \u00e9 representativo do frescor<\/p>\n<p>As meninas est\u00e3o todas no controle, portanto, a decora\u00e7\u00e3o de alguns pequenos ornamentos tornou-se o toque final de todo o processo de decora\u00e7\u00e3o. Bonecas peludas, luzes de penas esvoa\u00e7antes, abajures aconchegantes e fragr\u00e2ncias rom\u00e2nticas s\u00e3o as melhores op\u00e7\u00f5es.<\/p>","protected":false},"excerpt":{"rendered":"<p>Bed for Girls Product Description about bed fro girls &nbsp; Product Name\u00a0 \u00a0 Bed for girls Leatherwear fabric Bed Screen fabric \/ Solid Wood \/ High Density Foam Bed Set fabric \/ Solid Wood \/ High Density Foam Used Hotel \/ Home Color pinkor Other Customized Color Style Antique \/ Modern Size Queen,King,(Customized any size) [&hellip;]<\/p>\n","protected":false},"featured_media":2034,"template":"","meta":{"_seopress_robots_primary_cat":"117","_seopress_titles_title":"Bed for girls to help them to be their Princess dream | Jade Ant","_seopress_titles_desc":"Bed for girls to help them to be their Princess dream,Every girl has a Snow White dream in her mind,She dreamed of having her own fairy tale world in her bedroom.","_seopress_robots_index":"","_joinchat":[]},"product_brand":[],"product_cat":[122,117,142,121],"product_tag":[],"class_list":{"0":"post-210","1":"product","2":"type-product","3":"status-publish","4":"has-post-thumbnail","6":"product_cat-bed","7":"product_cat-bedroom-furniture","8":"product_cat-kids-room-bed","9":"product_cat-kids-room-furniture","11":"first","12":"instock","13":"featured","14":"shipping-taxable","15":"product-type-simple"},"_links":{"self":[{"href":"https:\/\/jadeant.com\/pt\/wp-json\/wp\/v2\/product\/210","targetHints":{"allow":["GET"]}}],"collection":[{"href":"https:\/\/jadeant.com\/pt\/wp-json\/wp\/v2\/product"}],"about":[{"href":"https:\/\/jadeant.com\/pt\/wp-json\/wp\/v2\/types\/product"}],"version-history":[{"count":2,"href":"https:\/\/jadeant.com\/pt\/wp-json\/wp\/v2\/product\/210\/revisions"}],"predecessor-version":[{"id":2331,"href":"https:\/\/jadeant.com\/pt\/wp-json\/wp\/v2\/product\/210\/revisions\/2331"}],"wp:featuredmedia":[{"embeddable":true,"href":"https:\/\/jadeant.com\/pt\/wp-json\/wp\/v2\/media\/2034"}],"wp:attachment":[{"href":"https:\/\/jadeant.com\/pt\/wp-json\/wp\/v2\/media?parent=210"}],"wp:term":[{"taxonomy":"product_brand","embeddable":true,"href":"https:\/\/jadeant.com\/pt\/wp-json\/wp\/v2\/product_brand?post=210"},{"taxonomy":"product_cat","embeddable":true,"href":"https:\/\/jadeant.com\/pt\/wp-json\/wp\/v2\/product_cat?post=210"},{"taxonomy":"product_tag","embeddable":true,"href":"https:\/\/jadeant.com\/pt\/wp-json\/wp\/v2\/product_tag?post=210"}],"curies":[{"name":"wp","href":"https:\/\/api.w.org\/{rel}","templated":true}]}}