{"id":220,"date":"2019-05-06T10:20:00","date_gmt":"2019-05-06T10:20:00","guid":{"rendered":"https:\/\/jadeant.com\/?post_type=product&#038;p=220"},"modified":"2025-03-17T13:20:14","modified_gmt":"2025-03-17T13:20:14","slug":"solid-wood-bed","status":"publish","type":"product","link":"https:\/\/jadeant.com\/pt\/produto\/solid-wood-bed\/","title":{"rendered":"Cama de madeira maci\u00e7a"},"content":{"rendered":"<h1>Cama de madeira maci\u00e7a<\/h1>\n<div><\/div>\n<h2 id=\"ali-title-AliPostDhMb-pgtcs\"><span data-spm-anchor-id=\"a2700.details.pronpeci14.i0.291342a75cwyl8\">Descri\u00e7\u00e3o do produto para Cama de madeira maci\u00e7a<\/span><\/h2>\n<div><\/div>\n<div>\n<table border=\"1\">\n<tbody>\n<tr>\n<td><strong>Nome do produto<\/strong><\/td>\n<td><strong>cama de madeira maci\u00e7a<\/strong><\/td>\n<\/tr>\n<tr>\n<td><strong>Material do produto<\/strong><\/td>\n<td>Personalizado<\/td>\n<\/tr>\n<tr>\n<td><strong>Cor<\/strong><\/td>\n<td>Personalizado<\/td>\n<\/tr>\n<tr>\n<td><strong>MOQ<\/strong><\/td>\n<td>1 conjuntos<\/td>\n<\/tr>\n<tr>\n<td><strong>Local de origem<\/strong><\/td>\n<td>China<\/td>\n<\/tr>\n<tr>\n<td><strong>Tamanho<\/strong><\/td>\n<td>Personalizado<\/td>\n<\/tr>\n<tr>\n<td><strong>Detalhes da embalagem<\/strong><\/td>\n<td><span data-spm-anchor-id=\"a2700.details.pronpeci14.i1.291342a75cwyl8\">Embalagem padr\u00e3o para exporta\u00e7\u00e3o, embalagem macia ou embalagem cartonada com espuma protetora interna e externa. Ou conforme a solicita\u00e7\u00e3o do cliente.<\/span><\/td>\n<\/tr>\n<tr>\n<td><strong>Servi\u00e7o personalizado<\/strong><\/td>\n<td>A cor, a al\u00e7a, a trava, os desenhos etc. s\u00e3o de sua escolha<\/td>\n<\/tr>\n<tr>\n<td><strong>Dispon\u00edvel<\/strong><\/td>\n<td>OEM ou ODM<\/td>\n<\/tr>\n<tr>\n<td><strong>Uso<\/strong><\/td>\n<td>M\u00f3veis para escrit\u00f3rio \/ M\u00f3veis para casa<\/td>\n<\/tr>\n<\/tbody>\n<\/table>\n<\/div>\n<h2>Sobre a decora\u00e7\u00e3o de m\u00f3veis de quarto:<\/h2>\n<p>O quarto \u00e9 o local onde devemos prestar aten\u00e7\u00e3o ao aluguel em nossa casa, para que possamos dormir melhor e desfrutar da atmosfera acolhedora do lar.<\/p>\n<p>Ent\u00e3o, temos que gastar mais com a decora\u00e7\u00e3o suave do quarto.<\/p>\n<p>Fa\u00e7a uma decora\u00e7\u00e3o especial na cabeceira da cama, como um prato ou tecido decorativo, o que tornar\u00e1 a cama mais tridimensional;<\/p>\n<p>Tamb\u00e9m podemos adicionar uma cama para criar um espa\u00e7o rom\u00e2ntico e misterioso no quarto;<\/p>\n<p>Na parede da cabeceira, h\u00e1 uma l\u00e2mpada de cabeceira, e a luz fraca pode trazer \u00e0 tona a atmosfera acolhedora do lar.<\/p>\n<p>As cortinas s\u00e3o muito boas para a atmosfera do quarto.<\/p>\n<p>Se as cortinas forem grandes, muito brilhantes ou muito luxuosas, ficar\u00e3o deslumbrantes, portanto, as cortinas devem usar uma cor, um padr\u00e3o e um tecido correspondentes para desempenhar o papel de secagem<\/p>\n<p>&nbsp;<\/p>\n<p>&nbsp;<\/p>","protected":false},"excerpt":{"rendered":"<p>Solid wood bed Product Description for Solid wood bed Product Name solid wood bed Product Material Customized Color Customized MOQ 1 sets Place of Origin China Size Customized Packaging\u00a0Details Standard export packaging, soft packing or carton packing with protective foam inside and outside. Or it is as customers&#8217; requests. Customized Service Color, handle, lock, designs [&hellip;]<\/p>\n","protected":false},"featured_media":2120,"template":"","meta":{"_seopress_robots_primary_cat":"117","_seopress_titles_title":"Solid wood bed make the bedroom decoration luxury | Jade Ant","_seopress_titles_desc":"Solid wood bed make the bedroom decoration luxury ,The bedroom is the place to pay attention to rent in our home, so that we can have a better sleep and enjoy the warm home atmosphere.Then we have to spend more on the soft decoration of the bedroom.","_seopress_robots_index":"","_joinchat":[]},"product_brand":[],"product_cat":[122,117,142,121],"product_tag":[],"class_list":{"0":"post-220","1":"product","2":"type-product","3":"status-publish","4":"has-post-thumbnail","6":"product_cat-bed","7":"product_cat-bedroom-furniture","8":"product_cat-kids-room-bed","9":"product_cat-kids-room-furniture","11":"first","12":"instock","13":"featured","14":"shipping-taxable","15":"product-type-simple"},"_links":{"self":[{"href":"https:\/\/jadeant.com\/pt\/wp-json\/wp\/v2\/product\/220","targetHints":{"allow":["GET"]}}],"collection":[{"href":"https:\/\/jadeant.com\/pt\/wp-json\/wp\/v2\/product"}],"about":[{"href":"https:\/\/jadeant.com\/pt\/wp-json\/wp\/v2\/types\/product"}],"version-history":[{"count":2,"href":"https:\/\/jadeant.com\/pt\/wp-json\/wp\/v2\/product\/220\/revisions"}],"predecessor-version":[{"id":2330,"href":"https:\/\/jadeant.com\/pt\/wp-json\/wp\/v2\/product\/220\/revisions\/2330"}],"wp:featuredmedia":[{"embeddable":true,"href":"https:\/\/jadeant.com\/pt\/wp-json\/wp\/v2\/media\/2120"}],"wp:attachment":[{"href":"https:\/\/jadeant.com\/pt\/wp-json\/wp\/v2\/media?parent=220"}],"wp:term":[{"taxonomy":"product_brand","embeddable":true,"href":"https:\/\/jadeant.com\/pt\/wp-json\/wp\/v2\/product_brand?post=220"},{"taxonomy":"product_cat","embeddable":true,"href":"https:\/\/jadeant.com\/pt\/wp-json\/wp\/v2\/product_cat?post=220"},{"taxonomy":"product_tag","embeddable":true,"href":"https:\/\/jadeant.com\/pt\/wp-json\/wp\/v2\/product_tag?post=220"}],"curies":[{"name":"wp","href":"https:\/\/api.w.org\/{rel}","templated":true}]}}