{"id":229,"date":"2019-05-06T10:48:09","date_gmt":"2019-05-06T10:48:09","guid":{"rendered":"https:\/\/jadeant.com\/?post_type=product&#038;p=229"},"modified":"2025-03-17T13:18:11","modified_gmt":"2025-03-17T13:18:11","slug":"luxury-modern-bed","status":"publish","type":"product","link":"https:\/\/jadeant.com\/pt\/produto\/luxury-modern-bed\/","title":{"rendered":"cama moderna de luxo"},"content":{"rendered":"<div id=\"ali-title-AliPostDhMb-2kw5z\">\n<h1>Cama moderna de luxo<\/h1>\n<h2>Informa\u00e7\u00f5es de produ\u00e7\u00e3o da cama moderna de luxo<\/h2>\n<\/div>\n<div data-spm-anchor-id=\"a2700.details.pronpeci14.i0.74a65239ocgbJ9\"><\/div>\n<div>\n<table border=\"1\">\n<tbody>\n<tr>\n<td style=\"width: 110px;\">Tamanho completo<\/td>\n<td style=\"width: 515px;\">\n<p data-spm-anchor-id=\"a2700.details.pronpeci14.i3.74a65239ocgbJ9\">70,25\u2033*83,5\u2033*45,5\u2033 polegadas<br \/>\n1390x1940mm<\/p>\n<\/td>\n<\/tr>\n<tr>\n<td style=\"width: 110px;\">Tamanho da embalagem<\/td>\n<td style=\"width: 515px;\">headboard:65.5\u2033*49.75\u2033*9.75\u2033<\/p>\n<p><span data-spm-anchor-id=\"a2700.details.pronpeci14.i5.74a65239ocgbJ9\">footboard&amp;bedside&amp;slat:80\u2033*11.5\u2033*10.5\u2033<\/span><\/td>\n<\/tr>\n<tr>\n<td style=\"width: 110px;\">\u00a0Tamanho QUEEN<\/td>\n<td style=\"width: 515px;\">70,75\u2033*87,5\u2033*52\u2033 polegadas<br \/>\n1540x2035mm<\/td>\n<\/tr>\n<tr>\n<td style=\"width: 110px;\">tamanho da embalagem<\/td>\n<td style=\"width: 515px;\">headboard:71.75\u2033*49.75\u2033*9.75\u2033<\/p>\n<p>footboard&amp;bedside&amp;slat:84\u2033*11.5\u2033*5.87\u2033<\/td>\n<\/tr>\n<tr>\n<td style=\"width: 110px;\">\u00a0Tamanho KING<\/td>\n<td style=\"width: 515px;\">82,5\u2033*87,5\u2033*52\u2033 polegadas<br \/>\n1840x2035mm<\/td>\n<\/tr>\n<tr>\n<td style=\"width: 110px;\">tamanho da embalagem<\/td>\n<td style=\"width: 515px;\">headboard:83.5\u2033*49.75\u2033*9.75\u2033<\/p>\n<p>footboard&amp;bedside&amp;slat:88\u2033*11.5\u2033*10.5\u2033<\/td>\n<\/tr>\n<tr>\n<td style=\"width: 110px;\">uso espec\u00edfico<\/td>\n<td style=\"width: 515px;\">Cama no quarto<\/p>\n<p>Cama de hotel<\/td>\n<\/tr>\n<tr>\n<td style=\"width: 110px;\">Estrutura:<\/td>\n<td style=\"width: 515px;\">Compensado<\/td>\n<\/tr>\n<tr>\n<td style=\"width: 110px;\">Almofada traseira<\/td>\n<td style=\"width: 515px;\">preenchimento de fibra canalizada<\/td>\n<\/tr>\n<tr>\n<td style=\"width: 110px;\">P\u00e9s<\/td>\n<td style=\"width: 515px;\">madeira maci\u00e7a<\/td>\n<\/tr>\n<tr>\n<td style=\"width: 110px;\">Especifica\u00e7\u00e3o<\/td>\n<td style=\"width: 515px;\">1. estrutura de madeira maci\u00e7a seca de rubi<\/p>\n<p>2. espuma de alta densidade<\/p>\n<p>3.linho\/veludo<\/td>\n<\/tr>\n<tr>\n<td style=\"width: 110px;\">Op\u00e7\u00e3o de capa<\/td>\n<td style=\"width: 515px;\">Tecido: Linho, flanela<\/p>\n<p>Couro: Couro PU<\/td>\n<\/tr>\n<tr>\n<td style=\"width: 110px;\">Detalhes da embalagem<\/td>\n<td style=\"width: 515px;\">(1) Espuma de EPE + almofada de kraft + saco de n\u00e3o tecido branco<\/p>\n<p><span data-spm-anchor-id=\"a2700.details.pronpeci14.i1.74a65239ocgbJ9\">(2) Embalagem de espuma e papel\u00e3o ondulado com prote\u00e7\u00e3o para os cantos\u00a0<\/span><\/p>\n<p>(3) As pernas de madeira ou de metal s\u00e3o remov\u00edveis e embaladas separadamente.<\/td>\n<\/tr>\n<\/tbody>\n<\/table>\n<h2>cama moderna de luxo<\/h2>\n<p>Os materiais de decora\u00e7\u00e3o do quarto s\u00e3o muito importantes. \u00c9 necess\u00e1rio escolher materiais com bom isolamento ac\u00fastico, pois o quarto \u00e9 um local para as pessoas descansarem, podendo colocar alguns tapetes no quarto. Neste inverno frio, haver\u00e1 um efeito de aquecimento na cama moderna de luxo, que \u00e9 o quarto. A escolha ideal.<\/p>\n<p>Em segundo lugar, a escolha da cor<\/p>\n<p>O quarto \u00e9 um lugar para as pessoas descansarem. A escolha da cor \u00e9 melhor baseada na cor clara. A cor clara e a cor brilhante podem fazer com que o espa\u00e7o pare\u00e7a mais aberto, n\u00e3o apenas para satisfazer o corpo e a mente, mas tamb\u00e9m para aquecer e escolher a profundidade. A cor \u00e9 realmente boa, mas n\u00e3o escolha o tipo de cor irritante. Escolha uma cor intermedi\u00e1ria quente e suave. A combina\u00e7\u00e3o de papel de parede e cortinas pode ser usada para ajustar todo o quarto.<\/p>\n<p>Terceiro, a escolha do \u00e2ngulo de ilumina\u00e7\u00e3o<\/p>\n<p>As principais luzes do quarto s\u00e3o as modernas e luxuosas luzes de cabeceira e de teto. As luzes de teto geralmente s\u00e3o instaladas em locais onde a luz n\u00e3o \u00e9 muito forte, e as luzes de cabeceira podem suavizar o interior e criar uma atmosfera rom\u00e2ntica.<\/p>\n<\/div>","protected":false},"excerpt":{"rendered":"<p>Luxury modern bed Production Information of luxury modern bed Full size 70.25&#8243;*83.5&#8243;*45.5&#8243; inch 1390x1940mm Packing size headboard:65.5&#8243;*49.75&#8243;*9.75&#8243; footboard&amp;bedside&amp;slat:80&#8243;*11.5&#8243;*10.5&#8243; \u00a0QUEEN size 70.75&#8243;*87.5&#8243;*52&#8243; inch 1540x2035mm packing size headboard:71.75&#8243;*49.75&#8243;*9.75&#8243; footboard&amp;bedside&amp;slat:84&#8243;*11.5&#8243;*5.87&#8243; \u00a0KING size 82.5&#8243;*87.5&#8243;*52&#8243; inch 1840x2035mm packing size headboard:83.5&#8243;*49.75&#8243;*9.75&#8243; footboard&amp;bedside&amp;slat:88&#8243;*11.5&#8243;*10.5&#8243; specific use Bedroom bed Hotel\u00a0bed Frame: Plywood Back cushion channelled fibre fill Feet solid wood Specification 1.Dried solid rubbe [&hellip;]<\/p>\n","protected":false},"featured_media":2221,"template":"","meta":{"_seopress_robots_primary_cat":"117","_seopress_titles_title":"luxury modern bed | get the elegant bed for your own bedroom | Jade Ant","_seopress_titles_desc":"luxury modern bed is important in the bedroom decoration.The decoration materials of the bedroom are very important. It is necessary to choose materials with good sound insulation, because the bedroom is a place for people to rest","_seopress_robots_index":"","_joinchat":[]},"product_brand":[],"product_cat":[122,117],"product_tag":[],"class_list":{"0":"post-229","1":"product","2":"type-product","3":"status-publish","4":"has-post-thumbnail","6":"product_cat-bed","7":"product_cat-bedroom-furniture","9":"first","10":"instock","11":"featured","12":"shipping-taxable","13":"product-type-simple"},"_links":{"self":[{"href":"https:\/\/jadeant.com\/pt\/wp-json\/wp\/v2\/product\/229","targetHints":{"allow":["GET"]}}],"collection":[{"href":"https:\/\/jadeant.com\/pt\/wp-json\/wp\/v2\/product"}],"about":[{"href":"https:\/\/jadeant.com\/pt\/wp-json\/wp\/v2\/types\/product"}],"version-history":[{"count":1,"href":"https:\/\/jadeant.com\/pt\/wp-json\/wp\/v2\/product\/229\/revisions"}],"predecessor-version":[{"id":2329,"href":"https:\/\/jadeant.com\/pt\/wp-json\/wp\/v2\/product\/229\/revisions\/2329"}],"wp:featuredmedia":[{"embeddable":true,"href":"https:\/\/jadeant.com\/pt\/wp-json\/wp\/v2\/media\/2221"}],"wp:attachment":[{"href":"https:\/\/jadeant.com\/pt\/wp-json\/wp\/v2\/media?parent=229"}],"wp:term":[{"taxonomy":"product_brand","embeddable":true,"href":"https:\/\/jadeant.com\/pt\/wp-json\/wp\/v2\/product_brand?post=229"},{"taxonomy":"product_cat","embeddable":true,"href":"https:\/\/jadeant.com\/pt\/wp-json\/wp\/v2\/product_cat?post=229"},{"taxonomy":"product_tag","embeddable":true,"href":"https:\/\/jadeant.com\/pt\/wp-json\/wp\/v2\/product_tag?post=229"}],"curies":[{"name":"wp","href":"https:\/\/api.w.org\/{rel}","templated":true}]}}