{"id":239,"date":"2019-05-06T11:19:24","date_gmt":"2019-05-06T11:19:24","guid":{"rendered":"https:\/\/jadeant.com\/?post_type=product&#038;p=239"},"modified":"2025-03-17T13:16:20","modified_gmt":"2025-03-17T13:16:20","slug":"bed-frame","status":"publish","type":"product","link":"https:\/\/jadeant.com\/pt\/produto\/bed-frame\/","title":{"rendered":"Estrutura da cama em madeira maci\u00e7a"},"content":{"rendered":"<h1>Estrutura da cama em madeira maci\u00e7a<\/h1>\n<p>&nbsp;<\/p>\n<h2>Descri\u00e7\u00e3o do produto da estrutura da cama de madeira maci\u00e7a<\/h2>\n<p>&nbsp;<\/p>\n<table style=\"height: 616px;\">\n<tbody>\n<tr style=\"height: 54px;\">\n<td style=\"width: 148px; height: 54px;\" valign=\"center\"><span data-spm-anchor-id=\"a2700.details.pronpeci14.i2.7a8549bbKXJeWy\">Tamanho do colch\u00e3o:<\/span><\/td>\n<td style=\"width: 575px; height: 54px;\" valign=\"center\">\u00a0180*200CM<\/td>\n<\/tr>\n<tr style=\"height: 54px;\">\n<td style=\"width: 148px; height: 162px;\" rowspan=\"3\" valign=\"center\">Material principal:<\/td>\n<td style=\"width: 575px; height: 54px;\" valign=\"center\"><span data-spm-anchor-id=\"a2700.details.pronpeci14.i1.7a8549bbKXJeWy\">1. Estrutura de madeira:\u00a0<\/span>Boa qualidade da madeira importada<\/td>\n<\/tr>\n<tr style=\"height: 54px;\">\n<td style=\"width: 575px; height: 54px;\" valign=\"center\">2. Espuma original de alta densidade.<\/td>\n<\/tr>\n<tr style=\"height: 54px;\">\n<td style=\"width: 575px; height: 54px;\" valign=\"center\">3.  Aceitamos mudar o material de acordo com sua necessidade (PU\/PVC\/Linho\/Microfibra)<\/td>\n<\/tr>\n<tr style=\"height: 54px;\">\n<td style=\"width: 148px; height: 54px;\" valign=\"center\">Personalizar m\u00f3veis:<\/td>\n<td style=\"width: 575px; height: 54px;\" valign=\"center\">Aceita OEM e ODM.<\/td>\n<\/tr>\n<tr style=\"height: 76px;\">\n<td style=\"width: 148px; height: 130px;\" rowspan=\"2\" valign=\"center\">Detalhe da embalagem:<\/td>\n<td style=\"width: 575px; height: 76px;\" valign=\"center\">5 camadas de caixa marrom padr\u00e3o para exporta\u00e7\u00e3o + espuma EPE ou saco pl\u00e1stico + caixa marrom.<\/td>\n<\/tr>\n<tr style=\"height: 54px;\">\n<td style=\"width: 575px; height: 54px;\" valign=\"center\">O design do comprador para a embalagem \u00e9 aceit\u00e1vel.<\/td>\n<\/tr>\n<tr style=\"height: 54px;\">\n<td style=\"width: 148px; height: 54px;\" valign=\"center\">Porto de carregamento :<\/td>\n<td style=\"width: 575px; height: 54px;\" valign=\"center\">Xangai, China.<\/td>\n<\/tr>\n<tr style=\"height: 54px;\">\n<td style=\"width: 148px; height: 54px;\" valign=\"center\">Data de entrega:<\/td>\n<td style=\"width: 575px; height: 54px;\" valign=\"center\">30 a 45 dias ap\u00f3s o recebimento do dep\u00f3sito.<\/td>\n<\/tr>\n<tr style=\"height: 54px;\">\n<td style=\"width: 148px; height: 54px;\" valign=\"center\">Pagamento:<\/td>\n<td style=\"width: 575px; height: 54px;\" valign=\"center\">TT, L\/C \u00e0 vista.<\/td>\n<\/tr>\n<\/tbody>\n<\/table>\n<h2>Estrutura da cama em madeira maci\u00e7a<\/h2>\n<p>A cama \u00e9 um item obrigat\u00f3rio para <a href=\"https:\/\/jadeant.com\/pt\/categoria-produto\/bedroom-furniture\/\">m\u00f3veis de quarto<\/a>. Ela \u00e9 uma pe\u00e7a de mobili\u00e1rio essencial para o nosso descanso. O contato di\u00e1rio de zero dias faz com que seja especialmente importante escolher uma boa cama.<\/p>\n<p>O principal material da cama de madeira maci\u00e7a \u00e9 a madeira maci\u00e7a. A boa cama de madeira maci\u00e7a n\u00e3o tem odor e \u00e9 mais \u00fatil para o sono. Al\u00e9m disso, o corpo humano n\u00e3o produz alergias na pele quando entra em contato com a madeira maci\u00e7a, e \u00e9 mais seguro para a sa\u00fade da fam\u00edlia.<\/p>\n<p>A cama de couro \u00e9 mais texturizada e luxuosa, e a experi\u00eancia tamb\u00e9m \u00e9 boa, al\u00e9m de ser f\u00e1cil de limpar. Portanto, \u00e9 f\u00e1cil melhorar a qualidade da casa ao usar a cama de couro como decora\u00e7\u00e3o.<\/p>","protected":false},"excerpt":{"rendered":"<p>Solid wood bed frame &nbsp; Product Description of Solid wood bed frame &nbsp; Mattress Size: \u00a0180*200CM Main Material: 1. Wooden Frame:\u00a0Good quality of imported wood 2. Original high density foam. 3.\u00a0 Accept to change the Material according to your needed (PU\/PVC\/Linen\/Microfiber) Customize Furniture: Accept OEM &amp; ODM. Packing Detail: 5 layers of standard export brown [&hellip;]<\/p>\n","protected":false},"featured_media":1793,"template":"","meta":{"_seopress_robots_primary_cat":"117","_seopress_titles_title":"Solid wood bed frame uses for the home decoration | Jade Ant","_seopress_titles_desc":"Solid wood bed frame,s a must-have for bedroom furniture. It is an essential piece of furniture for our rest. The zero-day contact every day makes it especially important to choose a good bed","_seopress_robots_index":"","_joinchat":[]},"product_brand":[],"product_cat":[122,117],"product_tag":[],"class_list":{"0":"post-239","1":"product","2":"type-product","3":"status-publish","4":"has-post-thumbnail","6":"product_cat-bed","7":"product_cat-bedroom-furniture","9":"first","10":"instock","11":"featured","12":"shipping-taxable","13":"product-type-simple"},"_links":{"self":[{"href":"https:\/\/jadeant.com\/pt\/wp-json\/wp\/v2\/product\/239","targetHints":{"allow":["GET"]}}],"collection":[{"href":"https:\/\/jadeant.com\/pt\/wp-json\/wp\/v2\/product"}],"about":[{"href":"https:\/\/jadeant.com\/pt\/wp-json\/wp\/v2\/types\/product"}],"version-history":[{"count":2,"href":"https:\/\/jadeant.com\/pt\/wp-json\/wp\/v2\/product\/239\/revisions"}],"predecessor-version":[{"id":2328,"href":"https:\/\/jadeant.com\/pt\/wp-json\/wp\/v2\/product\/239\/revisions\/2328"}],"wp:featuredmedia":[{"embeddable":true,"href":"https:\/\/jadeant.com\/pt\/wp-json\/wp\/v2\/media\/1793"}],"wp:attachment":[{"href":"https:\/\/jadeant.com\/pt\/wp-json\/wp\/v2\/media?parent=239"}],"wp:term":[{"taxonomy":"product_brand","embeddable":true,"href":"https:\/\/jadeant.com\/pt\/wp-json\/wp\/v2\/product_brand?post=239"},{"taxonomy":"product_cat","embeddable":true,"href":"https:\/\/jadeant.com\/pt\/wp-json\/wp\/v2\/product_cat?post=239"},{"taxonomy":"product_tag","embeddable":true,"href":"https:\/\/jadeant.com\/pt\/wp-json\/wp\/v2\/product_tag?post=239"}],"curies":[{"name":"wp","href":"https:\/\/api.w.org\/{rel}","templated":true}]}}