{"id":313,"date":"2019-07-19T03:04:25","date_gmt":"2019-07-19T03:04:25","guid":{"rendered":"https:\/\/jadeant.com\/?post_type=product&#038;p=313"},"modified":"2025-03-17T13:15:23","modified_gmt":"2025-03-17T13:15:23","slug":"leather-beds","status":"publish","type":"product","link":"https:\/\/jadeant.com\/pt\/produto\/leather-beds\/","title":{"rendered":"Camas de couro"},"content":{"rendered":"<h1>Camas de couro<\/h1>\n<p>&nbsp;<\/p>\n<h2>Descri\u00e7\u00e3o do produto Camas de couro<\/h2>\n<p>O quarto continua com o estilo minimalista usual, mas varia um pouco dependendo das caracter\u00edsticas do propriet\u00e1rio do quarto. O quarto do propriet\u00e1rio \u00e9 mais solene.<\/p>\n<p>A cama de couro tem um temperamento nobre. A cama e a estrutura da cama s\u00e3o feitas de couro. A cor \u00e9 principalmente branca, vermelha, roxa e marrom. Portanto, a sensa\u00e7\u00e3o \u00e9 muito calorosa<\/p>\n<p>Em termos de estilo, a cama de couro rompe com a tradicional estrutura de cama retangular e domina o mundo. Ela tem uma cama circular com um di\u00e2metro de cerca de dois metros e uma cama retangular de tamanho geral. Algumas camas de couro na cabeceira da cama tamb\u00e9m podem ajustar a altura, al\u00e9m de deixar as pessoas mais confort\u00e1veis para dormir, virar algumas p\u00e1ginas sob a l\u00e2mpada antes de ir para a cama ou olhar para a TV na cabeceira macia, e a sensa\u00e7\u00e3o de suavidade vir\u00e1 logo<\/p>\n<p>Atualmente, as camas de couro fabricadas por muitos comerciantes s\u00e3o muito atmosf\u00e9ricas. A compra de camas de couro far\u00e1 com que todo o ambiente da casa tenha uma textura moderna. O mais importante para a manuten\u00e7\u00e3o geral da cama de couro \u00e9 coloc\u00e1-la em um ambiente limpo, n\u00e3o deix\u00e1-la muito \u00famida nem exp\u00f4-la ao sol; sempre limpe a cama de couro, mas preste aten\u00e7\u00e3o ao agente de limpeza especial ao limpar, de prefer\u00eancia com um pano seco. No final, tome cuidado para n\u00e3o tocar em objetos pontiagudos, para evitar arranh\u00f5es~<\/p>\n<h2>Especifica\u00e7\u00e3o da cama de couro<\/h2>\n<table style=\"height: 616px;\">\n<tbody>\n<tr style=\"height: 54px;\">\n<td style=\"width: 148px; height: 54px;\" valign=\"center\"><span data-spm-anchor-id=\"a2700.details.pronpeci14.i2.7a8549bbKXJeWy\">Tamanho do colch\u00e3o:<\/span><\/td>\n<td style=\"width: 575px; height: 54px;\" valign=\"center\">\u00a0180*200CM<\/td>\n<\/tr>\n<tr style=\"height: 54px;\">\n<td style=\"width: 148px; height: 162px;\" rowspan=\"3\" valign=\"center\">Material principal:<\/td>\n<td style=\"width: 575px; height: 54px;\" valign=\"center\"><span data-spm-anchor-id=\"a2700.details.pronpeci14.i1.7a8549bbKXJeWy\">1. Estrutura de madeira:\u00a0<\/span>Boa qualidade da madeira importada<\/td>\n<\/tr>\n<tr style=\"height: 54px;\">\n<td style=\"width: 575px; height: 54px;\" valign=\"center\">2. Espuma original de alta densidade<\/td>\n<\/tr>\n<tr style=\"height: 54px;\">\n<td style=\"width: 575px; height: 54px;\" valign=\"center\">3. Pode mudar o material de acordo com sua necessidade (PU\/PVC\/Linho\/Microfibra)<\/td>\n<\/tr>\n<tr style=\"height: 54px;\">\n<td style=\"width: 148px; height: 54px;\" valign=\"center\">Personalizar m\u00f3veis:<\/td>\n<td style=\"width: 575px; height: 54px;\" valign=\"center\">Aceita OEM e ODM.<\/td>\n<\/tr>\n<tr style=\"height: 76px;\">\n<td style=\"width: 148px; height: 130px;\" rowspan=\"2\" valign=\"center\">Detalhe da embalagem:<\/td>\n<td style=\"width: 575px; height: 76px;\" valign=\"center\">5 camadas de caixa marrom padr\u00e3o para exporta\u00e7\u00e3o + espuma EPE ou saco pl\u00e1stico + caixa marrom.<\/td>\n<\/tr>\n<tr style=\"height: 54px;\">\n<td style=\"width: 575px; height: 54px;\" valign=\"center\">O design do comprador para a embalagem \u00e9 aceit\u00e1vel.<\/td>\n<\/tr>\n<tr style=\"height: 54px;\">\n<td style=\"width: 148px; height: 54px;\" valign=\"center\">Porto de carregamento :<\/td>\n<td style=\"width: 575px; height: 54px;\" valign=\"center\">Xangai, China.<\/td>\n<\/tr>\n<tr style=\"height: 54px;\">\n<td style=\"width: 148px; height: 54px;\" valign=\"center\">Data de entrega:<\/td>\n<td style=\"width: 575px; height: 54px;\" valign=\"center\">30 a 45 dias ap\u00f3s o recebimento do dep\u00f3sito.<\/td>\n<\/tr>\n<tr style=\"height: 54px;\">\n<td style=\"width: 148px; height: 54px;\" valign=\"center\">Pagamento:<\/td>\n<td style=\"width: 575px; height: 54px;\" valign=\"center\">TT, L\/C \u00e0 vista.<\/td>\n<\/tr>\n<\/tbody>\n<\/table>","protected":false},"excerpt":{"rendered":"<p>Leather beds &nbsp; Product Description of Leather beds The bedroom continues the usual minimalist style, but it varies slightly depending on the characteristics of the room owner. The owner\u2019s room is more solemn. The leather bed is a noble temperament. The bed and bed frame are made of leather. The color is mainly white, red, [&hellip;]<\/p>\n","protected":false},"featured_media":1792,"template":"","meta":{"_seopress_robots_primary_cat":"117","_seopress_titles_title":"Leather beds made the bedroom elegance | Jade Ant","_seopress_titles_desc":"The leather bed continues the usual minimalist style, but it varies slightly depending on the characteristics of the room owner. The owner\u2019s room is more solemn.","_seopress_robots_index":"","_joinchat":[]},"product_brand":[],"product_cat":[122,117],"product_tag":[],"class_list":{"0":"post-313","1":"product","2":"type-product","3":"status-publish","4":"has-post-thumbnail","6":"product_cat-bed","7":"product_cat-bedroom-furniture","9":"first","10":"instock","11":"featured","12":"shipping-taxable","13":"product-type-simple"},"_links":{"self":[{"href":"https:\/\/jadeant.com\/pt\/wp-json\/wp\/v2\/product\/313","targetHints":{"allow":["GET"]}}],"collection":[{"href":"https:\/\/jadeant.com\/pt\/wp-json\/wp\/v2\/product"}],"about":[{"href":"https:\/\/jadeant.com\/pt\/wp-json\/wp\/v2\/types\/product"}],"version-history":[{"count":1,"href":"https:\/\/jadeant.com\/pt\/wp-json\/wp\/v2\/product\/313\/revisions"}],"predecessor-version":[{"id":2327,"href":"https:\/\/jadeant.com\/pt\/wp-json\/wp\/v2\/product\/313\/revisions\/2327"}],"wp:featuredmedia":[{"embeddable":true,"href":"https:\/\/jadeant.com\/pt\/wp-json\/wp\/v2\/media\/1792"}],"wp:attachment":[{"href":"https:\/\/jadeant.com\/pt\/wp-json\/wp\/v2\/media?parent=313"}],"wp:term":[{"taxonomy":"product_brand","embeddable":true,"href":"https:\/\/jadeant.com\/pt\/wp-json\/wp\/v2\/product_brand?post=313"},{"taxonomy":"product_cat","embeddable":true,"href":"https:\/\/jadeant.com\/pt\/wp-json\/wp\/v2\/product_cat?post=313"},{"taxonomy":"product_tag","embeddable":true,"href":"https:\/\/jadeant.com\/pt\/wp-json\/wp\/v2\/product_tag?post=313"}],"curies":[{"name":"wp","href":"https:\/\/api.w.org\/{rel}","templated":true}]}}