{"id":322,"date":"2019-07-19T03:36:46","date_gmt":"2019-07-19T03:36:46","guid":{"rendered":"https:\/\/jadeant.com\/?post_type=product&#038;p=322"},"modified":"2025-03-17T13:13:11","modified_gmt":"2025-03-17T13:13:11","slug":"dresser","status":"publish","type":"product","link":"https:\/\/jadeant.com\/pt\/produto\/dresser\/","title":{"rendered":"c\u00f4moda"},"content":{"rendered":"<h2>Descri\u00e7\u00e3o<\/h2>\n<p><span style=\"font-family: georgia, palatino, serif; font-size: 14pt;\">Os m\u00f3veis, como a c\u00f4moda e a banqueta com espelho na \u00e1rea de vestir do quarto, s\u00e3o os principais m\u00f3veis. O arranjo espacial pode ser na forma de m\u00f3veis de vestir m\u00f3veis, montados ou embutidos, dependendo da situa\u00e7\u00e3o interna e da prefer\u00eancia pessoal.<\/span><\/p>\n<p><span style=\"font-family: georgia, palatino, serif; font-size: 14pt;\">Mas o \u00faltimo \u00e9 obviamente mais econ\u00f4mico em termos de espa\u00e7o e aumenta a beleza geral do <a href=\"https:\/\/jadeant.com\/pt\/categoria-produto\/bedroom-furniture\/\">quarto<\/a>.<\/span><\/p>\n<p>&nbsp;<\/p>\n<p><span style=\"font-family: georgia, palatino; font-size: 14pt;\">A combina\u00e7\u00e3o da penteadeira do quarto com a mesa de cabeceira economiza espa\u00e7o e, ao mesmo tempo, preserva a beleza requintada. <\/span><\/p>\n<p><span style=\"font-family: georgia, palatino; font-size: 14pt;\">Com uma banqueta de quatro banquetas com listras azuis e brancas, ela d\u00e1 uma sensa\u00e7\u00e3o de frescor e naturalidade ao rosto. Ao sentar-se aqui, o removedor de maquiagem sentir\u00e1 o ar. <\/span><\/p>\n<p><span style=\"font-family: georgia, palatino; font-size: 14pt;\">Cheio de fatores de descontra\u00e7\u00e3o e felicidade.<\/span><\/p>\n<p><span style=\"font-family: georgia, palatino; font-size: 14pt;\">N\u00e3o gastaremos tanto tempo projetando a penteadeira do quarto. Uma penteadeira separada com acabamento fino e formato bonito, <\/span><\/p>\n<p><span style=\"font-family: georgia, palatino; font-size: 14pt;\">conveniente e pr\u00e1tico, e o posicionamento flex\u00edvel tamb\u00e9m \u00e9 uma boa op\u00e7\u00e3o.<\/span><\/p>\n<p>&nbsp;<\/p>\n<h2><span style=\"font-family: georgia, palatino, serif; font-size: 14pt;\">Especifica\u00e7\u00e3o da c\u00f4moda<\/span><\/h2>\n<table style=\"width: 33.0727%; height: 132px;\" border=\"1\">\n<tbody>\n<tr style=\"height: 22px;\">\n<td style=\"height: 22px;\" data-spm-anchor-id=\"a2700.details.pronpeci14.i0.479d3829Y92VWk\">Nome do produto<\/td>\n<td style=\"height: 22px;\">\u00a0 c\u00f4moda<\/td>\n<\/tr>\n<tr style=\"height: 22px;\">\n<td style=\"height: 22px;\">\u00a0Tamanho<\/td>\n<td style=\"height: 22px;\">\u00a0 C\u00f4moda: 760\u00d7430\u00d71200mm ou personalizada<\/p>\n<p>Espelho de vestir: 530*700mm<\/p>\n<p>Cadeira de vestir: 450*360*520mm<\/td>\n<\/tr>\n<tr style=\"height: 22px;\">\n<td style=\"height: 22px;\">\u00a0Uso<\/td>\n<td style=\"height: 22px;\">\u00a0 Quarto\/\u00e1rea de vestir<\/td>\n<\/tr>\n<tr style=\"height: 22px;\">\n<td style=\"height: 22px;\">\u00a0Moldura<\/td>\n<td style=\"height: 22px;\">\u00a0\u00a0Madeira maci\u00e7a ecologicamente correta<\/td>\n<\/tr>\n<tr style=\"height: 22px;\">\n<td style=\"height: 22px;\">\u00a0Op\u00e7\u00e3o de capa<\/td>\n<td style=\"height: 22px;\">\u00a0 \u00a0N\/M<\/td>\n<\/tr>\n<tr style=\"height: 22px;\">\n<td style=\"height: 22px;\">\u00a0Cor<\/td>\n<td style=\"height: 22px;\">\u00a0 Conforme a imagem ou personalizado<\/td>\n<\/tr>\n<\/tbody>\n<\/table>","protected":false},"excerpt":{"rendered":"<p>Description The furniture, like dresser and mirror stool in the dressing area of the bedroom are the main furniture. The spatial arrangement can be in the form of mobile, assembled or embedded dressing furniture depending on the indoor situation and personal preference. But the latter is obviously more space-saving and enhances the overall beauty of [&hellip;]<\/p>\n","protected":false},"featured_media":1927,"template":"","meta":{"_seopress_robots_primary_cat":"117","_seopress_titles_title":"Dresser come with furnitue in the bedroom | Jade Ant","_seopress_titles_desc":"The furniture, like dresser and mirror stool in the dressing area of the bedroom are the main furniture. The spatial arrangement can be in the form of mobile, assembled or embedded dressing furniture depending on the indoor situation and personal preference.","_seopress_robots_index":"","_joinchat":[]},"product_brand":[],"product_cat":[117,125,124],"product_tag":[],"class_list":{"0":"post-322","1":"product","2":"type-product","3":"status-publish","4":"has-post-thumbnail","6":"product_cat-bedroom-furniture","7":"product_cat-dresser-mirror","8":"product_cat-dressing-table","10":"first","11":"instock","12":"shipping-taxable","13":"product-type-simple"},"_links":{"self":[{"href":"https:\/\/jadeant.com\/pt\/wp-json\/wp\/v2\/product\/322","targetHints":{"allow":["GET"]}}],"collection":[{"href":"https:\/\/jadeant.com\/pt\/wp-json\/wp\/v2\/product"}],"about":[{"href":"https:\/\/jadeant.com\/pt\/wp-json\/wp\/v2\/types\/product"}],"version-history":[{"count":2,"href":"https:\/\/jadeant.com\/pt\/wp-json\/wp\/v2\/product\/322\/revisions"}],"predecessor-version":[{"id":482,"href":"https:\/\/jadeant.com\/pt\/wp-json\/wp\/v2\/product\/322\/revisions\/482"}],"wp:featuredmedia":[{"embeddable":true,"href":"https:\/\/jadeant.com\/pt\/wp-json\/wp\/v2\/media\/1927"}],"wp:attachment":[{"href":"https:\/\/jadeant.com\/pt\/wp-json\/wp\/v2\/media?parent=322"}],"wp:term":[{"taxonomy":"product_brand","embeddable":true,"href":"https:\/\/jadeant.com\/pt\/wp-json\/wp\/v2\/product_brand?post=322"},{"taxonomy":"product_cat","embeddable":true,"href":"https:\/\/jadeant.com\/pt\/wp-json\/wp\/v2\/product_cat?post=322"},{"taxonomy":"product_tag","embeddable":true,"href":"https:\/\/jadeant.com\/pt\/wp-json\/wp\/v2\/product_tag?post=322"}],"curies":[{"name":"wp","href":"https:\/\/api.w.org\/{rel}","templated":true}]}}