{"id":331,"date":"2019-07-19T04:07:30","date_gmt":"2019-07-19T04:07:30","guid":{"rendered":"https:\/\/jadeant.com\/?post_type=product&#038;p=331"},"modified":"2025-03-17T13:12:33","modified_gmt":"2025-03-17T13:12:33","slug":"wood-dresser","status":"publish","type":"product","link":"https:\/\/jadeant.com\/pt\/produto\/wood-dresser\/","title":{"rendered":"C\u00f4moda de madeira"},"content":{"rendered":"<h2><span style=\"font-family: verdana, geneva, sans-serif;\">C\u00f4moda de madeira<\/span><\/h2>\n<p>&nbsp;<\/p>\n<h2>Descri\u00e7\u00e3o da c\u00f4moda de madeira:<\/h2>\n<p><span style=\"font-family: georgia, palatino, serif; font-size: 14pt;\">Com a constante inova\u00e7\u00e3o e o desenvolvimento da c\u00f4moda de madeira, o estilo se tornou cada vez mais simples e a funcionalidade realmente aumentou. Se a sua casa tem um estilo moderno e simples ou se voc\u00ea n\u00e3o precisa de uma c\u00f4moda de madeira separada, pode escolher algumas c\u00f4modas vers\u00e1teis e simples. Na verdade, \u00e0s vezes ela se parece mais com um arm\u00e1rio de armazenamento, etc. Esse tipo de penteadeira \u00e9 muito funcional e muitas vezes pode se tornar um ponto de destaque na decora\u00e7\u00e3o da casa.<\/span><\/p>\n<p><span style=\"font-family: georgia, palatino; font-size: 14pt;\">Na disposi\u00e7\u00e3o dos m\u00f3veis do quarto, o mais comum no quarto de uma menina \u00e9 o espelho sobre a c\u00f4moda. <\/span><\/p>\n<p><span style=\"font-family: georgia, palatino; font-size: 14pt;\">Portanto, a penteadeira desse quarto n\u00e3o deve ser colocada em frente \u00e0 porta. Como o estilo tradicional chin\u00eas <\/span><\/p>\n<p><span style=\"font-family: georgia, palatino; font-size: 14pt;\">O Feng Shui explica que a porta \u00e9 a sa\u00edda de fluxo do campo de g\u00e1s do quarto. Com uma algema simples, <\/span><\/p>\n<p><span style=\"font-family: georgia, palatino; font-size: 14pt;\">Quando a penteadeira do quarto \u00e9 colocada em frente \u00e0 porta, \u00e9 f\u00e1cil fazer com que as duas se oponham. <\/span><\/p>\n<p><span style=\"font-family: georgia, palatino; font-size: 14pt;\">Isso \u00e9 muito prejudicial \u00e0 sa\u00fade dos ocupantes. \u00c0s vezes, quando vou para o quarto \u00e0 noite, <\/span><\/p>\n<p><span style=\"font-family: georgia, palatino; font-size: 14pt;\">Ocasionalmente, posso me assustar com meu pr\u00f3prio reflexo no espelho. <\/span><\/p>\n<p><span style=\"font-family: georgia, palatino; font-size: 14pt;\">Portanto, a penteadeira desse quarto n\u00e3o pode ser colocada em frente \u00e0 porta.<\/span><\/p>\n<h2><span style=\"font-family: georgia, palatino, serif; font-size: 14pt;\">Especifica\u00e7\u00e3o da c\u00f4moda de madeira<\/span><\/h2>\n<table style=\"width: 56.9344%; height: 132px;\" border=\"1\">\n<tbody>\n<tr style=\"height: 22px;\">\n<td style=\"height: 22px; width: 39.9123%;\" data-spm-anchor-id=\"a2700.details.pronpeci14.i0.479d3829Y92VWk\">Nome do produto<\/td>\n<td style=\"height: 22px; width: 82.2368%;\">\u00a0 c\u00f4moda de madeira<\/td>\n<\/tr>\n<tr style=\"height: 22px;\">\n<td style=\"height: 22px; width: 39.9123%;\">\u00a0Tamanho<\/td>\n<td style=\"height: 22px; width: 82.2368%;\">\u00a0 C\u00f4moda: 760\u00d7430\u00d71200mm ou personalizada<\/p>\n<p>Espelho de vestir: 530*700mm<\/p>\n<p>Cadeira de vestir: 450*360*520mm<\/td>\n<\/tr>\n<tr style=\"height: 22px;\">\n<td style=\"height: 22px; width: 39.9123%;\">\u00a0Uso<\/td>\n<td style=\"height: 22px; width: 82.2368%;\">\u00a0 Quarto\/\u00e1rea de vestir<\/td>\n<\/tr>\n<tr style=\"height: 22px;\">\n<td style=\"height: 22px; width: 39.9123%;\">\u00a0Moldura<\/td>\n<td style=\"height: 22px; width: 82.2368%;\">\u00a0\u00a0Madeira maci\u00e7a ecologicamente correta<\/td>\n<\/tr>\n<tr style=\"height: 22px;\">\n<td style=\"height: 22px; width: 39.9123%;\">\u00a0Op\u00e7\u00e3o de capa<\/td>\n<td style=\"height: 22px; width: 82.2368%;\">\u00a0 \u00a0N\/M<\/td>\n<\/tr>\n<tr style=\"height: 22px;\">\n<td style=\"height: 22px; width: 39.9123%;\">\u00a0Cor<\/td>\n<td style=\"height: 22px; width: 82.2368%;\">\u00a0 Conforme a imagem ou personalizado<\/td>\n<\/tr>\n<\/tbody>\n<\/table>","protected":false},"excerpt":{"rendered":"<p>Wood Dresser &nbsp; Description of the wood dresser: With the constant innovation and development of the wood dresser, the styling has become more and more simple, and the functionality has indeed increased. If your home is a simple modern style, or if you don&#8217;t need a separate wood dresser, then you can choose some versatile [&hellip;]<\/p>\n","protected":false},"featured_media":1925,"template":"","meta":{"_seopress_robots_primary_cat":"117","_seopress_titles_title":"Wood Dresser the necessary items for decorate your bedroom-Jade Ant","_seopress_titles_desc":"If your home is a simple modern style, or if you don't need a separate wood dresser, then you can choose some versatile and simple dressing tables.This type of dressing table is very functional and can often become a bright spot in home decoration.","_seopress_robots_index":"","_joinchat":[]},"product_brand":[],"product_cat":[117,125,124],"product_tag":[],"class_list":{"0":"post-331","1":"product","2":"type-product","3":"status-publish","4":"has-post-thumbnail","6":"product_cat-bedroom-furniture","7":"product_cat-dresser-mirror","8":"product_cat-dressing-table","10":"first","11":"instock","12":"shipping-taxable","13":"product-type-simple"},"_links":{"self":[{"href":"https:\/\/jadeant.com\/pt\/wp-json\/wp\/v2\/product\/331","targetHints":{"allow":["GET"]}}],"collection":[{"href":"https:\/\/jadeant.com\/pt\/wp-json\/wp\/v2\/product"}],"about":[{"href":"https:\/\/jadeant.com\/pt\/wp-json\/wp\/v2\/types\/product"}],"version-history":[{"count":1,"href":"https:\/\/jadeant.com\/pt\/wp-json\/wp\/v2\/product\/331\/revisions"}],"predecessor-version":[{"id":2325,"href":"https:\/\/jadeant.com\/pt\/wp-json\/wp\/v2\/product\/331\/revisions\/2325"}],"wp:featuredmedia":[{"embeddable":true,"href":"https:\/\/jadeant.com\/pt\/wp-json\/wp\/v2\/media\/1925"}],"wp:attachment":[{"href":"https:\/\/jadeant.com\/pt\/wp-json\/wp\/v2\/media?parent=331"}],"wp:term":[{"taxonomy":"product_brand","embeddable":true,"href":"https:\/\/jadeant.com\/pt\/wp-json\/wp\/v2\/product_brand?post=331"},{"taxonomy":"product_cat","embeddable":true,"href":"https:\/\/jadeant.com\/pt\/wp-json\/wp\/v2\/product_cat?post=331"},{"taxonomy":"product_tag","embeddable":true,"href":"https:\/\/jadeant.com\/pt\/wp-json\/wp\/v2\/product_tag?post=331"}],"curies":[{"name":"wp","href":"https:\/\/api.w.org\/{rel}","templated":true}]}}