{"id":338,"date":"2019-07-20T04:24:00","date_gmt":"2019-07-20T04:24:00","guid":{"rendered":"https:\/\/jadeant.com\/?post_type=product&#038;p=338"},"modified":"2025-03-17T13:11:37","modified_gmt":"2025-03-17T13:11:37","slug":"2-drawers-dresser","status":"publish","type":"product","link":"https:\/\/jadeant.com\/pt\/produto\/2-drawers-dresser\/","title":{"rendered":"C\u00f4moda com 2 gavetas"},"content":{"rendered":"<h2>C\u00f4moda com 2 gavetas<\/h2>\n<p>&nbsp;<\/p>\n<h2>Descri\u00e7\u00e3o da c\u00f4moda de 2 gavetas<\/h2>\n<p><span style=\"font-size: 14pt; font-family: georgia, palatino;\">A c\u00f4moda de 2 gavetas \u00e9 uma pe\u00e7a de mobili\u00e1rio para maquiagem. \u00c9 tamb\u00e9m uma pe\u00e7a de mobili\u00e1rio para mulheres. A c\u00f4moda de 2 gavetas foi projetada com espa\u00e7o de armazenamento, e h\u00e1 tamb\u00e9m um espelho de vestir simples que permite que voc\u00ea veja sua maquiagem e entenda a pessoa como um todo com mais clareza em uma situa\u00e7\u00e3o<\/span><\/p>\n<p><span style=\"font-family: georgia, palatino; font-size: 14pt;\">A altura da penteadeira \u00e9 geralmente de 70 a 75 cm, o que \u00e9 adequado para a altura de uma pessoa comum. O tampo da mesa tem, de prefer\u00eancia, 40 cm de largura e 100 cm de comprimento, o que \u00e9 mais adequado para colocar itens e para uso normal. No entanto, no momento da compra, isso ainda \u00e9 decidido de acordo com seu pr\u00f3prio uso. Cada pessoa tem h\u00e1bitos de uso diferentes, a altura tamb\u00e9m \u00e9 diferente e o n\u00famero de itens \u00e9 diferente. Uma penteadeira muito grande ocupar\u00e1 espa\u00e7o extra no quarto, uma penteadeira muito pequena tamb\u00e9m causar\u00e1 inconvenientes na vida di\u00e1ria, e a mais adequada \u00e9 a melhor.<\/span><\/p>\n<p><span style=\"font-family: georgia, palatino; font-size: 14pt;\">As meninas sempre acham que h\u00e1 muitos produtos de cuidados com a pele e que a penteadeira n\u00e3o \u00e9 suficiente. Na verdade, a penteadeira precisa ser limpa regularmente. Alguns cosm\u00e9ticos n\u00e3o podem ser armazenados por muito tempo, como o r\u00edmel. Esses itens podem ser limpos regularmente. Os produtos de cuidados com a pele que s\u00e3o usados com frequ\u00eancia s\u00e3o colocados em \u00e1reas de f\u00e1cil acesso. Outras categorias s\u00e3o reunidas para facilitar o uso. O palco n\u00e3o parecer\u00e1 muito cheio.<\/span><\/p>\n<h2><span style=\"font-family: georgia, palatino, serif; font-size: 14pt;\">Especifica\u00e7\u00e3o da c\u00f4moda de madeira<\/span><\/h2>\n<table style=\"width: 33.0727%; height: 132px;\" border=\"1\">\n<tbody>\n<tr style=\"height: 22px;\">\n<td style=\"height: 22px;\" data-spm-anchor-id=\"a2700.details.pronpeci14.i0.479d3829Y92VWk\">Nome do produto<\/td>\n<td style=\"height: 22px;\">C\u00f4moda com 2 gavetas<\/td>\n<\/tr>\n<tr style=\"height: 22px;\">\n<td style=\"height: 22px;\">\u00a0Tamanho<\/td>\n<td style=\"height: 22px;\">\u00a0 C\u00f4moda: 1200*500*760mm ou personalizada<\/p>\n<p>Cadeira de vestir: 780*680*960mm<\/td>\n<\/tr>\n<tr style=\"height: 22px;\">\n<td style=\"height: 22px;\">\u00a0Uso<\/td>\n<td style=\"height: 22px;\">\u00a0 Quarto\/\u00e1rea de vestir<\/td>\n<\/tr>\n<tr style=\"height: 22px;\">\n<td style=\"height: 22px;\">\u00a0Moldura<\/td>\n<td style=\"height: 22px;\">\u00a0\u00a0Madeira maci\u00e7a ecologicamente correta<\/td>\n<\/tr>\n<tr style=\"height: 22px;\">\n<td style=\"height: 22px;\">\u00a0Op\u00e7\u00e3o de capa<\/td>\n<td style=\"height: 22px;\">\u00a0 \u00a0N\/M<\/td>\n<\/tr>\n<tr style=\"height: 22px;\">\n<td style=\"height: 22px;\">\u00a0Cor<\/td>\n<td style=\"height: 22px;\">\u00a0 Conforme a imagem ou personalizado<\/td>\n<\/tr>\n<\/tbody>\n<\/table>","protected":false},"excerpt":{"rendered":"<p>2 drawers dresser &nbsp; Description of 2 drawers dresser The 2 drawers dresser is a piece of furniture for make-up. It is also a piece of furniture for women. The 2 drawers dresser is designed with storage space, and there is also a simple dressing mirror that allows you to see your makeup and understand [&hellip;]<\/p>\n","protected":false},"featured_media":2230,"template":"","meta":{"_seopress_robots_primary_cat":"117","_seopress_titles_title":"2 drawer dresser is a piece of furniture for make-up | Jade Ant","_seopress_titles_desc":"The 2 drawer dresser is a piece of furniture for make-up. It is also a piece of furniture for women. The 2 drawer dresser is designed with storage space, and there is also a simple dressing mirror that allows you to see your makeup and understand the whole person more clearly a situation","_seopress_robots_index":"","_joinchat":[]},"product_brand":[],"product_cat":[117,124,126],"product_tag":[],"class_list":{"0":"post-338","1":"product","2":"type-product","3":"status-publish","4":"has-post-thumbnail","6":"product_cat-bedroom-furniture","7":"product_cat-dressing-table","8":"product_cat-ottoman","10":"first","11":"instock","12":"shipping-taxable","13":"product-type-simple"},"_links":{"self":[{"href":"https:\/\/jadeant.com\/pt\/wp-json\/wp\/v2\/product\/338","targetHints":{"allow":["GET"]}}],"collection":[{"href":"https:\/\/jadeant.com\/pt\/wp-json\/wp\/v2\/product"}],"about":[{"href":"https:\/\/jadeant.com\/pt\/wp-json\/wp\/v2\/types\/product"}],"version-history":[{"count":1,"href":"https:\/\/jadeant.com\/pt\/wp-json\/wp\/v2\/product\/338\/revisions"}],"predecessor-version":[{"id":2324,"href":"https:\/\/jadeant.com\/pt\/wp-json\/wp\/v2\/product\/338\/revisions\/2324"}],"wp:featuredmedia":[{"embeddable":true,"href":"https:\/\/jadeant.com\/pt\/wp-json\/wp\/v2\/media\/2230"}],"wp:attachment":[{"href":"https:\/\/jadeant.com\/pt\/wp-json\/wp\/v2\/media?parent=338"}],"wp:term":[{"taxonomy":"product_brand","embeddable":true,"href":"https:\/\/jadeant.com\/pt\/wp-json\/wp\/v2\/product_brand?post=338"},{"taxonomy":"product_cat","embeddable":true,"href":"https:\/\/jadeant.com\/pt\/wp-json\/wp\/v2\/product_cat?post=338"},{"taxonomy":"product_tag","embeddable":true,"href":"https:\/\/jadeant.com\/pt\/wp-json\/wp\/v2\/product_tag?post=338"}],"curies":[{"name":"wp","href":"https:\/\/api.w.org\/{rel}","templated":true}]}}