{"id":348,"date":"2019-07-21T06:05:21","date_gmt":"2019-07-21T06:05:21","guid":{"rendered":"https:\/\/jadeant.com\/?post_type=product&#038;p=348"},"modified":"2025-03-17T13:10:09","modified_gmt":"2025-03-17T13:10:09","slug":"white-chest-dresser","status":"publish","type":"product","link":"https:\/\/jadeant.com\/pt\/produto\/white-chest-dresser\/","title":{"rendered":"c\u00f4moda com ba\u00fa branco"},"content":{"rendered":"<h2>c\u00f4moda com ba\u00fa branco<\/h2>\n<p>&nbsp;<\/p>\n<h2>Descri\u00e7\u00e3o da c\u00f4moda branca<\/h2>\n<p><span style=\"font-family: georgia, palatino; font-size: 14pt;\">Cada garota tem sua pr\u00f3pria est\u00e9tica diferente. Tamb\u00e9m \u00e9 diferente na escolha do estilo da c\u00f4moda de peito branco. Portanto, a escolha espec\u00edfica \u00e9 decidir de acordo com suas pr\u00f3prias prefer\u00eancias. Escolha apenas sua penteadeira favorita para se sentir relaxada e confort\u00e1vel. \u00c9 claro que a escolha do estilo da penteadeira deve, em primeiro lugar, ser harmoniosa com a atmosfera do espa\u00e7o como um todo. Os diferentes estilos de decora\u00e7\u00e3o do c\u00f4modo devem combinar com o estilo correspondente da penteadeira. Esse tipo de combina\u00e7\u00e3o de m\u00f3veis \u00e9 o mais harmonioso, e o espa\u00e7o como um todo fica visualmente mais bonito e refinado.<\/span><\/p>\n<p><span style=\"font-family: georgia, palatino; font-size: 14pt;\">O espelho \u00e9 uma parte importante da penteadeira. Ao escolher uma penteadeira, tamb\u00e9m \u00e9 importante prestar aten\u00e7\u00e3o ao espelho. O espelho da penteadeira \u00e9, de prefer\u00eancia, um espelho dobr\u00e1vel. Esse tipo de espelho pode fazer com que as pessoas vejam os \u00e2ngulos de seus rostos, o que \u00e9 muito adequado para se vestir.<\/span><\/p>\n<p><span style=\"font-family: georgia, palatino; font-size: 14pt;\">A penteadeira completa e a banqueta da penteadeira s\u00e3o unificadas em estilo, de modo que o espa\u00e7o n\u00e3o \u00e9 coordenado. N\u00e3o h\u00e1 penteadeira com banquetas que combinem. Quando estiver combinando com uma banqueta, preste aten\u00e7\u00e3o na banqueta e na penteadeira e combine com todo o espa\u00e7o do quarto.<\/span><\/p>\n<p>&nbsp;<\/p>\n<h2><span style=\"font-family: georgia, palatino, serif; font-size: 14pt;\">Especifica\u00e7\u00e3o da c\u00f4moda branca<\/span><\/h2>\n<table style=\"width: 71.5782%; height: 413px;\" border=\"1\">\n<tbody>\n<tr style=\"height: 22px;\">\n<td style=\"height: 22px; width: 25.6579%;\" data-spm-anchor-id=\"a2700.details.pronpeci14.i0.479d3829Y92VWk\">Nome do produto<\/td>\n<td style=\"height: 22px; width: 72.5877%;\">c\u00f4moda com ba\u00fa branco<\/td>\n<\/tr>\n<tr style=\"height: 22px;\">\n<td style=\"height: 22px; width: 25.6579%;\">\u00a0Tamanho<\/td>\n<td style=\"height: 22px; width: 72.5877%;\">\u00a0 C\u00f4moda: 1200*500*760mm ou personalizada<\/p>\n<p>Cadeira de vestir: 400*400*380mm<\/td>\n<\/tr>\n<tr style=\"height: 22px;\">\n<td style=\"height: 22px; width: 25.6579%;\">\u00a0Uso<\/td>\n<td style=\"height: 22px; width: 72.5877%;\">\u00a0 Quarto\/\u00e1rea de vestir<\/td>\n<\/tr>\n<tr style=\"height: 22px;\">\n<td style=\"height: 22px; width: 25.6579%;\">\u00a0Moldura<\/td>\n<td style=\"height: 22px; width: 72.5877%;\">\u00a0\u00a0Madeira maci\u00e7a ecologicamente correta<\/p>\n<p>a\u00e7o inoxid\u00e1vel<\/td>\n<\/tr>\n<tr style=\"height: 22px;\">\n<td style=\"height: 22px; width: 25.6579%;\">\u00a0Op\u00e7\u00e3o de capa<\/td>\n<td style=\"height: 22px; width: 72.5877%;\">\u00a0 \u00a0N\/M<\/td>\n<\/tr>\n<tr style=\"height: 22px;\">\n<td style=\"height: 22px; width: 25.6579%;\">\u00a0Cor<\/td>\n<td style=\"height: 22px; width: 72.5877%;\">\u00a0 Conforme a imagem ou personalizado<\/td>\n<\/tr>\n<\/tbody>\n<\/table>","protected":false},"excerpt":{"rendered":"<p>white chest dresser &nbsp; Description of white chest dresser Every girl has its own different aesthetics. It is also different in choosing the style of the white chest dresser. So the specific choice is to decide according to your own preferences. Only choose your favorite dressing table to make you feeling relaxed and comfortable. Of [&hellip;]<\/p>\n","protected":false},"featured_media":2227,"template":"","meta":{"_seopress_robots_primary_cat":"117","_seopress_titles_title":"White chest dresser to decorate the bedroom furniture | Jade Ant","_seopress_titles_desc":"Every girl has its own different aesthetics. It is also different in choosing the style of the white chest dresser. So the specific choice is to decide according to your own preference","_seopress_robots_index":"","_joinchat":[]},"product_brand":[],"product_cat":[117,125,124,126],"product_tag":[],"class_list":{"0":"post-348","1":"product","2":"type-product","3":"status-publish","4":"has-post-thumbnail","6":"product_cat-bedroom-furniture","7":"product_cat-dresser-mirror","8":"product_cat-dressing-table","9":"product_cat-ottoman","11":"first","12":"instock","13":"shipping-taxable","14":"product-type-simple"},"_links":{"self":[{"href":"https:\/\/jadeant.com\/pt\/wp-json\/wp\/v2\/product\/348","targetHints":{"allow":["GET"]}}],"collection":[{"href":"https:\/\/jadeant.com\/pt\/wp-json\/wp\/v2\/product"}],"about":[{"href":"https:\/\/jadeant.com\/pt\/wp-json\/wp\/v2\/types\/product"}],"version-history":[{"count":2,"href":"https:\/\/jadeant.com\/pt\/wp-json\/wp\/v2\/product\/348\/revisions"}],"predecessor-version":[{"id":2323,"href":"https:\/\/jadeant.com\/pt\/wp-json\/wp\/v2\/product\/348\/revisions\/2323"}],"wp:featuredmedia":[{"embeddable":true,"href":"https:\/\/jadeant.com\/pt\/wp-json\/wp\/v2\/media\/2227"}],"wp:attachment":[{"href":"https:\/\/jadeant.com\/pt\/wp-json\/wp\/v2\/media?parent=348"}],"wp:term":[{"taxonomy":"product_brand","embeddable":true,"href":"https:\/\/jadeant.com\/pt\/wp-json\/wp\/v2\/product_brand?post=348"},{"taxonomy":"product_cat","embeddable":true,"href":"https:\/\/jadeant.com\/pt\/wp-json\/wp\/v2\/product_cat?post=348"},{"taxonomy":"product_tag","embeddable":true,"href":"https:\/\/jadeant.com\/pt\/wp-json\/wp\/v2\/product_tag?post=348"}],"curies":[{"name":"wp","href":"https:\/\/api.w.org\/{rel}","templated":true}]}}