{"id":360,"date":"2019-07-22T10:57:54","date_gmt":"2019-07-22T10:57:54","guid":{"rendered":"https:\/\/jadeant.com\/?post_type=product&#038;p=360"},"modified":"2025-03-17T13:08:39","modified_gmt":"2025-03-17T13:08:39","slug":"modern-nightstands","status":"publish","type":"product","link":"https:\/\/jadeant.com\/pt\/produto\/modern-nightstands\/","title":{"rendered":"Mesas de cabeceira modernas"},"content":{"rendered":"<h1>Mesas de cabeceira modernas<\/h1>\n<p>&nbsp;<\/p>\n<h2>Especifica\u00e7\u00e3o de mesinhas de cabeceira modernas<\/h2>\n<p>Tamanho QUEEN70,75\u2033*87,5\u2033*52\u2033 polegadas<br \/>\n1540x2035mm<\/p>\n<table style=\"width: 64.3565%; height: 527px;\" border=\"1\">\n<tbody>\n<tr style=\"height: 78px;\">\n<td style=\"width: 24.8318%; height: 78px;\">Tamanho completo<\/td>\n<td style=\"width: 92.2463%; height: 78px;\">\n<p data-spm-anchor-id=\"a2700.details.pronpeci14.i3.74a65239ocgbJ9\">500x500x400mm<\/p>\n<\/td>\n<\/tr>\n<tr style=\"height: 72px;\">\n<td style=\"width: 24.8318%; height: 72px;\">tamanho da embalagem<\/td>\n<td style=\"width: 92.2463%; height: 72px;\">600x600x500mm<\/td>\n<\/tr>\n<tr style=\"height: 87px;\">\n<td style=\"width: 24.8318%; height: 87px;\">uso espec\u00edfico<\/td>\n<td style=\"width: 92.2463%; height: 87px;\">Cama de quarto, cama de hotel<\/td>\n<\/tr>\n<tr style=\"height: 80px;\">\n<td style=\"width: 24.8318%; height: 80px;\">Estrutura:<\/td>\n<td style=\"width: 92.2463%; height: 80px;\">Compensado<\/td>\n<\/tr>\n<tr style=\"height: 75px;\">\n<td style=\"width: 24.8318%; height: 75px;\">P\u00e9s<\/td>\n<td style=\"width: 92.2463%; height: 75px;\">a\u00e7o inoxid\u00e1vel<\/td>\n<\/tr>\n<tr style=\"height: 135px;\">\n<td style=\"width: 24.8318%; height: 135px;\">Detalhes da embalagem<\/td>\n<td style=\"width: 92.2463%; height: 135px;\">(1) Espuma de EPE + almofada de kraft + saco de n\u00e3o tecido branco<span data-spm-anchor-id=\"a2700.details.pronpeci14.i1.74a65239ocgbJ9\">(2) Embalagem de espuma e papel\u00e3o ondulado com prote\u00e7\u00e3o para os cantos\u00a0<\/span><\/p>\n<p>(3) As pernas de madeira ou de metal s\u00e3o remov\u00edveis e embaladas separadamente.<\/td>\n<\/tr>\n<\/tbody>\n<\/table>\n<h2>Sobre as mesinhas de cabeceira modernas<\/h2>\n<p><span style=\"font-family: georgia, palatino; font-size: 14pt;\">Se voc\u00ea n\u00e3o quiser escolher as mesinhas de cabeceira modernas de acordo com a rotina, mas espera que a mesa de cabeceira tenha uma variedade de fun\u00e7\u00f5es combinadas, ou espera que ela seja especial, mesmo que n\u00e3o seja estritamente no estilo do arm\u00e1rio. Aqueles que t\u00eam essa necessidade podem dar uma olhada nas mesinhas de cabeceira modernas com fun\u00e7\u00f5es combinadas. Ou uma mesa de cabeceira moderna.<\/span><\/p>\n<p><span style=\"font-family: georgia, palatino; font-size: 14pt;\">O posicionamento dos itens na mesa de cabeceira tamb\u00e9m \u00e9 muito espec\u00edfico. Podemos colocar uma lumin\u00e1ria de mesa no arm\u00e1rio, pois ela pode iluminar nosso futuro. <\/span><\/p>\n<p><span style=\"font-family: georgia, palatino; font-size: 14pt;\">Embora seja poss\u00edvel que n\u00e3o possamos usar a lumin\u00e1ria de mesa em hor\u00e1rios comuns, algumas pessoas ricas colocam a lumin\u00e1ria de mesa no criado-mudo. <\/span><\/p>\n<p><span style=\"font-family: georgia, palatino; font-size: 14pt;\">Al\u00e9m da lumin\u00e1ria de mesa, os itens mais comuns na mesa de cabeceira s\u00e3o o telefone celular e o computador, mas esses dois itens n\u00e3o podem ser colocados na mesa de cabeceira, pois s\u00e3o produtos de alta tecnologia e h\u00e1 muita radia\u00e7\u00e3o quando usados. <\/span><\/p>\n<p><span style=\"font-family: georgia, palatino; font-size: 14pt;\">Embora algumas pessoas gostem de usar o celular antes de ir para a cama, quando estivermos prontos para descansar, precisamos tirar o celular de perto, caso contr\u00e1rio, ficaremos inquietos quando dormirmos e a qualidade do nosso sono cair\u00e1 drasticamente.<\/span><\/p>","protected":false},"excerpt":{"rendered":"<p>Modern nightstands &nbsp; Specification of modern nightstands QUEEN size70.75\u2033*87.5\u2033*52\u2033 inch 1540x2035mm Full size 500x500x400mm packing size 600x600x500mm specific use Bedroom bed,Hotel bed Frame: Plywood Feet stainless steel Packing details (1) EPE foam+kraft pad + White non-woven bag(2) Foam and corrugated cardboard wrappling with corner protection\u00a0 (3) The wooden legs or metal legs are removable and [&hellip;]<\/p>\n","protected":false},"featured_media":2158,"template":"","meta":{"_seopress_robots_primary_cat":"117","_seopress_titles_title":"Modern nightstands must be come with the bed | Jade Ant Home","_seopress_titles_desc":"If you don't want to choose the modern nightstands according to the routine, but you hope that the bedside table has a variety of combination functions, or you hope it is special, even if it is not strictly in the cabinet style. Those who have such a need may look at the modern nightstands with combined functions.","_seopress_robots_index":"","_seopress_analysis_target_kw":"Modern nightstands","_joinchat":[]},"product_brand":[],"product_cat":[117,123],"product_tag":[],"class_list":{"0":"post-360","1":"product","2":"type-product","3":"status-publish","4":"has-post-thumbnail","6":"product_cat-bedroom-furniture","7":"product_cat-nightstand","9":"first","10":"instock","11":"shipping-taxable","12":"product-type-simple"},"_links":{"self":[{"href":"https:\/\/jadeant.com\/pt\/wp-json\/wp\/v2\/product\/360","targetHints":{"allow":["GET"]}}],"collection":[{"href":"https:\/\/jadeant.com\/pt\/wp-json\/wp\/v2\/product"}],"about":[{"href":"https:\/\/jadeant.com\/pt\/wp-json\/wp\/v2\/types\/product"}],"version-history":[{"count":1,"href":"https:\/\/jadeant.com\/pt\/wp-json\/wp\/v2\/product\/360\/revisions"}],"predecessor-version":[{"id":2322,"href":"https:\/\/jadeant.com\/pt\/wp-json\/wp\/v2\/product\/360\/revisions\/2322"}],"wp:featuredmedia":[{"embeddable":true,"href":"https:\/\/jadeant.com\/pt\/wp-json\/wp\/v2\/media\/2158"}],"wp:attachment":[{"href":"https:\/\/jadeant.com\/pt\/wp-json\/wp\/v2\/media?parent=360"}],"wp:term":[{"taxonomy":"product_brand","embeddable":true,"href":"https:\/\/jadeant.com\/pt\/wp-json\/wp\/v2\/product_brand?post=360"},{"taxonomy":"product_cat","embeddable":true,"href":"https:\/\/jadeant.com\/pt\/wp-json\/wp\/v2\/product_cat?post=360"},{"taxonomy":"product_tag","embeddable":true,"href":"https:\/\/jadeant.com\/pt\/wp-json\/wp\/v2\/product_tag?post=360"}],"curies":[{"name":"wp","href":"https:\/\/api.w.org\/{rel}","templated":true}]}}