{"id":386,"date":"2019-07-23T11:08:42","date_gmt":"2019-07-23T11:08:42","guid":{"rendered":"https:\/\/jadeant.com\/?post_type=product&#038;p=386"},"modified":"2025-03-17T13:05:01","modified_gmt":"2025-03-17T13:05:01","slug":"bed-end-table","status":"publish","type":"product","link":"https:\/\/jadeant.com\/pt\/produto\/bed-end-table\/","title":{"rendered":"mesa de cabeceira para cama"},"content":{"rendered":"<h1>Mesa de apoio para cama<\/h1>\n<p>&nbsp;<\/p>\n<h2>Especifica\u00e7\u00e3o da mesa de apoio para cama<\/h2>\n<p>&nbsp;<\/p>\n<table style=\"width: 64.3565%; height: 527px;\" border=\"1\">\n<tbody>\n<tr style=\"height: 78px;\">\n<td style=\"width: 24.8318%; height: 78px;\">Tamanho completo<\/td>\n<td style=\"width: 92.2463%; height: 78px;\">\n<p data-spm-anchor-id=\"a2700.details.pronpeci14.i3.74a65239ocgbJ9\">550*450*550 mm<\/p>\n<\/td>\n<\/tr>\n<tr style=\"height: 72px;\">\n<td style=\"width: 24.8318%; height: 72px;\">tamanho da embalagem<\/td>\n<td style=\"width: 92.2463%; height: 72px;\">650*550*650 mm<\/td>\n<\/tr>\n<tr style=\"height: 87px;\">\n<td style=\"width: 24.8318%; height: 87px;\">uso espec\u00edfico<\/td>\n<td style=\"width: 92.2463%; height: 87px;\">Cama de quarto, cama de hotel<\/td>\n<\/tr>\n<tr style=\"height: 80px;\">\n<td style=\"width: 24.8318%; height: 80px;\">Estrutura:<\/td>\n<td style=\"width: 92.2463%; height: 80px;\">Compensado<\/td>\n<\/tr>\n<tr style=\"height: 75px;\">\n<td style=\"width: 24.8318%; height: 75px;\">P\u00e9s<\/td>\n<td style=\"width: 92.2463%; height: 75px;\">a\u00e7o inoxid\u00e1vel<\/td>\n<\/tr>\n<tr style=\"height: 135px;\">\n<td style=\"width: 24.8318%; height: 135px;\">Detalhes da embalagem<\/td>\n<td style=\"width: 92.2463%; height: 135px;\">(1) Espuma de EPE + almofada de kraft + saco de n\u00e3o tecido branco<span data-spm-anchor-id=\"a2700.details.pronpeci14.i1.74a65239ocgbJ9\">(2) Embalagem de espuma e papel\u00e3o ondulado com prote\u00e7\u00e3o para os cantos\u00a0<\/span><\/p>\n<p>(3) As pernas de madeira ou de metal s\u00e3o remov\u00edveis e embaladas separadamente.<\/td>\n<\/tr>\n<\/tbody>\n<\/table>\n<table style=\"width: 64.8159%; height: 185px;\" border=\"1\">\n<tbody>\n<tr>\n<td style=\"width: 16.625%;\" rowspan=\"4\" data-spm-anchor-id=\"a2700.details.pronpeci14.i0.5b3d4fddoi4z9e\">\u00a0Controle de qualidade:<\/td>\n<td style=\"width: 1.05263%;\" colspan=\"3\">a) Antes da confirma\u00e7\u00e3o do pedido, devemos verificar o material e a cor por meio das amostras<\/p>\n<p>que deve ser estritamente.<\/td>\n<\/tr>\n<tr>\n<td style=\"width: 1.05263%;\" colspan=\"3\" data-spm-anchor-id=\"a2700.details.pronpeci14.i1.5b3d4fddoi4z9e\">b) Estaremos rastreando a fase de diferen\u00e7a da produ\u00e7\u00e3o desde o in\u00edcio.<\/td>\n<\/tr>\n<tr>\n<td style=\"width: 1.05263%;\" colspan=\"3\">c) Todos os produtos devem ser verificados e limpos antes de serem embalados.<\/td>\n<\/tr>\n<tr>\n<td style=\"width: 1.05263%;\" colspan=\"3\">d) Os clientes podem enviar o QC ou um terceiro para verificar a qualidade antes da entrega.<\/td>\n<\/tr>\n<\/tbody>\n<\/table>\n<h2>Sobre a mesa de cabeceira da cama<\/h2>\n<p>Ao escolher uma mesa de cabeceira para cama, algumas pessoas n\u00e3o pedem uma fun\u00e7\u00e3o de armazenamento forte, mas apenas colocam um abajur sobre ela ou exibem alguns acess\u00f3rios para embelezamento, desde que voc\u00ea possa colocar uma pequena quantidade de itens, ent\u00e3o Parte da mesa de cabeceira com est\u00eancil no rack de exibi\u00e7\u00e3o ou uma forma simples <a href=\"https:\/\/jadeant.com\/pt\/produto\/white-bedside-table\/\">Mesa de cabeceira<\/a> com apenas uma gaveta, atende melhor \u00e0s suas necessidades.<\/p>","protected":false},"excerpt":{"rendered":"<p>Bed end table &nbsp; Specification of bed end table &nbsp; Full size 550*450*550 \u00a0mm packing size 650*550*650 \u00a0mm specific use Bedroom bed,Hotel bed Frame: Plywood Feet stainless steel Packing details (1) EPE foam+kraft pad + White non-woven bag(2) Foam and corrugated cardboard wrappling with corner protection\u00a0 (3) The wooden legs or metal legs are removable [&hellip;]<\/p>\n","protected":false},"featured_media":2105,"template":"","meta":{"_seopress_robots_primary_cat":"117","_seopress_titles_title":"bed end table could display the items | Jade Ant Home","_seopress_titles_desc":"When choosing a bed end table, some people don't ask for a strong storage function, but just put a table lamp on it, or display some accessories for embellishment, as long as you can put a small amount of items,then Part of the stenciled bedside table on the display rack.","_seopress_robots_index":"","_joinchat":[]},"product_brand":[],"product_cat":[117,123],"product_tag":[],"class_list":{"0":"post-386","1":"product","2":"type-product","3":"status-publish","4":"has-post-thumbnail","6":"product_cat-bedroom-furniture","7":"product_cat-nightstand","9":"first","10":"instock","11":"shipping-taxable","12":"product-type-simple"},"_links":{"self":[{"href":"https:\/\/jadeant.com\/pt\/wp-json\/wp\/v2\/product\/386","targetHints":{"allow":["GET"]}}],"collection":[{"href":"https:\/\/jadeant.com\/pt\/wp-json\/wp\/v2\/product"}],"about":[{"href":"https:\/\/jadeant.com\/pt\/wp-json\/wp\/v2\/types\/product"}],"version-history":[{"count":1,"href":"https:\/\/jadeant.com\/pt\/wp-json\/wp\/v2\/product\/386\/revisions"}],"predecessor-version":[{"id":2319,"href":"https:\/\/jadeant.com\/pt\/wp-json\/wp\/v2\/product\/386\/revisions\/2319"}],"wp:featuredmedia":[{"embeddable":true,"href":"https:\/\/jadeant.com\/pt\/wp-json\/wp\/v2\/media\/2105"}],"wp:attachment":[{"href":"https:\/\/jadeant.com\/pt\/wp-json\/wp\/v2\/media?parent=386"}],"wp:term":[{"taxonomy":"product_brand","embeddable":true,"href":"https:\/\/jadeant.com\/pt\/wp-json\/wp\/v2\/product_brand?post=386"},{"taxonomy":"product_cat","embeddable":true,"href":"https:\/\/jadeant.com\/pt\/wp-json\/wp\/v2\/product_cat?post=386"},{"taxonomy":"product_tag","embeddable":true,"href":"https:\/\/jadeant.com\/pt\/wp-json\/wp\/v2\/product_tag?post=386"}],"curies":[{"name":"wp","href":"https:\/\/api.w.org\/{rel}","templated":true}]}}