{"id":490,"date":"2019-07-26T10:50:50","date_gmt":"2019-07-26T10:50:50","guid":{"rendered":"https:\/\/www.jadeant.com\/?post_type=product&#038;p=490"},"modified":"2025-03-17T13:00:00","modified_gmt":"2025-03-17T13:00:00","slug":"sofa","status":"publish","type":"product","link":"https:\/\/jadeant.com\/pt\/produto\/sofa\/","title":{"rendered":"Sof\u00e1"},"content":{"rendered":"<h2>Especifica\u00e7\u00e3o do sof\u00e1<\/h2>\n<table class=\"aliDataTable\" style=\"width: 82.9026%; height: 248px;\">\n<tbody>\n<tr>\n<td style=\"width: 23.2824%;\">\n<div data-spm-anchor-id=\"a2700.details.pronpeci14.i0.5f14f032lfZ41A\">Nome do item<\/div>\n<\/td>\n<td style=\"width: 22.4706%;\" colspan=\"3\">\n<div>sof\u00e1<\/div>\n<\/td>\n<\/tr>\n<tr>\n<td style=\"width: 23.2824%;\">\n<div>Modelo n\u00ba.<\/div>\n<\/td>\n<td style=\"width: 22.4706%;\" colspan=\"3\">\n<div>Conjunto de sof\u00e1 principal<\/div>\n<\/td>\n<\/tr>\n<tr>\n<td style=\"width: 23.2824%;\">\n<div data-spm-anchor-id=\"a2700.details.pronpeci14.i2.5f14f032lfZ41A\">Material<\/div>\n<\/td>\n<td style=\"width: 22.4706%;\" colspan=\"3\">\n<div>couro + estrutura de a\u00e7o inoxid\u00e1vel + espuma (PU, op\u00e7\u00e3o de tecido)<\/div>\n<\/td>\n<\/tr>\n<tr>\n<td style=\"width: 23.2824%;\">\n<div>Tamanho do produto (cm)<\/div>\n<\/td>\n<td style=\"width: 22.4706%;\" colspan=\"3\">\n<div data-spm-anchor-id=\"a2700.details.pronpeci14.i1.5f14f032lfZ41A\">1 assento: L1100*D850*H850<\/div>\n<div data-spm-anchor-id=\"a2700.details.pronpeci14.i3.5f14f032lfZ41A\">2 assentos: L1700*D850*H850<\/div>\n<div data-spm-anchor-id=\"a2700.details.pronpeci14.i3.5f14f032lfZ41A\">3 assentos: L2200*D850*H850<\/div>\n<\/td>\n<\/tr>\n<tr>\n<td style=\"width: 23.2824%;\">\n<div>Cor<\/div>\n<\/td>\n<td style=\"width: 22.4706%;\" colspan=\"3\">\n<div>preto e branco, marrom, vermelho,<\/div>\n<\/td>\n<\/tr>\n<\/tbody>\n<\/table>\n<p>&nbsp;<\/p>\n<h2><span style=\"font-family: georgia, palatino;\">Sobre o sof\u00e1 na mob\u00edlia da sala de estar<\/span><\/h2>\n<p><span style=\"font-family: georgia, palatino; font-size: 14pt;\">A sala de estar \u00e9 simples e sem perder a textura. O piso \u00e9 feito de azulejos polidos, o que \u00e9 moderno e elegante. Sem design de luz principal, o lustre simples, com estrutura de metal, delineia o espa\u00e7o<\/span><\/p>\n<p><span style=\"font-family: georgia, palatino; font-size: 14pt;\">Na mob\u00edlia da sala de estar, tamb\u00e9m devemos nos concentrar no tamanho do espa\u00e7o. Para atender \u00e0s necessidades de uma sala de estar grande e pequena, podemos escolher um sof\u00e1 pequeno com design de canto, para que fique mais bonito na sala de estar, e o tamanho do apartamento \u00e9 muito adequado. Um sof\u00e1 que parece bonito.<\/span><\/p>\n<p><span style=\"font-family: georgia, palatino; font-size: 14pt;\">Na decora\u00e7\u00e3o suave de tecido da sala de estar, voc\u00ea pode optar por usar o carpete geom\u00e9trico da sala de estar, com o travesseiro geom\u00e9trico, para realizar a decora\u00e7\u00e3o suave da cor do espa\u00e7o interior. Afinal de contas, o travesseiro e o carpete s\u00e3o roupas macias mais importantes, que podem criar um efeito de espa\u00e7o muito bonito. Ao mesmo tempo, isso tamb\u00e9m pode aumentar o valor da sala de estar.<\/span><\/p>","protected":false},"excerpt":{"rendered":"<p>Specification of sofa Item Name sofa Model No. master sofa set Material leather + stainless steel frame+foam (PU, fabric option) Product Size(cm) 1 seat:W1100*D850*H850 2 seat:W1700*D850*H850 3 seat:W2200*D850*H850 Color black and white, brown, red, &nbsp; About the sofa in the living room furniture The living room is simple and without losing the texture. The floor [&hellip;]<\/p>\n","protected":false},"featured_media":1860,"template":"","meta":{"_seopress_robots_primary_cat":"118","_seopress_titles_title":"Sofa to decorate your elegant living room | Jade Ant","_seopress_titles_desc":"The living room is simple and without losing the texture. The floor is made of polished glazed tiles, which is fashionable and stylish. No main light design, simple chandelier, metal frame, outline the space","_seopress_robots_index":"","_joinchat":[]},"product_brand":[],"product_cat":[118,132],"product_tag":[],"class_list":{"0":"post-490","1":"product","2":"type-product","3":"status-publish","4":"has-post-thumbnail","6":"product_cat-livingroom-furniture","7":"product_cat-sofa","9":"first","10":"instock","11":"shipping-taxable","12":"product-type-simple"},"_links":{"self":[{"href":"https:\/\/jadeant.com\/pt\/wp-json\/wp\/v2\/product\/490","targetHints":{"allow":["GET"]}}],"collection":[{"href":"https:\/\/jadeant.com\/pt\/wp-json\/wp\/v2\/product"}],"about":[{"href":"https:\/\/jadeant.com\/pt\/wp-json\/wp\/v2\/types\/product"}],"version-history":[{"count":1,"href":"https:\/\/jadeant.com\/pt\/wp-json\/wp\/v2\/product\/490\/revisions"}],"predecessor-version":[{"id":2316,"href":"https:\/\/jadeant.com\/pt\/wp-json\/wp\/v2\/product\/490\/revisions\/2316"}],"wp:featuredmedia":[{"embeddable":true,"href":"https:\/\/jadeant.com\/pt\/wp-json\/wp\/v2\/media\/1860"}],"wp:attachment":[{"href":"https:\/\/jadeant.com\/pt\/wp-json\/wp\/v2\/media?parent=490"}],"wp:term":[{"taxonomy":"product_brand","embeddable":true,"href":"https:\/\/jadeant.com\/pt\/wp-json\/wp\/v2\/product_brand?post=490"},{"taxonomy":"product_cat","embeddable":true,"href":"https:\/\/jadeant.com\/pt\/wp-json\/wp\/v2\/product_cat?post=490"},{"taxonomy":"product_tag","embeddable":true,"href":"https:\/\/jadeant.com\/pt\/wp-json\/wp\/v2\/product_tag?post=490"}],"curies":[{"name":"wp","href":"https:\/\/api.w.org\/{rel}","templated":true}]}}