{"id":501,"date":"2019-07-27T12:15:22","date_gmt":"2019-07-27T12:15:22","guid":{"rendered":"https:\/\/www.jadeant.com\/?post_type=product&#038;p=501"},"modified":"2025-03-17T12:57:12","modified_gmt":"2025-03-17T12:57:12","slug":"solid-wood-sofa","status":"publish","type":"product","link":"https:\/\/jadeant.com\/pt\/produto\/solid-wood-sofa\/","title":{"rendered":"Sof\u00e1 de madeira maci\u00e7a"},"content":{"rendered":"<h2>Especifica\u00e7\u00e3o do sof\u00e1 de madeira maci\u00e7a<\/h2>\n<table class=\"aliDataTable\" style=\"width: 82.9026%; height: 248px;\">\n<tbody>\n<tr>\n<td style=\"width: 23.2824%;\">\n<div data-spm-anchor-id=\"a2700.details.pronpeci14.i0.5f14f032lfZ41A\">Nome do item<\/div>\n<\/td>\n<td style=\"width: 22.4706%;\" colspan=\"3\">Sof\u00e1 de madeira maci\u00e7a<\/td>\n<\/tr>\n<tr>\n<td style=\"width: 23.2824%;\">\n<div>Modelo n\u00ba.<\/div>\n<\/td>\n<td style=\"width: 22.4706%;\" colspan=\"3\">\n<div>Conjunto de sof\u00e1 principal<\/div>\n<\/td>\n<\/tr>\n<tr>\n<td style=\"width: 23.2824%;\">\n<div data-spm-anchor-id=\"a2700.details.pronpeci14.i2.5f14f032lfZ41A\">Material<\/div>\n<\/td>\n<td style=\"width: 22.4706%;\" colspan=\"3\">\n<div>couro + estrutura de madeira s\u00f3lida + espuma (PU, op\u00e7\u00e3o de tecido)<\/div>\n<\/td>\n<\/tr>\n<tr>\n<td style=\"width: 23.2824%;\">\n<div>Tamanho do produto (cm)<\/div>\n<\/td>\n<td style=\"width: 22.4706%;\" colspan=\"3\">\n<div data-spm-anchor-id=\"a2700.details.pronpeci14.i1.5f14f032lfZ41A\">1 assento: W1120*D920*H800<\/div>\n<div data-spm-anchor-id=\"a2700.details.pronpeci14.i3.5f14f032lfZ41A\">2 assentos: W2250*D920*H800<\/div>\n<div data-spm-anchor-id=\"a2700.details.pronpeci14.i3.5f14f032lfZ41A\"><\/div>\n<\/td>\n<\/tr>\n<tr>\n<td style=\"width: 23.2824%;\">\n<div>Cor<\/div>\n<\/td>\n<td style=\"width: 22.4706%;\" colspan=\"3\">\n<div>preto e branco, marrom, vermelho,<\/div>\n<\/td>\n<\/tr>\n<\/tbody>\n<\/table>\n<p>&nbsp;<\/p>\n<h2><span style=\"font-family: georgia, palatino;\">Sobre o sof\u00e1 no <\/span><span style=\"font-family: georgia, palatino;\">Sof\u00e1 de madeira maci\u00e7a<\/span><\/h2>\n<p><span style=\"font-family: georgia, palatino; font-size: 14pt;\">A sala de estar tem uma posi\u00e7\u00e3o dominante no design do <a href=\"https:\/\/jadeant.com\/pt\/\">decora\u00e7\u00e3o de casa<\/a>. Os m\u00f3veis e as cores da sala de estar podem refletir a personalidade, as caracter\u00edsticas, a vis\u00e3o, a personalidade etc. do propriet\u00e1rio. Se quiser que sua pr\u00f3pria beleza deixe uma primeira impress\u00e3o profunda nos visitantes, voc\u00ea deve pensar um pouco no design da decora\u00e7\u00e3o da sala de estar.<\/span><\/p>\n<p><span style=\"font-family: georgia, palatino; font-size: 14pt;\">A sala de estar \u00e9 uma das \u00e1reas mais ativas da casa, portanto, a maneira de decorar esse espa\u00e7o \u00e9 especialmente importante. A sala de estar pode ser dividida em uma \u00e1rea de recep\u00e7\u00e3o, uma \u00e1rea de jantar, uma \u00e1rea de estudo e outras.<\/span><\/p>\n<p><span style=\"font-family: georgia, palatino; font-size: 14pt;\">De modo geral, o design suave da sala de estar deve ser confort\u00e1vel, conveniente, acolhedor e amig\u00e1vel, al\u00e9m de enriquecer e enriquecer, para que as pessoas tenham uma sensa\u00e7\u00e3o acolhedora e tranquila.<\/span><\/p>\n<p><span style=\"font-family: georgia, palatino; font-size: 14pt;\">A divis\u00e3o da \u00e1rea funcional \u00e9 cada vez mais inevit\u00e1vel. Portanto, ao atender \u00e0s necessidades multifuncionais da sala de estar, deve-se prestar aten\u00e7\u00e3o \u00e0 coordena\u00e7\u00e3o e unifica\u00e7\u00e3o do layout de toda a sala de estar. As caracter\u00edsticas de cada \u00e1rea funcional s\u00e3o exibidas por meio da decora\u00e7\u00e3o e, em seguida, unificadas pela combina\u00e7\u00e3o geral de cores ou estilos, o que resulta em uma sala de estar mais coordenada.<\/span><\/p>","protected":false},"excerpt":{"rendered":"<p>Specification of Solid wood sofa Item Name Solid wood sofa Model No. master sofa set Material leather +solid wood frame+foam (PU, fabric option) Product Size(cm) 1 seat:W1120*D920*H800 2 seat:W2250*D920*H800 Color black and white, brown, red, &nbsp; About the sofa in the Solid wood sofa The living room has a dominant position in the design of [&hellip;]<\/p>\n","protected":false},"featured_media":2073,"template":"","meta":{"_seopress_robots_primary_cat":"118","_seopress_titles_title":"Solid wood sofa in the living room furniture set | Jade Ant","_seopress_titles_desc":"Solid wood sofa,The living room has a dominant position in the design of home decoration,it can be divided into a reception area, a dining area, a study area, and others.","_seopress_robots_index":"","_joinchat":[]},"product_brand":[],"product_cat":[118,132],"product_tag":[],"class_list":{"0":"post-501","1":"product","2":"type-product","3":"status-publish","4":"has-post-thumbnail","6":"product_cat-livingroom-furniture","7":"product_cat-sofa","9":"first","10":"instock","11":"shipping-taxable","12":"product-type-simple"},"_links":{"self":[{"href":"https:\/\/jadeant.com\/pt\/wp-json\/wp\/v2\/product\/501","targetHints":{"allow":["GET"]}}],"collection":[{"href":"https:\/\/jadeant.com\/pt\/wp-json\/wp\/v2\/product"}],"about":[{"href":"https:\/\/jadeant.com\/pt\/wp-json\/wp\/v2\/types\/product"}],"version-history":[{"count":1,"href":"https:\/\/jadeant.com\/pt\/wp-json\/wp\/v2\/product\/501\/revisions"}],"predecessor-version":[{"id":2315,"href":"https:\/\/jadeant.com\/pt\/wp-json\/wp\/v2\/product\/501\/revisions\/2315"}],"wp:featuredmedia":[{"embeddable":true,"href":"https:\/\/jadeant.com\/pt\/wp-json\/wp\/v2\/media\/2073"}],"wp:attachment":[{"href":"https:\/\/jadeant.com\/pt\/wp-json\/wp\/v2\/media?parent=501"}],"wp:term":[{"taxonomy":"product_brand","embeddable":true,"href":"https:\/\/jadeant.com\/pt\/wp-json\/wp\/v2\/product_brand?post=501"},{"taxonomy":"product_cat","embeddable":true,"href":"https:\/\/jadeant.com\/pt\/wp-json\/wp\/v2\/product_cat?post=501"},{"taxonomy":"product_tag","embeddable":true,"href":"https:\/\/jadeant.com\/pt\/wp-json\/wp\/v2\/product_tag?post=501"}],"curies":[{"name":"wp","href":"https:\/\/api.w.org\/{rel}","templated":true}]}}