{"id":508,"date":"2019-07-27T12:43:59","date_gmt":"2019-07-27T12:43:59","guid":{"rendered":"https:\/\/www.jadeant.com\/?post_type=product&#038;p=508"},"modified":"2025-03-17T12:56:07","modified_gmt":"2025-03-17T12:56:07","slug":"fabric-sofa","status":"publish","type":"product","link":"https:\/\/jadeant.com\/pt\/produto\/fabric-sofa\/","title":{"rendered":"Sof\u00e1 de tecido"},"content":{"rendered":"<h2>Especifica\u00e7\u00e3o do sof\u00e1 de tecido<\/h2>\n<table class=\"aliDataTable\" style=\"width: 82.9026%; height: 248px;\">\n<tbody>\n<tr>\n<td style=\"width: 23.2824%;\">\n<div data-spm-anchor-id=\"a2700.details.pronpeci14.i0.5f14f032lfZ41A\">Nome do item<\/div>\n<\/td>\n<td style=\"width: 22.4706%;\" colspan=\"3\">Sof\u00e1 de tecido<\/td>\n<\/tr>\n<tr>\n<td style=\"width: 23.2824%;\">\n<div>Modelo n\u00ba.<\/div>\n<\/td>\n<td style=\"width: 22.4706%;\" colspan=\"3\">\n<div>Conjunto de sof\u00e1 principal<\/div>\n<\/td>\n<\/tr>\n<tr>\n<td style=\"width: 23.2824%;\">\n<div data-spm-anchor-id=\"a2700.details.pronpeci14.i2.5f14f032lfZ41A\">Material<\/div>\n<\/td>\n<td style=\"width: 22.4706%;\" colspan=\"3\">\n<div>\u00a0tecido + estrutura de madeira s\u00f3lida + espuma (PU, op\u00e7\u00e3o de couro)<\/div>\n<\/td>\n<\/tr>\n<tr>\n<td style=\"width: 23.2824%;\">\n<div>Tamanho do produto (cm)<\/div>\n<\/td>\n<td style=\"width: 22.4706%;\" colspan=\"3\">\n<div data-spm-anchor-id=\"a2700.details.pronpeci14.i1.5f14f032lfZ41A\">1 assento: W1150*D1000*H820<\/div>\n<div data-spm-anchor-id=\"a2700.details.pronpeci14.i3.5f14f032lfZ41A\">2 assentos: L1650*D900*H820<\/div>\n<div data-spm-anchor-id=\"a2700.details.pronpeci14.i3.5f14f032lfZ41A\">3 assentos: L2250*D900*H820<\/div>\n<div data-spm-anchor-id=\"a2700.details.pronpeci14.i3.5f14f032lfZ41A\"><\/div>\n<\/td>\n<\/tr>\n<tr>\n<td style=\"width: 23.2824%;\">\n<div>Cor<\/div>\n<\/td>\n<td style=\"width: 22.4706%;\" colspan=\"3\">\n<div>preto e branco, marrom, vermelho,<\/div>\n<\/td>\n<\/tr>\n<\/tbody>\n<\/table>\n<p>&nbsp;<\/p>\n<h2><span style=\"font-family: georgia, palatino;\">Sobre o sof\u00e1 no <\/span><span style=\"font-family: georgia, palatino;\">sof\u00e1 de tecido<\/span><\/h2>\n<p><span style=\"font-family: georgia, palatino; font-size: 14pt;\">A cor do <a href=\"https:\/\/jadeant.com\/pt\/categoria-produto\/livingroom-furniture\/\">sala de estar<\/a> A cor da sala de estar \u00e9 geralmente mais clara ou mais fria, e a escolha da cor varia de acordo com o estilo. Como o espa\u00e7o da sala de estar geralmente \u00e9 grande, \u00e9 muito importante considerar a ilumina\u00e7\u00e3o. Se a luz for suficiente, voc\u00ea pode escolher algumas cores frias para neutralizar. Se a ilumina\u00e7\u00e3o n\u00e3o for boa, escolha cores quentes para conciliar. A cor geral pode ser controlada por uma s\u00e9rie de elementos suaves, como a cor da parede, o papel de parede, as cortinas, o sof\u00e1 de tecido e outros m\u00f3veis e o carpete.<\/span><\/p>\n<p><span style=\"font-family: georgia, palatino; font-size: 14pt;\">O design macio da sala de estar deve ser confort\u00e1vel, conveniente, aconchegante e amig\u00e1vel, al\u00e9m de enriquecer e enriquecer, para que as pessoas tenham uma sensa\u00e7\u00e3o de aconchego e paz. Cada detalhe da vida dom\u00e9stica est\u00e1 relacionado a roupas macias. As pe\u00e7as grandes de mob\u00edlia mais importantes (sof\u00e1 de tecido e outras), como o estilo e o tamanho do sof\u00e1 de tecido, camas, mesas de jantar e estantes, tamb\u00e9m determinam a tonalidade b\u00e1sica e a estrutura espacial da decora\u00e7\u00e3o geral da casa. Portanto, se voc\u00ea escolher produtos de embalagem macia, primeiro escolha os m\u00f3veis, depois escolha a ilumina\u00e7\u00e3o, o tecido, v\u00e1rios acess\u00f3rios, pinturas decorativas, cobertores decorativos etc.<\/span><\/p>","protected":false},"excerpt":{"rendered":"<p>Specification of Fabric sofa Item Name Fabric sofa Model No. master sofa set Material \u00a0fabric+solid wood frame+foam (PU, leather option) Product Size(cm) 1 seat:W1150*D1000*H820 2 seat:W1650*D900*H820 3 seat:W2250*D900*H820 Color black and white, brown, red, &nbsp; About the sofa in the fabric sofa The color of the living room is usually lighter or cooler, and the [&hellip;]<\/p>\n","protected":false},"featured_media":2145,"template":"","meta":{"_seopress_robots_primary_cat":"118","_seopress_titles_title":"Fabric sofa | Focus on luxury furniture manufacture | Jade Ant","_seopress_titles_desc":"Fabric sofa,The color of the living room is usually lighter or cooler, and the choice of color will vary depending on the style.The overall color can be controlled from a series of soft elements such as wall color, wallpaper, curtains, furniture, and carpet","_seopress_robots_index":"","_joinchat":[]},"product_brand":[],"product_cat":[118,132],"product_tag":[],"class_list":{"0":"post-508","1":"product","2":"type-product","3":"status-publish","4":"has-post-thumbnail","6":"product_cat-livingroom-furniture","7":"product_cat-sofa","9":"first","10":"instock","11":"shipping-taxable","12":"product-type-simple"},"_links":{"self":[{"href":"https:\/\/jadeant.com\/pt\/wp-json\/wp\/v2\/product\/508","targetHints":{"allow":["GET"]}}],"collection":[{"href":"https:\/\/jadeant.com\/pt\/wp-json\/wp\/v2\/product"}],"about":[{"href":"https:\/\/jadeant.com\/pt\/wp-json\/wp\/v2\/types\/product"}],"version-history":[{"count":1,"href":"https:\/\/jadeant.com\/pt\/wp-json\/wp\/v2\/product\/508\/revisions"}],"predecessor-version":[{"id":2314,"href":"https:\/\/jadeant.com\/pt\/wp-json\/wp\/v2\/product\/508\/revisions\/2314"}],"wp:featuredmedia":[{"embeddable":true,"href":"https:\/\/jadeant.com\/pt\/wp-json\/wp\/v2\/media\/2145"}],"wp:attachment":[{"href":"https:\/\/jadeant.com\/pt\/wp-json\/wp\/v2\/media?parent=508"}],"wp:term":[{"taxonomy":"product_brand","embeddable":true,"href":"https:\/\/jadeant.com\/pt\/wp-json\/wp\/v2\/product_brand?post=508"},{"taxonomy":"product_cat","embeddable":true,"href":"https:\/\/jadeant.com\/pt\/wp-json\/wp\/v2\/product_cat?post=508"},{"taxonomy":"product_tag","embeddable":true,"href":"https:\/\/jadeant.com\/pt\/wp-json\/wp\/v2\/product_tag?post=508"}],"curies":[{"name":"wp","href":"https:\/\/api.w.org\/{rel}","templated":true}]}}