{"id":515,"date":"2019-07-27T13:30:05","date_gmt":"2019-07-27T13:30:05","guid":{"rendered":"https:\/\/www.jadeant.com\/?post_type=product&#038;p=515"},"modified":"2025-03-17T12:54:04","modified_gmt":"2025-03-17T12:54:04","slug":"1-drawer-nightstand","status":"publish","type":"product","link":"https:\/\/jadeant.com\/pt\/produto\/1-drawer-nightstand\/","title":{"rendered":"Mesa de cabeceira com 1 gaveta"},"content":{"rendered":"<h1>Mesa de cabeceira com 1 gaveta<\/h1>\n<p>&nbsp;<\/p>\n<h2>Especifica\u00e7\u00e3o do criado-mudo de 1 gaveta<\/h2>\n<p>&nbsp;<\/p>\n<table style=\"width: 64.3565%; height: 527px;\" border=\"1\">\n<tbody>\n<tr style=\"height: 78px;\">\n<td style=\"width: 24.8318%; height: 78px;\">Tamanho completo<\/td>\n<td style=\"width: 92.2463%; height: 78px;\">\n<p data-spm-anchor-id=\"a2700.details.pronpeci14.i3.74a65239ocgbJ9\">500*400*500 mm<\/p>\n<\/td>\n<\/tr>\n<tr style=\"height: 72px;\">\n<td style=\"width: 24.8318%; height: 72px;\">tamanho da embalagem<\/td>\n<td style=\"width: 92.2463%; height: 72px;\">600*500*600 mm<\/td>\n<\/tr>\n<tr style=\"height: 87px;\">\n<td style=\"width: 24.8318%; height: 87px;\">uso espec\u00edfico<\/td>\n<td style=\"width: 92.2463%; height: 87px;\">Cama de quarto, cama de hotel<\/td>\n<\/tr>\n<tr style=\"height: 80px;\">\n<td style=\"width: 24.8318%; height: 80px;\">Estrutura:<\/td>\n<td style=\"width: 92.2463%; height: 80px;\">Compensado, a\u00e7o inoxid\u00e1vel<\/td>\n<\/tr>\n<tr style=\"height: 75px;\">\n<td style=\"width: 24.8318%; height: 75px;\">P\u00e9s<\/td>\n<td style=\"width: 92.2463%; height: 75px;\">a\u00e7o inoxid\u00e1vel<\/td>\n<\/tr>\n<tr style=\"height: 135px;\">\n<td style=\"width: 24.8318%; height: 135px;\">Detalhes da embalagem<\/td>\n<td style=\"width: 92.2463%; height: 135px;\">(1) Espuma de EPE + almofada de kraft + saco de n\u00e3o tecido branco<span data-spm-anchor-id=\"a2700.details.pronpeci14.i1.74a65239ocgbJ9\">(2) Embalagem de espuma e papel\u00e3o ondulado com prote\u00e7\u00e3o para os cantos\u00a0<\/span><\/p>\n<p>(3) As pernas de madeira ou de metal s\u00e3o remov\u00edveis e embaladas separadamente.<\/td>\n<\/tr>\n<\/tbody>\n<\/table>\n<table style=\"width: 64.8159%; height: 185px;\" border=\"1\">\n<tbody>\n<tr>\n<td style=\"width: 16.625%;\" rowspan=\"4\" data-spm-anchor-id=\"a2700.details.pronpeci14.i0.5b3d4fddoi4z9e\">\u00a0Controle de qualidade:<\/td>\n<td style=\"width: 1.05263%;\" colspan=\"3\">a) Antes da confirma\u00e7\u00e3o do pedido, devemos verificar o material e a cor por meio das amostras<\/p>\n<p>que deve ser estritamente.<\/td>\n<\/tr>\n<tr>\n<td style=\"width: 1.05263%;\" colspan=\"3\" data-spm-anchor-id=\"a2700.details.pronpeci14.i1.5b3d4fddoi4z9e\">b) Estaremos rastreando a fase de diferen\u00e7a da produ\u00e7\u00e3o desde o in\u00edcio.<\/td>\n<\/tr>\n<tr>\n<td style=\"width: 1.05263%;\" colspan=\"3\">c) Todos os produtos devem ser verificados e limpos antes de serem embalados.<\/td>\n<\/tr>\n<tr>\n<td style=\"width: 1.05263%;\" colspan=\"3\">d) Os clientes podem enviar o QC ou um terceiro para verificar a qualidade antes da entrega.<\/td>\n<\/tr>\n<\/tbody>\n<\/table>\n<h2>Sobre o criado-mudo de 1 gaveta<\/h2>\n<p>Algumas pessoas t\u00eam o h\u00e1bito de ler antes de ir para a cama <a href=\"https:\/\/jadeant.com\/pt\/produto\/leather-beds\/\">cama<\/a>Algumas pessoas gostam de colocar os rem\u00e9dios da fam\u00edlia na mesa de cabeceira de uma gaveta, o que \u00e9 conveniente para uso quando necess\u00e1rio. Algumas pessoas est\u00e3o acostumadas a colocar pequenos itens de cama na ponta dos dedos... embora as coisas que precisam ser armazenadas sejam diferentes, mas uma coisa \u00e9 a mesma, ou seja, todas elas precisam de uma mesa de cabeceira com uma gaveta para atender \u00e0s necessidades de armazenamento. E esse tipo de arm\u00e1rio, embora o formato da gaveta seja ligeiramente \u00fanico, mas o estilo \u00e9 diversificado, pode atender \u00e0s necessidades da maioria das pessoas.<\/p>","protected":false},"excerpt":{"rendered":"<p>1 drawer nightstand &nbsp; Specification of 1 drawer nightstand &nbsp; Full size 500*400*500 \u00a0mm packing size 600*500*600 \u00a0mm specific use Bedroom bed,Hotel bed Frame: Plywood,stainless steel Feet stainless steel Packing details (1) EPE foam+kraft pad + White non-woven bag(2) Foam and corrugated cardboard wrappling with corner protection\u00a0 (3) The wooden legs or metal legs are [&hellip;]<\/p>\n","protected":false},"featured_media":1819,"template":"","meta":{"_seopress_robots_primary_cat":"117","_seopress_titles_title":"1 drawer nightstand have storage function | Jade Ant Home","_seopress_titles_desc":"they all need a nightstand with drawers to meet the storage needs. And such a cabinet, although the shape of the drawer is slightly single, but the style is diverse, can meet the needs of most people.","_seopress_robots_index":"","_joinchat":[]},"product_brand":[],"product_cat":[117,123],"product_tag":[],"class_list":{"0":"post-515","1":"product","2":"type-product","3":"status-publish","4":"has-post-thumbnail","6":"product_cat-bedroom-furniture","7":"product_cat-nightstand","9":"first","10":"instock","11":"shipping-taxable","12":"product-type-simple"},"_links":{"self":[{"href":"https:\/\/jadeant.com\/pt\/wp-json\/wp\/v2\/product\/515","targetHints":{"allow":["GET"]}}],"collection":[{"href":"https:\/\/jadeant.com\/pt\/wp-json\/wp\/v2\/product"}],"about":[{"href":"https:\/\/jadeant.com\/pt\/wp-json\/wp\/v2\/types\/product"}],"version-history":[{"count":1,"href":"https:\/\/jadeant.com\/pt\/wp-json\/wp\/v2\/product\/515\/revisions"}],"predecessor-version":[{"id":2313,"href":"https:\/\/jadeant.com\/pt\/wp-json\/wp\/v2\/product\/515\/revisions\/2313"}],"wp:featuredmedia":[{"embeddable":true,"href":"https:\/\/jadeant.com\/pt\/wp-json\/wp\/v2\/media\/1819"}],"wp:attachment":[{"href":"https:\/\/jadeant.com\/pt\/wp-json\/wp\/v2\/media?parent=515"}],"wp:term":[{"taxonomy":"product_brand","embeddable":true,"href":"https:\/\/jadeant.com\/pt\/wp-json\/wp\/v2\/product_brand?post=515"},{"taxonomy":"product_cat","embeddable":true,"href":"https:\/\/jadeant.com\/pt\/wp-json\/wp\/v2\/product_cat?post=515"},{"taxonomy":"product_tag","embeddable":true,"href":"https:\/\/jadeant.com\/pt\/wp-json\/wp\/v2\/product_tag?post=515"}],"curies":[{"name":"wp","href":"https:\/\/api.w.org\/{rel}","templated":true}]}}