{"id":522,"date":"2019-07-28T06:10:15","date_gmt":"2019-07-28T06:10:15","guid":{"rendered":"https:\/\/www.jadeant.com\/?post_type=product&#038;p=522"},"modified":"2025-03-17T12:52:23","modified_gmt":"2025-03-17T12:52:23","slug":"dining-table-set","status":"publish","type":"product","link":"https:\/\/jadeant.com\/pt\/produto\/dining-table-set\/","title":{"rendered":"Conjunto de mesa de jantar"},"content":{"rendered":"<h1>Conjunto de mesa de jantar<\/h1>\n<h2><span style=\"font-size: 14pt; font-family: georgia, palatino;\">Especifica\u00e7\u00e3o do conjunto de mesa de jantar<\/span><\/h2>\n<table class=\"aliDataTable\" style=\"width: 61%; height: 330px;\">\n<tbody>\n<tr style=\"height: 22px;\">\n<td style=\"height: 22px;\">\n<div data-spm-anchor-id=\"a2700.details.pronpeci14.i0.24405bca9S5xfj\">Item.<\/div>\n<\/td>\n<td style=\"height: 22px;\" colspan=\"3\">\n<div>Conjunto de mesa de jantar em a\u00e7o inoxid\u00e1vel<\/div>\n<\/td>\n<\/tr>\n<tr style=\"height: 22px;\">\n<td style=\"height: 22px;\">\n<div>Materiais<\/div>\n<\/td>\n<td style=\"height: 22px;\" colspan=\"3\">\n<div>P\u00e9 de a\u00e7o inoxid\u00e1vel, tampo de madeira\/m\u00e1rmore<\/div>\n<\/td>\n<\/tr>\n<tr style=\"height: 22px;\">\n<td style=\"height: 22px;\">\n<div>Cor<\/div>\n<\/td>\n<td style=\"height: 22px;\" colspan=\"3\">\n<div>Conforme seu pedido<\/div>\n<\/td>\n<\/tr>\n<tr style=\"height: 22px;\">\n<td style=\"height: 22px;\">\n<div>N.W.<\/div>\n<\/td>\n<td style=\"height: 22px;\" colspan=\"3\">\n<div>depende do design que voc\u00ea deseja<\/div>\n<\/td>\n<\/tr>\n<tr style=\"height: 44px;\">\n<td style=\"height: 44px;\">\n<div>Tamanho<\/div>\n<\/td>\n<td style=\"height: 44px;\" colspan=\"3\">\n<div>Mesa: 1800*900*750mm (op\u00e7\u00f5es de 1300mm, 1600mm, 2000mm)<\/div>\n<div>Cadeira: 540*520*960<\/div>\n<\/td>\n<\/tr>\n<tr style=\"height: 22px;\">\n<td style=\"height: 22px;\">\n<div>Cor do tubo<\/div>\n<\/td>\n<td style=\"height: 22px;\" colspan=\"3\">\n<div>Geralmente rosa dourado ou dourado<\/div>\n<\/td>\n<\/tr>\n<tr style=\"height: 22px;\">\n<td style=\"height: 22px;\">\n<div>Estilo<\/div>\n<\/td>\n<td style=\"height: 22px;\" colspan=\"3\">\n<div>Moderno<\/div>\n<\/td>\n<\/tr>\n<tr style=\"height: 22px;\">\n<td style=\"height: 22px;\">\n<div>Prazo de entrega<\/div>\n<\/td>\n<td style=\"height: 22px;\" colspan=\"3\">\n<div data-spm-anchor-id=\"a2700.details.pronpeci14.i1.24405bca9S5xfj\">45 dias ap\u00f3s o recebimento do dep\u00f3sito<\/div>\n<\/td>\n<\/tr>\n<tr style=\"height: 22px;\">\n<td style=\"height: 22px;\">\n<div>Porta de carregamento<\/div>\n<\/td>\n<td style=\"height: 22px;\" colspan=\"3\">\n<div>Xangai<\/div>\n<\/td>\n<\/tr>\n<tr style=\"height: 22px;\">\n<td style=\"height: 22px;\">\n<div>MOQ<\/div>\n<\/td>\n<td style=\"height: 22px;\" colspan=\"3\">\n<div>Entre em contato conosco<\/div>\n<\/td>\n<\/tr>\n<tr style=\"height: 22px;\">\n<td style=\"height: 66px;\" rowspan=\"3\">\n<div>Observa\u00e7\u00e3o<\/div>\n<\/td>\n<td style=\"height: 22px;\" colspan=\"3\">\n<div>1. o projeto do cliente \u00e9 aceito<\/div>\n<\/td>\n<\/tr>\n<tr style=\"height: 22px;\">\n<td style=\"height: 22px;\" colspan=\"3\">\n<div>2. certifique-se de que os produtos, como tamanho, n\u00famero do modelo, material e quantidade, sejam fornecidos na primeira vez, e voc\u00ea obter\u00e1 um bom pre\u00e7o<\/div>\n<\/td>\n<\/tr>\n<tr style=\"height: 22px;\">\n<td style=\"height: 22px;\" colspan=\"3\">\n<div>3. todos os pre\u00e7os dos produtos est\u00e3o sujeitos \u00e0 nossa confirma\u00e7\u00e3o final<\/div>\n<\/td>\n<\/tr>\n<tr style=\"height: 22px;\">\n<td style=\"height: 22px;\">\n<div>Garantia<\/div>\n<\/td>\n<td style=\"height: 22px;\" colspan=\"3\">\n<div>1 ano<\/div>\n<\/td>\n<\/tr>\n<\/tbody>\n<\/table>\n<h2>Sobre o conjunto de mesa de jantar<\/h2>\n<p><span style=\"font-family: georgia, palatino; font-size: 14pt;\">Incorporando a declara\u00e7\u00e3o \"menos ou chato\" ao p\u00f3s-modernismo, a combina\u00e7\u00e3o de eleg\u00e2ncia tradicional e modernidade cria um design que combina tradi\u00e7\u00e3o e modernidade, integrando o cl\u00e1ssico e a moda. Conciso e art\u00edstico, espirituoso e bem-humorado, com racionalidade rebelde no rebelde, sem perder a norma no salto, \u00e9 a experi\u00eancia e o sentimento que o p\u00f3s-modernismo nos traz.<\/span><\/p>\n<p><span style=\"font-family: georgia, palatino; font-size: 14pt;\">Destaques Palavras-chave: \u00fanico, orientado para as pessoas, diversificado<\/span><\/p>\n<p><span style=\"font-family: georgia, palatino; font-size: 14pt;\">Material: couro, metal, m\u00e1rmore<\/span><\/p>\n<p><span style=\"font-family: georgia, palatino; font-size: 14pt;\">O restaurante rompe com o inc\u00f4modo dos m\u00f3veis tradicionais e com a simplicidade do <a href=\"https:\/\/jadeant.com\/pt\/produto\/\">m\u00f3veis modernos<\/a>. Ele usa uma variedade de materiais e combina\u00e7\u00f5es de cores diferentes, brilhantes, escuras, lindas e interpenetra\u00e7\u00e3o simples para formar um estilo ecl\u00e9tico. Os pain\u00e9is de pele s\u00e3o sobrepostos aos pain\u00e9is de parede cinza para criar um ambiente interno de \"isso tamb\u00e9m \u00e9 o mesmo\".<\/span><\/p>","protected":false},"excerpt":{"rendered":"<p>Dining table set Specification of dining table set Item. stainless steel dining table set Materials Stainless steel leg,wooden top\/marble Color As your order N.W. depend on the design you want Size Table:1800*900*750mm (1300mm,1600mm,2000mm options) Chair:540*520*960 Tuble colour Usually rose golden or golden Style Modern Delivery time 45 days after receiving deposite Loading port Shanghai MOQ [&hellip;]<\/p>\n","protected":false},"featured_media":1918,"template":"","meta":{"_seopress_robots_primary_cat":"119","_seopress_titles_title":"Dining table set | stainless steel kitchen table set | Jade Ant","_seopress_titles_desc":"Dining table set,the combination of traditional elegance and modernity creates a design that combines tradition and modernity, integrating classic and fashion.","_seopress_robots_index":"","_joinchat":[]},"product_brand":[],"product_cat":[130,119,129],"product_tag":[],"class_list":{"0":"post-522","1":"product","2":"type-product","3":"status-publish","4":"has-post-thumbnail","6":"product_cat-dining-chair","7":"product_cat-dining-room-furniture","8":"product_cat-dining-table","10":"first","11":"instock","12":"shipping-taxable","13":"product-type-simple"},"_links":{"self":[{"href":"https:\/\/jadeant.com\/pt\/wp-json\/wp\/v2\/product\/522","targetHints":{"allow":["GET"]}}],"collection":[{"href":"https:\/\/jadeant.com\/pt\/wp-json\/wp\/v2\/product"}],"about":[{"href":"https:\/\/jadeant.com\/pt\/wp-json\/wp\/v2\/types\/product"}],"version-history":[{"count":1,"href":"https:\/\/jadeant.com\/pt\/wp-json\/wp\/v2\/product\/522\/revisions"}],"predecessor-version":[{"id":2312,"href":"https:\/\/jadeant.com\/pt\/wp-json\/wp\/v2\/product\/522\/revisions\/2312"}],"wp:featuredmedia":[{"embeddable":true,"href":"https:\/\/jadeant.com\/pt\/wp-json\/wp\/v2\/media\/1918"}],"wp:attachment":[{"href":"https:\/\/jadeant.com\/pt\/wp-json\/wp\/v2\/media?parent=522"}],"wp:term":[{"taxonomy":"product_brand","embeddable":true,"href":"https:\/\/jadeant.com\/pt\/wp-json\/wp\/v2\/product_brand?post=522"},{"taxonomy":"product_cat","embeddable":true,"href":"https:\/\/jadeant.com\/pt\/wp-json\/wp\/v2\/product_cat?post=522"},{"taxonomy":"product_tag","embeddable":true,"href":"https:\/\/jadeant.com\/pt\/wp-json\/wp\/v2\/product_tag?post=522"}],"curies":[{"name":"wp","href":"https:\/\/api.w.org\/{rel}","templated":true}]}}