{"id":527,"date":"2019-07-28T14:39:31","date_gmt":"2019-07-28T14:39:31","guid":{"rendered":"https:\/\/www.jadeant.com\/?post_type=product&#038;p=527"},"modified":"2025-03-17T12:49:15","modified_gmt":"2025-03-17T12:49:15","slug":"dining-table-design","status":"publish","type":"product","link":"https:\/\/jadeant.com\/pt\/produto\/dining-table-design\/","title":{"rendered":"Design de mesa de jantar redonda"},"content":{"rendered":"<h1>Design de mesa de jantar redonda<\/h1>\n<h2><span style=\"font-size: 14pt; font-family: georgia, palatino;\">Especifica\u00e7\u00e3o do design da mesa de jantar redonda<\/span><\/h2>\n<table class=\"aliDataTable\" style=\"width: 61%; height: 330px;\">\n<tbody>\n<tr style=\"height: 22px;\">\n<td style=\"height: 22px;\">\n<div data-spm-anchor-id=\"a2700.details.pronpeci14.i0.24405bca9S5xfj\">Item.<\/div>\n<\/td>\n<td style=\"height: 22px;\" colspan=\"3\">Design de mesa de jantar redonda<\/td>\n<\/tr>\n<tr style=\"height: 22px;\">\n<td style=\"height: 22px;\">\n<div>Materiais<\/div>\n<\/td>\n<td style=\"height: 22px;\" colspan=\"3\">\n<div>tampo de madeira\/m\u00e1rmore<\/div>\n<\/td>\n<\/tr>\n<tr style=\"height: 22px;\">\n<td style=\"height: 22px;\">\n<div>Cor<\/div>\n<\/td>\n<td style=\"height: 22px;\" colspan=\"3\">\n<div>Conforme seu pedido<\/div>\n<\/td>\n<\/tr>\n<tr style=\"height: 22px;\">\n<td style=\"height: 22px;\">\n<div>N.W.<\/div>\n<\/td>\n<td style=\"height: 22px;\" colspan=\"3\">\n<div>depende do design que voc\u00ea deseja<\/div>\n<\/td>\n<\/tr>\n<tr style=\"height: 44px;\">\n<td style=\"height: 44px;\">\n<div>Tamanho<\/div>\n<\/td>\n<td style=\"height: 44px;\" colspan=\"3\">\n<div>Mesa: \u03a61800*750mm (op\u00e7\u00f5es de 1300mm, 1600mm, 2000mm)<\/div>\n<div>Cadeira: 540*520*960<\/div>\n<\/td>\n<\/tr>\n<tr style=\"height: 22px;\">\n<td style=\"height: 22px;\">\n<div>Cor do tubo<\/div>\n<\/td>\n<td style=\"height: 22px;\" colspan=\"3\">\n<div>Geralmente rosa dourado ou dourado<\/div>\n<\/td>\n<\/tr>\n<tr style=\"height: 22px;\">\n<td style=\"height: 22px;\">\n<div>Estilo<\/div>\n<\/td>\n<td style=\"height: 22px;\" colspan=\"3\">\n<div>Moderno<\/div>\n<\/td>\n<\/tr>\n<tr style=\"height: 22px;\">\n<td style=\"height: 22px;\">\n<div>Prazo de entrega<\/div>\n<\/td>\n<td style=\"height: 22px;\" colspan=\"3\">\n<div data-spm-anchor-id=\"a2700.details.pronpeci14.i1.24405bca9S5xfj\">45 dias ap\u00f3s o recebimento do dep\u00f3sito<\/div>\n<\/td>\n<\/tr>\n<tr style=\"height: 22px;\">\n<td style=\"height: 22px;\">\n<div>Porta de carregamento<\/div>\n<\/td>\n<td style=\"height: 22px;\" colspan=\"3\">\n<div>Xangai<\/div>\n<\/td>\n<\/tr>\n<tr style=\"height: 22px;\">\n<td style=\"height: 22px;\">\n<div>MOQ<\/div>\n<\/td>\n<td style=\"height: 22px;\" colspan=\"3\">\n<div>Entre em contato conosco<\/div>\n<\/td>\n<\/tr>\n<tr style=\"height: 22px;\">\n<td style=\"height: 66px;\" rowspan=\"3\">\n<div>Observa\u00e7\u00e3o<\/div>\n<\/td>\n<td style=\"height: 22px;\" colspan=\"3\">\n<div>1. o projeto do cliente \u00e9 aceito<\/div>\n<\/td>\n<\/tr>\n<tr style=\"height: 22px;\">\n<td style=\"height: 22px;\" colspan=\"3\">\n<div>2. certifique-se de que os produtos, como tamanho, n\u00famero do modelo, material e quantidade, sejam fornecidos na primeira vez, e voc\u00ea obter\u00e1 um bom pre\u00e7o<\/div>\n<\/td>\n<\/tr>\n<tr style=\"height: 22px;\">\n<td style=\"height: 22px;\" colspan=\"3\">\n<div>3. todos os pre\u00e7os dos produtos est\u00e3o sujeitos \u00e0 nossa confirma\u00e7\u00e3o final<\/div>\n<\/td>\n<\/tr>\n<tr style=\"height: 22px;\">\n<td style=\"height: 22px;\">\n<div>Garantia<\/div>\n<\/td>\n<td style=\"height: 22px;\" colspan=\"3\">\n<div>1 ano<\/div>\n<\/td>\n<\/tr>\n<\/tbody>\n<\/table>\n<h2>Sobre o design da mesa de jantar redonda<\/h2>\n<p><span style=\"font-family: georgia, palatino; font-size: 14pt;\">A sala de jantar deve ter um design de mesa de jantar redonda para que todo o ambiente pare\u00e7a mais aconchegante e para que fiquemos especialmente confort\u00e1veis quando nos sentarmos juntos. O design da mesa de jantar redonda \u00e9 adequado para restaurantes mais quadrados ou com espa\u00e7o amplo.<\/span><\/p>\n<p><span style=\"font-family: georgia, palatino; font-size: 14pt;\">Ele pode melhorar sua utiliza\u00e7\u00e3o e tamb\u00e9m \u00e9 conveniente de usar.<\/span><\/p>\n<p><span style=\"font-family: georgia, palatino; font-size: 14pt;\">Pode-se dizer que a mesa de jantar \u00e9 o espa\u00e7o de toda a fam\u00edlia, o menos funcional e o mais fraco. As pessoas costumam ir ao restaurante quando est\u00e3o comendo, mas essa fun\u00e7\u00e3o do restaurante \u00e9 suficiente para sustentar sua necessidade. As fam\u00edlias b\u00e1sicas t\u00eam casas, todas t\u00eam uma mesa de jantar, a mesa n\u00e3o precisa ter muitos m\u00f3veis, basta colocar uma mesa dentro e ter algumas cadeiras.<\/span><\/p>","protected":false},"excerpt":{"rendered":"<p>Round dining table design Specification of Round dining table design Item. Round dining table design Materials wooden top\/marble Color As your order N.W. depend on the design you want Size Table:\u03a61800*750mm (1300mm,1600mm,2000mm options) Chair:540*520*960 Tuble colour Usually rose golden or golden Style Modern Delivery time 45 days after receiving deposite Loading port Shanghai MOQ please [&hellip;]<\/p>\n","protected":false},"featured_media":1917,"template":"","meta":{"_seopress_robots_primary_cat":"119","_seopress_titles_title":"Round dining table design | for home dining furniture | Jade Ant","_seopress_titles_desc":"The dining room must have a round dining table design so that the whole room will look warmer and we will be especially comfortable when we sit around together. The round dining table design is suitable for restaurants that are more square or have ample space.","_seopress_robots_index":"","_joinchat":[]},"product_brand":[],"product_cat":[130,119,129],"product_tag":[],"class_list":{"0":"post-527","1":"product","2":"type-product","3":"status-publish","4":"has-post-thumbnail","6":"product_cat-dining-chair","7":"product_cat-dining-room-furniture","8":"product_cat-dining-table","10":"first","11":"instock","12":"shipping-taxable","13":"product-type-simple"},"_links":{"self":[{"href":"https:\/\/jadeant.com\/pt\/wp-json\/wp\/v2\/product\/527","targetHints":{"allow":["GET"]}}],"collection":[{"href":"https:\/\/jadeant.com\/pt\/wp-json\/wp\/v2\/product"}],"about":[{"href":"https:\/\/jadeant.com\/pt\/wp-json\/wp\/v2\/types\/product"}],"version-history":[{"count":1,"href":"https:\/\/jadeant.com\/pt\/wp-json\/wp\/v2\/product\/527\/revisions"}],"predecessor-version":[{"id":2311,"href":"https:\/\/jadeant.com\/pt\/wp-json\/wp\/v2\/product\/527\/revisions\/2311"}],"wp:featuredmedia":[{"embeddable":true,"href":"https:\/\/jadeant.com\/pt\/wp-json\/wp\/v2\/media\/1917"}],"wp:attachment":[{"href":"https:\/\/jadeant.com\/pt\/wp-json\/wp\/v2\/media?parent=527"}],"wp:term":[{"taxonomy":"product_brand","embeddable":true,"href":"https:\/\/jadeant.com\/pt\/wp-json\/wp\/v2\/product_brand?post=527"},{"taxonomy":"product_cat","embeddable":true,"href":"https:\/\/jadeant.com\/pt\/wp-json\/wp\/v2\/product_cat?post=527"},{"taxonomy":"product_tag","embeddable":true,"href":"https:\/\/jadeant.com\/pt\/wp-json\/wp\/v2\/product_tag?post=527"}],"curies":[{"name":"wp","href":"https:\/\/api.w.org\/{rel}","templated":true}]}}