{"id":537,"date":"2019-07-29T01:08:02","date_gmt":"2019-07-29T01:08:02","guid":{"rendered":"https:\/\/www.jadeant.com\/?post_type=product&#038;p=537"},"modified":"2025-03-17T12:46:35","modified_gmt":"2025-03-17T12:46:35","slug":"marble-top-dining-table","status":"publish","type":"product","link":"https:\/\/jadeant.com\/pt\/produto\/marble-top-dining-table\/","title":{"rendered":"Mesa de jantar com tampo de m\u00e1rmore"},"content":{"rendered":"<h1>Mesa de jantar com tampo de m\u00e1rmore<\/h1>\n<h2><span style=\"font-size: 14pt; font-family: georgia, palatino;\">Especifica\u00e7\u00e3o da mesa de jantar com tampo de m\u00e1rmore<\/span><\/h2>\n<table class=\"aliDataTable\" style=\"width: 61%; height: 330px;\">\n<tbody>\n<tr style=\"height: 22px;\">\n<td style=\"height: 22px;\">\n<div data-spm-anchor-id=\"a2700.details.pronpeci14.i0.24405bca9S5xfj\">Item.<\/div>\n<\/td>\n<td style=\"height: 22px;\" colspan=\"3\">Mesa de jantar com tampo de m\u00e1rmore<\/td>\n<\/tr>\n<tr style=\"height: 22px;\">\n<td style=\"height: 22px;\">\n<div>Materiais<\/div>\n<\/td>\n<td style=\"height: 22px;\" colspan=\"3\">\n<div>tampo de madeira\/m\u00e1rmore<\/div>\n<\/td>\n<\/tr>\n<tr style=\"height: 22px;\">\n<td style=\"height: 22px;\">\n<div>Cor<\/div>\n<\/td>\n<td style=\"height: 22px;\" colspan=\"3\">\n<div>Conforme seu pedido<\/div>\n<\/td>\n<\/tr>\n<tr style=\"height: 22px;\">\n<td style=\"height: 22px;\">\n<div>N.W.<\/div>\n<\/td>\n<td style=\"height: 22px;\" colspan=\"3\">\n<div>depende do design que voc\u00ea deseja<\/div>\n<\/td>\n<\/tr>\n<tr style=\"height: 44px;\">\n<td style=\"height: 44px;\">\n<div>Tamanho<\/div>\n<\/td>\n<td style=\"height: 44px;\" colspan=\"3\">\n<div>Mesa: \u03a61800*750mm (op\u00e7\u00f5es de 1300mm, 1600mm, 2000mm)<\/div>\n<div>Cadeira: 540*520*960<\/div>\n<\/td>\n<\/tr>\n<tr style=\"height: 22px;\">\n<td style=\"height: 22px;\">\n<div>Cor do tubo<\/div>\n<\/td>\n<td style=\"height: 22px;\" colspan=\"3\">\n<div>Geralmente rosa dourado ou dourado<\/div>\n<\/td>\n<\/tr>\n<tr style=\"height: 22px;\">\n<td style=\"height: 22px;\">\n<div>Estilo<\/div>\n<\/td>\n<td style=\"height: 22px;\" colspan=\"3\">\n<div>Moderno<\/div>\n<\/td>\n<\/tr>\n<tr style=\"height: 22px;\">\n<td style=\"height: 22px;\">\n<div>Prazo de entrega<\/div>\n<\/td>\n<td style=\"height: 22px;\" colspan=\"3\">\n<div data-spm-anchor-id=\"a2700.details.pronpeci14.i1.24405bca9S5xfj\">45 dias ap\u00f3s o recebimento do dep\u00f3sito<\/div>\n<\/td>\n<\/tr>\n<tr style=\"height: 22px;\">\n<td style=\"height: 22px;\">\n<div>Porta de carregamento<\/div>\n<\/td>\n<td style=\"height: 22px;\" colspan=\"3\">\n<div>Xangai<\/div>\n<\/td>\n<\/tr>\n<tr style=\"height: 22px;\">\n<td style=\"height: 22px;\">\n<div>MOQ<\/div>\n<\/td>\n<td style=\"height: 22px;\" colspan=\"3\">\n<div>Entre em contato conosco<\/div>\n<\/td>\n<\/tr>\n<tr style=\"height: 22px;\">\n<td style=\"height: 66px;\" rowspan=\"3\">\n<div>Observa\u00e7\u00e3o<\/div>\n<\/td>\n<td style=\"height: 22px;\" colspan=\"3\">\n<div>1. o projeto do cliente \u00e9 aceito<\/div>\n<\/td>\n<\/tr>\n<tr style=\"height: 22px;\">\n<td style=\"height: 22px;\" colspan=\"3\">\n<div>2. certifique-se de que os produtos, como tamanho, n\u00famero do modelo, material e quantidade, sejam fornecidos na primeira vez, e voc\u00ea obter\u00e1 um bom pre\u00e7o<\/div>\n<\/td>\n<\/tr>\n<tr style=\"height: 22px;\">\n<td style=\"height: 22px;\" colspan=\"3\">\n<div>3. todos os pre\u00e7os dos produtos est\u00e3o sujeitos \u00e0 nossa confirma\u00e7\u00e3o final<\/div>\n<\/td>\n<\/tr>\n<tr style=\"height: 22px;\">\n<td style=\"height: 22px;\">\n<div>Garantia<\/div>\n<\/td>\n<td style=\"height: 22px;\" colspan=\"3\">\n<div>1 ano<\/div>\n<\/td>\n<\/tr>\n<\/tbody>\n<\/table>\n<h2>Sobre a mesa de jantar com tampo de m\u00e1rmore<\/h2>\n<p><span style=\"font-family: georgia, palatino; font-size: 14pt;\">As vantagens da mesa de jantar com tampo de m\u00e1rmore:<\/span><\/p>\n<p><span style=\"font-family: georgia, palatino; font-size: 14pt;\">1. Duro e resistente ao desgaste, \u00e0 prova de fogo e resistente a arranh\u00f5es, e n\u00e3o se deforma.<\/span><\/p>\n<p><span style=\"font-family: georgia, palatino; font-size: 14pt;\">2, a apar\u00eancia da atmosfera de alta qualidade no grau, o valor mais alto.<\/span><\/p>\n<p><span style=\"font-family: georgia, palatino; font-size: 14pt;\">H\u00e1 uma requintada mesa de jantar com tampo de m\u00e1rmore, que \u00e9 a verdadeira beleza da refei\u00e7\u00e3o, a combina\u00e7\u00e3o da base de metal e o tampo de m\u00e1rmore fino, a textura natural \u00e9 uma beleza natural. A mesa de m\u00e1rmore natural d\u00e1 um toque de cor e textura \u00e0 casa. O tampo de mesa de m\u00e1rmore tem diferentes formas e tamanhos, diferentes texturas e cores, tampos de mesa de m\u00e1rmore com bases de formato irregular e uma forte personalidade em eleg\u00e2ncia.<\/span><\/p>\n<p><span style=\"font-family: georgia, palatino; font-size: 14pt;\">O tampo de m\u00e1rmore branco liso contrasta com a base de metal de alto perfil. A mesa n\u00e3o \u00e9 apenas uma refei\u00e7\u00e3o, mas tamb\u00e9m uma reuni\u00e3o com a fam\u00edlia e os amigos. A escolha de uma mesa adequada, com um espa\u00e7o de restaurante bonito e confort\u00e1vel, pode fazer com que as pessoas queiram passar mais tempo \u00e0 mesa.<\/span><\/p>\n<p><span style=\"font-family: georgia, palatino; font-size: 14pt;\">A superf\u00edcie \u00e9 muito lisa e f\u00e1cil de limpar, portanto, voc\u00ea merece uma mesa de jantar de m\u00e1rmore requintada!<\/span><\/p>","protected":false},"excerpt":{"rendered":"<p>Marble top dining table Specification of Marble top dining table Item. Marble top dining table Materials wooden top\/marble Color As your order N.W. depend on the design you want Size Table:\u03a61800*750mm (1300mm,1600mm,2000mm options) Chair:540*520*960 Tuble colour Usually rose golden or golden Style Modern Delivery time 45 days after receiving deposite Loading port Shanghai MOQ please [&hellip;]<\/p>\n","protected":false},"featured_media":1912,"template":"","meta":{"_seopress_robots_primary_cat":"119","_seopress_titles_title":"marble top dining table |Elegant and gorgeous appearance | Jade Ant","_seopress_titles_desc":"Marble top dining table,Elegant and gorgeous appearance, steel structure and reliable structure, and the surface is very smooth and easy to clean, so the exquisite marble dining table, you deserve!","_seopress_robots_index":"","_joinchat":[]},"product_brand":[],"product_cat":[130,119,129],"product_tag":[],"class_list":{"0":"post-537","1":"product","2":"type-product","3":"status-publish","4":"has-post-thumbnail","6":"product_cat-dining-chair","7":"product_cat-dining-room-furniture","8":"product_cat-dining-table","10":"first","11":"instock","12":"shipping-taxable","13":"product-type-simple"},"_links":{"self":[{"href":"https:\/\/jadeant.com\/pt\/wp-json\/wp\/v2\/product\/537","targetHints":{"allow":["GET"]}}],"collection":[{"href":"https:\/\/jadeant.com\/pt\/wp-json\/wp\/v2\/product"}],"about":[{"href":"https:\/\/jadeant.com\/pt\/wp-json\/wp\/v2\/types\/product"}],"version-history":[{"count":1,"href":"https:\/\/jadeant.com\/pt\/wp-json\/wp\/v2\/product\/537\/revisions"}],"predecessor-version":[{"id":2310,"href":"https:\/\/jadeant.com\/pt\/wp-json\/wp\/v2\/product\/537\/revisions\/2310"}],"wp:featuredmedia":[{"embeddable":true,"href":"https:\/\/jadeant.com\/pt\/wp-json\/wp\/v2\/media\/1912"}],"wp:attachment":[{"href":"https:\/\/jadeant.com\/pt\/wp-json\/wp\/v2\/media?parent=537"}],"wp:term":[{"taxonomy":"product_brand","embeddable":true,"href":"https:\/\/jadeant.com\/pt\/wp-json\/wp\/v2\/product_brand?post=537"},{"taxonomy":"product_cat","embeddable":true,"href":"https:\/\/jadeant.com\/pt\/wp-json\/wp\/v2\/product_cat?post=537"},{"taxonomy":"product_tag","embeddable":true,"href":"https:\/\/jadeant.com\/pt\/wp-json\/wp\/v2\/product_tag?post=537"}],"curies":[{"name":"wp","href":"https:\/\/api.w.org\/{rel}","templated":true}]}}