{"id":544,"date":"2019-07-29T01:47:45","date_gmt":"2019-07-29T01:47:45","guid":{"rendered":"https:\/\/www.jadeant.com\/?post_type=product&#038;p=544"},"modified":"2025-03-17T12:44:56","modified_gmt":"2025-03-17T12:44:56","slug":"ottoman","status":"publish","type":"product","link":"https:\/\/jadeant.com\/pt\/produto\/ottoman\/","title":{"rendered":"Otomana"},"content":{"rendered":"<h1>Otomana<\/h1>\n<h2><span style=\"font-size: 14pt; font-family: georgia, palatino;\">Especifica\u00e7\u00e3o da otomana<\/span><\/h2>\n<table class=\"aliDataTable\" style=\"width: 61%; height: 330px;\">\n<tbody>\n<tr style=\"height: 22px;\">\n<td style=\"height: 22px;\">\n<div data-spm-anchor-id=\"a2700.details.pronpeci14.i0.24405bca9S5xfj\">Item.<\/div>\n<\/td>\n<td style=\"height: 22px;\" colspan=\"3\">Otomana<\/td>\n<\/tr>\n<tr style=\"height: 22px;\">\n<td style=\"height: 22px;\">\n<div>Materiais<\/div>\n<\/td>\n<td style=\"height: 22px;\" colspan=\"3\">\n<div>estrutura de madeira + tecido\/couro\/pu<\/div>\n<\/td>\n<\/tr>\n<tr style=\"height: 22px;\">\n<td style=\"height: 22px;\">\n<div>Cor<\/div>\n<\/td>\n<td style=\"height: 22px;\" colspan=\"3\">\n<div>Conforme seu pedido<\/div>\n<\/td>\n<\/tr>\n<tr style=\"height: 22px;\">\n<td style=\"height: 22px;\">\n<div>N.W.<\/div>\n<\/td>\n<td style=\"height: 22px;\" colspan=\"3\">\n<div>depende do design que voc\u00ea deseja<\/div>\n<\/td>\n<\/tr>\n<tr style=\"height: 44px;\">\n<td style=\"height: 44px;\">\n<div>Tamanho<\/div>\n<\/td>\n<td style=\"height: 44px;\" colspan=\"3\">\n<div>1220*450*530mm<\/div>\n<\/td>\n<\/tr>\n<tr style=\"height: 22px;\">\n<td style=\"height: 22px;\">\n<div>Estilo<\/div>\n<\/td>\n<td style=\"height: 22px;\" colspan=\"3\">\n<div>Moderno<\/div>\n<\/td>\n<\/tr>\n<tr style=\"height: 22px;\">\n<td style=\"height: 22px;\">\n<div>Prazo de entrega<\/div>\n<\/td>\n<td style=\"height: 22px;\" colspan=\"3\">\n<div data-spm-anchor-id=\"a2700.details.pronpeci14.i1.24405bca9S5xfj\">45 dias ap\u00f3s o recebimento do dep\u00f3sito<\/div>\n<\/td>\n<\/tr>\n<tr style=\"height: 22px;\">\n<td style=\"height: 22px;\">\n<div>Porta de carregamento<\/div>\n<\/td>\n<td style=\"height: 22px;\" colspan=\"3\">\n<div>Xangai<\/div>\n<\/td>\n<\/tr>\n<tr style=\"height: 22px;\">\n<td style=\"height: 22px;\">\n<div>MOQ<\/div>\n<\/td>\n<td style=\"height: 22px;\" colspan=\"3\">\n<div>Entre em contato conosco<\/div>\n<\/td>\n<\/tr>\n<tr style=\"height: 22px;\">\n<td style=\"height: 66px;\" rowspan=\"3\">\n<div>Observa\u00e7\u00e3o<\/div>\n<\/td>\n<td style=\"height: 22px;\" colspan=\"3\">\n<div>1. o projeto do cliente \u00e9 aceito<\/div>\n<\/td>\n<\/tr>\n<tr style=\"height: 22px;\">\n<td style=\"height: 22px;\" colspan=\"3\">\n<div>2. certifique-se de que os produtos, como tamanho, n\u00famero do modelo, material e quantidade, sejam fornecidos na primeira vez, e voc\u00ea obter\u00e1 um bom pre\u00e7o<\/div>\n<\/td>\n<\/tr>\n<tr style=\"height: 22px;\">\n<td style=\"height: 22px;\" colspan=\"3\">\n<div>3. todos os pre\u00e7os dos produtos est\u00e3o sujeitos \u00e0 nossa confirma\u00e7\u00e3o final<\/div>\n<\/td>\n<\/tr>\n<tr style=\"height: 22px;\">\n<td style=\"height: 22px;\">\n<div>Garantia<\/div>\n<\/td>\n<td style=\"height: 22px;\" colspan=\"3\">\n<div>1 ano<\/div>\n<\/td>\n<\/tr>\n<\/tbody>\n<\/table>\n<h2>Sobre a Ottoman<\/h2>\n<p><span style=\"font-family: georgia, palatino; font-size: 14pt;\">O otomano n\u00e3o \u00e9 o m\u00f3vel mais importante e necess\u00e1rio no quarto, mas \u00e9 necess\u00e1rio para que o quarto seja mais avan\u00e7ado. O banco da cama \u00e9 muito decorativo e tem uma praticidade consider\u00e1vel. Al\u00e9m de ser um assento, pode ser usado durante conversas de bate-papo, pode ser usado para colocar roupas ou evitar que os edredons caiam.<\/span><\/p>\n<p><span style=\"font-family: georgia, palatino; font-size: 14pt;\">A banqueta da cabeceira da cama em forma de tira \u00e9 alinhada com a cama e o estilo tamb\u00e9m \u00e9 escolhido para complementar todo o espa\u00e7o. O otomano ao lado da cama parece luxuoso e elegante, e \u00e9 um detalhe decorativo discreto, mas que pode melhorar sutilmente o design geral. A banqueta na cabeceira da cama, que nasceu para os aristocratas quando eles cal\u00e7avam seus sapatos, tamb\u00e9m provou que possu\u00ed-la \u00e9 um s\u00edmbolo de uma vida de alto n\u00edvel.<\/span><\/p>","protected":false},"excerpt":{"rendered":"<p>Ottoman Specification of Ottoman Item. Ottoman Materials wooden frame + fabric\/leather\/pu Color As your order N.W. depend on the design you want Size 1220*450*530mm Style Modern Delivery time 45 days after receiving deposite Loading port Shanghai MOQ please contact us Remark 1.Customer design is accepted 2.Make sure the products such as Size,Model No,Material,and Quantity first [&hellip;]<\/p>\n","protected":false},"featured_media":2185,"template":"","meta":{"_seopress_robots_primary_cat":"117","_seopress_titles_title":"Ottoman | is necessary for the bedroom to be more advanced | Jade Ant","_seopress_titles_desc":"The Ottoman is not the most important and necessary furniture in the bedroom, but it is necessary for the bedroom to be more advanced. The Ottoman is very decorative and has considerable practicality.","_seopress_robots_index":"","_joinchat":[]},"product_brand":[],"product_cat":[117,126],"product_tag":[],"class_list":{"0":"post-544","1":"product","2":"type-product","3":"status-publish","4":"has-post-thumbnail","6":"product_cat-bedroom-furniture","7":"product_cat-ottoman","9":"first","10":"instock","11":"shipping-taxable","12":"product-type-simple"},"_links":{"self":[{"href":"https:\/\/jadeant.com\/pt\/wp-json\/wp\/v2\/product\/544","targetHints":{"allow":["GET"]}}],"collection":[{"href":"https:\/\/jadeant.com\/pt\/wp-json\/wp\/v2\/product"}],"about":[{"href":"https:\/\/jadeant.com\/pt\/wp-json\/wp\/v2\/types\/product"}],"version-history":[{"count":1,"href":"https:\/\/jadeant.com\/pt\/wp-json\/wp\/v2\/product\/544\/revisions"}],"predecessor-version":[{"id":2309,"href":"https:\/\/jadeant.com\/pt\/wp-json\/wp\/v2\/product\/544\/revisions\/2309"}],"wp:featuredmedia":[{"embeddable":true,"href":"https:\/\/jadeant.com\/pt\/wp-json\/wp\/v2\/media\/2185"}],"wp:attachment":[{"href":"https:\/\/jadeant.com\/pt\/wp-json\/wp\/v2\/media?parent=544"}],"wp:term":[{"taxonomy":"product_brand","embeddable":true,"href":"https:\/\/jadeant.com\/pt\/wp-json\/wp\/v2\/product_brand?post=544"},{"taxonomy":"product_cat","embeddable":true,"href":"https:\/\/jadeant.com\/pt\/wp-json\/wp\/v2\/product_cat?post=544"},{"taxonomy":"product_tag","embeddable":true,"href":"https:\/\/jadeant.com\/pt\/wp-json\/wp\/v2\/product_tag?post=544"}],"curies":[{"name":"wp","href":"https:\/\/api.w.org\/{rel}","templated":true}]}}