{"id":551,"date":"2019-07-30T09:32:38","date_gmt":"2019-07-30T09:32:38","guid":{"rendered":"https:\/\/www.jadeant.com\/?post_type=product&#038;p=551"},"modified":"2025-03-17T12:42:52","modified_gmt":"2025-03-17T12:42:52","slug":"wardrobe-designs-for-bedroom","status":"publish","type":"product","link":"https:\/\/jadeant.com\/pt\/produto\/wardrobe-designs-for-bedroom\/","title":{"rendered":"Projetos de guarda-roupas para quartos"},"content":{"rendered":"<h1>Projetos de guarda-roupas para quartos<\/h1>\n<h2><span style=\"font-size: 14pt; font-family: georgia, palatino;\">Especifica\u00e7\u00e3o dos designs de guarda-roupas para quarto<\/span><\/h2>\n<table class=\"aliDataTable\" style=\"width: 61%; height: 330px;\">\n<tbody>\n<tr style=\"height: 22px;\">\n<td style=\"height: 22px;\">\n<div data-spm-anchor-id=\"a2700.details.pronpeci14.i0.24405bca9S5xfj\">Item.<\/div>\n<\/td>\n<td style=\"height: 22px;\" colspan=\"3\">Projetos de guarda-roupas para quartos<\/td>\n<\/tr>\n<tr style=\"height: 22px;\">\n<td style=\"height: 22px;\">\n<div>Materiais<\/div>\n<\/td>\n<td style=\"height: 22px;\" colspan=\"3\">\n<div>moldura de madeira + MDF<\/div>\n<\/td>\n<\/tr>\n<tr style=\"height: 22px;\">\n<td style=\"height: 22px;\">\n<div>Cor<\/div>\n<\/td>\n<td style=\"height: 22px;\" colspan=\"3\">\n<div>Conforme seu pedido<\/div>\n<\/td>\n<\/tr>\n<tr style=\"height: 22px;\">\n<td style=\"height: 22px;\">\n<div>N.W.<\/div>\n<\/td>\n<td style=\"height: 22px;\" colspan=\"3\">\n<div>depende do design que voc\u00ea deseja<\/div>\n<\/td>\n<\/tr>\n<tr style=\"height: 44px;\">\n<td style=\"height: 44px;\">\n<div>Tamanho<\/div>\n<\/td>\n<td style=\"height: 44px;\" colspan=\"3\">\n<div>Como instru\u00e7\u00e3o ou personalizado<\/div>\n<\/td>\n<\/tr>\n<tr style=\"height: 22px;\">\n<td style=\"height: 22px;\">\n<div>Estilo<\/div>\n<\/td>\n<td style=\"height: 22px;\" colspan=\"3\">\n<div>Moderno<\/div>\n<\/td>\n<\/tr>\n<tr style=\"height: 22px;\">\n<td style=\"height: 22px;\">\n<div>Prazo de entrega<\/div>\n<\/td>\n<td style=\"height: 22px;\" colspan=\"3\">\n<div data-spm-anchor-id=\"a2700.details.pronpeci14.i1.24405bca9S5xfj\">45 dias ap\u00f3s o recebimento do dep\u00f3sito<\/div>\n<\/td>\n<\/tr>\n<tr style=\"height: 22px;\">\n<td style=\"height: 22px;\">\n<div>Porta de carregamento<\/div>\n<\/td>\n<td style=\"height: 22px;\" colspan=\"3\">\n<div>Xangai<\/div>\n<\/td>\n<\/tr>\n<tr style=\"height: 22px;\">\n<td style=\"height: 22px;\">\n<div>MOQ<\/div>\n<\/td>\n<td style=\"height: 22px;\" colspan=\"3\">\n<div>Entre em contato conosco<\/div>\n<\/td>\n<\/tr>\n<tr style=\"height: 22px;\">\n<td style=\"height: 66px;\" rowspan=\"3\">\n<div>Observa\u00e7\u00e3o<\/div>\n<\/td>\n<td style=\"height: 22px;\" colspan=\"3\">\n<div>1. o projeto do cliente \u00e9 aceito<\/div>\n<\/td>\n<\/tr>\n<tr style=\"height: 22px;\">\n<td style=\"height: 22px;\" colspan=\"3\">\n<div>2. certifique-se de que os produtos, como tamanho, n\u00famero do modelo, material e quantidade, sejam fornecidos na primeira vez, e voc\u00ea obter\u00e1 um bom pre\u00e7o<\/div>\n<\/td>\n<\/tr>\n<tr style=\"height: 22px;\">\n<td style=\"height: 22px;\" colspan=\"3\">\n<div>3. todos os pre\u00e7os dos produtos est\u00e3o sujeitos \u00e0 nossa confirma\u00e7\u00e3o final<\/div>\n<\/td>\n<\/tr>\n<tr style=\"height: 22px;\">\n<td style=\"height: 22px;\">\n<div>Garantia<\/div>\n<\/td>\n<td style=\"height: 22px;\" colspan=\"3\">\n<div>1 ano<\/div>\n<\/td>\n<\/tr>\n<\/tbody>\n<\/table>\n<h2>Sobre os designs de guarda-roupas para quartos<\/h2>\n<p><span style=\"font-size: 14pt;\">O guarda-roupa \u00e9 uma pe\u00e7a de mobili\u00e1rio importante na vida moderna <a href=\"https:\/\/jadeant.com\/pt\/\">decora\u00e7\u00e3o de casa<\/a>. Muitos propriet\u00e1rios s\u00e3o extremamente cautelosos ao comprar guarda-roupas. Eles devem ser pr\u00e1ticos e bonitos, e n\u00e3o devem ocupar muito espa\u00e7o.<\/span><\/p>\n<p><span style=\"font-size: 14pt;\">O design do guarda-roupa para o quarto \u00e9 uma pe\u00e7a de mobili\u00e1rio relativamente comum na fam\u00edlia e \u00e9 usado principalmente para guardar roupas. Ao comprar um guarda-roupa de painel, todos devem seguir um princ\u00edpio que \u00e9 a prote\u00e7\u00e3o ambiental, a est\u00e9tica e o acompanhamento da manuten\u00e7\u00e3o.<\/span><\/p>\n<p><span style=\"font-size: 14pt;\">Vestir-se bem \u00e9 da natureza humana, especialmente as meninas, todas elas t\u00eam um sonho bonito, ansiosas por um vesti\u00e1rio exclusivo para si mesmas, um espa\u00e7o que tenha armazenamento suficiente e possa satisfazer a pequena vaidade interior. Dentro dele, voc\u00ea pode empilhar suas roupas e sapatos favoritos de forma organizada. Cada pe\u00e7a de roupa tem uma hist\u00f3ria que \u00e9 fascinante e memor\u00e1vel. O vesti\u00e1rio \u00e9 um lugar cheio de hist\u00f3rias.<\/span><\/p>","protected":false},"excerpt":{"rendered":"<p>Wardrobe designs for bedroom Specification of Wardrobe designs for bedroom Item. wardrobe designs for bedroom Materials wooden board frame + MDF Color As your order N.W. depend on the design you want Size As instruction or customized Style Modern Delivery time 45 days after receiving deposit Loading port Shanghai MOQ please contact us Remark 1.Customer [&hellip;]<\/p>\n","protected":false},"featured_media":1864,"template":"","meta":{"_seopress_robots_primary_cat":"117","_seopress_titles_title":"wardrobe designs for bedroom | storage furniture for bedroom | Jade Ant","_seopress_titles_desc":"Wardrobe design for bedroom is an important piece of furniture in modern home decoration. Many owners are extra cautious when purchasing wardrobes. They should be practical and beautiful, and they should not occupy too much space.","_seopress_robots_index":"","_joinchat":[]},"product_brand":[],"product_cat":[117,128],"product_tag":[],"class_list":{"0":"post-551","1":"product","2":"type-product","3":"status-publish","4":"has-post-thumbnail","6":"product_cat-bedroom-furniture","7":"product_cat-wardrobe","9":"first","10":"instock","11":"shipping-taxable","12":"product-type-simple"},"_links":{"self":[{"href":"https:\/\/jadeant.com\/pt\/wp-json\/wp\/v2\/product\/551","targetHints":{"allow":["GET"]}}],"collection":[{"href":"https:\/\/jadeant.com\/pt\/wp-json\/wp\/v2\/product"}],"about":[{"href":"https:\/\/jadeant.com\/pt\/wp-json\/wp\/v2\/types\/product"}],"version-history":[{"count":1,"href":"https:\/\/jadeant.com\/pt\/wp-json\/wp\/v2\/product\/551\/revisions"}],"predecessor-version":[{"id":2307,"href":"https:\/\/jadeant.com\/pt\/wp-json\/wp\/v2\/product\/551\/revisions\/2307"}],"wp:featuredmedia":[{"embeddable":true,"href":"https:\/\/jadeant.com\/pt\/wp-json\/wp\/v2\/media\/1864"}],"wp:attachment":[{"href":"https:\/\/jadeant.com\/pt\/wp-json\/wp\/v2\/media?parent=551"}],"wp:term":[{"taxonomy":"product_brand","embeddable":true,"href":"https:\/\/jadeant.com\/pt\/wp-json\/wp\/v2\/product_brand?post=551"},{"taxonomy":"product_cat","embeddable":true,"href":"https:\/\/jadeant.com\/pt\/wp-json\/wp\/v2\/product_cat?post=551"},{"taxonomy":"product_tag","embeddable":true,"href":"https:\/\/jadeant.com\/pt\/wp-json\/wp\/v2\/product_tag?post=551"}],"curies":[{"name":"wp","href":"https:\/\/api.w.org\/{rel}","templated":true}]}}