{"id":557,"date":"2019-07-31T09:54:51","date_gmt":"2019-07-31T09:54:51","guid":{"rendered":"https:\/\/www.jadeant.com\/?post_type=product&#038;p=557"},"modified":"2025-03-17T12:39:17","modified_gmt":"2025-03-17T12:39:17","slug":"wardrobe-closet","status":"publish","type":"product","link":"https:\/\/jadeant.com\/pt\/produto\/wardrobe-closet\/","title":{"rendered":"Arm\u00e1rio de guarda-roupa"},"content":{"rendered":"<h1>Arm\u00e1rio de guarda-roupa<\/h1>\n<h2><span style=\"font-size: 14pt; font-family: georgia, palatino;\">Especifica\u00e7\u00e3o do arm\u00e1rio guarda-roupa<\/span><\/h2>\n<table class=\"aliDataTable\" style=\"width: 61%; height: 330px;\">\n<tbody>\n<tr style=\"height: 22px;\">\n<td style=\"height: 22px;\">\n<div data-spm-anchor-id=\"a2700.details.pronpeci14.i0.24405bca9S5xfj\">Item.<\/div>\n<\/td>\n<td style=\"height: 22px;\" colspan=\"3\">Arm\u00e1rio de guarda-roupa<\/td>\n<\/tr>\n<tr style=\"height: 22px;\">\n<td style=\"height: 22px;\">\n<div>Materiais<\/div>\n<\/td>\n<td style=\"height: 22px;\" colspan=\"3\">\n<div>moldura de madeira + MDF<\/div>\n<\/td>\n<\/tr>\n<tr style=\"height: 22px;\">\n<td style=\"height: 22px;\">\n<div>Cor<\/div>\n<\/td>\n<td style=\"height: 22px;\" colspan=\"3\">\n<div>Conforme seu pedido<\/div>\n<\/td>\n<\/tr>\n<tr style=\"height: 22px;\">\n<td style=\"height: 22px;\">\n<div>N.W.<\/div>\n<\/td>\n<td style=\"height: 22px;\" colspan=\"3\">\n<div>depende do design que voc\u00ea deseja<\/div>\n<\/td>\n<\/tr>\n<tr style=\"height: 44px;\">\n<td style=\"height: 44px;\">\n<div>Tamanho<\/div>\n<\/td>\n<td style=\"height: 44px;\" colspan=\"3\">\n<div>Como instru\u00e7\u00e3o ou personalizado<\/div>\n<\/td>\n<\/tr>\n<tr style=\"height: 22px;\">\n<td style=\"height: 22px;\">\n<div>Estilo<\/div>\n<\/td>\n<td style=\"height: 22px;\" colspan=\"3\">\n<div>Moderno<\/div>\n<\/td>\n<\/tr>\n<tr style=\"height: 22px;\">\n<td style=\"height: 22px;\">\n<div>Prazo de entrega<\/div>\n<\/td>\n<td style=\"height: 22px;\" colspan=\"3\">\n<div data-spm-anchor-id=\"a2700.details.pronpeci14.i1.24405bca9S5xfj\">45 dias ap\u00f3s o recebimento do dep\u00f3sito<\/div>\n<\/td>\n<\/tr>\n<tr style=\"height: 22px;\">\n<td style=\"height: 22px;\">\n<div>Porta de carregamento<\/div>\n<\/td>\n<td style=\"height: 22px;\" colspan=\"3\">\n<div>Xangai<\/div>\n<\/td>\n<\/tr>\n<tr style=\"height: 22px;\">\n<td style=\"height: 22px;\">\n<div>MOQ<\/div>\n<\/td>\n<td style=\"height: 22px;\" colspan=\"3\">\n<div>Entre em contato conosco<\/div>\n<\/td>\n<\/tr>\n<tr style=\"height: 22px;\">\n<td style=\"height: 66px;\" rowspan=\"3\">\n<div>Observa\u00e7\u00e3o<\/div>\n<\/td>\n<td style=\"height: 22px;\" colspan=\"3\">\n<div>1. o projeto do cliente \u00e9 aceito<\/div>\n<\/td>\n<\/tr>\n<tr style=\"height: 22px;\">\n<td style=\"height: 22px;\" colspan=\"3\">\n<div>2. certifique-se de que os produtos, como tamanho, n\u00famero do modelo, material e quantidade, sejam fornecidos na primeira vez, e voc\u00ea obter\u00e1 um bom pre\u00e7o<\/div>\n<\/td>\n<\/tr>\n<tr style=\"height: 22px;\">\n<td style=\"height: 22px;\" colspan=\"3\">\n<div>3. todos os pre\u00e7os dos produtos est\u00e3o sujeitos \u00e0 nossa confirma\u00e7\u00e3o final<\/div>\n<\/td>\n<\/tr>\n<tr style=\"height: 22px;\">\n<td style=\"height: 22px;\">\n<div>Garantia<\/div>\n<\/td>\n<td style=\"height: 22px;\" colspan=\"3\">\n<div>1 ano<\/div>\n<\/td>\n<\/tr>\n<\/tbody>\n<\/table>\n<h2>Sobre o arm\u00e1rio do guarda-roupa<\/h2>\n<p><span style=\"font-size: 14pt; font-family: georgia, palatino;\">Se a sala de estar \u00e9 o rosto da fam\u00edlia, o vesti\u00e1rio masculino \u00e9 o cora\u00e7\u00e3o, permitindo que as pessoas encontrem confian\u00e7a e criem o eu perfeito quando est\u00e3o sozinhas.<\/span><\/p>\n<p><span style=\"font-size: 14pt; font-family: georgia, palatino;\">\"O cora\u00e7\u00e3o da beleza, todo mundo tem.\" Toda mulher tem seu pr\u00f3prio estilo diferente, e o gosto dos homens \u00e9 como a beleza das mulheres. Eles s\u00e3o muito bem informados e podem falar sobre o que h\u00e1 de mais popular na situa\u00e7\u00e3o econ\u00f4mica mundial. As artes liter\u00e1rias s\u00e3o t\u00e3o fascinantes e est\u00e3o no centro das negocia\u00e7\u00f5es comerciais e dos campos de golfe.<\/span><\/p>\n<p><span style=\"font-size: 14pt; font-family: georgia, palatino;\">O vesti\u00e1rio para homens solteiros, devido ao amplo espa\u00e7o, tamb\u00e9m \u00e9 esteticamente agrad\u00e1vel e cumpre a fun\u00e7\u00e3o de armazenamento.<\/span><\/p>\n<p><span style=\"font-family: georgia, palatino; font-size: 14pt;\">O corredor foi projetado para economizar espa\u00e7o e, ao mesmo tempo, ser pr\u00e1tico. Uma janela no final \u00e9 pontilhada com um ambiente que \u00e9 muito fechado.<\/span><\/p>\n<p><span style=\"font-family: georgia, palatino; font-size: 14pt;\">A maior parte do design do vesti\u00e1rio \u00e9 baseada na tend\u00eancia de todo o c\u00f4modo.<\/span><\/p>\n<p><span style=\"font-family: georgia, palatino; font-size: 14pt;\">As linhas suaves e o espa\u00e7o aberto tornam todo o vesti\u00e1rio muito sofisticado.<\/span><\/p>\n<p><span style=\"font-family: georgia, palatino; font-size: 14pt;\">As roupas s\u00e3o divididas em diferentes tipos de armazenamento.<\/span><\/p>\n<p><span style=\"font-family: georgia, palatino; font-size: 14pt;\">O vesti\u00e1rio da entrada est\u00e1 guardado.<\/span><\/p>\n<p><span style=\"font-family: georgia, palatino; font-size: 14pt;\">As pessoas confiam nas roupas, e o Buda est\u00e1 no ouro. O vesti\u00e1rio \u00e9 a sala de estar das roupas. Como organizar adequadamente o vesti\u00e1rio, mesmo que as roupas possam ser classificadas e armazenadas de forma razo\u00e1vel e conveniente para o acesso di\u00e1rio do propriet\u00e1rio, essa \u00e9 uma tarefa que deve ser trabalhada com afinco.<\/span><\/p>\n<p><span style=\"font-family: georgia, palatino; font-size: 14pt;\">Vesti\u00e1rios com decora\u00e7\u00f5es diferentes d\u00e3o \u00e0s pessoas humores diferentes.<\/span><\/p>","protected":false},"excerpt":{"rendered":"<p>Wardrobe closet Specification of Wardrobe closet Item. Wardrobe closet Materials wooden board frame + MDF Color As your order N.W. depend on the design you want Size As instruction or customized Style Modern Delivery time 45 days after receiving deposit Loading port Shanghai MOQ please contact us Remark 1.Customer design is accepted 2.Make sure the [&hellip;]<\/p>\n","protected":false},"featured_media":2216,"template":"","meta":{"_seopress_robots_primary_cat":"117","_seopress_titles_title":"Wardrobe closet | storage furniture for bedroom | Jade Ant","_seopress_titles_desc":"Wardrobe closet is an important piece of furniture in modern home decoration. Many owners are extra cautious when purchasing wardrobes. They should be practical and beautiful, and they should not occupy too much space.","_seopress_robots_index":"","_joinchat":[]},"product_brand":[],"product_cat":[117,128],"product_tag":[],"class_list":{"0":"post-557","1":"product","2":"type-product","3":"status-publish","4":"has-post-thumbnail","6":"product_cat-bedroom-furniture","7":"product_cat-wardrobe","9":"first","10":"instock","11":"shipping-taxable","12":"product-type-simple"},"_links":{"self":[{"href":"https:\/\/jadeant.com\/pt\/wp-json\/wp\/v2\/product\/557","targetHints":{"allow":["GET"]}}],"collection":[{"href":"https:\/\/jadeant.com\/pt\/wp-json\/wp\/v2\/product"}],"about":[{"href":"https:\/\/jadeant.com\/pt\/wp-json\/wp\/v2\/types\/product"}],"version-history":[{"count":1,"href":"https:\/\/jadeant.com\/pt\/wp-json\/wp\/v2\/product\/557\/revisions"}],"predecessor-version":[{"id":2304,"href":"https:\/\/jadeant.com\/pt\/wp-json\/wp\/v2\/product\/557\/revisions\/2304"}],"wp:featuredmedia":[{"embeddable":true,"href":"https:\/\/jadeant.com\/pt\/wp-json\/wp\/v2\/media\/2216"}],"wp:attachment":[{"href":"https:\/\/jadeant.com\/pt\/wp-json\/wp\/v2\/media?parent=557"}],"wp:term":[{"taxonomy":"product_brand","embeddable":true,"href":"https:\/\/jadeant.com\/pt\/wp-json\/wp\/v2\/product_brand?post=557"},{"taxonomy":"product_cat","embeddable":true,"href":"https:\/\/jadeant.com\/pt\/wp-json\/wp\/v2\/product_cat?post=557"},{"taxonomy":"product_tag","embeddable":true,"href":"https:\/\/jadeant.com\/pt\/wp-json\/wp\/v2\/product_tag?post=557"}],"curies":[{"name":"wp","href":"https:\/\/api.w.org\/{rel}","templated":true}]}}