{"id":563,"date":"2019-07-31T01:28:10","date_gmt":"2019-07-31T01:28:10","guid":{"rendered":"https:\/\/www.jadeant.com\/?post_type=product&#038;p=563"},"modified":"2025-03-17T12:41:58","modified_gmt":"2025-03-17T12:41:58","slug":"wine-cabinet","status":"publish","type":"product","link":"https:\/\/jadeant.com\/pt\/produto\/wine-cabinet\/","title":{"rendered":"Arm\u00e1rio para vinhos"},"content":{"rendered":"<h1>Arm\u00e1rio para vinhos<\/h1>\n<h2><span style=\"font-size: 14pt; font-family: georgia, palatino;\">Especifica\u00e7\u00e3o do arm\u00e1rio para vinhos<\/span><\/h2>\n<table class=\"aliDataTable\" style=\"width: 61%; height: 330px;\">\n<tbody>\n<tr style=\"height: 22px;\">\n<td style=\"height: 22px;\">\n<div data-spm-anchor-id=\"a2700.details.pronpeci14.i0.24405bca9S5xfj\">Item.<\/div>\n<\/td>\n<td style=\"height: 22px;\" colspan=\"3\">Arm\u00e1rio para vinhos<\/td>\n<\/tr>\n<tr style=\"height: 22px;\">\n<td style=\"height: 22px;\">\n<div>Materiais<\/div>\n<\/td>\n<td style=\"height: 22px;\" colspan=\"3\">\n<div>estrutura de madeira + MDF<\/div>\n<\/td>\n<\/tr>\n<tr style=\"height: 22px;\">\n<td style=\"height: 22px;\">\n<div>Cor<\/div>\n<\/td>\n<td style=\"height: 22px;\" colspan=\"3\">\n<div>Conforme seu pedido<\/div>\n<\/td>\n<\/tr>\n<tr style=\"height: 22px;\">\n<td style=\"height: 22px;\">\n<div>N.W.<\/div>\n<\/td>\n<td style=\"height: 22px;\" colspan=\"3\">\n<div>depende do design que voc\u00ea deseja<\/div>\n<\/td>\n<\/tr>\n<tr style=\"height: 44px;\">\n<td style=\"height: 44px;\">\n<div>Tamanho<\/div>\n<\/td>\n<td style=\"height: 44px;\" colspan=\"3\">\n<div>900*430*2000mm<\/div>\n<\/td>\n<\/tr>\n<tr style=\"height: 22px;\">\n<td style=\"height: 22px;\">\n<div>Estilo<\/div>\n<\/td>\n<td style=\"height: 22px;\" colspan=\"3\">\n<div>Moderno<\/div>\n<\/td>\n<\/tr>\n<tr style=\"height: 22px;\">\n<td style=\"height: 22px;\">\n<div>Prazo de entrega<\/div>\n<\/td>\n<td style=\"height: 22px;\" colspan=\"3\">\n<div data-spm-anchor-id=\"a2700.details.pronpeci14.i1.24405bca9S5xfj\">45 dias ap\u00f3s o recebimento do dep\u00f3sito<\/div>\n<\/td>\n<\/tr>\n<tr style=\"height: 22px;\">\n<td style=\"height: 22px;\">\n<div>Porta de carregamento<\/div>\n<\/td>\n<td style=\"height: 22px;\" colspan=\"3\">\n<div>Xangai<\/div>\n<\/td>\n<\/tr>\n<tr style=\"height: 22px;\">\n<td style=\"height: 22px;\">\n<div>MOQ<\/div>\n<\/td>\n<td style=\"height: 22px;\" colspan=\"3\">\n<div>Entre em contato conosco<\/div>\n<\/td>\n<\/tr>\n<tr style=\"height: 22px;\">\n<td style=\"height: 66px;\" rowspan=\"3\">\n<div>Observa\u00e7\u00e3o<\/div>\n<\/td>\n<td style=\"height: 22px;\" colspan=\"3\">\n<div>1. o projeto do cliente \u00e9 aceito<\/div>\n<\/td>\n<\/tr>\n<tr style=\"height: 22px;\">\n<td style=\"height: 22px;\" colspan=\"3\">\n<div>2. certifique-se de que os produtos, como tamanho, n\u00famero do modelo, material e quantidade, sejam fornecidos na primeira vez, e voc\u00ea obter\u00e1 um bom pre\u00e7o<\/div>\n<\/td>\n<\/tr>\n<tr style=\"height: 22px;\">\n<td style=\"height: 22px;\" colspan=\"3\">\n<div>3. todos os pre\u00e7os dos produtos est\u00e3o sujeitos \u00e0 nossa confirma\u00e7\u00e3o final<\/div>\n<\/td>\n<\/tr>\n<tr style=\"height: 22px;\">\n<td style=\"height: 22px;\">\n<div>Garantia<\/div>\n<\/td>\n<td style=\"height: 22px;\" colspan=\"3\">\n<div>1 ano<\/div>\n<\/td>\n<\/tr>\n<\/tbody>\n<\/table>\n<h2>Sobre o arm\u00e1rio de vinhos<\/h2>\n<p><span style=\"font-family: georgia, palatino; font-size: 14pt;\">O arm\u00e1rio para vinhos e o buf\u00ea t\u00eam fun\u00e7\u00f5es mais pr\u00e1ticas, por isso muitos optam por instalar um deles na decora\u00e7\u00e3o da casa; por um lado, o aparador pode armazenar pratos e pauzinhos de forma conveniente ou pode ser colocado temporariamente. Por outro lado, os arm\u00e1rios para vinho podem ser convenientemente colocados com vinho ou decora\u00e7\u00f5es; na decora\u00e7\u00e3o atual, h\u00e1 muitas maneiras de combinar o aparador com o arm\u00e1rio para vinho, de modo que ele possa ser colocado em um espa\u00e7o limitado.<\/span><\/p>\n<p><span style=\"font-family: georgia, palatino; font-size: 14pt;\">A combina\u00e7\u00e3o dos m\u00f3veis de armazenamento de vinhos e da divis\u00f3ria \u00e9 colocada entre o sagu\u00e3o de entrada e o restaurante. Ele n\u00e3o s\u00f3 tem a fun\u00e7\u00e3o de bloquear a divis\u00f3ria, mas tamb\u00e9m serve como dep\u00f3sito da adega, o que aumenta a praticidade do espa\u00e7o e tamb\u00e9m tem uma atmosfera muito emocional.<\/span><\/p>","protected":false},"excerpt":{"rendered":"<p>Wine cabinet Specification of Wine cabinet Item. Wine cabinet Materials wooden frame + MDF Color As your order N.W. depend on the design you want Size 900*430*2000mm Style Modern Delivery time 45 days after receiving deposit Loading port Shanghai MOQ please contact us Remark 1.Customer design is accepted 2.Make sure the products such as Size,Model [&hellip;]<\/p>\n","protected":false},"featured_media":2237,"template":"","meta":{"_seopress_robots_primary_cat":"119","_seopress_titles_title":"Wine cabinet | make the dining room storage furniture | Jade Ant","_seopress_titles_desc":"Wine cabinet and buffet are more practical functions, so many of them will choose to install one of them in the home decoration;The combination of the wine cabinet and the partition is placed between the entrance hall and the restaurant","_seopress_robots_index":"","_joinchat":[]},"product_brand":[],"product_cat":[131,119,148],"product_tag":[],"class_list":{"0":"post-563","1":"product","2":"type-product","3":"status-publish","4":"has-post-thumbnail","6":"product_cat-buffet","7":"product_cat-dining-room-furniture","8":"product_cat-wine-cabinet","10":"first","11":"instock","12":"shipping-taxable","13":"product-type-simple"},"_links":{"self":[{"href":"https:\/\/jadeant.com\/pt\/wp-json\/wp\/v2\/product\/563","targetHints":{"allow":["GET"]}}],"collection":[{"href":"https:\/\/jadeant.com\/pt\/wp-json\/wp\/v2\/product"}],"about":[{"href":"https:\/\/jadeant.com\/pt\/wp-json\/wp\/v2\/types\/product"}],"version-history":[{"count":1,"href":"https:\/\/jadeant.com\/pt\/wp-json\/wp\/v2\/product\/563\/revisions"}],"predecessor-version":[{"id":2306,"href":"https:\/\/jadeant.com\/pt\/wp-json\/wp\/v2\/product\/563\/revisions\/2306"}],"wp:featuredmedia":[{"embeddable":true,"href":"https:\/\/jadeant.com\/pt\/wp-json\/wp\/v2\/media\/2237"}],"wp:attachment":[{"href":"https:\/\/jadeant.com\/pt\/wp-json\/wp\/v2\/media?parent=563"}],"wp:term":[{"taxonomy":"product_brand","embeddable":true,"href":"https:\/\/jadeant.com\/pt\/wp-json\/wp\/v2\/product_brand?post=563"},{"taxonomy":"product_cat","embeddable":true,"href":"https:\/\/jadeant.com\/pt\/wp-json\/wp\/v2\/product_cat?post=563"},{"taxonomy":"product_tag","embeddable":true,"href":"https:\/\/jadeant.com\/pt\/wp-json\/wp\/v2\/product_tag?post=563"}],"curies":[{"name":"wp","href":"https:\/\/api.w.org\/{rel}","templated":true}]}}