{"id":569,"date":"2019-07-31T01:46:36","date_gmt":"2019-07-31T01:46:36","guid":{"rendered":"https:\/\/www.jadeant.com\/?post_type=product&#038;p=569"},"modified":"2025-03-17T12:40:49","modified_gmt":"2025-03-17T12:40:49","slug":"coffee-table-designs","status":"publish","type":"product","link":"https:\/\/jadeant.com\/pt\/produto\/coffee-table-designs\/","title":{"rendered":"Projetos de mesas de centro"},"content":{"rendered":"<h1>Projetos de mesas de centro<\/h1>\n<h2><span style=\"font-size: 14pt; font-family: georgia, palatino;\">Especifica\u00e7\u00e3o dos designs de mesas de centro<\/span><\/h2>\n<table class=\"aliDataTable\" style=\"width: 61%; height: 330px;\">\n<tbody>\n<tr style=\"height: 22px;\">\n<td style=\"height: 22px;\">\n<div data-spm-anchor-id=\"a2700.details.pronpeci14.i0.24405bca9S5xfj\">Item.<\/div>\n<\/td>\n<td style=\"height: 22px;\" colspan=\"3\">Projetos de mesas de centro<\/td>\n<\/tr>\n<tr style=\"height: 22px;\">\n<td style=\"height: 22px;\">\n<div>Materiais<\/div>\n<\/td>\n<td style=\"height: 22px;\" colspan=\"3\">\n<div>estrutura de madeira + MDF + a\u00e7o inoxid\u00e1vel<\/div>\n<\/td>\n<\/tr>\n<tr style=\"height: 22px;\">\n<td style=\"height: 22px;\">\n<div>Cor<\/div>\n<\/td>\n<td style=\"height: 22px;\" colspan=\"3\">\n<div>Conforme seu pedido<\/div>\n<\/td>\n<\/tr>\n<tr style=\"height: 22px;\">\n<td style=\"height: 22px;\">\n<div>N.W.<\/div>\n<\/td>\n<td style=\"height: 22px;\" colspan=\"3\">\n<div>depende do design que voc\u00ea deseja<\/div>\n<\/td>\n<\/tr>\n<tr style=\"height: 44px;\">\n<td style=\"height: 44px;\">\n<div>Tamanho<\/div>\n<\/td>\n<td style=\"height: 44px;\" colspan=\"3\">\n<div>conforme a instru\u00e7\u00e3o da foto<\/div>\n<\/td>\n<\/tr>\n<tr style=\"height: 22px;\">\n<td style=\"height: 22px;\">\n<div>Estilo<\/div>\n<\/td>\n<td style=\"height: 22px;\" colspan=\"3\">\n<div>Moderno<\/div>\n<\/td>\n<\/tr>\n<tr style=\"height: 22px;\">\n<td style=\"height: 22px;\">\n<div>Prazo de entrega<\/div>\n<\/td>\n<td style=\"height: 22px;\" colspan=\"3\">\n<div data-spm-anchor-id=\"a2700.details.pronpeci14.i1.24405bca9S5xfj\">45 dias ap\u00f3s o recebimento do dep\u00f3sito<\/div>\n<\/td>\n<\/tr>\n<tr style=\"height: 22px;\">\n<td style=\"height: 22px;\">\n<div>Porta de carregamento<\/div>\n<\/td>\n<td style=\"height: 22px;\" colspan=\"3\">\n<div>Xangai<\/div>\n<\/td>\n<\/tr>\n<tr style=\"height: 22px;\">\n<td style=\"height: 22px;\">\n<div>MOQ<\/div>\n<\/td>\n<td style=\"height: 22px;\" colspan=\"3\">\n<div>Entre em contato conosco<\/div>\n<\/td>\n<\/tr>\n<tr style=\"height: 22px;\">\n<td style=\"height: 66px;\" rowspan=\"3\">\n<div>Observa\u00e7\u00e3o<\/div>\n<\/td>\n<td style=\"height: 22px;\" colspan=\"3\">\n<div>1. o projeto do cliente \u00e9 aceito<\/div>\n<\/td>\n<\/tr>\n<tr style=\"height: 22px;\">\n<td style=\"height: 22px;\" colspan=\"3\">\n<div>2. certifique-se de que os produtos, como tamanho, n\u00famero do modelo, material e quantidade, sejam fornecidos na primeira vez, e voc\u00ea obter\u00e1 um bom pre\u00e7o<\/div>\n<\/td>\n<\/tr>\n<tr style=\"height: 22px;\">\n<td style=\"height: 22px;\" colspan=\"3\">\n<div>3. todos os pre\u00e7os dos produtos est\u00e3o sujeitos \u00e0 nossa confirma\u00e7\u00e3o final<\/div>\n<\/td>\n<\/tr>\n<tr style=\"height: 22px;\">\n<td style=\"height: 22px;\">\n<div>Garantia<\/div>\n<\/td>\n<td style=\"height: 22px;\" colspan=\"3\">\n<div>1 ano<\/div>\n<\/td>\n<\/tr>\n<\/tbody>\n<\/table>\n<h2>Sobre os designs de mesas de centro<\/h2>\n<p><span style=\"font-family: georgia, palatino; font-size: 14pt;\">Como organizar a sala de estar para que ela tenha uma boa apar\u00eancia? Al\u00e9m do sof\u00e1, da parede e do piso para combinar, n\u00e3o sabemos que a escolha da mesa de centro tamb\u00e9m \u00e9 muito importante! A mesa de centro \u00e9 bem combinada para destacar o gosto do propriet\u00e1rio; se a mesa de centro n\u00e3o for boa, n\u00e3o s\u00f3 a sala de estar inteira parecer\u00e1 estreita, como tamb\u00e9m a sala de estar ser\u00e1 danificada.<\/span><\/p>\n<p><span style=\"font-family: georgia, palatino; font-size: 14pt;\">O tampo da mesa de madeira \u00e9 combinado com uma estrutura de metal, com um toque de luxo em um ambiente discreto. Ao comprar uma mesa de centro, voc\u00ea tamb\u00e9m deve prestar aten\u00e7\u00e3o \u00e0 pintura geral da mesa de centro e \u00e0 cor do espa\u00e7o. Desde que voc\u00ea dedique mais tempo, at\u00e9 mesmo a mesa de centro pode formar um bom eco com a cor geral do espa\u00e7o~<\/span><\/p>\n<p><span style=\"font-family: georgia, palatino; font-size: 14pt;\">A escolha da mesa de centro deve combinar com os m\u00f3veis e a decora\u00e7\u00e3o da sala de estar. O sof\u00e1 duplo pode optar por escolher uma mesa de centro maior ou uma mesa de centro combinada, o que tornar\u00e1 todo o espa\u00e7o mais estratificado, um \u00fanico sof\u00e1 ou um sof\u00e1. Uma \u00e1rea mais estreita \u00e9 adequada para uma mesa de canto simples e menor.<\/span><\/p>","protected":false},"excerpt":{"rendered":"<p>Coffee table designs Specification of Coffee table designs Item. Coffee table designs Materials wooden frame + MDF+stainless steel Color As your order N.W. depend on the design you want Size as the photo instruction Style Modern Delivery time 45 days after receiving deposit Loading port Shanghai MOQ please contact us Remark 1.Customer design is accepted [&hellip;]<\/p>\n","protected":false},"featured_media":1872,"template":"","meta":{"_seopress_robots_primary_cat":"118","_seopress_titles_title":"Coffee table designs | Living room furnitue stes | Jade Ant","_seopress_titles_desc":"The coffee table designs is well matched to highlight the owner's taste; the coffee table is not good, not only the entire living room will appear narrow, but the living room will be damaged.","_seopress_robots_index":"","_joinchat":[]},"product_brand":[],"product_cat":[133,118],"product_tag":[],"class_list":{"0":"post-569","1":"product","2":"type-product","3":"status-publish","4":"has-post-thumbnail","6":"product_cat-coffee-table","7":"product_cat-livingroom-furniture","9":"first","10":"instock","11":"shipping-taxable","12":"product-type-simple"},"_links":{"self":[{"href":"https:\/\/jadeant.com\/pt\/wp-json\/wp\/v2\/product\/569","targetHints":{"allow":["GET"]}}],"collection":[{"href":"https:\/\/jadeant.com\/pt\/wp-json\/wp\/v2\/product"}],"about":[{"href":"https:\/\/jadeant.com\/pt\/wp-json\/wp\/v2\/types\/product"}],"version-history":[{"count":1,"href":"https:\/\/jadeant.com\/pt\/wp-json\/wp\/v2\/product\/569\/revisions"}],"predecessor-version":[{"id":2305,"href":"https:\/\/jadeant.com\/pt\/wp-json\/wp\/v2\/product\/569\/revisions\/2305"}],"wp:featuredmedia":[{"embeddable":true,"href":"https:\/\/jadeant.com\/pt\/wp-json\/wp\/v2\/media\/1872"}],"wp:attachment":[{"href":"https:\/\/jadeant.com\/pt\/wp-json\/wp\/v2\/media?parent=569"}],"wp:term":[{"taxonomy":"product_brand","embeddable":true,"href":"https:\/\/jadeant.com\/pt\/wp-json\/wp\/v2\/product_brand?post=569"},{"taxonomy":"product_cat","embeddable":true,"href":"https:\/\/jadeant.com\/pt\/wp-json\/wp\/v2\/product_cat?post=569"},{"taxonomy":"product_tag","embeddable":true,"href":"https:\/\/jadeant.com\/pt\/wp-json\/wp\/v2\/product_tag?post=569"}],"curies":[{"name":"wp","href":"https:\/\/api.w.org\/{rel}","templated":true}]}}