{"id":575,"date":"2019-08-01T02:01:02","date_gmt":"2019-08-01T02:01:02","guid":{"rendered":"https:\/\/www.jadeant.com\/?post_type=product&#038;p=575"},"modified":"2025-03-17T12:35:06","modified_gmt":"2025-03-17T12:35:06","slug":"coffee-table-with-storage","status":"publish","type":"product","link":"https:\/\/jadeant.com\/pt\/produto\/coffee-table-with-storage\/","title":{"rendered":"Mesa de centro com armazenamento"},"content":{"rendered":"<h1>Mesa de centro com armazenamento<\/h1>\n<h2><span style=\"font-size: 14pt; font-family: georgia, palatino;\">Especifica\u00e7\u00e3o da mesa de centro com armazenamento<\/span><\/h2>\n<table class=\"aliDataTable\" style=\"width: 61%; height: 330px;\">\n<tbody>\n<tr style=\"height: 22px;\">\n<td style=\"height: 22px;\">\n<div data-spm-anchor-id=\"a2700.details.pronpeci14.i0.24405bca9S5xfj\">Item.<\/div>\n<\/td>\n<td style=\"height: 22px;\" colspan=\"3\">Mesa de centro com armazenamento<\/td>\n<\/tr>\n<tr style=\"height: 22px;\">\n<td style=\"height: 22px;\">\n<div>Materiais<\/div>\n<\/td>\n<td style=\"height: 22px;\" colspan=\"3\">\n<div>estrutura de madeira + MDF + p\u00e9s de a\u00e7o inoxid\u00e1vel<\/div>\n<\/td>\n<\/tr>\n<tr style=\"height: 22px;\">\n<td style=\"height: 22px;\">\n<div>Cor<\/div>\n<\/td>\n<td style=\"height: 22px;\" colspan=\"3\">\n<div>Conforme seu pedido<\/div>\n<\/td>\n<\/tr>\n<tr style=\"height: 22px;\">\n<td style=\"height: 22px;\">\n<div>N.W.<\/div>\n<\/td>\n<td style=\"height: 22px;\" colspan=\"3\">\n<div>depende do design que voc\u00ea deseja<\/div>\n<\/td>\n<\/tr>\n<tr style=\"height: 44px;\">\n<td style=\"height: 44px;\">\n<div>Tamanho<\/div>\n<\/td>\n<td style=\"height: 44px;\" colspan=\"3\">\n<div>conforme a instru\u00e7\u00e3o da foto<\/div>\n<\/td>\n<\/tr>\n<tr style=\"height: 22px;\">\n<td style=\"height: 22px;\">\n<div>Estilo<\/div>\n<\/td>\n<td style=\"height: 22px;\" colspan=\"3\">\n<div>Moderno<\/div>\n<\/td>\n<\/tr>\n<tr style=\"height: 22px;\">\n<td style=\"height: 22px;\">\n<div>Prazo de entrega<\/div>\n<\/td>\n<td style=\"height: 22px;\" colspan=\"3\">\n<div data-spm-anchor-id=\"a2700.details.pronpeci14.i1.24405bca9S5xfj\">45 dias ap\u00f3s o recebimento do dep\u00f3sito<\/div>\n<\/td>\n<\/tr>\n<tr style=\"height: 22px;\">\n<td style=\"height: 22px;\">\n<div>Porta de carregamento<\/div>\n<\/td>\n<td style=\"height: 22px;\" colspan=\"3\">\n<div>Xangai<\/div>\n<\/td>\n<\/tr>\n<tr style=\"height: 22px;\">\n<td style=\"height: 22px;\">\n<div>MOQ<\/div>\n<\/td>\n<td style=\"height: 22px;\" colspan=\"3\">\n<div>Entre em contato conosco<\/div>\n<\/td>\n<\/tr>\n<tr style=\"height: 22px;\">\n<td style=\"height: 66px;\" rowspan=\"3\">\n<div>Observa\u00e7\u00e3o<\/div>\n<\/td>\n<td style=\"height: 22px;\" colspan=\"3\">\n<div>1. o projeto do cliente \u00e9 aceito<\/div>\n<\/td>\n<\/tr>\n<tr style=\"height: 22px;\">\n<td style=\"height: 22px;\" colspan=\"3\">\n<div>2. certifique-se de que os produtos, como tamanho, n\u00famero do modelo, material e quantidade, sejam fornecidos na primeira vez, e voc\u00ea obter\u00e1 um bom pre\u00e7o<\/div>\n<\/td>\n<\/tr>\n<tr style=\"height: 22px;\">\n<td style=\"height: 22px;\" colspan=\"3\">\n<div>3. todos os pre\u00e7os dos produtos est\u00e3o sujeitos \u00e0 nossa confirma\u00e7\u00e3o final<\/div>\n<\/td>\n<\/tr>\n<tr style=\"height: 22px;\">\n<td style=\"height: 22px;\">\n<div>Garantia<\/div>\n<\/td>\n<td style=\"height: 22px;\" colspan=\"3\">\n<div>1 ano<\/div>\n<\/td>\n<\/tr>\n<\/tbody>\n<\/table>\n<h2>Sobre a mesa de centro com armazenamento<\/h2>\n<p><span style=\"font-family: georgia, palatino; font-size: 14pt;\">Atualmente, toda fam\u00edlia tem uma mesa de centro com armazenamento na sala de estar. Embora a mesa de centro n\u00e3o seja como um sof\u00e1, ela \u00e9 o cora\u00e7\u00e3o de toda a sala de estar. Coxa, armazenamento, queimaduras solares, uma mesa de centro com v\u00e1rias fun\u00e7\u00f5es.<\/span><span style=\"font-family: georgia, palatino; font-size: 14pt;\">Uma boa combina\u00e7\u00e3o dar\u00e1 um toque de cor \u00e0 sala de estar.<\/span><\/p>\n<p><span style=\"font-family: georgia, palatino; font-size: 14pt;\">As pessoas t\u00eam estilos de vida diferentes, incorporando o valor de suas vidas com base em suas pr\u00f3prias qualidades, cultivo, gosto e conhecimento. Refletido na vida? Tomar caf\u00e9 e ouvir m\u00fasica parece ser outra marca de identidade para elas. Nesse momento, a mesa de centro, de certa forma, destaca seu mon\u00f3logo interior<\/span><\/p>\n<p><span style=\"font-family: georgia, palatino; font-size: 14pt;\">A mesa de centro n\u00e3o \u00e9 apenas uma coadjuvante na sala de estar. Agora, mais pessoas preferem us\u00e1-la como protagonista da sala de estar. A qualidade da mesa de centro tamb\u00e9m determina o valor de toda a sala de estar. Escolha uma mesa de centro chique e voltada para o design. Ela pode dar brilho a todo o estilo da sala de estar.<\/span><\/p>","protected":false},"excerpt":{"rendered":"<p>Coffee table with storage Specification of Coffee table with storage Item. Coffee table with storage Materials wooden frame + MDF+stainless steel feet Color As your order N.W. depend on the design you want Size as the photo instruction Style Modern Delivery time 45 days after receiving deposit Loading port Shanghai MOQ please contact us Remark [&hellip;]<\/p>\n","protected":false},"featured_media":2177,"template":"","meta":{"_seopress_robots_primary_cat":"118","_seopress_titles_title":"Coffee table with storage | Living room furnitue stes | Jade Ant","_seopress_titles_desc":"There is a coffee table with storage in the living room for every family now. Although the coffee table is not like a sofa, it is the heart of the whole living room","_seopress_robots_index":"","_joinchat":[]},"product_brand":[],"product_cat":[133,118],"product_tag":[],"class_list":{"0":"post-575","1":"product","2":"type-product","3":"status-publish","4":"has-post-thumbnail","6":"product_cat-coffee-table","7":"product_cat-livingroom-furniture","9":"first","10":"instock","11":"shipping-taxable","12":"product-type-simple"},"_links":{"self":[{"href":"https:\/\/jadeant.com\/pt\/wp-json\/wp\/v2\/product\/575","targetHints":{"allow":["GET"]}}],"collection":[{"href":"https:\/\/jadeant.com\/pt\/wp-json\/wp\/v2\/product"}],"about":[{"href":"https:\/\/jadeant.com\/pt\/wp-json\/wp\/v2\/types\/product"}],"version-history":[{"count":1,"href":"https:\/\/jadeant.com\/pt\/wp-json\/wp\/v2\/product\/575\/revisions"}],"predecessor-version":[{"id":2299,"href":"https:\/\/jadeant.com\/pt\/wp-json\/wp\/v2\/product\/575\/revisions\/2299"}],"wp:featuredmedia":[{"embeddable":true,"href":"https:\/\/jadeant.com\/pt\/wp-json\/wp\/v2\/media\/2177"}],"wp:attachment":[{"href":"https:\/\/jadeant.com\/pt\/wp-json\/wp\/v2\/media?parent=575"}],"wp:term":[{"taxonomy":"product_brand","embeddable":true,"href":"https:\/\/jadeant.com\/pt\/wp-json\/wp\/v2\/product_brand?post=575"},{"taxonomy":"product_cat","embeddable":true,"href":"https:\/\/jadeant.com\/pt\/wp-json\/wp\/v2\/product_cat?post=575"},{"taxonomy":"product_tag","embeddable":true,"href":"https:\/\/jadeant.com\/pt\/wp-json\/wp\/v2\/product_tag?post=575"}],"curies":[{"name":"wp","href":"https:\/\/api.w.org\/{rel}","templated":true}]}}