{"id":581,"date":"2019-08-01T06:20:25","date_gmt":"2019-08-01T06:20:25","guid":{"rendered":"https:\/\/www.jadeant.com\/?post_type=product&#038;p=581"},"modified":"2025-03-17T12:33:38","modified_gmt":"2025-03-17T12:33:38","slug":"square-coffee-table","status":"publish","type":"product","link":"https:\/\/jadeant.com\/pt\/produto\/square-coffee-table\/","title":{"rendered":"Mesa de centro quadrada"},"content":{"rendered":"<h1>Mesa de centro quadrada<\/h1>\n<h2><span style=\"font-size: 14pt; font-family: georgia, palatino;\">Especifica\u00e7\u00e3o dos designs de mesas de centro<\/span><\/h2>\n<table class=\"aliDataTable\" style=\"width: 61%; height: 330px;\">\n<tbody>\n<tr style=\"height: 22px;\">\n<td style=\"height: 22px;\">\n<div data-spm-anchor-id=\"a2700.details.pronpeci14.i0.24405bca9S5xfj\">Item.<\/div>\n<\/td>\n<td style=\"height: 22px;\" colspan=\"3\">Mesa de centro quadrada<\/td>\n<\/tr>\n<tr style=\"height: 22px;\">\n<td style=\"height: 22px;\">\n<div>Materiais<\/div>\n<\/td>\n<td style=\"height: 22px;\" colspan=\"3\">\n<div>estrutura de madeira + MDF + a\u00e7o inoxid\u00e1vel<\/div>\n<\/td>\n<\/tr>\n<tr style=\"height: 22px;\">\n<td style=\"height: 22px;\">\n<div>Cor<\/div>\n<\/td>\n<td style=\"height: 22px;\" colspan=\"3\">\n<div>Conforme seu pedido<\/div>\n<\/td>\n<\/tr>\n<tr style=\"height: 22px;\">\n<td style=\"height: 22px;\">\n<div>N.W.<\/div>\n<\/td>\n<td style=\"height: 22px;\" colspan=\"3\">\n<div>depende do design que voc\u00ea deseja<\/div>\n<\/td>\n<\/tr>\n<tr style=\"height: 44px;\">\n<td style=\"height: 44px;\">\n<div>Tamanho<\/div>\n<\/td>\n<td style=\"height: 44px;\" colspan=\"3\">\n<div>1000*1000*450mm<\/div>\n<\/td>\n<\/tr>\n<tr style=\"height: 22px;\">\n<td style=\"height: 22px;\">\n<div>Estilo<\/div>\n<\/td>\n<td style=\"height: 22px;\" colspan=\"3\">\n<div>Moderno<\/div>\n<\/td>\n<\/tr>\n<tr style=\"height: 22px;\">\n<td style=\"height: 22px;\">\n<div>Prazo de entrega<\/div>\n<\/td>\n<td style=\"height: 22px;\" colspan=\"3\">\n<div data-spm-anchor-id=\"a2700.details.pronpeci14.i1.24405bca9S5xfj\">45 dias ap\u00f3s o recebimento do dep\u00f3sito<\/div>\n<\/td>\n<\/tr>\n<tr style=\"height: 22px;\">\n<td style=\"height: 22px;\">\n<div>Porta de carregamento<\/div>\n<\/td>\n<td style=\"height: 22px;\" colspan=\"3\">\n<div>Xangai<\/div>\n<\/td>\n<\/tr>\n<tr style=\"height: 22px;\">\n<td style=\"height: 22px;\">\n<div>MOQ<\/div>\n<\/td>\n<td style=\"height: 22px;\" colspan=\"3\">\n<div>Entre em contato conosco<\/div>\n<\/td>\n<\/tr>\n<tr style=\"height: 22px;\">\n<td style=\"height: 66px;\" rowspan=\"3\">\n<div>Observa\u00e7\u00e3o<\/div>\n<\/td>\n<td style=\"height: 22px;\" colspan=\"3\">\n<div>1. o projeto do cliente \u00e9 aceito<\/div>\n<\/td>\n<\/tr>\n<tr style=\"height: 22px;\">\n<td style=\"height: 22px;\" colspan=\"3\">\n<div>2. certifique-se de que os produtos, como tamanho, n\u00famero do modelo, material e quantidade, sejam fornecidos na primeira vez, e voc\u00ea obter\u00e1 um bom pre\u00e7o<\/div>\n<\/td>\n<\/tr>\n<tr style=\"height: 22px;\">\n<td style=\"height: 22px;\" colspan=\"3\">\n<div>3. todos os pre\u00e7os dos produtos est\u00e3o sujeitos \u00e0 nossa confirma\u00e7\u00e3o final<\/div>\n<\/td>\n<\/tr>\n<tr style=\"height: 22px;\">\n<td style=\"height: 22px;\">\n<div>Garantia<\/div>\n<\/td>\n<td style=\"height: 22px;\" colspan=\"3\">\n<div>1 ano<\/div>\n<\/td>\n<\/tr>\n<\/tbody>\n<\/table>\n<h2>Sobre a mesa de centro quadrada<\/h2>\n<p>A mesa de centro \u00e9 uma mesa longa e curta projetada para ser colocada na frente (ou ao lado) de um sof\u00e1 ou cadeira estofada para apoiar bebidas, revistas, livros, itens decorativos e outros itens pequenos usados enquanto se est\u00e1 sentado.<\/p>\n<p>H\u00e1 mais maneiras de decorar a sala de estar, n\u00e3o apenas para encontrar o sof\u00e1 mais confort\u00e1vel e imergir na sala durante a tarde. Tamb\u00e9m \u00e9 importante encontrar uma mesa de centro que seja o foco perfeito, oferecendo ainda bastante espa\u00e7o para exibir seu livro de caf\u00e9 favorito, incenso e uma x\u00edcara de ch\u00e1.<\/p>\n<p>O design geral do produto \u00e9 simples e simples, as linhas s\u00e3o simples e claras, a forma \u00e9 elegante e requintada, a textura da madeira destaca a textura delicada e suave, que apresenta perfeitamente a vida luxuosa e luxuosa das pessoas urbanas modernas.<\/p>\n<p>Durante o processo de renova\u00e7\u00e3o, escolheremos a mesa de centro, e o caf\u00e9 \u00e9 uma vida confort\u00e1vel. Muitos consumidores gostam de se sentar em uma cafeteria ou comprar uma mesa de centro para levar para casa. No tempo livre, eles podem se sentar na mesa de centro e tomar uma x\u00edcara de caf\u00e9, ouvir m\u00fasica e aproveitar a vida. Calma<\/p>","protected":false},"excerpt":{"rendered":"<p>Square coffee table Specification of Coffee table designs Item. Square coffee table Materials wooden frame + MDF+stainless steel Color As your order N.W. depend on the design you want Size 1000*1000*450mm Style Modern Delivery time 45 days after receiving deposit Loading port Shanghai MOQ please contact us Remark 1.Customer design is accepted 2.Make sure the [&hellip;]<\/p>\n","protected":false},"featured_media":1831,"template":"","meta":{"_seopress_robots_primary_cat":"118","_seopress_titles_title":"Square coffee table | enjoy your lifetime with the coffee | Jade Ant","_seopress_titles_desc":"The coffee table is a long, short table designed to be placed in front of (or beside) a sofa or upholstered chair to support drinks, magazines, books, decorative items, and other small items used while sitting.","_seopress_robots_index":"","_joinchat":[]},"product_brand":[],"product_cat":[133,118],"product_tag":[],"class_list":{"0":"post-581","1":"product","2":"type-product","3":"status-publish","4":"has-post-thumbnail","6":"product_cat-coffee-table","7":"product_cat-livingroom-furniture","9":"first","10":"instock","11":"shipping-taxable","12":"product-type-simple"},"_links":{"self":[{"href":"https:\/\/jadeant.com\/pt\/wp-json\/wp\/v2\/product\/581","targetHints":{"allow":["GET"]}}],"collection":[{"href":"https:\/\/jadeant.com\/pt\/wp-json\/wp\/v2\/product"}],"about":[{"href":"https:\/\/jadeant.com\/pt\/wp-json\/wp\/v2\/types\/product"}],"version-history":[{"count":1,"href":"https:\/\/jadeant.com\/pt\/wp-json\/wp\/v2\/product\/581\/revisions"}],"predecessor-version":[{"id":2298,"href":"https:\/\/jadeant.com\/pt\/wp-json\/wp\/v2\/product\/581\/revisions\/2298"}],"wp:featuredmedia":[{"embeddable":true,"href":"https:\/\/jadeant.com\/pt\/wp-json\/wp\/v2\/media\/1831"}],"wp:attachment":[{"href":"https:\/\/jadeant.com\/pt\/wp-json\/wp\/v2\/media?parent=581"}],"wp:term":[{"taxonomy":"product_brand","embeddable":true,"href":"https:\/\/jadeant.com\/pt\/wp-json\/wp\/v2\/product_brand?post=581"},{"taxonomy":"product_cat","embeddable":true,"href":"https:\/\/jadeant.com\/pt\/wp-json\/wp\/v2\/product_cat?post=581"},{"taxonomy":"product_tag","embeddable":true,"href":"https:\/\/jadeant.com\/pt\/wp-json\/wp\/v2\/product_tag?post=581"}],"curies":[{"name":"wp","href":"https:\/\/api.w.org\/{rel}","templated":true}]}}