{"id":588,"date":"2019-08-01T12:53:11","date_gmt":"2019-08-01T12:53:11","guid":{"rendered":"https:\/\/www.jadeant.com\/?post_type=product&#038;p=588"},"modified":"2025-03-17T12:32:02","modified_gmt":"2025-03-17T12:32:02","slug":"tv-stand","status":"publish","type":"product","link":"https:\/\/jadeant.com\/pt\/produto\/tv-stand\/","title":{"rendered":"Suporte para TV"},"content":{"rendered":"<h1>Suporte para TV<\/h1>\n<h2><span style=\"font-size: 14pt; font-family: georgia, palatino;\">Especifica\u00e7\u00e3o do suporte para TV<\/span><\/h2>\n<table class=\"aliDataTable\" style=\"width: 61%; height: 330px;\">\n<tbody>\n<tr style=\"height: 22px;\">\n<td style=\"height: 22px;\">\n<div data-spm-anchor-id=\"a2700.details.pronpeci14.i0.24405bca9S5xfj\">Item.<\/div>\n<\/td>\n<td style=\"height: 22px;\" colspan=\"3\">Arm\u00e1rio de TV<\/td>\n<\/tr>\n<tr style=\"height: 22px;\">\n<td style=\"height: 22px;\">\n<div>Materiais<\/div>\n<\/td>\n<td style=\"height: 22px;\" colspan=\"3\">\n<div>estrutura de madeira + MDF + a\u00e7o inoxid\u00e1vel<\/div>\n<\/td>\n<\/tr>\n<tr style=\"height: 22px;\">\n<td style=\"height: 22px;\">\n<div>Cor<\/div>\n<\/td>\n<td style=\"height: 22px;\" colspan=\"3\">\n<div>Conforme seu pedido<\/div>\n<\/td>\n<\/tr>\n<tr style=\"height: 22px;\">\n<td style=\"height: 22px;\">\n<div>N.W.<\/div>\n<\/td>\n<td style=\"height: 22px;\" colspan=\"3\">\n<div>depende do design que voc\u00ea deseja<\/div>\n<\/td>\n<\/tr>\n<tr style=\"height: 44px;\">\n<td style=\"height: 44px;\">\n<div>Tamanho<\/div>\n<\/td>\n<td style=\"height: 44px;\" colspan=\"3\">\n<div>2000*400*500<\/div>\n<\/td>\n<\/tr>\n<tr style=\"height: 22px;\">\n<td style=\"height: 22px;\">\n<div>Estilo<\/div>\n<\/td>\n<td style=\"height: 22px;\" colspan=\"3\">\n<div>Moderno<\/div>\n<\/td>\n<\/tr>\n<tr style=\"height: 22px;\">\n<td style=\"height: 22px;\">\n<div>Prazo de entrega<\/div>\n<\/td>\n<td style=\"height: 22px;\" colspan=\"3\">\n<div data-spm-anchor-id=\"a2700.details.pronpeci14.i1.24405bca9S5xfj\">45 dias ap\u00f3s o recebimento do dep\u00f3sito<\/div>\n<\/td>\n<\/tr>\n<tr style=\"height: 22px;\">\n<td style=\"height: 22px;\">\n<div>Porta de carregamento<\/div>\n<\/td>\n<td style=\"height: 22px;\" colspan=\"3\">\n<div>Xangai<\/div>\n<\/td>\n<\/tr>\n<tr style=\"height: 22px;\">\n<td style=\"height: 22px;\">\n<div>MOQ<\/div>\n<\/td>\n<td style=\"height: 22px;\" colspan=\"3\">\n<div>Entre em contato conosco<\/div>\n<\/td>\n<\/tr>\n<tr style=\"height: 22px;\">\n<td style=\"height: 66px;\" rowspan=\"3\">\n<div>Observa\u00e7\u00e3o<\/div>\n<\/td>\n<td style=\"height: 22px;\" colspan=\"3\">\n<div>1. o projeto do cliente \u00e9 aceito<\/div>\n<\/td>\n<\/tr>\n<tr style=\"height: 22px;\">\n<td style=\"height: 22px;\" colspan=\"3\">\n<div>2. certifique-se de que os produtos, como tamanho, n\u00famero do modelo, material e quantidade, sejam fornecidos na primeira vez, e voc\u00ea obter\u00e1 um bom pre\u00e7o<\/div>\n<\/td>\n<\/tr>\n<tr style=\"height: 22px;\">\n<td style=\"height: 22px;\" colspan=\"3\">\n<div>3. todos os pre\u00e7os dos produtos est\u00e3o sujeitos \u00e0 nossa confirma\u00e7\u00e3o final<\/div>\n<\/td>\n<\/tr>\n<tr style=\"height: 22px;\">\n<td style=\"height: 22px;\">\n<div>Garantia<\/div>\n<\/td>\n<td style=\"height: 22px;\" colspan=\"3\">\n<div>1 ano<\/div>\n<\/td>\n<\/tr>\n<\/tbody>\n<\/table>\n<h2>Sobre o suporte para TV<\/h2>\n<p><span style=\"font-family: georgia, palatino; font-size: 14pt;\">O suporte para TV \u00e9 o cen\u00e1rio mais vis\u00edvel do ambiente. <a href=\"https:\/\/jadeant.com\/pt\/categoria-produto\/livingroom-furniture\/\">sala de estar<\/a>. No projeto de decora\u00e7\u00e3o da sala de estar, \u00e9 especialmente importante escolher o gabinete de TV correto. A fun\u00e7\u00e3o de decora\u00e7\u00e3o e armazenamento do gabinete da TV pode n\u00e3o apenas criar um ambiente refrescante e individual, mas tamb\u00e9m se tornar um artefato poderoso e totalmente liberado. O espa\u00e7o na sala de estar. Diferentes tipos de gabinetes de TV,<\/span><span style=\"font-family: georgia, palatino; font-size: 14pt;\">Sua combina\u00e7\u00e3o flex\u00edvel pode se transformar instantaneamente em uma parede maravilhosa.<\/span><\/p>\n<p><span style=\"font-family: georgia, palatino; font-size: 14pt;\">O estilo minimalista est\u00e1 alinhado com a busca dos jovens de hoje em dia, com muita moda e praticidade.<\/span><span style=\"font-family: georgia, palatino; font-size: 14pt;\">Ela pode proporcionar uma atmosfera agrad\u00e1vel e rom\u00e2ntica.<\/span><\/p>","protected":false},"excerpt":{"rendered":"<p>TV stand Specification of TV stand Item. TV cabinet Materials wooden frame + MDF+stainless steel Color As your order N.W. depend on the design you want Size 2000*400*500 Style Modern Delivery time 45 days after receiving deposit Loading port Shanghai MOQ please contact us Remark 1.Customer design is accepted 2.Make sure the products such as [&hellip;]<\/p>\n","protected":false},"featured_media":2196,"template":"","meta":{"_seopress_robots_primary_cat":"118","_seopress_titles_title":"TV stand | make your living room unique and elegant | Jade Ant","_seopress_titles_desc":"TV stand is the most conspicuous scenery in the living room. In the decoration design of the living room, it is especially important to choose the right TV cabinet.","_seopress_robots_index":"","_joinchat":[]},"product_brand":[],"product_cat":[118,134],"product_tag":[],"class_list":{"0":"post-588","1":"product","2":"type-product","3":"status-publish","4":"has-post-thumbnail","6":"product_cat-livingroom-furniture","7":"product_cat-tv-cabinet","9":"first","10":"instock","11":"shipping-taxable","12":"product-type-simple"},"_links":{"self":[{"href":"https:\/\/jadeant.com\/pt\/wp-json\/wp\/v2\/product\/588","targetHints":{"allow":["GET"]}}],"collection":[{"href":"https:\/\/jadeant.com\/pt\/wp-json\/wp\/v2\/product"}],"about":[{"href":"https:\/\/jadeant.com\/pt\/wp-json\/wp\/v2\/types\/product"}],"version-history":[{"count":1,"href":"https:\/\/jadeant.com\/pt\/wp-json\/wp\/v2\/product\/588\/revisions"}],"predecessor-version":[{"id":2297,"href":"https:\/\/jadeant.com\/pt\/wp-json\/wp\/v2\/product\/588\/revisions\/2297"}],"wp:featuredmedia":[{"embeddable":true,"href":"https:\/\/jadeant.com\/pt\/wp-json\/wp\/v2\/media\/2196"}],"wp:attachment":[{"href":"https:\/\/jadeant.com\/pt\/wp-json\/wp\/v2\/media?parent=588"}],"wp:term":[{"taxonomy":"product_brand","embeddable":true,"href":"https:\/\/jadeant.com\/pt\/wp-json\/wp\/v2\/product_brand?post=588"},{"taxonomy":"product_cat","embeddable":true,"href":"https:\/\/jadeant.com\/pt\/wp-json\/wp\/v2\/product_cat?post=588"},{"taxonomy":"product_tag","embeddable":true,"href":"https:\/\/jadeant.com\/pt\/wp-json\/wp\/v2\/product_tag?post=588"}],"curies":[{"name":"wp","href":"https:\/\/api.w.org\/{rel}","templated":true}]}}