{"id":596,"date":"2019-08-02T03:13:02","date_gmt":"2019-08-02T03:13:02","guid":{"rendered":"https:\/\/www.jadeant.com\/?post_type=product&#038;p=596"},"modified":"2025-03-17T12:30:12","modified_gmt":"2025-03-17T12:30:12","slug":"side-table","status":"publish","type":"product","link":"https:\/\/jadeant.com\/pt\/produto\/side-table\/","title":{"rendered":"Mesa lateral"},"content":{"rendered":"<h1>Mesa lateral<\/h1>\n<h2><span style=\"font-size: 14pt; font-family: georgia, palatino;\">Especifica\u00e7\u00e3o da mesa lateral<\/span><\/h2>\n<table class=\"aliDataTable\" style=\"width: 61%; height: 330px;\">\n<tbody>\n<tr style=\"height: 22px;\">\n<td style=\"height: 22px;\">\n<div data-spm-anchor-id=\"a2700.details.pronpeci14.i0.24405bca9S5xfj\">Item.<\/div>\n<\/td>\n<td style=\"height: 22px;\" colspan=\"3\">Mesa lateral<\/td>\n<\/tr>\n<tr style=\"height: 22px;\">\n<td style=\"height: 22px;\">\n<div>Materiais<\/div>\n<\/td>\n<td style=\"height: 22px;\" colspan=\"3\">\n<div>MDF + a\u00e7o inoxid\u00e1vel<\/div>\n<\/td>\n<\/tr>\n<tr style=\"height: 22px;\">\n<td style=\"height: 22px;\">\n<div>Cor<\/div>\n<\/td>\n<td style=\"height: 22px;\" colspan=\"3\">\n<div>Conforme seu pedido<\/div>\n<\/td>\n<\/tr>\n<tr style=\"height: 22px;\">\n<td style=\"height: 22px;\">\n<div>N.W.<\/div>\n<\/td>\n<td style=\"height: 22px;\" colspan=\"3\">\n<div>depende do design que voc\u00ea deseja<\/div>\n<\/td>\n<\/tr>\n<tr style=\"height: 44px;\">\n<td style=\"height: 44px;\">Tamanho<\/td>\n<td style=\"height: 44px;\" colspan=\"3\">500*500*600mm<\/td>\n<\/tr>\n<tr style=\"height: 22px;\">\n<td style=\"height: 22px;\">\n<div>Estilo<\/div>\n<\/td>\n<td style=\"height: 22px;\" colspan=\"3\">\n<div>Moderno<\/div>\n<\/td>\n<\/tr>\n<tr style=\"height: 22px;\">\n<td style=\"height: 22px;\">\n<div>Prazo de entrega<\/div>\n<\/td>\n<td style=\"height: 22px;\" colspan=\"3\">\n<div data-spm-anchor-id=\"a2700.details.pronpeci14.i1.24405bca9S5xfj\">45 dias ap\u00f3s o recebimento do dep\u00f3sito<\/div>\n<\/td>\n<\/tr>\n<tr style=\"height: 22px;\">\n<td style=\"height: 22px;\">\n<div>Porta de carregamento<\/div>\n<\/td>\n<td style=\"height: 22px;\" colspan=\"3\">\n<div>Xangai<\/div>\n<\/td>\n<\/tr>\n<tr style=\"height: 22px;\">\n<td style=\"height: 22px;\">\n<div>MOQ<\/div>\n<\/td>\n<td style=\"height: 22px;\" colspan=\"3\">\n<div>Entre em contato conosco<\/div>\n<\/td>\n<\/tr>\n<tr style=\"height: 22px;\">\n<td style=\"height: 66px;\" rowspan=\"3\">\n<div>Observa\u00e7\u00e3o<\/div>\n<\/td>\n<td style=\"height: 22px;\" colspan=\"3\">\n<div>1. o projeto do cliente \u00e9 aceito<\/div>\n<\/td>\n<\/tr>\n<tr style=\"height: 22px;\">\n<td style=\"height: 22px;\" colspan=\"3\">\n<div>2. certifique-se de que os produtos, como tamanho, n\u00famero do modelo, material e quantidade, sejam fornecidos na primeira vez, e voc\u00ea obter\u00e1 um bom pre\u00e7o<\/div>\n<\/td>\n<\/tr>\n<tr style=\"height: 22px;\">\n<td style=\"height: 22px;\" colspan=\"3\">\n<div>3. todos os pre\u00e7os dos produtos est\u00e3o sujeitos \u00e0 nossa confirma\u00e7\u00e3o final<\/div>\n<\/td>\n<\/tr>\n<tr style=\"height: 22px;\">\n<td style=\"height: 22px;\">\n<div>Garantia<\/div>\n<\/td>\n<td style=\"height: 22px;\" colspan=\"3\">\n<div>1 ano<\/div>\n<\/td>\n<\/tr>\n<\/tbody>\n<\/table>\n<h2>Sobre a mesa lateral<\/h2>\n<p><span style=\"font-size: 14pt; font-family: georgia, palatino;\">O que estamos mais acostumados a fazer na vida \u00e9 colocar uma mesa de centro na borda do sof\u00e1. Na verdade, al\u00e9m dela, tamb\u00e9m podemos colocar muitos outros m\u00f3veis, como mesas laterais e arm\u00e1rios laterais. Esses pequenos m\u00f3veis n\u00e3o s\u00f3 nos proporcionam certa conveni\u00eancia, mas tamb\u00e9m embelezam toda a sala de estar.<\/span><\/p>\n<p><span style=\"font-size: 14pt; font-family: georgia, palatino;\">Com algumas pe\u00e7as pequenas de mob\u00edlia na borda do sof\u00e1, podemos descansar facilmente no sof\u00e1. Seja para tomar ch\u00e1, caf\u00e9 ou colocar lanches, n\u00e3o h\u00e1 necessidade de se preocupar com a falta de lugar para coloc\u00e1-los.<\/span><\/p>\n<p><span style=\"font-size: 14pt; font-family: georgia, palatino;\">Cansado da combina\u00e7\u00e3o tradicional de sof\u00e1s, o padr\u00e3o do sof\u00e1 pode ser abandonado. A combina\u00e7\u00e3o da lateral do sof\u00e1 \u00e9 a tend\u00eancia da sala de estar moderna. Ela n\u00e3o apenas desempenha o papel de decora\u00e7\u00e3o, mas tamb\u00e9m faz com que o sof\u00e1 pare\u00e7a menos mon\u00f3tono e tamb\u00e9m pode colocar itens, como lumin\u00e1rias de mesa. Al\u00e9m disso, pode colocar itens, como lumin\u00e1rias de mesa, telefones celulares, jornais de impurezas etc. Al\u00e9m de poder ser armazenado, ele tamb\u00e9m torna o espa\u00e7o mais pessoal.<\/span><\/p>","protected":false},"excerpt":{"rendered":"<p>Side table Specification of Side table Item. Side table Materials MDF+stainless steel Color As your order N.W. depend on the design you want Size 500*500*600mm Style Modern Delivery time 45 days after receiving deposit Loading port Shanghai MOQ please contact us Remark 1.Customer design is accepted 2.Make sure the products such as Size,Model No,Material,and Quantity [&hellip;]<\/p>\n","protected":false},"featured_media":2151,"template":"","meta":{"_seopress_robots_primary_cat":"118","_seopress_titles_title":"Side table | the choice of tired of the traditional sofa combination | Jade Ant","_seopress_titles_desc":"Side table:Tired of the traditional sofa combination, the sofa pattern can be abandoned. The combination of the sofa side is the trend of the modern living room. It not only plays the role of decoration, but also makes the sofa look less monotonous, and can also place items","_seopress_robots_index":"","_joinchat":[]},"product_brand":[],"product_cat":[118,135],"product_tag":[],"class_list":{"0":"post-596","1":"product","2":"type-product","3":"status-publish","4":"has-post-thumbnail","6":"product_cat-livingroom-furniture","7":"product_cat-side-table","9":"first","10":"instock","11":"shipping-taxable","12":"product-type-simple"},"_links":{"self":[{"href":"https:\/\/jadeant.com\/pt\/wp-json\/wp\/v2\/product\/596","targetHints":{"allow":["GET"]}}],"collection":[{"href":"https:\/\/jadeant.com\/pt\/wp-json\/wp\/v2\/product"}],"about":[{"href":"https:\/\/jadeant.com\/pt\/wp-json\/wp\/v2\/types\/product"}],"version-history":[{"count":1,"href":"https:\/\/jadeant.com\/pt\/wp-json\/wp\/v2\/product\/596\/revisions"}],"predecessor-version":[{"id":2296,"href":"https:\/\/jadeant.com\/pt\/wp-json\/wp\/v2\/product\/596\/revisions\/2296"}],"wp:featuredmedia":[{"embeddable":true,"href":"https:\/\/jadeant.com\/pt\/wp-json\/wp\/v2\/media\/2151"}],"wp:attachment":[{"href":"https:\/\/jadeant.com\/pt\/wp-json\/wp\/v2\/media?parent=596"}],"wp:term":[{"taxonomy":"product_brand","embeddable":true,"href":"https:\/\/jadeant.com\/pt\/wp-json\/wp\/v2\/product_brand?post=596"},{"taxonomy":"product_cat","embeddable":true,"href":"https:\/\/jadeant.com\/pt\/wp-json\/wp\/v2\/product_cat?post=596"},{"taxonomy":"product_tag","embeddable":true,"href":"https:\/\/jadeant.com\/pt\/wp-json\/wp\/v2\/product_tag?post=596"}],"curies":[{"name":"wp","href":"https:\/\/api.w.org\/{rel}","templated":true}]}}