{"id":602,"date":"2019-08-03T11:26:00","date_gmt":"2019-08-03T11:26:00","guid":{"rendered":"https:\/\/www.jadeant.com\/?post_type=product&#038;p=602"},"modified":"2025-03-17T12:26:15","modified_gmt":"2025-03-17T12:26:15","slug":"console-table","status":"publish","type":"product","link":"https:\/\/jadeant.com\/pt\/produto\/console-table\/","title":{"rendered":"Mesa de console"},"content":{"rendered":"<h1>Mesa de console<\/h1>\n<h2><span style=\"font-size: 14pt; font-family: georgia, palatino;\">Especifica\u00e7\u00e3o da mesa de console<\/span><\/h2>\n<table class=\"aliDataTable\" style=\"width: 61%; height: 330px;\">\n<tbody>\n<tr style=\"height: 22px;\">\n<td style=\"height: 22px;\">\n<div data-spm-anchor-id=\"a2700.details.pronpeci14.i0.24405bca9S5xfj\">Item.<\/div>\n<\/td>\n<td style=\"height: 22px;\" colspan=\"3\">Mesa de console<\/td>\n<\/tr>\n<tr style=\"height: 22px;\">\n<td style=\"height: 22px;\">\n<div>Materiais<\/div>\n<\/td>\n<td style=\"height: 22px;\" colspan=\"3\">\n<div>MDF + a\u00e7o inoxid\u00e1vel<\/div>\n<\/td>\n<\/tr>\n<tr style=\"height: 22px;\">\n<td style=\"height: 22px;\">\n<div>Cor<\/div>\n<\/td>\n<td style=\"height: 22px;\" colspan=\"3\">\n<div>Conforme seu pedido<\/div>\n<\/td>\n<\/tr>\n<tr style=\"height: 22px;\">\n<td style=\"height: 22px;\">\n<div>N.W.<\/div>\n<\/td>\n<td style=\"height: 22px;\" colspan=\"3\">\n<div>depende do design que voc\u00ea deseja<\/div>\n<\/td>\n<\/tr>\n<tr style=\"height: 44px;\">\n<td style=\"height: 44px;\">Tamanho<\/td>\n<td style=\"height: 44px;\" colspan=\"3\">1200*350*850mm<\/td>\n<\/tr>\n<tr style=\"height: 22px;\">\n<td style=\"height: 22px;\">\n<div>Estilo<\/div>\n<\/td>\n<td style=\"height: 22px;\" colspan=\"3\">\n<div>Moderno<\/div>\n<\/td>\n<\/tr>\n<tr style=\"height: 22px;\">\n<td style=\"height: 22px;\">\n<div>Prazo de entrega<\/div>\n<\/td>\n<td style=\"height: 22px;\" colspan=\"3\">\n<div data-spm-anchor-id=\"a2700.details.pronpeci14.i1.24405bca9S5xfj\">45 dias ap\u00f3s o recebimento do dep\u00f3sito<\/div>\n<\/td>\n<\/tr>\n<tr style=\"height: 22px;\">\n<td style=\"height: 22px;\">\n<div>Porta de carregamento<\/div>\n<\/td>\n<td style=\"height: 22px;\" colspan=\"3\">\n<div>Xangai<\/div>\n<\/td>\n<\/tr>\n<tr style=\"height: 22px;\">\n<td style=\"height: 22px;\">\n<div>MOQ<\/div>\n<\/td>\n<td style=\"height: 22px;\" colspan=\"3\">\n<div>Entre em contato conosco<\/div>\n<\/td>\n<\/tr>\n<tr style=\"height: 22px;\">\n<td style=\"height: 66px;\" rowspan=\"3\">\n<div>Observa\u00e7\u00e3o<\/div>\n<\/td>\n<td style=\"height: 22px;\" colspan=\"3\">\n<div>1. o projeto do cliente \u00e9 aceito<\/div>\n<\/td>\n<\/tr>\n<tr style=\"height: 22px;\">\n<td style=\"height: 22px;\" colspan=\"3\">\n<div>2. certifique-se de que os produtos, como tamanho, n\u00famero do modelo, material e quantidade, sejam fornecidos na primeira vez, e voc\u00ea obter\u00e1 um bom pre\u00e7o<\/div>\n<\/td>\n<\/tr>\n<tr style=\"height: 22px;\">\n<td style=\"height: 22px;\" colspan=\"3\">\n<div>3. todos os pre\u00e7os dos produtos est\u00e3o sujeitos \u00e0 nossa confirma\u00e7\u00e3o final<\/div>\n<\/td>\n<\/tr>\n<tr style=\"height: 22px;\">\n<td style=\"height: 22px;\">\n<div>Garantia<\/div>\n<\/td>\n<td style=\"height: 22px;\" colspan=\"3\">\n<div>1 ano<\/div>\n<\/td>\n<\/tr>\n<\/tbody>\n<\/table>\n<h2>Sobre a mesa de console<\/h2>\n<p><span style=\"font-family: georgia, palatino; font-size: 14pt;\">Entrada: Tamb\u00e9m conhecido como hall de entrada, refere-se a um espa\u00e7o de giro entre a entrada do edif\u00edcio e o sal\u00e3o principal. A arquitetura tradicional do Leste Asi\u00e1tico tem o conceito de \"oculto\". A entrada \u00e9 o amortecedor fora da casa e da casa, de modo que h\u00e1 uma certa separa\u00e7\u00e3o entre o exterior e a casa.<\/span><\/p>\n<p><span style=\"font-family: georgia, palatino; font-size: 14pt;\">Primeiro, o papel da entrada<\/span><\/p>\n<p><span style=\"font-family: georgia, palatino; font-size: 14pt;\">1. \u00c9 para manter a privacidade do propriet\u00e1rio. Evite que o h\u00f3spede veja o c\u00f4modo inteiro assim que entrar pela porta, ou seja, use a divis\u00f3ria de madeira ou vidro na entrada, desenhe uma \u00e1rea, bloqueie-a visualmente, esse \u00e9 o papel do console.<\/span><\/p>\n<p><span style=\"font-family: georgia, palatino; font-size: 14pt;\">2. \u00c9 para fins de decora\u00e7\u00e3o. A primeira coisa que vi na entrada foi a entrada, que foi a sensa\u00e7\u00e3o inicial de que o h\u00f3spede estava entrando na fam\u00edlia vindo do mundo exterior. Pode-se dizer que o design da varanda \u00e9 o design condensado do design geral do designer, que d\u00e1 o toque final na decora\u00e7\u00e3o do c\u00f4modo.<\/span><\/p>\n<p><span style=\"font-family: georgia, palatino; font-size: 14pt;\">3. A decora\u00e7\u00e3o da entrada deve ser coordenada com o estilo de decora\u00e7\u00e3o de toda a casa, que desempenha o papel de conectar o alto e o baixo.<\/span><\/p>","protected":false},"excerpt":{"rendered":"<p>Console table Specification of Console table Item. Console table Materials MDF+stainless steel Color As your order N.W. depend on the design you want Size 1200*350*850mm Style Modern Delivery time 45 days after receiving deposit Loading port Shanghai MOQ please contact us Remark 1.Customer design is accepted 2.Make sure the products such as Size,Model No,Material,and Quantity [&hellip;]<\/p>\n","protected":false},"featured_media":2056,"template":"","meta":{"_seopress_robots_primary_cat":"118","_seopress_titles_title":"Console table | Make decoration for the entrance | Jade Ant","_seopress_titles_desc":"The usage of the concole table:to maintain the privacy of the owner,also for the purpose of decoration,The decoration of the entrance should be coordinated with the decoration style of the whole house, which plays a role of connecting the up and down.","_seopress_robots_index":"","_joinchat":[]},"product_brand":[],"product_cat":[136,118],"product_tag":[],"class_list":{"0":"post-602","1":"product","2":"type-product","3":"status-publish","4":"has-post-thumbnail","6":"product_cat-console-table","7":"product_cat-livingroom-furniture","9":"first","10":"instock","11":"shipping-taxable","12":"product-type-simple"},"_links":{"self":[{"href":"https:\/\/jadeant.com\/pt\/wp-json\/wp\/v2\/product\/602","targetHints":{"allow":["GET"]}}],"collection":[{"href":"https:\/\/jadeant.com\/pt\/wp-json\/wp\/v2\/product"}],"about":[{"href":"https:\/\/jadeant.com\/pt\/wp-json\/wp\/v2\/types\/product"}],"version-history":[{"count":1,"href":"https:\/\/jadeant.com\/pt\/wp-json\/wp\/v2\/product\/602\/revisions"}],"predecessor-version":[{"id":2294,"href":"https:\/\/jadeant.com\/pt\/wp-json\/wp\/v2\/product\/602\/revisions\/2294"}],"wp:featuredmedia":[{"embeddable":true,"href":"https:\/\/jadeant.com\/pt\/wp-json\/wp\/v2\/media\/2056"}],"wp:attachment":[{"href":"https:\/\/jadeant.com\/pt\/wp-json\/wp\/v2\/media?parent=602"}],"wp:term":[{"taxonomy":"product_brand","embeddable":true,"href":"https:\/\/jadeant.com\/pt\/wp-json\/wp\/v2\/product_brand?post=602"},{"taxonomy":"product_cat","embeddable":true,"href":"https:\/\/jadeant.com\/pt\/wp-json\/wp\/v2\/product_cat?post=602"},{"taxonomy":"product_tag","embeddable":true,"href":"https:\/\/jadeant.com\/pt\/wp-json\/wp\/v2\/product_tag?post=602"}],"curies":[{"name":"wp","href":"https:\/\/api.w.org\/{rel}","templated":true}]}}