{"id":607,"date":"2019-07-31T22:34:32","date_gmt":"2019-07-31T22:34:32","guid":{"rendered":"https:\/\/www.jadeant.com\/?post_type=product&#038;p=607"},"modified":"2025-03-17T12:37:48","modified_gmt":"2025-03-17T12:37:48","slug":"entryway-table","status":"publish","type":"product","link":"https:\/\/jadeant.com\/pt\/produto\/entryway-table\/","title":{"rendered":"mesa de entrada"},"content":{"rendered":"<h1>Mesa de entrada<\/h1>\n<h2><span style=\"font-size: 14pt; font-family: georgia, palatino;\">Especifica\u00e7\u00e3o da mesa de entrada<\/span><\/h2>\n<table class=\"aliDataTable\" style=\"width: 61%; height: 330px;\">\n<tbody>\n<tr style=\"height: 22px;\">\n<td style=\"height: 22px;\">\n<div data-spm-anchor-id=\"a2700.details.pronpeci14.i0.24405bca9S5xfj\">Item.<\/div>\n<\/td>\n<td style=\"height: 22px;\" colspan=\"3\">mesa de entrada<\/td>\n<\/tr>\n<tr style=\"height: 22px;\">\n<td style=\"height: 22px;\">\n<div>Materiais<\/div>\n<\/td>\n<td style=\"height: 22px;\" colspan=\"3\">\n<div>estrutura de madeira +MDF<\/div>\n<\/td>\n<\/tr>\n<tr style=\"height: 22px;\">\n<td style=\"height: 22px;\">\n<div>Cor<\/div>\n<\/td>\n<td style=\"height: 22px;\" colspan=\"3\">\n<div>Conforme seu pedido<\/div>\n<\/td>\n<\/tr>\n<tr style=\"height: 22px;\">\n<td style=\"height: 22px;\">\n<div>N.W.<\/div>\n<\/td>\n<td style=\"height: 22px;\" colspan=\"3\">\n<div>depende do design que voc\u00ea deseja<\/div>\n<\/td>\n<\/tr>\n<tr style=\"height: 44px;\">\n<td style=\"height: 44px;\">Tamanho<\/td>\n<td style=\"height: 44px;\" colspan=\"3\">1280*380*850<\/td>\n<\/tr>\n<tr style=\"height: 22px;\">\n<td style=\"height: 22px;\">\n<div>Estilo<\/div>\n<\/td>\n<td style=\"height: 22px;\" colspan=\"3\">\n<div>Moderno<\/div>\n<\/td>\n<\/tr>\n<tr style=\"height: 22px;\">\n<td style=\"height: 22px;\">\n<div>Prazo de entrega<\/div>\n<\/td>\n<td style=\"height: 22px;\" colspan=\"3\">\n<div data-spm-anchor-id=\"a2700.details.pronpeci14.i1.24405bca9S5xfj\">45 dias ap\u00f3s o recebimento do dep\u00f3sito<\/div>\n<\/td>\n<\/tr>\n<tr style=\"height: 22px;\">\n<td style=\"height: 22px;\">\n<div>Porta de carregamento<\/div>\n<\/td>\n<td style=\"height: 22px;\" colspan=\"3\">\n<div>Xangai<\/div>\n<\/td>\n<\/tr>\n<tr style=\"height: 22px;\">\n<td style=\"height: 22px;\">\n<div>MOQ<\/div>\n<\/td>\n<td style=\"height: 22px;\" colspan=\"3\">\n<div>Entre em contato conosco<\/div>\n<\/td>\n<\/tr>\n<tr style=\"height: 22px;\">\n<td style=\"height: 66px;\" rowspan=\"3\">\n<div>Observa\u00e7\u00e3o<\/div>\n<\/td>\n<td style=\"height: 22px;\" colspan=\"3\">\n<div>1. o projeto do cliente \u00e9 aceito<\/div>\n<\/td>\n<\/tr>\n<tr style=\"height: 22px;\">\n<td style=\"height: 22px;\" colspan=\"3\">\n<div>2. certifique-se de que os produtos, como tamanho, n\u00famero do modelo, material e quantidade, sejam fornecidos na primeira vez, e voc\u00ea obter\u00e1 um bom pre\u00e7o<\/div>\n<\/td>\n<\/tr>\n<tr style=\"height: 22px;\">\n<td style=\"height: 22px;\" colspan=\"3\">\n<div>3. todos os pre\u00e7os dos produtos est\u00e3o sujeitos \u00e0 nossa confirma\u00e7\u00e3o final<\/div>\n<\/td>\n<\/tr>\n<tr style=\"height: 22px;\">\n<td style=\"height: 22px;\">\n<div>Garantia<\/div>\n<\/td>\n<td style=\"height: 22px;\" colspan=\"3\">\n<div>1 ano<\/div>\n<\/td>\n<\/tr>\n<\/tbody>\n<\/table>\n<h2>Sobre a mesa de entrada<\/h2>\n<p><span style=\"font-family: georgia, palatino; font-size: 14pt;\">Como um espa\u00e7o de transi\u00e7\u00e3o para entrar no interior, a entrada \u00e9 de grande import\u00e2ncia, tanto em termos de design de decora\u00e7\u00e3o quanto de vento e \u00e1gua. O feng shui est\u00e1 relacionado ao cultivo da harmonia familiar e do contexto interpessoal, afetando assim a fortuna da fam\u00edlia. Ent\u00e3o, o que o feng shui \u00e9 bom na mesa da varanda? A seguir, vamos dar uma olhada em alguns dos ornamentos para ver se a sua casa se encaixa.<\/span><\/p>\n<p><span style=\"font-family: georgia, palatino; font-size: 14pt;\">1, plantas<\/span><\/p>\n<p><span style=\"font-family: georgia, palatino; font-size: 14pt;\">\u00a0\u00a0\u00a0\u00a0\u00a0\u00a0\u00a0\u00a0\u00c9 muito adequado colocar algumas plantas com significado auspicioso. Elas n\u00e3o s\u00f3 podem purificar as impurezas venenosas do g\u00e1s, mas tamb\u00e9m aumentar a raiva dentro da casa, de modo que as pessoas possam manter um estado de esp\u00edrito agrad\u00e1vel, mas evite colocar algumas plantas espinhosas, caso contr\u00e1rio, elas destruir\u00e3o o bem. Feng Shui.<\/span><\/p>\n<p><span style=\"font-family: georgia, palatino; font-size: 14pt;\">2, flores<\/span><\/p>\n<p><span style=\"font-family: georgia, palatino; font-size: 14pt;\">\u00a0\u00a0\u00a0\u00a0\u00a0\u00a0\u00a0De acordo com os diferentes estados de esp\u00edrito, as flores brilhantes de diferentes estilos tamb\u00e9m s\u00e3o muito inteligentes, o que pode contribuir efetivamente para o sabor da vida. Al\u00e9m disso, observar a cor da natureza todos os dias tamb\u00e9m pode atrair pessoas boas, mas tente escolher uma bacia redonda ao selecionar, o que \u00e9 mais prop\u00edcio para as pegadas humanas.<\/span><br \/>\n<span style=\"font-family: georgia, palatino; font-size: 14pt;\">Terceiro, a decora\u00e7\u00e3o do processo<\/span><\/p>\n<p><span style=\"font-family: georgia, palatino; font-size: 14pt;\">\u00a03, artesanato\u00a0<\/span><\/p>\n<p><span style=\"font-family: georgia, palatino; font-size: 14pt;\">\u00a0O uso de ornamentos artesanais nessa \u00e1rea tamb\u00e9m \u00e9 muito alto, mas, como decora\u00e7\u00e3o, lembre-se de n\u00e3o colidir com o zod\u00edaco da fam\u00edlia, caso contr\u00e1rio, isso levar\u00e1 ao fen\u00f4meno de entrar pela porta.<\/span><\/p>\n<p><span style=\"font-family: georgia, palatino; font-size: 14pt;\">4, su\u00ed\u00e7o pequeno<\/span><\/p>\n<p><span style=\"font-family: georgia, palatino; font-size: 14pt;\">\u00a0\u00a0\u00a0\u00a0\u00a0\u00a0Por exemplo, na posi\u00e7\u00e3o da parede da porta, h\u00e1 um gato da sorte ou um burro. Essa \u00e9 a pr\u00e1tica de muitas fam\u00edlias. H\u00e1 muito conhecimento sobre o Feng Shui. Al\u00e9m das coisas que podem ser colocadas, h\u00e1 muitas coisas que s\u00e3o f\u00e1ceis de causar inveja, portanto, n\u00e3o as coloque.<\/span><\/p>","protected":false},"excerpt":{"rendered":"<p>Entryway table Specification of Entryway table Item. entryway table Materials wood frame +MDF Color As your order N.W. depend on the design you want Size 1280*380*850 Style Modern Delivery time 45 days after receiving deposit Loading port Shanghai MOQ please contact us Remark 1.Customer design is accepted 2.Make sure the products such as Size,Model No,Material,and [&hellip;]<\/p>\n","protected":false},"featured_media":2188,"template":"","meta":{"_seopress_robots_primary_cat":"118","_seopress_titles_title":"Entryway table | Make decoration for the entrance | Jade Ant","_seopress_titles_desc":"Entryway table:As a transitional space to enter the interior, the entrance is of great significance, both in terms of decoration design and wind and water. The feng shui feng shui is related to the cultivation of family harmony and interpersonal context, thus affecting the family's fortune.","_seopress_robots_index":"","_joinchat":[]},"product_brand":[],"product_cat":[136,118],"product_tag":[],"class_list":{"0":"post-607","1":"product","2":"type-product","3":"status-publish","4":"has-post-thumbnail","6":"product_cat-console-table","7":"product_cat-livingroom-furniture","9":"first","10":"instock","11":"shipping-taxable","12":"product-type-simple"},"_links":{"self":[{"href":"https:\/\/jadeant.com\/pt\/wp-json\/wp\/v2\/product\/607","targetHints":{"allow":["GET"]}}],"collection":[{"href":"https:\/\/jadeant.com\/pt\/wp-json\/wp\/v2\/product"}],"about":[{"href":"https:\/\/jadeant.com\/pt\/wp-json\/wp\/v2\/types\/product"}],"version-history":[{"count":1,"href":"https:\/\/jadeant.com\/pt\/wp-json\/wp\/v2\/product\/607\/revisions"}],"predecessor-version":[{"id":2302,"href":"https:\/\/jadeant.com\/pt\/wp-json\/wp\/v2\/product\/607\/revisions\/2302"}],"wp:featuredmedia":[{"embeddable":true,"href":"https:\/\/jadeant.com\/pt\/wp-json\/wp\/v2\/media\/2188"}],"wp:attachment":[{"href":"https:\/\/jadeant.com\/pt\/wp-json\/wp\/v2\/media?parent=607"}],"wp:term":[{"taxonomy":"product_brand","embeddable":true,"href":"https:\/\/jadeant.com\/pt\/wp-json\/wp\/v2\/product_brand?post=607"},{"taxonomy":"product_cat","embeddable":true,"href":"https:\/\/jadeant.com\/pt\/wp-json\/wp\/v2\/product_cat?post=607"},{"taxonomy":"product_tag","embeddable":true,"href":"https:\/\/jadeant.com\/pt\/wp-json\/wp\/v2\/product_tag?post=607"}],"curies":[{"name":"wp","href":"https:\/\/api.w.org\/{rel}","templated":true}]}}