{"id":613,"date":"2019-08-04T03:45:09","date_gmt":"2019-08-04T03:45:09","guid":{"rendered":"https:\/\/www.jadeant.com\/?post_type=product&#038;p=613"},"modified":"2025-03-17T12:24:06","modified_gmt":"2025-03-17T12:24:06","slug":"entrance-hall-table","status":"publish","type":"product","link":"https:\/\/jadeant.com\/pt\/produto\/entrance-hall-table\/","title":{"rendered":"Mesa para hall de entrada"},"content":{"rendered":"<h1>Mesa do hall de entrada<\/h1>\n<h2><span style=\"font-size: 14pt; font-family: georgia, palatino;\">Especifica\u00e7\u00e3o da mesa do hall de entrada<\/span><\/h2>\n<table class=\"aliDataTable\" style=\"width: 61%; height: 308px;\">\n<tbody>\n<tr style=\"height: 22px;\">\n<td style=\"height: 22px;\">\n<div data-spm-anchor-id=\"a2700.details.pronpeci14.i0.24405bca9S5xfj\">Item.<\/div>\n<\/td>\n<td style=\"height: 22px;\" colspan=\"3\">Mesa do hall de entrada<\/td>\n<\/tr>\n<tr style=\"height: 22px;\">\n<td style=\"height: 22px;\">\n<div>Materiais<\/div>\n<\/td>\n<td style=\"height: 22px;\" colspan=\"3\">\n<div>MDF + a\u00e7o inoxid\u00e1vel<\/div>\n<\/td>\n<\/tr>\n<tr style=\"height: 22px;\">\n<td style=\"height: 22px;\">\n<div>Cor<\/div>\n<\/td>\n<td style=\"height: 22px;\" colspan=\"3\">\n<div>Conforme seu pedido<\/div>\n<\/td>\n<\/tr>\n<tr style=\"height: 22px;\">\n<td style=\"height: 22px;\">\n<div>N.W.<\/div>\n<\/td>\n<td style=\"height: 22px;\" colspan=\"3\">\n<div>depende do design que voc\u00ea deseja<\/div>\n<\/td>\n<\/tr>\n<tr style=\"height: 44px;\">\n<td style=\"height: 44px;\">Tamanho<\/td>\n<td style=\"height: 44px;\" colspan=\"3\">1200*400*850mm<\/td>\n<\/tr>\n<tr style=\"height: 22px;\">\n<td style=\"height: 22px;\">\n<div>Estilo<\/div>\n<\/td>\n<td style=\"height: 22px;\" colspan=\"3\">\n<div>Moderno<\/div>\n<\/td>\n<\/tr>\n<tr style=\"height: 22px;\">\n<td style=\"height: 22px;\">\n<div>Prazo de entrega<\/div>\n<\/td>\n<td style=\"height: 22px;\" colspan=\"3\">\n<div data-spm-anchor-id=\"a2700.details.pronpeci14.i1.24405bca9S5xfj\">45 dias ap\u00f3s o recebimento do dep\u00f3sito<\/div>\n<\/td>\n<\/tr>\n<tr style=\"height: 22px;\">\n<td style=\"height: 22px;\">\n<div>Porta de carregamento<\/div>\n<\/td>\n<td style=\"height: 22px;\" colspan=\"3\">\n<div>Xangai<\/div>\n<\/td>\n<\/tr>\n<tr style=\"height: 22px;\">\n<td style=\"height: 22px;\">\n<div>MOQ<\/div>\n<\/td>\n<td style=\"height: 22px;\" colspan=\"3\">\n<div>Entre em contato conosco<\/div>\n<\/td>\n<\/tr>\n<tr style=\"height: 22px;\">\n<td style=\"height: 66px;\" rowspan=\"3\">\n<div>Observa\u00e7\u00e3o<\/div>\n<\/td>\n<td style=\"height: 22px;\" colspan=\"3\">\n<div>1. o projeto do cliente \u00e9 aceito<\/div>\n<\/td>\n<\/tr>\n<tr style=\"height: 22px;\">\n<td style=\"height: 22px;\" colspan=\"3\">\n<div>2. certifique-se de que os produtos, como tamanho, n\u00famero do modelo, material e quantidade, sejam fornecidos na primeira vez, e voc\u00ea obter\u00e1 um bom pre\u00e7o<\/div>\n<\/td>\n<\/tr>\n<tr style=\"height: 22px;\">\n<td style=\"height: 22px;\" colspan=\"3\">\n<div>3. todos os pre\u00e7os dos produtos est\u00e3o sujeitos \u00e0 nossa confirma\u00e7\u00e3o final<\/div>\n<\/td>\n<\/tr>\n<tr style=\"height: 22px;\">\n<td style=\"height: 22px;\">\n<div>Garantia<\/div>\n<\/td>\n<td style=\"height: 22px;\" colspan=\"3\">\n<div>1 ano<\/div>\n<\/td>\n<\/tr>\n<\/tbody>\n<\/table>\n<h2>Sobre a mesa do hall de entrada<\/h2>\n<p><span style=\"font-size: 14pt; font-family: georgia, palatino;\">A entrada \u00e9 a fachada da casa, e o estilo da entrada \u00e9 a primeira impress\u00e3o dos convidados. Como porta de toque final, n\u00e3o importa o estilo do espa\u00e7o da casa, primeiro voc\u00ea deve ser bonito! A verdadeira mesa de varanda de alto valor, al\u00e9m do formato bonito e dos materiais elegantes, n\u00e3o pode ser separada dos detalhes finos, do entalhe requintado e de outros detalhes intrigantes.<\/span><\/p>\n<p><span style=\"font-size: 14pt; font-family: georgia, palatino;\">O corredor \u00e9 uma \u00e1rea de movimenta\u00e7\u00e3o frequente. Para n\u00e3o afetar a entrada e a sa\u00edda dos dois lados, \u00e9 melhor que os m\u00f3veis da varanda n\u00e3o sejam muito grandes. A forma curva e elegante n\u00e3o s\u00f3 trar\u00e1 uma sensa\u00e7\u00e3o de fluidez ao espa\u00e7o, mas tamb\u00e9m causar\u00e1 inc\u00f4modo ao propriet\u00e1rio devido aos cantos afiados e \u00e0s bordas r\u00edgidas. !<\/span><\/p>\n<p><span style=\"font-size: 14pt; font-family: georgia, palatino;\">Os corredores internos geralmente n\u00e3o s\u00e3o muito grandes, especialmente se houver portas em ambos os lados, o que inevitavelmente parece ser apertado. A mob\u00edlia da entrada \u00e9 um tornozelo, afinal, essa n\u00e3o \u00e9 a principal \u00e1rea de armazenamento. Al\u00e9m das fun\u00e7\u00f5es pr\u00e1ticas de armazenamento, voc\u00ea pode lidar com o final da parede: uma pintura decorativa \u00e0 m\u00e3o livre, um formato de parede elegante e fresco, pode criar um belo clima de caminho sinuoso!<\/span><\/p>","protected":false},"excerpt":{"rendered":"<p>Entrance hall table Specification of Entrance hall table Item. Entrance hall table Materials MDF+stainless steel Color As your order N.W. depend on the design you want Size 1200*400*850mm Style Modern Delivery time 45 days after receiving deposit Loading port Shanghai MOQ please contact us Remark 1.Customer design is accepted 2.Make sure the products such as [&hellip;]<\/p>\n","protected":false},"featured_media":1714,"template":"","meta":{"_seopress_robots_primary_cat":"118","_seopress_titles_title":"Entrance hall table | Make decoration for the entrance | Jade Ant","_seopress_titles_desc":"The entrance is the facade of the home, and the style of the entrance is the first impression of the guests. As the finishing touchgate, no matter what style of home space, you must first be beautiful","_seopress_robots_index":"","_joinchat":[]},"product_brand":[],"product_cat":[136,118],"product_tag":[],"class_list":{"0":"post-613","1":"product","2":"type-product","3":"status-publish","4":"has-post-thumbnail","6":"product_cat-console-table","7":"product_cat-livingroom-furniture","9":"first","10":"instock","11":"shipping-taxable","12":"product-type-simple"},"_links":{"self":[{"href":"https:\/\/jadeant.com\/pt\/wp-json\/wp\/v2\/product\/613","targetHints":{"allow":["GET"]}}],"collection":[{"href":"https:\/\/jadeant.com\/pt\/wp-json\/wp\/v2\/product"}],"about":[{"href":"https:\/\/jadeant.com\/pt\/wp-json\/wp\/v2\/types\/product"}],"version-history":[{"count":1,"href":"https:\/\/jadeant.com\/pt\/wp-json\/wp\/v2\/product\/613\/revisions"}],"predecessor-version":[{"id":2293,"href":"https:\/\/jadeant.com\/pt\/wp-json\/wp\/v2\/product\/613\/revisions\/2293"}],"wp:featuredmedia":[{"embeddable":true,"href":"https:\/\/jadeant.com\/pt\/wp-json\/wp\/v2\/media\/1714"}],"wp:attachment":[{"href":"https:\/\/jadeant.com\/pt\/wp-json\/wp\/v2\/media?parent=613"}],"wp:term":[{"taxonomy":"product_brand","embeddable":true,"href":"https:\/\/jadeant.com\/pt\/wp-json\/wp\/v2\/product_brand?post=613"},{"taxonomy":"product_cat","embeddable":true,"href":"https:\/\/jadeant.com\/pt\/wp-json\/wp\/v2\/product_cat?post=613"},{"taxonomy":"product_tag","embeddable":true,"href":"https:\/\/jadeant.com\/pt\/wp-json\/wp\/v2\/product_tag?post=613"}],"curies":[{"name":"wp","href":"https:\/\/api.w.org\/{rel}","templated":true}]}}