{"id":619,"date":"2019-07-31T23:01:58","date_gmt":"2019-07-31T23:01:58","guid":{"rendered":"https:\/\/www.jadeant.com\/?post_type=product&#038;p=619"},"modified":"2025-03-17T12:36:30","modified_gmt":"2025-03-17T12:36:30","slug":"home-office-desk","status":"publish","type":"product","link":"https:\/\/jadeant.com\/pt\/produto\/home-office-desk\/","title":{"rendered":"Mesa de escrit\u00f3rio dom\u00e9stico"},"content":{"rendered":"<h1>Mesa de escrit\u00f3rio dom\u00e9stico<\/h1>\n<h2><span style=\"font-size: 14pt; font-family: georgia, palatino;\">Especifica\u00e7\u00e3o da mesa de escrit\u00f3rio dom\u00e9stico<\/span><\/h2>\n<table class=\"aliDataTable\" style=\"width: 61%; height: 308px;\">\n<tbody>\n<tr style=\"height: 22px;\">\n<td style=\"height: 22px;\">\n<div data-spm-anchor-id=\"a2700.details.pronpeci14.i0.24405bca9S5xfj\">Item.<\/div>\n<\/td>\n<td style=\"height: 22px;\" colspan=\"3\">Mesa de escrit\u00f3rio dom\u00e9stico<\/td>\n<\/tr>\n<tr style=\"height: 22px;\">\n<td style=\"height: 22px;\">\n<div>Materiais<\/div>\n<\/td>\n<td style=\"height: 22px;\" colspan=\"3\">\n<div>MDF + a\u00e7o inoxid\u00e1vel<\/div>\n<\/td>\n<\/tr>\n<tr style=\"height: 22px;\">\n<td style=\"height: 22px;\">\n<div>Cor<\/div>\n<\/td>\n<td style=\"height: 22px;\" colspan=\"3\">\n<div>Conforme seu pedido<\/div>\n<\/td>\n<\/tr>\n<tr style=\"height: 22px;\">\n<td style=\"height: 22px;\">\n<div>N.W.<\/div>\n<\/td>\n<td style=\"height: 22px;\" colspan=\"3\">\n<div>depende do design que voc\u00ea deseja<\/div>\n<\/td>\n<\/tr>\n<tr style=\"height: 44px;\">\n<td style=\"height: 44px;\">Tamanho<\/td>\n<td style=\"height: 44px;\" colspan=\"3\">1400*700*750mm<\/td>\n<\/tr>\n<tr style=\"height: 22px;\">\n<td style=\"height: 22px;\">\n<div>Estilo<\/div>\n<\/td>\n<td style=\"height: 22px;\" colspan=\"3\">\n<div>Moderno<\/div>\n<\/td>\n<\/tr>\n<tr style=\"height: 22px;\">\n<td style=\"height: 22px;\">\n<div>Prazo de entrega<\/div>\n<\/td>\n<td style=\"height: 22px;\" colspan=\"3\">\n<div data-spm-anchor-id=\"a2700.details.pronpeci14.i1.24405bca9S5xfj\">45 dias ap\u00f3s o recebimento do dep\u00f3sito<\/div>\n<\/td>\n<\/tr>\n<tr style=\"height: 22px;\">\n<td style=\"height: 22px;\">\n<div>Porta de carregamento<\/div>\n<\/td>\n<td style=\"height: 22px;\" colspan=\"3\">\n<div>Xangai<\/div>\n<\/td>\n<\/tr>\n<tr style=\"height: 22px;\">\n<td style=\"height: 22px;\">\n<div>MOQ<\/div>\n<\/td>\n<td style=\"height: 22px;\" colspan=\"3\">\n<div>Entre em contato conosco<\/div>\n<\/td>\n<\/tr>\n<tr style=\"height: 22px;\">\n<td style=\"height: 66px;\" rowspan=\"3\">\n<div>Observa\u00e7\u00e3o<\/div>\n<\/td>\n<td style=\"height: 22px;\" colspan=\"3\">\n<div>1. o projeto do cliente \u00e9 aceito<\/div>\n<\/td>\n<\/tr>\n<tr style=\"height: 22px;\">\n<td style=\"height: 22px;\" colspan=\"3\">\n<div>2. certifique-se de que os produtos, como tamanho, n\u00famero do modelo, material e quantidade, sejam fornecidos na primeira vez, e voc\u00ea obter\u00e1 um bom pre\u00e7o<\/div>\n<\/td>\n<\/tr>\n<tr style=\"height: 22px;\">\n<td style=\"height: 22px;\" colspan=\"3\">\n<div>3. todos os pre\u00e7os dos produtos est\u00e3o sujeitos \u00e0 nossa confirma\u00e7\u00e3o final<\/div>\n<\/td>\n<\/tr>\n<tr style=\"height: 22px;\">\n<td style=\"height: 22px;\">\n<div>Garantia<\/div>\n<\/td>\n<td style=\"height: 22px;\" colspan=\"3\">\n<div>1 ano<\/div>\n<\/td>\n<\/tr>\n<\/tbody>\n<\/table>\n<h2>Sobre a mesa do escrit\u00f3rio dom\u00e9stico<\/h2>\n<p><span style=\"font-family: georgia, palatino; font-size: 14pt;\">A sala de estudos n\u00e3o \u00e9 apenas um local para estudar e relaxar, mas tamb\u00e9m um local para trabalhar no escrit\u00f3rio em casa, como uma continua\u00e7\u00e3o do local de trabalho do escrit\u00f3rio. O ambiente de estudo, bom ou ruim, pode afetar diretamente a utiliza\u00e7\u00e3o e o uso do estudo, e o mobili\u00e1rio de estudo \u00e9 o fator determinante mais importante.<\/span><\/p>\n<p><span style=\"font-family: georgia, palatino; font-size: 14pt;\">A escrivaninha \u00e9 um dos principais itens do escrit\u00f3rio e \u00e9 um item obrigat\u00f3rio. A localiza\u00e7\u00e3o \u00e9 especialmente importante. De acordo com a pr\u00e1tica tradicional chinesa, a escrivaninha geralmente fica voltada para o norte ou para o sul. De acordo com a estrutura do design do c\u00f4modo, a escrivaninha pode ser colocada ao norte ou ao sul. <\/span><\/p>\n<p><span style=\"font-family: georgia, palatino; font-size: 14pt;\">Ao coloc\u00e1-lo, \u00e9 melhor escolher um local pr\u00f3ximo \u00e0 janela para circula\u00e7\u00e3o de ar e luz solar. Mas \u00e9 melhor n\u00e3o ficar de frente para a janela. Se for o caso, a luz \u00e9 muito forte, o que pode causar cansa\u00e7o visual. Um aspecto a ser observado ao coloc\u00e1-la \u00e9 que a escrivaninha n\u00e3o deve estar voltada para a entrada do escrit\u00f3rio. Em termos de Feng Shui, isso n\u00e3o favorece a prosperidade da causa. Por outro lado, n\u00e3o \u00e9 conveniente para as pessoas que est\u00e3o no escrit\u00f3rio se concentrarem. Aprenda e trabalhe com paz de esp\u00edrito.<\/span><\/p>","protected":false},"excerpt":{"rendered":"<p>Home office desk Specification of Home office desk Item. Home office desk Materials MDF+stainless steel Color As your order N.W. depend on the design you want Size 1400*700*750mm Style Modern Delivery time 45 days after receiving deposit Loading port Shanghai MOQ please contact us Remark 1.Customer design is accepted 2.Make sure the products such as [&hellip;]<\/p>\n","protected":false},"featured_media":2113,"template":"","meta":{"_seopress_robots_primary_cat":"120","_seopress_titles_title":"Home office desk | Study furniture is the most important | Jade Ant","_seopress_titles_desc":"Home office desk:The studyroom is not only a place to study, and relax, but also a place to work in the office at home, as a continuation of the office work place. The study furniture is the most important determinant.","_seopress_robots_index":"","_joinchat":[]},"product_brand":[],"product_cat":[139,120,121,144],"product_tag":[],"class_list":{"0":"post-619","1":"product","2":"type-product","3":"status-publish","4":"has-post-thumbnail","6":"product_cat-home-office-table","7":"product_cat-home-office-furniture","8":"product_cat-kids-room-furniture","9":"product_cat-kids-room-study-desk","11":"first","12":"instock","13":"shipping-taxable","14":"product-type-simple"},"_links":{"self":[{"href":"https:\/\/jadeant.com\/pt\/wp-json\/wp\/v2\/product\/619","targetHints":{"allow":["GET"]}}],"collection":[{"href":"https:\/\/jadeant.com\/pt\/wp-json\/wp\/v2\/product"}],"about":[{"href":"https:\/\/jadeant.com\/pt\/wp-json\/wp\/v2\/types\/product"}],"version-history":[{"count":1,"href":"https:\/\/jadeant.com\/pt\/wp-json\/wp\/v2\/product\/619\/revisions"}],"predecessor-version":[{"id":2301,"href":"https:\/\/jadeant.com\/pt\/wp-json\/wp\/v2\/product\/619\/revisions\/2301"}],"wp:featuredmedia":[{"embeddable":true,"href":"https:\/\/jadeant.com\/pt\/wp-json\/wp\/v2\/media\/2113"}],"wp:attachment":[{"href":"https:\/\/jadeant.com\/pt\/wp-json\/wp\/v2\/media?parent=619"}],"wp:term":[{"taxonomy":"product_brand","embeddable":true,"href":"https:\/\/jadeant.com\/pt\/wp-json\/wp\/v2\/product_brand?post=619"},{"taxonomy":"product_cat","embeddable":true,"href":"https:\/\/jadeant.com\/pt\/wp-json\/wp\/v2\/product_cat?post=619"},{"taxonomy":"product_tag","embeddable":true,"href":"https:\/\/jadeant.com\/pt\/wp-json\/wp\/v2\/product_tag?post=619"}],"curies":[{"name":"wp","href":"https:\/\/api.w.org\/{rel}","templated":true}]}}