{"id":625,"date":"2019-08-02T22:10:34","date_gmt":"2019-08-02T22:10:34","guid":{"rendered":"https:\/\/www.jadeant.com\/?post_type=product&#038;p=625"},"modified":"2025-03-17T12:28:17","modified_gmt":"2025-03-17T12:28:17","slug":"morden-desk","status":"publish","type":"product","link":"https:\/\/jadeant.com\/pt\/produto\/morden-desk\/","title":{"rendered":"Mesa Morden"},"content":{"rendered":"<h1>Mesa Morden<\/h1>\n<h2><span style=\"font-size: 14pt; font-family: georgia, palatino;\">Especifica\u00e7\u00e3o da mesa Morden<\/span><\/h2>\n<table class=\"aliDataTable\" style=\"width: 61%; height: 308px;\">\n<tbody>\n<tr style=\"height: 22px;\">\n<td style=\"height: 22px;\">\n<div data-spm-anchor-id=\"a2700.details.pronpeci14.i0.24405bca9S5xfj\">Item.<\/div>\n<\/td>\n<td style=\"height: 22px;\" colspan=\"3\">Mesa Morden<\/td>\n<\/tr>\n<tr style=\"height: 22px;\">\n<td style=\"height: 22px;\">\n<div>Materiais<\/div>\n<\/td>\n<td style=\"height: 22px;\" colspan=\"3\">\n<div>MDF + a\u00e7o inoxid\u00e1vel<\/div>\n<\/td>\n<\/tr>\n<tr style=\"height: 22px;\">\n<td style=\"height: 22px;\">\n<div>Cor<\/div>\n<\/td>\n<td style=\"height: 22px;\" colspan=\"3\">\n<div>Conforme seu pedido<\/div>\n<\/td>\n<\/tr>\n<tr style=\"height: 22px;\">\n<td style=\"height: 22px;\">\n<div>N.W.<\/div>\n<\/td>\n<td style=\"height: 22px;\" colspan=\"3\">\n<div>depende do design que voc\u00ea deseja<\/div>\n<\/td>\n<\/tr>\n<tr style=\"height: 44px;\">\n<td style=\"height: 44px;\">Tamanho<\/td>\n<td style=\"height: 44px;\" colspan=\"3\">1400*500*750mm<\/td>\n<\/tr>\n<tr style=\"height: 22px;\">\n<td style=\"height: 22px;\">\n<div>Estilo<\/div>\n<\/td>\n<td style=\"height: 22px;\" colspan=\"3\">\n<div>Moderno<\/div>\n<\/td>\n<\/tr>\n<tr style=\"height: 22px;\">\n<td style=\"height: 22px;\">\n<div>Prazo de entrega<\/div>\n<\/td>\n<td style=\"height: 22px;\" colspan=\"3\">\n<div data-spm-anchor-id=\"a2700.details.pronpeci14.i1.24405bca9S5xfj\">45 dias ap\u00f3s o recebimento do dep\u00f3sito<\/div>\n<\/td>\n<\/tr>\n<tr style=\"height: 22px;\">\n<td style=\"height: 22px;\">\n<div>Porta de carregamento<\/div>\n<\/td>\n<td style=\"height: 22px;\" colspan=\"3\">\n<div>Xangai<\/div>\n<\/td>\n<\/tr>\n<tr style=\"height: 22px;\">\n<td style=\"height: 22px;\">\n<div>MOQ<\/div>\n<\/td>\n<td style=\"height: 22px;\" colspan=\"3\">\n<div>Entre em contato conosco<\/div>\n<\/td>\n<\/tr>\n<tr style=\"height: 22px;\">\n<td style=\"height: 66px;\" rowspan=\"3\">\n<div>Observa\u00e7\u00e3o<\/div>\n<\/td>\n<td style=\"height: 22px;\" colspan=\"3\">\n<div>1. o projeto do cliente \u00e9 aceito<\/div>\n<\/td>\n<\/tr>\n<tr style=\"height: 22px;\">\n<td style=\"height: 22px;\" colspan=\"3\">\n<div>2. certifique-se de que os produtos, como tamanho, n\u00famero do modelo, material e quantidade, sejam fornecidos na primeira vez, e voc\u00ea obter\u00e1 um bom pre\u00e7o<\/div>\n<\/td>\n<\/tr>\n<tr style=\"height: 22px;\">\n<td style=\"height: 22px;\" colspan=\"3\">\n<div>3. todos os pre\u00e7os dos produtos est\u00e3o sujeitos \u00e0 nossa confirma\u00e7\u00e3o final<\/div>\n<\/td>\n<\/tr>\n<tr style=\"height: 22px;\">\n<td style=\"height: 22px;\">\n<div>Garantia<\/div>\n<\/td>\n<td style=\"height: 22px;\" colspan=\"3\">\n<div>1 ano<\/div>\n<\/td>\n<\/tr>\n<\/tbody>\n<\/table>\n<h2>Sobre a mesa Morden<\/h2>\n<p><span style=\"font-size: 14pt; font-family: georgia, palatino;\">A sala de estudos faz parte da vida dom\u00e9stica, portanto, deve ter uma atmosfera de trabalho, mas tamb\u00e9m pode ser integrada a outras resid\u00eancias, mostrando um forte senso de vida. A mob\u00edlia de estudo inclui principalmente estantes, estantes, escrivaninhas, assentos e alguns computadores que podem ser adicionados conforme necess\u00e1rio. Em circunst\u00e2ncias normais, a altura da escrivaninha deve levar em conta as atividades das pernas sob a mesa; o assento deve ser combinado com a escrivaninha, de modo que a altura seja adequada e o uso seja mais confort\u00e1vel.<\/span><\/p>\n<p><span style=\"font-size: 14pt; font-family: georgia, palatino;\">Quanto ao papel do escrit\u00f3rio, o principal \u00e9 permitir que as pessoas nesse espa\u00e7o sintam a fragr\u00e2ncia do livro. Todas as estantes de livros s\u00e3o equipamentos essenciais. Ao planejar a fun\u00e7\u00e3o da casa, sempre deve haver uma sala de estudos. Projetado para criar um estudo mais confort\u00e1vel e c\u00f4modo.<\/span><\/p>\n<p><span style=\"font-size: 14pt; font-family: georgia, palatino;\">Ao projetar m\u00f3veis de estudo, voc\u00ea deve dominar os quatro requisitos, ou seja, dar prioridade \u00e0s fun\u00e7\u00f5es, enquanto a est\u00e9tica, o conforto e a durabilidade s\u00e3o fatores a serem considerados em termos de condi\u00e7\u00f5es abrangentes, mas, a partir dos requisitos espec\u00edficos, h\u00e1 uma necessidade de aprendizado muito profunda. O estudo e o pensamento, como o fato de ser pr\u00e1tico ou n\u00e3o, sempre ocupam a posi\u00e7\u00e3o principal. A partir de uma cadeira, pode-se ver se o designer se importa, se as costas e os quadris desfrutam do conforto da fun\u00e7\u00e3o e n\u00e3o se concentram na arte. O \u00e2ngulo da decora\u00e7\u00e3o.<\/span><\/p>","protected":false},"excerpt":{"rendered":"<p>Morden desk Specification of Morden desk Item. Morden desk Materials MDF+stainless steel Color As your order N.W. depend on the design you want Size 1400*500*750mm Style Modern Delivery time 45 days after receiving deposit Loading port Shanghai MOQ please contact us Remark 1.Customer design is accepted 2.Make sure the products such as Size,Model No,Material,and Quantity [&hellip;]<\/p>\n","protected":false},"featured_media":2245,"template":"","meta":{"_seopress_robots_primary_cat":"120","_seopress_titles_title":"Morden desk | Study furniture is the most important | Jade Ant","_seopress_titles_desc":"Morden desk:The study furniture mainly includes bookshelves, bookcases, writing desks, seats, and some computers that can be added as needed. Under normal circumstances, the height of the desk should take into account the activities of the legs under the table","_seopress_robots_index":"","_joinchat":[]},"product_brand":[],"product_cat":[139,120,121,144],"product_tag":[],"class_list":{"0":"post-625","1":"product","2":"type-product","3":"status-publish","4":"has-post-thumbnail","6":"product_cat-home-office-table","7":"product_cat-home-office-furniture","8":"product_cat-kids-room-furniture","9":"product_cat-kids-room-study-desk","11":"first","12":"instock","13":"shipping-taxable","14":"product-type-simple"},"_links":{"self":[{"href":"https:\/\/jadeant.com\/pt\/wp-json\/wp\/v2\/product\/625","targetHints":{"allow":["GET"]}}],"collection":[{"href":"https:\/\/jadeant.com\/pt\/wp-json\/wp\/v2\/product"}],"about":[{"href":"https:\/\/jadeant.com\/pt\/wp-json\/wp\/v2\/types\/product"}],"version-history":[{"count":1,"href":"https:\/\/jadeant.com\/pt\/wp-json\/wp\/v2\/product\/625\/revisions"}],"predecessor-version":[{"id":2295,"href":"https:\/\/jadeant.com\/pt\/wp-json\/wp\/v2\/product\/625\/revisions\/2295"}],"wp:featuredmedia":[{"embeddable":true,"href":"https:\/\/jadeant.com\/pt\/wp-json\/wp\/v2\/media\/2245"}],"wp:attachment":[{"href":"https:\/\/jadeant.com\/pt\/wp-json\/wp\/v2\/media?parent=625"}],"wp:term":[{"taxonomy":"product_brand","embeddable":true,"href":"https:\/\/jadeant.com\/pt\/wp-json\/wp\/v2\/product_brand?post=625"},{"taxonomy":"product_cat","embeddable":true,"href":"https:\/\/jadeant.com\/pt\/wp-json\/wp\/v2\/product_cat?post=625"},{"taxonomy":"product_tag","embeddable":true,"href":"https:\/\/jadeant.com\/pt\/wp-json\/wp\/v2\/product_tag?post=625"}],"curies":[{"name":"wp","href":"https:\/\/api.w.org\/{rel}","templated":true}]}}