{"id":804,"date":"2020-04-03T02:43:19","date_gmt":"2020-04-03T02:43:19","guid":{"rendered":"https:\/\/www.jadeant.com\/?post_type=product&#038;p=804"},"modified":"2025-03-17T12:18:20","modified_gmt":"2025-03-17T12:18:20","slug":"bedroom-sets","status":"publish","type":"product","link":"https:\/\/jadeant.com\/pt\/produto\/bedroom-sets\/","title":{"rendered":"Conjuntos de quarto - m\u00f3veis fabricados na China"},"content":{"rendered":"<h1>Conjuntos de quarto - m\u00f3veis fabricados na China<\/h1>\n<p>&nbsp;<\/p>\n<h2>Descri\u00e7\u00e3o do produto Conjuntos de quarto -<a href=\"https:\/\/jadeant.com\/pt\/\">m\u00f3veis fabricados na China<\/a><\/h2>\n<p>Ent\u00e3o voc\u00ea est\u00e1 procurando uma cama nova no mercado. \u00d3timo, mas lembre-se de que, durante a vida \u00fatil m\u00e9dia de 10 anos de uma cama, voc\u00ea passar\u00e1 cerca de 29.000 horas nela. Portanto, vale a pena ser cauteloso ao comprar uma cama, especialmente quando se trata de escolher os estrados. Aqui est\u00e3o algumas dicas de bom senso para que voc\u00ea seja um feliz propriet\u00e1rio da cama que lhe proporcionar\u00e1 bons sonhos.<\/p>\n<p>Primeiro, voc\u00ea vai querer uma cama que seja grande o suficiente para voc\u00ea e seu parceiro. Mas qual \u00e9 o tamanho suficiente de uma cama king size, queen size ou normal? H\u00e1 apenas uma maneira de descobrir: Deite-se na futura cama com os bra\u00e7os esticados nas laterais. Isso lhe dar\u00e1 uma ideia de quanto espa\u00e7o voc\u00ea precisa (mais o de seu parceiro).<\/p>\n<p>\u00c9 claro que voc\u00ea tamb\u00e9m precisa levar em conta sua altura. A ideia \u00e9 que voc\u00ea precise do m\u00e1ximo de espa\u00e7o para ficar confort\u00e1vel enquanto dorme, sem cair ou acordar seu parceiro. E, sim, voc\u00ea precisa ter certeza de que ele se encaixa confortavelmente em seu quarto, deixando espa\u00e7o suficiente ao redor.<\/p>\n<p>Em seguida, vem a altura da cama. Voc\u00ea deve subir e descer da cama com facilidade, o que, em outras palavras, significa que as estruturas da cama devem ter a altura certa. Novamente, \u00e9 melhor tentar subir e descer da cama enquanto estiver escolhendo a certa.<br \/>\nPor fim, considere cuidadosamente a marca e o pre\u00e7o. Embora todas as camas baratas n\u00e3o sejam ruins, as de marca t\u00eam muito a seu favor, como qualidade e garantia. Elas n\u00e3o se tornariam conhecidas \u00e0 toa. Mas o fato de a cama ser cara n\u00e3o significa que seja a melhor.<\/p>\n<h2>Dicas para escolher colch\u00f5es<\/h2>\n<p>Como um ter\u00e7o de sua vida \u00e9 passado dormindo, n\u00e3o tenha pressa e considere as seguintes recomenda\u00e7\u00f5es antes de comprar um colch\u00e3o novo:<\/p>\n<p>-O colch\u00e3o certo \u00e9 uma quest\u00e3o de prefer\u00eancia pessoal. Nenhum colch\u00e3o \u00e9 adequado para todos. Escolha um colch\u00e3o que permita um equil\u00edbrio entre o suporte adequado para as costas e o conforto. N\u00e3o se esque\u00e7a de que ele deve se ajustar confortavelmente \u00e0 estrutura da cama.<\/p>\n<h2>Especifica\u00e7\u00e3o dos jogos de quarto - m\u00f3veis fabricados na China<\/h2>\n<table style=\"height: 616px;\">\n<tbody>\n<tr style=\"height: 54px;\">\n<td style=\"width: 148px; height: 54px;\" valign=\"center\"><span data-spm-anchor-id=\"a2700.details.pronpeci14.i2.7a8549bbKXJeWy\">Tamanho do colch\u00e3o:<\/span><\/td>\n<td style=\"width: 575px; height: 54px;\" valign=\"center\">\u00a0180*200CM<\/td>\n<\/tr>\n<tr style=\"height: 54px;\">\n<td style=\"width: 148px; height: 162px;\" rowspan=\"3\" valign=\"center\">Material principal:<\/td>\n<td style=\"width: 575px; height: 54px;\" valign=\"center\"><span data-spm-anchor-id=\"a2700.details.pronpeci14.i1.7a8549bbKXJeWy\">1. Estrutura de madeira:\u00a0<\/span>Boa qualidade da madeira de b\u00e9tula<\/td>\n<\/tr>\n<tr style=\"height: 54px;\">\n<td style=\"width: 575px; height: 54px;\" valign=\"center\">2. Espuma original de alta densidade<\/td>\n<\/tr>\n<tr style=\"height: 54px;\">\n<td style=\"width: 575px; height: 54px;\" valign=\"center\">3. Pode mudar o material de acordo com sua necessidade (PU\/PVC\/Linho\/Microfibra)<\/td>\n<\/tr>\n<tr style=\"height: 54px;\">\n<td style=\"width: 148px; height: 54px;\" valign=\"center\">Personalizar m\u00f3veis:<\/td>\n<td style=\"width: 575px; height: 54px;\" valign=\"center\">Aceita OEM e ODM.<\/td>\n<\/tr>\n<tr style=\"height: 76px;\">\n<td style=\"width: 148px; height: 130px;\" rowspan=\"2\" valign=\"center\">Detalhe da embalagem:<\/td>\n<td style=\"width: 575px; height: 76px;\" valign=\"center\">5 camadas de caixa marrom padr\u00e3o para exporta\u00e7\u00e3o + espuma EPE ou saco pl\u00e1stico + caixa marrom.<\/td>\n<\/tr>\n<tr style=\"height: 54px;\">\n<td style=\"width: 575px; height: 54px;\" valign=\"center\">O design do comprador para a embalagem \u00e9 aceit\u00e1vel.<\/td>\n<\/tr>\n<tr style=\"height: 54px;\">\n<td style=\"width: 148px; height: 54px;\" valign=\"center\">Porto de carregamento :<\/td>\n<td style=\"width: 575px; height: 54px;\" valign=\"center\">Xangai, China.<\/td>\n<\/tr>\n<tr style=\"height: 54px;\">\n<td style=\"width: 148px; height: 54px;\" valign=\"center\">Data de entrega:<\/td>\n<td style=\"width: 575px; height: 54px;\" valign=\"center\">30 a 45 dias ap\u00f3s o recebimento do dep\u00f3sito.<\/td>\n<\/tr>\n<tr style=\"height: 54px;\">\n<td style=\"width: 148px; height: 54px;\" valign=\"center\">Pagamento:<\/td>\n<td style=\"width: 575px; height: 54px;\" valign=\"center\">TT, L\/C \u00e0 vista.<\/td>\n<\/tr>\n<\/tbody>\n<\/table>","protected":false},"excerpt":{"rendered":"<p>Bedroom sets -furniture made in China &nbsp; Product Description of Bedroom sets &#8211;furniture made in China So you are browsing the market for a new bed. Super, but remember that during the average 10-year lifespan of a bed you will spend about 29,000 hours in it. So it pays to be cautious while purchasing one, [&hellip;]<\/p>\n","protected":false},"featured_media":1752,"template":"","meta":{"_seopress_robots_primary_cat":"117","_seopress_titles_title":"Bedroom sets -furniture made in China factory | Jade Ant","_seopress_titles_desc":"You are browsing the market for a new bedroom sets. Super, but remember that during the average 10-year lifespan of a bed you will spend about 29,000 hours in it","_seopress_robots_index":"","_joinchat":[]},"product_brand":[],"product_cat":[122,117],"product_tag":[],"class_list":{"0":"post-804","1":"product","2":"type-product","3":"status-publish","4":"has-post-thumbnail","6":"product_cat-bed","7":"product_cat-bedroom-furniture","9":"first","10":"instock","11":"featured","12":"shipping-taxable","13":"product-type-simple"},"_links":{"self":[{"href":"https:\/\/jadeant.com\/pt\/wp-json\/wp\/v2\/product\/804","targetHints":{"allow":["GET"]}}],"collection":[{"href":"https:\/\/jadeant.com\/pt\/wp-json\/wp\/v2\/product"}],"about":[{"href":"https:\/\/jadeant.com\/pt\/wp-json\/wp\/v2\/types\/product"}],"version-history":[{"count":1,"href":"https:\/\/jadeant.com\/pt\/wp-json\/wp\/v2\/product\/804\/revisions"}],"predecessor-version":[{"id":2290,"href":"https:\/\/jadeant.com\/pt\/wp-json\/wp\/v2\/product\/804\/revisions\/2290"}],"wp:featuredmedia":[{"embeddable":true,"href":"https:\/\/jadeant.com\/pt\/wp-json\/wp\/v2\/media\/1752"}],"wp:attachment":[{"href":"https:\/\/jadeant.com\/pt\/wp-json\/wp\/v2\/media?parent=804"}],"wp:term":[{"taxonomy":"product_brand","embeddable":true,"href":"https:\/\/jadeant.com\/pt\/wp-json\/wp\/v2\/product_brand?post=804"},{"taxonomy":"product_cat","embeddable":true,"href":"https:\/\/jadeant.com\/pt\/wp-json\/wp\/v2\/product_cat?post=804"},{"taxonomy":"product_tag","embeddable":true,"href":"https:\/\/jadeant.com\/pt\/wp-json\/wp\/v2\/product_tag?post=804"}],"curies":[{"name":"wp","href":"https:\/\/api.w.org\/{rel}","templated":true}]}}