{"id":812,"date":"2020-04-04T02:52:26","date_gmt":"2020-04-04T02:52:26","guid":{"rendered":"https:\/\/www.jadeant.com\/?post_type=product&#038;p=812"},"modified":"2025-03-17T12:16:39","modified_gmt":"2025-03-17T12:16:39","slug":"bed-bath-and-beyond-near-me","status":"publish","type":"product","link":"https:\/\/jadeant.com\/pt\/produto\/bed-bath-and-beyond-near-me\/","title":{"rendered":"Bed bath and beyond perto de mim-M\u00f3veis da China"},"content":{"rendered":"<h1>Bed bath and beyond perto de mim-M\u00f3veis da China<\/h1>\n<p>&nbsp;<\/p>\n<h2>Descri\u00e7\u00e3o do produto <a href=\"https:\/\/jadeant.com\/pt\/categoria-produto\/bedroom-furniture\/bed\/\">Bed bath and beyond perto de mim<\/a>-M\u00f3veis da China<\/h2>\n<p>Quando nossas camas n\u00e3o oferecem mais suporte e conforto adequados, isso afeta a qualidade do nosso sono. Muitas vezes, as pessoas n\u00e3o sabem que suas camas podem ser um dos motivos pelos quais n\u00e3o est\u00e3o dormindo bem.<\/p>\n<p>As camas n\u00e3o duram para sempre - a vida \u00fatil \u00e9 afetada por fatores como a qualidade da cama, os cuidados, a quantidade de uso e o fato de dormir todas as noites versus o uso ocasional de camas sobressalentes. Mudan\u00e7as no estilo de vida e em nosso corpo tamb\u00e9m podem exigir a troca da cama.<\/p>\n<p>Um colch\u00e3o precisar\u00e1 ser substitu\u00eddo se voc\u00ea come\u00e7ar a acordar com dores que geralmente desaparecem com o passar do dia. Seu padr\u00e3o de sono \u00e9 afetado e voc\u00ea n\u00e3o dorme t\u00e3o bem quanto antes. Outras camas parecem mais confort\u00e1veis e voc\u00ea prefere dormir nelas em vez de na sua pr\u00f3pria cama. O desgaste do colch\u00e3o tamb\u00e9m pode ter um papel importante no conforto do seu sono. Os colch\u00f5es geralmente come\u00e7am a ceder ou rasgar \u00e0 medida que os materiais se desgastam.<\/p>\n<p>Ter uma cama confort\u00e1vel desempenha um papel muito importante para ter uma boa noite de sono e pode ajud\u00e1-lo a se sentir revigorado e pronto para enfrentar o mundo.<\/p>\n<p>Existem centenas de tipos diferentes de camas no mercado atualmente e n\u00e3o h\u00e1 um tipo espec\u00edfico para problemas de coluna etc. O melhor conselho \u00e9 experimentar o m\u00e1ximo de tipos diferentes que puder e encontrar um em que voc\u00ea se sinta confort\u00e1vel. A melhor recomenda\u00e7\u00e3o \u00e9 experimentar o maior n\u00famero poss\u00edvel de tipos diferentes e encontrar aquele em que voc\u00ea se sinta mais confort\u00e1vel deitado. Abaixo est\u00e1 um breve guia, cortesia do Conselho do Sono, sobre como escolher uma boa cama<\/p>\n<p>&nbsp;<\/p>\n<p>Decida suas prioridades e preocupa\u00e7\u00f5es com anteced\u00eancia. Por exemplo, \u00e9 :-<\/p>\n<p>pre\u00e7o, armazenamento, acesso ao quarto, virar o colch\u00e3o, entrar e sair da cama, tamanho geral, forma, um problema de sa\u00fade, etc<\/p>\n<p>Se poss\u00edvel, experimente uma sele\u00e7\u00e3o de camas para compara\u00e7\u00e3o antes de comprar.<\/p>\n<p>Compre para obter o suporte e o conforto corretos para seu peso e constitui\u00e7\u00e3o f\u00edsica, e n\u00e3o apenas a firmeza.<\/p>\n<p>Deite-se em sua posi\u00e7\u00e3o normal de dormir e fa\u00e7a algumas curvas tamb\u00e9m. Use roupas confort\u00e1veis e remova qualquer equipamento externo.<\/p>\n<p>Experimentem juntos, se as camas forem para dois.<\/p>\n<p>N\u00e3o se esque\u00e7a de que uma cama \u00e9 um colch\u00e3o e uma base que trabalham juntos - n\u00e3o os considere isoladamente.<\/p>\n<p>Pense grande - camas maiores s\u00e3o mais confort\u00e1veis.<\/p>\n<p>Voc\u00ea recebe o que paga, tanto no produto quanto no servi\u00e7o, portanto, gaste o m\u00e1ximo que puder.<\/p>\n<p>Lembre-se de que voc\u00ea passar\u00e1 mais de 29.000 horas em sua cama durante sua vida \u00fatil (10 anos), portanto, vale a pena dedicar um pouco de tempo e esfor\u00e7o no in\u00edcio para ter certeza de que fez a escolha certa.<\/p>\n<h2>Especifica\u00e7\u00e3o da cama, mesa e banho perto de mim - M\u00f3veis da China<\/h2>\n<table style=\"height: 616px;\">\n<tbody>\n<tr style=\"height: 54px;\">\n<td style=\"width: 148px; height: 54px;\" valign=\"center\"><span data-spm-anchor-id=\"a2700.details.pronpeci14.i2.7a8549bbKXJeWy\">Tamanho do colch\u00e3o:<\/span><\/td>\n<td style=\"width: 575px; height: 54px;\" valign=\"center\">\u00a0180*200CM<\/td>\n<\/tr>\n<tr style=\"height: 54px;\">\n<td style=\"width: 148px; height: 162px;\" rowspan=\"3\" valign=\"center\">Material principal:<\/td>\n<td style=\"width: 575px; height: 54px;\" valign=\"center\"><span data-spm-anchor-id=\"a2700.details.pronpeci14.i1.7a8549bbKXJeWy\">1. Estrutura de madeira:\u00a0<\/span>Boa qualidade da madeira de b\u00e9tula<\/td>\n<\/tr>\n<tr style=\"height: 54px;\">\n<td style=\"width: 575px; height: 54px;\" valign=\"center\">2. Espuma original de alta densidade<\/td>\n<\/tr>\n<tr style=\"height: 54px;\">\n<td style=\"width: 575px; height: 54px;\" valign=\"center\">3. Pode mudar o material de acordo com sua necessidade (PU\/PVC\/Linho\/Microfibra)<\/td>\n<\/tr>\n<tr style=\"height: 54px;\">\n<td style=\"width: 148px; height: 54px;\" valign=\"center\">Personalizar m\u00f3veis:<\/td>\n<td style=\"width: 575px; height: 54px;\" valign=\"center\">Aceita OEM e ODM.<\/td>\n<\/tr>\n<tr style=\"height: 76px;\">\n<td style=\"width: 148px; height: 130px;\" rowspan=\"2\" valign=\"center\">Detalhe da embalagem:<\/td>\n<td style=\"width: 575px; height: 76px;\" valign=\"center\">5 camadas de caixa marrom padr\u00e3o para exporta\u00e7\u00e3o + espuma EPE ou saco pl\u00e1stico + caixa marrom.<\/td>\n<\/tr>\n<tr style=\"height: 54px;\">\n<td style=\"width: 575px; height: 54px;\" valign=\"center\">O design do comprador para a embalagem \u00e9 aceit\u00e1vel.<\/td>\n<\/tr>\n<tr style=\"height: 54px;\">\n<td style=\"width: 148px; height: 54px;\" valign=\"center\">Porto de carregamento :<\/td>\n<td style=\"width: 575px; height: 54px;\" valign=\"center\">Xangai, China.<\/td>\n<\/tr>\n<tr style=\"height: 54px;\">\n<td style=\"width: 148px; height: 54px;\" valign=\"center\">Data de entrega:<\/td>\n<td style=\"width: 575px; height: 54px;\" valign=\"center\">30 a 45 dias ap\u00f3s o recebimento do dep\u00f3sito.<\/td>\n<\/tr>\n<tr style=\"height: 54px;\">\n<td style=\"width: 148px; height: 54px;\" valign=\"center\">Pagamento:<\/td>\n<td style=\"width: 575px; height: 54px;\" valign=\"center\">TT, L\/C \u00e0 vista.<\/td>\n<\/tr>\n<\/tbody>\n<\/table>","protected":false},"excerpt":{"rendered":"<p>Bed bath and beyond near me-Furniture from China &nbsp; Product Description of Bed bath and beyond near me-Furniture from China When our beds are no longer providing proper support and comfort, it affects the quality of our sleep. People are often unaware that their beds may be one of the reasons why they are not [&hellip;]<\/p>\n","protected":false},"featured_media":1748,"template":"","meta":{"_seopress_robots_primary_cat":"117","_seopress_titles_title":"Bed bath and beyond near me-Furniture from China | Jade Ant","_seopress_titles_desc":"When Bed bath and beyond near me are no longer providing proper support and comfort, it affects the quality of our sleep. People are often unaware that their beds may be one of the reasons why they are not sleeping well.","_seopress_robots_index":"","_joinchat":[]},"product_brand":[],"product_cat":[122,117],"product_tag":[],"class_list":{"0":"post-812","1":"product","2":"type-product","3":"status-publish","4":"has-post-thumbnail","6":"product_cat-bed","7":"product_cat-bedroom-furniture","9":"first","10":"instock","11":"featured","12":"shipping-taxable","13":"product-type-simple"},"_links":{"self":[{"href":"https:\/\/jadeant.com\/pt\/wp-json\/wp\/v2\/product\/812","targetHints":{"allow":["GET"]}}],"collection":[{"href":"https:\/\/jadeant.com\/pt\/wp-json\/wp\/v2\/product"}],"about":[{"href":"https:\/\/jadeant.com\/pt\/wp-json\/wp\/v2\/types\/product"}],"version-history":[{"count":1,"href":"https:\/\/jadeant.com\/pt\/wp-json\/wp\/v2\/product\/812\/revisions"}],"predecessor-version":[{"id":2289,"href":"https:\/\/jadeant.com\/pt\/wp-json\/wp\/v2\/product\/812\/revisions\/2289"}],"wp:featuredmedia":[{"embeddable":true,"href":"https:\/\/jadeant.com\/pt\/wp-json\/wp\/v2\/media\/1748"}],"wp:attachment":[{"href":"https:\/\/jadeant.com\/pt\/wp-json\/wp\/v2\/media?parent=812"}],"wp:term":[{"taxonomy":"product_brand","embeddable":true,"href":"https:\/\/jadeant.com\/pt\/wp-json\/wp\/v2\/product_brand?post=812"},{"taxonomy":"product_cat","embeddable":true,"href":"https:\/\/jadeant.com\/pt\/wp-json\/wp\/v2\/product_cat?post=812"},{"taxonomy":"product_tag","embeddable":true,"href":"https:\/\/jadeant.com\/pt\/wp-json\/wp\/v2\/product_tag?post=812"}],"curies":[{"name":"wp","href":"https:\/\/api.w.org\/{rel}","templated":true}]}}