{"id":838,"date":"2020-04-09T02:28:53","date_gmt":"2020-04-09T02:28:53","guid":{"rendered":"https:\/\/www.jadeant.com\/?post_type=product&#038;p=838"},"modified":"2025-03-17T12:14:09","modified_gmt":"2025-03-17T12:14:09","slug":"luxury-bed-design","status":"publish","type":"product","link":"https:\/\/jadeant.com\/pt\/produto\/luxury-bed-design\/","title":{"rendered":"Design de cama de luxo"},"content":{"rendered":"<h1>Design de cama de luxo - M\u00f3veis da China<\/h1>\n<p>&nbsp;<\/p>\n<h2>Descri\u00e7\u00e3o do produto Cama de luxo com design - M\u00f3veis da China<\/h2>\n<p>N\u00e3o deixe que sua cama seja uma reflex\u00e3o tardia. Sua cama ser\u00e1 o objeto mais proeminente do quarto, portanto, ela deve combinar com o tema do quarto, em termos de cor, tamanho e estilo. Uma cama enorme em um quarto pequeno provavelmente parecer\u00e1 fora de lugar, assim como uma cama de quatro colunas em um quarto com m\u00f3veis modernos e elegantes.<\/p>\n<p>Tamanhos de cama<\/p>\n<p>Os tamanhos de cama mais populares s\u00e3o king, queen, twin e a cada vez mais popular California king. A California king \u00e9 estreita e longa, em vez do formato quadrado da cama king tradicional. Certifique-se de ter as dimens\u00f5es exatas de sua cama antes de comprar colch\u00f5es, pois os fabricantes de camas \u00e0s vezes n\u00e3o seguem exatamente os tamanhos de cama padr\u00e3o.<\/p>\n<p>Estilos de cama<\/p>\n<p>N\u00e3o confunda tamanhos de cama com estilos de cama. Os estilos de cama referem-se \u00e0 cabeceira e ao estribo. A base de qualquer cama ainda \u00e9 o colch\u00e3o e a estrutura, que s\u00f3 variam externamente em termos dos tamanhos listados acima.<\/p>\n<p>Daybed. Daybeds s\u00e3o camas de solteiro. O que as torna especiais \u00e9 que elas podem funcionar como sof\u00e1s se forem colocadas contra a parede. Por serem compactas e vers\u00e1teis, as daybeds s\u00e3o \u00f3timas para espa\u00e7os pequenos.<\/p>\n<p>Plataforma. As camas de plataforma s\u00e3o elegantemente simples e combinam com praticamente qualquer estilo de decora\u00e7\u00e3o.<\/p>\n<p>Cama Sleigh. As camas Sleigh t\u00eam cabeceiras e p\u00e9s curvos que se parecem com um tren\u00f3. H\u00e1 designs de cama sleigh mais simples e mais modernos, portanto, voc\u00ea pode comprar uma, mesmo se estiver procurando um quarto com apar\u00eancia mais moderna.<\/p>\n<h2>Especifica\u00e7\u00e3o do design de cama de luxo - M\u00f3veis da China<\/h2>\n<table style=\"height: 616px;\">\n<tbody>\n<tr style=\"height: 54px;\">\n<td style=\"width: 148px; height: 54px;\" valign=\"center\"><span data-spm-anchor-id=\"a2700.details.pronpeci14.i2.7a8549bbKXJeWy\">Tamanho do colch\u00e3o:<\/span><\/td>\n<td style=\"width: 575px; height: 54px;\" valign=\"center\">\u00a0180*200CM<\/td>\n<\/tr>\n<tr style=\"height: 54px;\">\n<td style=\"width: 148px; height: 162px;\" rowspan=\"3\" valign=\"center\">Material principal:<\/td>\n<td style=\"width: 575px; height: 54px;\" valign=\"center\"><span data-spm-anchor-id=\"a2700.details.pronpeci14.i1.7a8549bbKXJeWy\">1. Estrutura de madeira:\u00a0<\/span>Boa qualidade da madeira de b\u00e9tula<\/td>\n<\/tr>\n<tr style=\"height: 54px;\">\n<td style=\"width: 575px; height: 54px;\" valign=\"center\">2. Espuma original de alta densidade<\/td>\n<\/tr>\n<tr style=\"height: 54px;\">\n<td style=\"width: 575px; height: 54px;\" valign=\"center\">3. Pode mudar o material de acordo com sua necessidade (PU\/PVC\/Linho\/Microfibra)<\/td>\n<\/tr>\n<tr style=\"height: 54px;\">\n<td style=\"width: 148px; height: 54px;\" valign=\"center\">Personalizar m\u00f3veis:<\/td>\n<td style=\"width: 575px; height: 54px;\" valign=\"center\">Aceita OEM e ODM.<\/td>\n<\/tr>\n<tr style=\"height: 76px;\">\n<td style=\"width: 148px; height: 130px;\" rowspan=\"2\" valign=\"center\">Detalhe da embalagem:<\/td>\n<td style=\"width: 575px; height: 76px;\" valign=\"center\">5 camadas de caixa marrom padr\u00e3o para exporta\u00e7\u00e3o + espuma EPE ou saco pl\u00e1stico + caixa marrom.<\/td>\n<\/tr>\n<tr style=\"height: 54px;\">\n<td style=\"width: 575px; height: 54px;\" valign=\"center\">O design do comprador para a embalagem \u00e9 aceit\u00e1vel.<\/td>\n<\/tr>\n<tr style=\"height: 54px;\">\n<td style=\"width: 148px; height: 54px;\" valign=\"center\">Porto de carregamento :<\/td>\n<td style=\"width: 575px; height: 54px;\" valign=\"center\">Xangai, China.<\/td>\n<\/tr>\n<tr style=\"height: 54px;\">\n<td style=\"width: 148px; height: 54px;\" valign=\"center\">Data de entrega:<\/td>\n<td style=\"width: 575px; height: 54px;\" valign=\"center\">30 a 45 dias ap\u00f3s o recebimento do dep\u00f3sito.<\/td>\n<\/tr>\n<tr style=\"height: 54px;\">\n<td style=\"width: 148px; height: 54px;\" valign=\"center\">Pagamento:<\/td>\n<td style=\"width: 575px; height: 54px;\" valign=\"center\">TT, L\/C \u00e0 vista.<\/td>\n<\/tr>\n<\/tbody>\n<\/table>","protected":false},"excerpt":{"rendered":"<p>Luxury bed design-Furniture from China &nbsp; Product Description of Luxury bed design-Furniture from China Don\u2019t let your bed be an afterthought. Your bed will be the most prominent object in your room, so it has to go with your bedroom\u2019s theme, color-wise, size-wise, and style-wise. A huge bed in a small room will likely look [&hellip;]<\/p>\n","protected":false},"featured_media":2123,"template":"","meta":{"_seopress_robots_primary_cat":"117","_seopress_titles_title":"Luxury bed design-Furniture from China | Jade Ant","_seopress_titles_desc":"Don\u2019t let your luxury bed design be an afterthought. Your bed will be the most prominent object in your room, so it has to go with your bedroom\u2019s theme, color-wise, size-wise, and style-wise. A huge bed in a small room will likely look out of place, as would a four-post bed in a room with sleek modern furnishings.","_seopress_robots_index":"","_joinchat":[]},"product_brand":[],"product_cat":[122,117],"product_tag":[],"class_list":{"0":"post-838","1":"product","2":"type-product","3":"status-publish","4":"has-post-thumbnail","6":"product_cat-bed","7":"product_cat-bedroom-furniture","9":"first","10":"instock","11":"featured","12":"shipping-taxable","13":"product-type-simple"},"_links":{"self":[{"href":"https:\/\/jadeant.com\/pt\/wp-json\/wp\/v2\/product\/838","targetHints":{"allow":["GET"]}}],"collection":[{"href":"https:\/\/jadeant.com\/pt\/wp-json\/wp\/v2\/product"}],"about":[{"href":"https:\/\/jadeant.com\/pt\/wp-json\/wp\/v2\/types\/product"}],"version-history":[{"count":1,"href":"https:\/\/jadeant.com\/pt\/wp-json\/wp\/v2\/product\/838\/revisions"}],"predecessor-version":[{"id":2288,"href":"https:\/\/jadeant.com\/pt\/wp-json\/wp\/v2\/product\/838\/revisions\/2288"}],"wp:featuredmedia":[{"embeddable":true,"href":"https:\/\/jadeant.com\/pt\/wp-json\/wp\/v2\/media\/2123"}],"wp:attachment":[{"href":"https:\/\/jadeant.com\/pt\/wp-json\/wp\/v2\/media?parent=838"}],"wp:term":[{"taxonomy":"product_brand","embeddable":true,"href":"https:\/\/jadeant.com\/pt\/wp-json\/wp\/v2\/product_brand?post=838"},{"taxonomy":"product_cat","embeddable":true,"href":"https:\/\/jadeant.com\/pt\/wp-json\/wp\/v2\/product_cat?post=838"},{"taxonomy":"product_tag","embeddable":true,"href":"https:\/\/jadeant.com\/pt\/wp-json\/wp\/v2\/product_tag?post=838"}],"curies":[{"name":"wp","href":"https:\/\/api.w.org\/{rel}","templated":true}]}}