{"id":848,"date":"2020-04-09T22:45:57","date_gmt":"2020-04-09T22:45:57","guid":{"rendered":"https:\/\/www.jadeant.com\/?post_type=product&#038;p=848"},"modified":"2025-03-17T12:06:31","modified_gmt":"2025-03-17T12:06:31","slug":"king-bed-frame","status":"publish","type":"product","link":"https:\/\/jadeant.com\/pt\/produto\/king-bed-frame\/","title":{"rendered":"Estrutura da cama King"},"content":{"rendered":"<h1>Estrutura de cama king-size - M\u00f3veis da China<\/h1>\n<p>&nbsp;<\/p>\n<h2>Descri\u00e7\u00e3o do produto de Estrutura de cama king-size - M\u00f3veis da China<\/h2>\n<p>Com o m\u00e9todo correto, o conhecimento sobre a estrutura da cama king size pode ser acessado com extrema rapidez. Se voc\u00ea dedicar algum tempo \u00e0 pesquisa sobre camas, n\u00e3o errar\u00e1 muito. Se precisar de orienta\u00e7\u00e3o especializada sobre produtos, como estruturas de beliche, veja se consegue encontrar v\u00e1rias avalia\u00e7\u00f5es de especialistas sobre a estrutura da cama king size.<\/p>\n<p>A maneira de descobrir se um site de camas pode ajud\u00e1-lo em sua busca por uma cama espec\u00edfica, por exemplo, se uma cama Murphy no atacado \u00e9 o seu item espec\u00edfico, \u00e9 descobrir se o site cont\u00e9m uma se\u00e7\u00e3o de camas categorizada e um bom n\u00famero de artigos sobre camas.<\/p>\n<p>Uma grande quantidade de guias de cama que voc\u00ea encontrar\u00e1 on-line tem como objetivo ajudar as pessoas a comprar itens espec\u00edficos de cama, como camas de solteiro com estrutura met\u00e1lica e camas king size.<\/p>\n<p>Para ter certeza de que isso nunca mais acontecer\u00e1, tente fazer uma compara\u00e7\u00e3o de pre\u00e7os on-line ou verifique primeiro uma boa variedade de lojas on-line de camas. Pode ser que um dossel de cama de ferro king esteja sendo vendido por um pre\u00e7o fixo em um determinado site, mas esteja cinco por cento mais barato em um site concorrente.<\/p>\n<h2>Especifica\u00e7\u00e3o da estrutura da cama King - M\u00f3veis da China<\/h2>\n<table style=\"height: 616px;\">\n<tbody>\n<tr style=\"height: 54px;\">\n<td style=\"width: 148px; height: 54px;\" valign=\"center\"><span data-spm-anchor-id=\"a2700.details.pronpeci14.i2.7a8549bbKXJeWy\">Tamanho do colch\u00e3o:<\/span><\/td>\n<td style=\"width: 575px; height: 54px;\" valign=\"center\">\u00a0180*200CM<\/td>\n<\/tr>\n<tr style=\"height: 54px;\">\n<td style=\"width: 148px; height: 162px;\" rowspan=\"3\" valign=\"center\">Material principal:<\/td>\n<td style=\"width: 575px; height: 54px;\" valign=\"center\"><span data-spm-anchor-id=\"a2700.details.pronpeci14.i1.7a8549bbKXJeWy\">1. Estrutura de madeira:\u00a0<\/span>Boa qualidade da madeira de b\u00e9tula<\/td>\n<\/tr>\n<tr style=\"height: 54px;\">\n<td style=\"width: 575px; height: 54px;\" valign=\"center\">2. Espuma original de alta densidade<\/td>\n<\/tr>\n<tr style=\"height: 54px;\">\n<td style=\"width: 575px; height: 54px;\" valign=\"center\">3. Pode mudar o material de acordo com sua necessidade (PU\/PVC\/Linho\/Microfibra)<\/td>\n<\/tr>\n<tr style=\"height: 54px;\">\n<td style=\"width: 148px; height: 54px;\" valign=\"center\">Personalizar m\u00f3veis:<\/td>\n<td style=\"width: 575px; height: 54px;\" valign=\"center\">Aceita OEM e ODM.<\/td>\n<\/tr>\n<tr style=\"height: 76px;\">\n<td style=\"width: 148px; height: 130px;\" rowspan=\"2\" valign=\"center\">Detalhe da embalagem:<\/td>\n<td style=\"width: 575px; height: 76px;\" valign=\"center\">5 camadas de caixa marrom padr\u00e3o para exporta\u00e7\u00e3o + espuma EPE ou saco pl\u00e1stico + caixa marrom.<\/td>\n<\/tr>\n<tr style=\"height: 54px;\">\n<td style=\"width: 575px; height: 54px;\" valign=\"center\">O design do comprador para a embalagem \u00e9 aceit\u00e1vel.<\/td>\n<\/tr>\n<tr style=\"height: 54px;\">\n<td style=\"width: 148px; height: 54px;\" valign=\"center\">Porto de carregamento :<\/td>\n<td style=\"width: 575px; height: 54px;\" valign=\"center\">Xangai, China.<\/td>\n<\/tr>\n<tr style=\"height: 54px;\">\n<td style=\"width: 148px; height: 54px;\" valign=\"center\">Data de entrega:<\/td>\n<td style=\"width: 575px; height: 54px;\" valign=\"center\">30 a 45 dias ap\u00f3s o recebimento do dep\u00f3sito.<\/td>\n<\/tr>\n<tr style=\"height: 54px;\">\n<td style=\"width: 148px; height: 54px;\" valign=\"center\">Pagamento:<\/td>\n<td style=\"width: 575px; height: 54px;\" valign=\"center\">TT, L\/C \u00e0 vista.<\/td>\n<\/tr>\n<\/tbody>\n<\/table>","protected":false},"excerpt":{"rendered":"<p>King bed frame-Furniture from China &nbsp; Product Description of King bed frame-Furniture from China With the right method king bed frame knowledge might easily be accessed extremely rapidly, if you take your time when implementing your bed research and you will not go far wrong, if you need specialized advice on merchandise like bunk bed [&hellip;]<\/p>\n","protected":false},"featured_media":2041,"template":"","meta":{"_seopress_robots_primary_cat":"117","_seopress_titles_title":"King bed frame-Furniture from China | Jade Ant Furniture","_seopress_titles_desc":"With the right method king bed frame knowledge might easily be accessed extremely rapidly, if you take your time when implementing your bed research and you will not go far wrong, if you need specialized advice on merchandise like bunk bed frames then see if you can find a number of expert king bed frame reviews.","_seopress_robots_index":"","_joinchat":[]},"product_brand":[],"product_cat":[122,117],"product_tag":[],"class_list":{"0":"post-848","1":"product","2":"type-product","3":"status-publish","4":"has-post-thumbnail","6":"product_cat-bed","7":"product_cat-bedroom-furniture","9":"first","10":"instock","11":"featured","12":"shipping-taxable","13":"product-type-simple"},"_links":{"self":[{"href":"https:\/\/jadeant.com\/pt\/wp-json\/wp\/v2\/product\/848","targetHints":{"allow":["GET"]}}],"collection":[{"href":"https:\/\/jadeant.com\/pt\/wp-json\/wp\/v2\/product"}],"about":[{"href":"https:\/\/jadeant.com\/pt\/wp-json\/wp\/v2\/types\/product"}],"version-history":[{"count":1,"href":"https:\/\/jadeant.com\/pt\/wp-json\/wp\/v2\/product\/848\/revisions"}],"predecessor-version":[{"id":2286,"href":"https:\/\/jadeant.com\/pt\/wp-json\/wp\/v2\/product\/848\/revisions\/2286"}],"wp:featuredmedia":[{"embeddable":true,"href":"https:\/\/jadeant.com\/pt\/wp-json\/wp\/v2\/media\/2041"}],"wp:attachment":[{"href":"https:\/\/jadeant.com\/pt\/wp-json\/wp\/v2\/media?parent=848"}],"wp:term":[{"taxonomy":"product_brand","embeddable":true,"href":"https:\/\/jadeant.com\/pt\/wp-json\/wp\/v2\/product_brand?post=848"},{"taxonomy":"product_cat","embeddable":true,"href":"https:\/\/jadeant.com\/pt\/wp-json\/wp\/v2\/product_cat?post=848"},{"taxonomy":"product_tag","embeddable":true,"href":"https:\/\/jadeant.com\/pt\/wp-json\/wp\/v2\/product_tag?post=848"}],"curies":[{"name":"wp","href":"https:\/\/api.w.org\/{rel}","templated":true}]}}