{"id":854,"date":"2020-04-10T02:53:23","date_gmt":"2020-04-10T02:53:23","guid":{"rendered":"https:\/\/www.jadeant.com\/?post_type=product&#038;p=854"},"modified":"2025-03-17T11:59:42","modified_gmt":"2025-03-17T11:59:42","slug":"queen-bed-frame","status":"publish","type":"product","link":"https:\/\/jadeant.com\/pt\/produto\/queen-bed-frame\/","title":{"rendered":"Estrutura da cama queen"},"content":{"rendered":"<h1>Estrutura da cama Queen - M\u00f3veis da China<\/h1>\n<p>&nbsp;<\/p>\n<h2>Descri\u00e7\u00e3o do produto de Estrutura da cama Queen - M\u00f3veis da China<\/h2>\n<p>Antes de pensar em comprar uma estrutura de cama queen size, certifique-se de que o vendedor de roupas de cama de quem voc\u00ea est\u00e1 comprando o produto lhe d\u00ea a opini\u00e3o de que obter um reembolso e devolver a mercadoria n\u00e3o ser\u00e1 um inc\u00f4modo, e que trocar uma cama de dia de ferro forjado por uma cama de solteiro nunca deve se tornar um problema real.<\/p>\n<p>Um n\u00famero consider\u00e1vel de pesquisas relacionadas a camas pode t\u00ea-lo levado a um site focado em camas ou design de interiores, pesquisas como \"encontrar estrados para camas resistentes\" ou \"avalia\u00e7\u00f5es sobre len\u00e7\u00f3is de \u00e1gua\". O principal segredo de qualquer diret\u00f3rio de melhorias dom\u00e9sticas \u00e9 ir direto ao menu do site.<\/p>\n<p>A maneira mais f\u00e1cil de saber se um site sobre camas pode ajud\u00e1-lo em sua pesquisa espec\u00edfica sobre camas, digamos que um estrado de cama de casal seja o seu item espec\u00edfico, \u00e9 saber se o site cont\u00e9m um diret\u00f3rio espec\u00edfico sobre camas e um n\u00famero razo\u00e1vel de artigos sobre camas.<\/p>\n<p>A maneira de descobrir se um portal de camas poder\u00e1 ajud\u00e1-lo com sua pesquisa de camas selecionada - por exemplo, imagine que um estrado de madeira seja seu item espec\u00edfico - \u00e9 descobrir se o site cont\u00e9m um diret\u00f3rio de camas direcionado e uma boa quantidade de artigos sobre camas.<\/p>\n<h2>Especifica\u00e7\u00e3o da estrutura da cama Queen - M\u00f3veis da China<\/h2>\n<table style=\"height: 616px;\">\n<tbody>\n<tr style=\"height: 54px;\">\n<td style=\"width: 148px; height: 54px;\" valign=\"center\"><span data-spm-anchor-id=\"a2700.details.pronpeci14.i2.7a8549bbKXJeWy\">Tamanho do colch\u00e3o:<\/span><\/td>\n<td style=\"width: 575px; height: 54px;\" valign=\"center\">\u00a0180*200CM<\/td>\n<\/tr>\n<tr style=\"height: 54px;\">\n<td style=\"width: 148px; height: 162px;\" rowspan=\"3\" valign=\"center\">Material principal:<\/td>\n<td style=\"width: 575px; height: 54px;\" valign=\"center\"><span data-spm-anchor-id=\"a2700.details.pronpeci14.i1.7a8549bbKXJeWy\">1. Estrutura de madeira:\u00a0<\/span>Boa qualidade da madeira de b\u00e9tula<\/td>\n<\/tr>\n<tr style=\"height: 54px;\">\n<td style=\"width: 575px; height: 54px;\" valign=\"center\">2. Espuma original de alta densidade<\/td>\n<\/tr>\n<tr style=\"height: 54px;\">\n<td style=\"width: 575px; height: 54px;\" valign=\"center\">3. Pode mudar o material de acordo com sua necessidade (PU\/PVC\/Linho\/Microfibra)<\/td>\n<\/tr>\n<tr style=\"height: 54px;\">\n<td style=\"width: 148px; height: 54px;\" valign=\"center\">Personalizar m\u00f3veis:<\/td>\n<td style=\"width: 575px; height: 54px;\" valign=\"center\">Aceita OEM e ODM.<\/td>\n<\/tr>\n<tr style=\"height: 76px;\">\n<td style=\"width: 148px; height: 130px;\" rowspan=\"2\" valign=\"center\">Detalhe da embalagem:<\/td>\n<td style=\"width: 575px; height: 76px;\" valign=\"center\">5 camadas de caixa marrom padr\u00e3o para exporta\u00e7\u00e3o + espuma EPE ou saco pl\u00e1stico + caixa marrom.<\/td>\n<\/tr>\n<tr style=\"height: 54px;\">\n<td style=\"width: 575px; height: 54px;\" valign=\"center\">O design do comprador para a embalagem \u00e9 aceit\u00e1vel.<\/td>\n<\/tr>\n<tr style=\"height: 54px;\">\n<td style=\"width: 148px; height: 54px;\" valign=\"center\">Porto de carregamento :<\/td>\n<td style=\"width: 575px; height: 54px;\" valign=\"center\">Xangai, China.<\/td>\n<\/tr>\n<tr style=\"height: 54px;\">\n<td style=\"width: 148px; height: 54px;\" valign=\"center\">Data de entrega:<\/td>\n<td style=\"width: 575px; height: 54px;\" valign=\"center\">30 a 45 dias ap\u00f3s o recebimento do dep\u00f3sito.<\/td>\n<\/tr>\n<tr style=\"height: 54px;\">\n<td style=\"width: 148px; height: 54px;\" valign=\"center\">Pagamento:<\/td>\n<td style=\"width: 575px; height: 54px;\" valign=\"center\">TT, L\/C \u00e0 vista.<\/td>\n<\/tr>\n<\/tbody>\n<\/table>","protected":false},"excerpt":{"rendered":"<p>Queen bed frame-Furniture from China &nbsp; Product Description of Queen bed frame-Furniture from China Before you contemplate queen bed frame purchase be sure that the bedding merchant you could be buying your product from gives you the opinion that obtaining a refund and merchandise returns will not turn out to be a hassle, switching or [&hellip;]<\/p>\n","protected":false},"featured_media":1783,"template":"","meta":{"_seopress_robots_primary_cat":"117","_seopress_titles_title":"Queen bed frame-Furniture from China | Jade Ant Furniture","_seopress_titles_desc":"Before you contemplate queen bed frame purchase be sure that the bedding merchant you could be buying your product from gives you the opinion that obtaining a refund nd merchandise returns will not turn out to be a hassle.","_seopress_robots_index":"","_joinchat":[]},"product_brand":[],"product_cat":[122,117],"product_tag":[],"class_list":{"0":"post-854","1":"product","2":"type-product","3":"status-publish","4":"has-post-thumbnail","6":"product_cat-bed","7":"product_cat-bedroom-furniture","9":"first","10":"instock","11":"featured","12":"shipping-taxable","13":"product-type-simple"},"_links":{"self":[{"href":"https:\/\/jadeant.com\/pt\/wp-json\/wp\/v2\/product\/854","targetHints":{"allow":["GET"]}}],"collection":[{"href":"https:\/\/jadeant.com\/pt\/wp-json\/wp\/v2\/product"}],"about":[{"href":"https:\/\/jadeant.com\/pt\/wp-json\/wp\/v2\/types\/product"}],"version-history":[{"count":1,"href":"https:\/\/jadeant.com\/pt\/wp-json\/wp\/v2\/product\/854\/revisions"}],"predecessor-version":[{"id":2283,"href":"https:\/\/jadeant.com\/pt\/wp-json\/wp\/v2\/product\/854\/revisions\/2283"}],"wp:featuredmedia":[{"embeddable":true,"href":"https:\/\/jadeant.com\/pt\/wp-json\/wp\/v2\/media\/1783"}],"wp:attachment":[{"href":"https:\/\/jadeant.com\/pt\/wp-json\/wp\/v2\/media?parent=854"}],"wp:term":[{"taxonomy":"product_brand","embeddable":true,"href":"https:\/\/jadeant.com\/pt\/wp-json\/wp\/v2\/product_brand?post=854"},{"taxonomy":"product_cat","embeddable":true,"href":"https:\/\/jadeant.com\/pt\/wp-json\/wp\/v2\/product_cat?post=854"},{"taxonomy":"product_tag","embeddable":true,"href":"https:\/\/jadeant.com\/pt\/wp-json\/wp\/v2\/product_tag?post=854"}],"curies":[{"name":"wp","href":"https:\/\/api.w.org\/{rel}","templated":true}]}}