{"id":863,"date":"2020-04-10T22:02:50","date_gmt":"2020-04-10T22:02:50","guid":{"rendered":"https:\/\/www.jadeant.com\/?post_type=product&#038;p=863"},"modified":"2025-03-17T11:56:14","modified_gmt":"2025-03-17T11:56:14","slug":"double-bed","status":"publish","type":"product","link":"https:\/\/jadeant.com\/pt\/produto\/double-bed\/","title":{"rendered":"Cama de casal"},"content":{"rendered":"<h1>Cama de casal - M\u00f3veis da China<\/h1>\n<p>&nbsp;<\/p>\n<h2>Descri\u00e7\u00e3o do produto <a href=\"https:\/\/jadeant.com\/pt\/eco-furnitures-buying-guide\/\">Cama de casal<\/a>-M\u00f3veis da China<\/h2>\n<div class=\"addtoany_share_save_container addtoany_content addtoany_content_top\">\n<div class=\"a2a_kit a2a_kit_size_32 addtoany_list\" data-a2a-url=\"https:\/\/www.killerplrarticles.com\/access\/details\/bed-advice-for-new-internet-users.html\" data-a2a-title=\"Bed Advice for New Internet Users\">Se voc\u00ea estiver adquirindo algo como uma cama de casal, isso nem sempre significa comprar em um site direcionado para camas ou roupas de cama. Imaginemos que voc\u00ea more em Wisconsin, por exemplo, um diret\u00f3rio de camas deve ser capaz de fornecer os detalhes de contato relevantes de um fornecedor de camas pr\u00f3ximo, que deve ser capaz de ajud\u00e1-lo a encontrar a cama de que voc\u00ea precisa.<\/div>\n<\/div>\n<p>Com o m\u00e9todo correto, o conhecimento sobre camas pode ser facilmente acessado com extrema rapidez. Se voc\u00ea dedicar algum tempo \u00e0 pesquisa sobre camas, n\u00e3o errar\u00e1 muito. Se precisar de aconselhamento especializado sobre produtos como beliches futon de metal, veja se consegue encontrar v\u00e1rias avalia\u00e7\u00f5es especializadas sobre camas.<\/p>\n<p>Imaginemos que voc\u00ea esteja procurando por estruturas para camas resistentes ou pe\u00e7as para camas d'\u00e1gua. Sem d\u00favida, esses tipos de produtos podem n\u00e3o estar dispon\u00edveis livremente em muitos portais. Voc\u00ea deve certificar-se de usar o bot\u00e3o de favoritos do seu PC sempre que fizer esse tipo de pesquisa relacionada a camas.<\/p>\n<h2>Especifica\u00e7\u00e3o da cama de casal - M\u00f3veis da China<\/h2>\n<table style=\"height: 616px;\">\n<tbody>\n<tr style=\"height: 54px;\">\n<td style=\"width: 148px; height: 54px;\" valign=\"center\"><span data-spm-anchor-id=\"a2700.details.pronpeci14.i2.7a8549bbKXJeWy\">Tamanho do colch\u00e3o:<\/span><\/td>\n<td style=\"width: 575px; height: 54px;\" valign=\"center\">\u00a0180*200CM<\/td>\n<\/tr>\n<tr style=\"height: 54px;\">\n<td style=\"width: 148px; height: 162px;\" rowspan=\"3\" valign=\"center\">Material principal:<\/td>\n<td style=\"width: 575px; height: 54px;\" valign=\"center\"><span data-spm-anchor-id=\"a2700.details.pronpeci14.i1.7a8549bbKXJeWy\">1. Estrutura de madeira:\u00a0<\/span>Boa qualidade da madeira de b\u00e9tula<\/td>\n<\/tr>\n<tr style=\"height: 54px;\">\n<td style=\"width: 575px; height: 54px;\" valign=\"center\">2. Espuma original de alta densidade<\/td>\n<\/tr>\n<tr style=\"height: 54px;\">\n<td style=\"width: 575px; height: 54px;\" valign=\"center\">3. Pode mudar o material de acordo com sua necessidade (PU\/PVC\/Linho\/Microfibra)<\/td>\n<\/tr>\n<tr style=\"height: 54px;\">\n<td style=\"width: 148px; height: 54px;\" valign=\"center\">Personalizar m\u00f3veis:<\/td>\n<td style=\"width: 575px; height: 54px;\" valign=\"center\">Aceita OEM e ODM.<\/td>\n<\/tr>\n<tr style=\"height: 76px;\">\n<td style=\"width: 148px; height: 130px;\" rowspan=\"2\" valign=\"center\">Detalhe da embalagem:<\/td>\n<td style=\"width: 575px; height: 76px;\" valign=\"center\">5 camadas de caixa marrom padr\u00e3o para exporta\u00e7\u00e3o + espuma EPE ou saco pl\u00e1stico + caixa marrom.<\/td>\n<\/tr>\n<tr style=\"height: 54px;\">\n<td style=\"width: 575px; height: 54px;\" valign=\"center\">O design do comprador para a embalagem \u00e9 aceit\u00e1vel.<\/td>\n<\/tr>\n<tr style=\"height: 54px;\">\n<td style=\"width: 148px; height: 54px;\" valign=\"center\">Porto de carregamento :<\/td>\n<td style=\"width: 575px; height: 54px;\" valign=\"center\">Xangai, China.<\/td>\n<\/tr>\n<tr style=\"height: 54px;\">\n<td style=\"width: 148px; height: 54px;\" valign=\"center\">Data de entrega:<\/td>\n<td style=\"width: 575px; height: 54px;\" valign=\"center\">30 a 45 dias ap\u00f3s o recebimento do dep\u00f3sito.<\/td>\n<\/tr>\n<tr style=\"height: 54px;\">\n<td style=\"width: 148px; height: 54px;\" valign=\"center\">Pagamento:<\/td>\n<td style=\"width: 575px; height: 54px;\" valign=\"center\">TT, L\/C \u00e0 vista.<\/td>\n<\/tr>\n<\/tbody>\n<\/table>","protected":false},"excerpt":{"rendered":"<p>Double bed-Furniture from China &nbsp; Product Description of Double bed-Furniture from China If you are getting something like a double bed it does not always mean buying from a bed or bedding targeted site, lets imagine you are living in Wisconsin for instance, a bed directory should be able to give you relevant contact details [&hellip;]<\/p>\n","protected":false},"featured_media":2203,"template":"","meta":{"_seopress_robots_primary_cat":"117","_seopress_titles_title":"Double bed-Furniture from China | Jade Ant Furniture","_seopress_titles_desc":"If you are getting something like a double bed it does not always mean buying from a bed or bedding targeted site, if you require specialized advice on merchandise like metal futon bunk beds then see if you can find a number of specialist bed reviews.","_seopress_robots_index":"","_joinchat":[]},"product_brand":[],"product_cat":[122,117],"product_tag":[],"class_list":{"0":"post-863","1":"product","2":"type-product","3":"status-publish","4":"has-post-thumbnail","6":"product_cat-bed","7":"product_cat-bedroom-furniture","9":"first","10":"instock","11":"featured","12":"shipping-taxable","13":"product-type-simple"},"_links":{"self":[{"href":"https:\/\/jadeant.com\/pt\/wp-json\/wp\/v2\/product\/863","targetHints":{"allow":["GET"]}}],"collection":[{"href":"https:\/\/jadeant.com\/pt\/wp-json\/wp\/v2\/product"}],"about":[{"href":"https:\/\/jadeant.com\/pt\/wp-json\/wp\/v2\/types\/product"}],"version-history":[{"count":1,"href":"https:\/\/jadeant.com\/pt\/wp-json\/wp\/v2\/product\/863\/revisions"}],"predecessor-version":[{"id":2280,"href":"https:\/\/jadeant.com\/pt\/wp-json\/wp\/v2\/product\/863\/revisions\/2280"}],"wp:featuredmedia":[{"embeddable":true,"href":"https:\/\/jadeant.com\/pt\/wp-json\/wp\/v2\/media\/2203"}],"wp:attachment":[{"href":"https:\/\/jadeant.com\/pt\/wp-json\/wp\/v2\/media?parent=863"}],"wp:term":[{"taxonomy":"product_brand","embeddable":true,"href":"https:\/\/jadeant.com\/pt\/wp-json\/wp\/v2\/product_brand?post=863"},{"taxonomy":"product_cat","embeddable":true,"href":"https:\/\/jadeant.com\/pt\/wp-json\/wp\/v2\/product_cat?post=863"},{"taxonomy":"product_tag","embeddable":true,"href":"https:\/\/jadeant.com\/pt\/wp-json\/wp\/v2\/product_tag?post=863"}],"curies":[{"name":"wp","href":"https:\/\/api.w.org\/{rel}","templated":true}]}}