{"id":869,"date":"2020-04-11T03:14:37","date_gmt":"2020-04-11T03:14:37","guid":{"rendered":"https:\/\/www.jadeant.com\/?post_type=product&#038;p=869"},"modified":"2025-03-17T11:53:59","modified_gmt":"2025-03-17T11:53:59","slug":"beds-for-sale","status":"publish","type":"product","link":"https:\/\/jadeant.com\/pt\/produto\/beds-for-sale\/","title":{"rendered":"Camas para venda - m\u00f3veis fabricados na China"},"content":{"rendered":"<h1>Camas para venda - m\u00f3veis fabricados na China<\/h1>\n<p>&nbsp;<\/p>\n<h2>Descri\u00e7\u00e3o do produto Camas para venda -<a href=\"https:\/\/jadeant.com\/pt\/\">m\u00f3veis fabricados na China<\/a><\/h2>\n<p>Para obter conhecimento sobre camas de boa qualidade para venda, uma loja on-line supervisionada por algu\u00e9m como um especialista em camas deve ser perfeita. Os grupos de discuss\u00e3o e blogs sobre melhorias dom\u00e9sticas s\u00e3o certamente recursos fant\u00e1sticos para encontrar dicas e conselhos sobre camas de qualidade decente. Esses tipos de lugares podem muito bem fornecer as respostas para algumas perguntas bastante precisas sobre produtos como camas de madeira e ferro ou camas loft de madeira.<\/p>\n<p>Um grande n\u00famero de pesquisas relacionadas a camas pode t\u00ea-lo levado a um portal associado a camas ou design de interiores, pesquisas como \"encontrar estruturas de camas resistentes\" ou \"guias sobre camas ortop\u00e9dicas ajust\u00e1veis\". O verdadeiro truque em qualquer portal de camas \u00e9 ir imediatamente para o menu do site.<\/p>\n<p>Se voc\u00ea estiver comprando um item como uma cama king iron, isso nem sempre significa comprar uma cama em uma loja na Internet voltada para camas ou m\u00f3veis dom\u00e9sticos. Se voc\u00ea estiver morando em Washington, por exemplo, um diret\u00f3rio de camas na Internet deve fornecer as informa\u00e7\u00f5es de contato de comerciantes de camas pr\u00f3ximos que, com sorte, poder\u00e3o ajud\u00e1-lo a encontrar a cama de que precisa.<\/p>\n<h2>Especifica\u00e7\u00e3o do <a href=\"https:\/\/jadeant.com\/pt\/categoria-produto\/bedroom-furniture\/bed\/\">Camas para venda<\/a> -m\u00f3veis fabricados na China<\/h2>\n<table style=\"height: 562px; width: 54.8512%;\">\n<tbody>\n<tr style=\"height: 54px;\">\n<td style=\"width: 148px; height: 54px;\" valign=\"center\"><span data-spm-anchor-id=\"a2700.details.pronpeci14.i2.7a8549bbKXJeWy\">Tamanho do colch\u00e3o:<\/span><\/td>\n<td style=\"width: 575px; height: 54px;\" valign=\"center\">\u00a0180*200CM<\/td>\n<\/tr>\n<tr style=\"height: 54px;\">\n<td style=\"width: 148px; height: 162px;\" rowspan=\"3\" valign=\"center\">Material principal:<\/td>\n<td style=\"width: 575px; height: 54px;\" valign=\"center\"><span data-spm-anchor-id=\"a2700.details.pronpeci14.i1.7a8549bbKXJeWy\">1. Estrutura de madeira:\u00a0<\/span>Boa qualidade da madeira de b\u00e9tula<\/td>\n<\/tr>\n<tr style=\"height: 54px;\">\n<td style=\"width: 575px; height: 54px;\" valign=\"center\">2. Espuma original de alta densidade<\/td>\n<\/tr>\n<tr style=\"height: 54px;\">\n<td style=\"width: 575px; height: 54px;\" valign=\"center\">3. Pode mudar o material de acordo com sua necessidade (PU\/PVC\/Linho\/Microfibra)<\/td>\n<\/tr>\n<tr style=\"height: 54px;\">\n<td style=\"width: 148px; height: 54px;\" valign=\"center\">Personalizar m\u00f3veis:<\/td>\n<td style=\"width: 575px; height: 54px;\" valign=\"center\">Aceita OEM e ODM.<\/td>\n<\/tr>\n<tr style=\"height: 76px;\">\n<td style=\"width: 148px; height: 130px;\" rowspan=\"2\" valign=\"center\">Detalhe da embalagem:<\/td>\n<td style=\"width: 575px; height: 76px;\" valign=\"center\">5 camadas de caixa marrom padr\u00e3o para exporta\u00e7\u00e3o + espuma EPE ou saco pl\u00e1stico + caixa marrom.<\/td>\n<\/tr>\n<tr style=\"height: 54px;\">\n<td style=\"width: 575px; height: 54px;\" valign=\"center\">O design do comprador para a embalagem \u00e9 aceit\u00e1vel.<\/td>\n<\/tr>\n<tr style=\"height: 54px;\">\n<td style=\"width: 148px; height: 54px;\" valign=\"center\">Porto de carregamento :<\/td>\n<td style=\"width: 575px; height: 54px;\" valign=\"center\">Xangai, China.<\/td>\n<\/tr>\n<tr style=\"height: 54px;\">\n<td style=\"width: 148px; height: 54px;\" valign=\"center\">Data de entrega:<\/td>\n<td style=\"width: 575px; height: 54px;\" valign=\"center\">30 a 45 dias ap\u00f3s o recebimento do dep\u00f3sito.<\/td>\n<\/tr>\n<tr style=\"height: 54px;\">\n<td style=\"width: 148px; height: 54px;\" valign=\"center\">Pagamento:<\/td>\n<td style=\"width: 575px; height: 54px;\" valign=\"center\">TT, L\/C \u00e0 vista.<\/td>\n<\/tr>\n<\/tbody>\n<\/table>","protected":false},"excerpt":{"rendered":"<p>Beds for sale -furniture made in China &nbsp; Product Description of Beds for sale &#8211;furniture made in China For good quality beds for sale knowledge an online store that is supervised by somebody like a bed expert should be perfect, The home improvement newsgroups and blogs are certainly fantastic resources for finding decent quality bed [&hellip;]<\/p>\n","protected":false},"featured_media":2195,"template":"","meta":{"_seopress_robots_primary_cat":"117","_seopress_titles_title":"Beds for sale -furniture made in China factory | Jade Ant","_seopress_titles_desc":"For good quality beds for sale knowledge an online store that is supervised by somebody like a bed expert should be perfect, The home improvement newsgroups and blogs are certainly fantastic resources for finding decent quality bed tips and advice","_seopress_robots_index":"","_joinchat":[]},"product_brand":[],"product_cat":[122,117],"product_tag":[],"class_list":{"0":"post-869","1":"product","2":"type-product","3":"status-publish","4":"has-post-thumbnail","6":"product_cat-bed","7":"product_cat-bedroom-furniture","9":"first","10":"instock","11":"featured","12":"shipping-taxable","13":"product-type-simple"},"_links":{"self":[{"href":"https:\/\/jadeant.com\/pt\/wp-json\/wp\/v2\/product\/869","targetHints":{"allow":["GET"]}}],"collection":[{"href":"https:\/\/jadeant.com\/pt\/wp-json\/wp\/v2\/product"}],"about":[{"href":"https:\/\/jadeant.com\/pt\/wp-json\/wp\/v2\/types\/product"}],"version-history":[{"count":1,"href":"https:\/\/jadeant.com\/pt\/wp-json\/wp\/v2\/product\/869\/revisions"}],"predecessor-version":[{"id":2279,"href":"https:\/\/jadeant.com\/pt\/wp-json\/wp\/v2\/product\/869\/revisions\/2279"}],"wp:featuredmedia":[{"embeddable":true,"href":"https:\/\/jadeant.com\/pt\/wp-json\/wp\/v2\/media\/2195"}],"wp:attachment":[{"href":"https:\/\/jadeant.com\/pt\/wp-json\/wp\/v2\/media?parent=869"}],"wp:term":[{"taxonomy":"product_brand","embeddable":true,"href":"https:\/\/jadeant.com\/pt\/wp-json\/wp\/v2\/product_brand?post=869"},{"taxonomy":"product_cat","embeddable":true,"href":"https:\/\/jadeant.com\/pt\/wp-json\/wp\/v2\/product_cat?post=869"},{"taxonomy":"product_tag","embeddable":true,"href":"https:\/\/jadeant.com\/pt\/wp-json\/wp\/v2\/product_tag?post=869"}],"curies":[{"name":"wp","href":"https:\/\/api.w.org\/{rel}","templated":true}]}}