{"id":874,"date":"2020-04-12T03:38:34","date_gmt":"2020-04-12T03:38:34","guid":{"rendered":"https:\/\/www.jadeant.com\/?post_type=product&#038;p=874"},"modified":"2025-03-17T11:52:40","modified_gmt":"2025-03-17T11:52:40","slug":"double-bed-size","status":"publish","type":"product","link":"https:\/\/jadeant.com\/pt\/produto\/double-bed-size\/","title":{"rendered":"Cama de casal - m\u00f3veis fabricados na China"},"content":{"rendered":"<h1>Cama de casal - m\u00f3veis fabricados na China<\/h1>\n<p>&nbsp;<\/p>\n<h2>Descri\u00e7\u00e3o do produto Cama de casal - tamanho -<a href=\"https:\/\/jadeant.com\/pt\/\">m\u00f3veis fabricados na China<\/a><\/h2>\n<p>O t\u00f3pico sobre o tamanho da cama de casal pode ser particularmente confuso, mas a principal preocupa\u00e7\u00e3o \u00e9 se esfor\u00e7ar para manter o produto que voc\u00ea queria comprar inicialmente, n\u00e3o procurar e acabar comprando colch\u00f5es de cama antigos, pois isso pode acontecer facilmente se voc\u00ea perder o controle.<\/p>\n<p>Se uma pessoa estiver comprando uma mercadoria, como uma estrutura de cama de solteiro, isso nem sempre significa comprar em um site voltado para camas ou m\u00f3veis dom\u00e9sticos. Imaginemos que voc\u00ea more no Arizona, por exemplo, um diret\u00f3rio de camas poder\u00e1 fornecer detalhes relevantes sobre lojas de camas pr\u00f3ximas que, com sorte, poder\u00e3o ajud\u00e1-lo a encontrar a cama de que precisa.<\/p>\n<h2>Especifica\u00e7\u00e3o do tamanho da cama de casal - m\u00f3veis fabricados na China<\/h2>\n<table style=\"height: 562px; width: 54.8512%;\">\n<tbody>\n<tr style=\"height: 54px;\">\n<td style=\"width: 148px; height: 54px;\" valign=\"center\"><span data-spm-anchor-id=\"a2700.details.pronpeci14.i2.7a8549bbKXJeWy\">Tamanho do colch\u00e3o:<\/span><\/td>\n<td style=\"width: 575px; height: 54px;\" valign=\"center\">\u00a0180*200CM<\/td>\n<\/tr>\n<tr style=\"height: 54px;\">\n<td style=\"width: 148px; height: 162px;\" rowspan=\"3\" valign=\"center\">Material principal:<\/td>\n<td style=\"width: 575px; height: 54px;\" valign=\"center\"><span data-spm-anchor-id=\"a2700.details.pronpeci14.i1.7a8549bbKXJeWy\">1. Estrutura de madeira:\u00a0<\/span>Boa qualidade da madeira de b\u00e9tula<\/td>\n<\/tr>\n<tr style=\"height: 54px;\">\n<td style=\"width: 575px; height: 54px;\" valign=\"center\">2. Espuma original de alta densidade<\/td>\n<\/tr>\n<tr style=\"height: 54px;\">\n<td style=\"width: 575px; height: 54px;\" valign=\"center\">3. Pode mudar o material de acordo com sua necessidade (PU\/PVC\/Linho\/Microfibra)<\/td>\n<\/tr>\n<tr style=\"height: 54px;\">\n<td style=\"width: 148px; height: 54px;\" valign=\"center\">Personalizar m\u00f3veis:<\/td>\n<td style=\"width: 575px; height: 54px;\" valign=\"center\">Aceita OEM e ODM.<\/td>\n<\/tr>\n<tr style=\"height: 76px;\">\n<td style=\"width: 148px; height: 130px;\" rowspan=\"2\" valign=\"center\">Detalhe da embalagem:<\/td>\n<td style=\"width: 575px; height: 76px;\" valign=\"center\">5 camadas de caixa marrom padr\u00e3o para exporta\u00e7\u00e3o + espuma EPE ou saco pl\u00e1stico + caixa marrom.<\/td>\n<\/tr>\n<tr style=\"height: 54px;\">\n<td style=\"width: 575px; height: 54px;\" valign=\"center\">O design do comprador para a embalagem \u00e9 aceit\u00e1vel.<\/td>\n<\/tr>\n<tr style=\"height: 54px;\">\n<td style=\"width: 148px; height: 54px;\" valign=\"center\">Porto de carregamento :<\/td>\n<td style=\"width: 575px; height: 54px;\" valign=\"center\">Xangai, China.<\/td>\n<\/tr>\n<tr style=\"height: 54px;\">\n<td style=\"width: 148px; height: 54px;\" valign=\"center\">Data de entrega:<\/td>\n<td style=\"width: 575px; height: 54px;\" valign=\"center\">30 a 45 dias ap\u00f3s o recebimento do dep\u00f3sito.<\/td>\n<\/tr>\n<tr style=\"height: 54px;\">\n<td style=\"width: 148px; height: 54px;\" valign=\"center\">Pagamento:<\/td>\n<td style=\"width: 575px; height: 54px;\" valign=\"center\">TT, L\/C \u00e0 vista.<\/td>\n<\/tr>\n<\/tbody>\n<\/table>","protected":false},"excerpt":{"rendered":"<p>Double bed size -furniture made in China &nbsp; Product Description of Double bed size &#8211;furniture made in China The topic of Double bed size may be particularly bewildering however the primary concern is to make an effort to stick with the product you initially wanted to purchase, don\u2019t set about looking for but end up [&hellip;]<\/p>\n","protected":false},"featured_media":1922,"template":"","meta":{"_seopress_robots_primary_cat":"117","_seopress_titles_title":"Double bed size -furniture made in China factory | Jade Ant","_seopress_titles_desc":"The topic of Double bed size may be particularly bewildering however the primary concern is to make an effort to stick with the product you initially wanted to purchase, don\u2019t set about looking for but end up buying antique bed mattresses, this might easily happen if you lose track.","_seopress_robots_index":"","_joinchat":[]},"product_brand":[],"product_cat":[122,117],"product_tag":[],"class_list":{"0":"post-874","1":"product","2":"type-product","3":"status-publish","4":"has-post-thumbnail","6":"product_cat-bed","7":"product_cat-bedroom-furniture","9":"first","10":"instock","11":"featured","12":"shipping-taxable","13":"product-type-simple"},"_links":{"self":[{"href":"https:\/\/jadeant.com\/pt\/wp-json\/wp\/v2\/product\/874","targetHints":{"allow":["GET"]}}],"collection":[{"href":"https:\/\/jadeant.com\/pt\/wp-json\/wp\/v2\/product"}],"about":[{"href":"https:\/\/jadeant.com\/pt\/wp-json\/wp\/v2\/types\/product"}],"version-history":[{"count":1,"href":"https:\/\/jadeant.com\/pt\/wp-json\/wp\/v2\/product\/874\/revisions"}],"predecessor-version":[{"id":2278,"href":"https:\/\/jadeant.com\/pt\/wp-json\/wp\/v2\/product\/874\/revisions\/2278"}],"wp:featuredmedia":[{"embeddable":true,"href":"https:\/\/jadeant.com\/pt\/wp-json\/wp\/v2\/media\/1922"}],"wp:attachment":[{"href":"https:\/\/jadeant.com\/pt\/wp-json\/wp\/v2\/media?parent=874"}],"wp:term":[{"taxonomy":"product_brand","embeddable":true,"href":"https:\/\/jadeant.com\/pt\/wp-json\/wp\/v2\/product_brand?post=874"},{"taxonomy":"product_cat","embeddable":true,"href":"https:\/\/jadeant.com\/pt\/wp-json\/wp\/v2\/product_cat?post=874"},{"taxonomy":"product_tag","embeddable":true,"href":"https:\/\/jadeant.com\/pt\/wp-json\/wp\/v2\/product_tag?post=874"}],"curies":[{"name":"wp","href":"https:\/\/api.w.org\/{rel}","templated":true}]}}