{"id":881,"date":"2020-04-09T23:49:51","date_gmt":"2020-04-09T23:49:51","guid":{"rendered":"https:\/\/www.jadeant.com\/?post_type=product&#038;p=881"},"modified":"2025-03-17T12:04:50","modified_gmt":"2025-03-17T12:04:50","slug":"living-room-sofa-set","status":"publish","type":"product","link":"https:\/\/jadeant.com\/pt\/produto\/living-room-sofa-set\/","title":{"rendered":"Conjunto de sof\u00e1s para sala de estar"},"content":{"rendered":"<h2>Conjunto de sof\u00e1s para sala de estar<\/h2>\n<table class=\"aliDataTable\" style=\"width: 82.9026%; height: 248px;\">\n<tbody>\n<tr>\n<td style=\"width: 23.2824%;\">\n<div data-spm-anchor-id=\"a2700.details.pronpeci14.i0.5f14f032lfZ41A\">Nome do item<\/div>\n<\/td>\n<td style=\"width: 22.4706%;\" colspan=\"3\">Conjunto de sof\u00e1s para sala de estar<\/td>\n<\/tr>\n<tr>\n<td style=\"width: 23.2824%;\">\n<div>Modelo n\u00ba.<\/div>\n<\/td>\n<td style=\"width: 22.4706%;\" colspan=\"3\">\n<div>Conjunto de sof\u00e1 principal<\/div>\n<\/td>\n<\/tr>\n<tr>\n<td style=\"width: 23.2824%;\">\n<div data-spm-anchor-id=\"a2700.details.pronpeci14.i2.5f14f032lfZ41A\">Material<\/div>\n<\/td>\n<td style=\"width: 22.4706%;\" colspan=\"3\">\n<div>couro + estrutura de madeira s\u00f3lida + espuma (PU, op\u00e7\u00e3o de tecido)<\/div>\n<\/td>\n<\/tr>\n<tr>\n<td style=\"width: 23.2824%;\">\n<div>Tamanho do produto (cm)<\/div>\n<\/td>\n<td style=\"width: 22.4706%;\" colspan=\"3\">\n<div data-spm-anchor-id=\"a2700.details.pronpeci14.i1.5f14f032lfZ41A\">Conforme as instru\u00e7\u00f5es da imagem<\/div>\n<div data-spm-anchor-id=\"a2700.details.pronpeci14.i3.5f14f032lfZ41A\"><\/div>\n<\/td>\n<\/tr>\n<tr>\n<td style=\"width: 23.2824%;\">\n<div>Cor<\/div>\n<\/td>\n<td style=\"width: 22.4706%;\" colspan=\"3\">\n<div>preto e branco, marrom, vermelho,<\/div>\n<\/td>\n<\/tr>\n<\/tbody>\n<\/table>\n<p>&nbsp;<\/p>\n<h2><span style=\"font-family: georgia, palatino;\">Sobre o conjunto de sof\u00e1s para sala de estar<\/span><\/h2>\n<p>Os designs contempor\u00e2neos de hoje reproduzem o uso do espa\u00e7o do conjunto de sof\u00e1s da sala de estar, ao mesmo tempo em que o renovam com a durabilidade e o conforto exigidos pela nova gera\u00e7\u00e3o atarefada. Os m\u00f3veis modernos de hoje em dia s\u00e3o projetados tendo em mente o conforto e o aconchego que convidam voc\u00ea a se acomodar e relaxar. Os materiais usados nesse tipo de mobili\u00e1rio, como o couro e o excelente estofamento, aprimoram a decora\u00e7\u00e3o da sua sala de estar. Desde seus contornos bem definidos e \u00e2ngulos suaves at\u00e9 seu fino acabamento e materiais modernos, os m\u00f3veis contempor\u00e2neos geram um ambiente de eleg\u00e2ncia sem esfor\u00e7o.<\/p>\n<p>Ao escolher qualquer m\u00f3vel para a sua casa, ele deve refletir a sua vida; uma eleg\u00e2ncia discreta e definida, com sensibilidade para a moda e simplicidade eterna. Seus m\u00f3veis devem revelar sua personalidade e seu talento. As lojas de m\u00f3veis contempor\u00e2neos oferecem tantos designs e cores atraentes que atraem muitas pessoas, e essas pessoas t\u00eam alguma pe\u00e7a de mobili\u00e1rio contempor\u00e2neo em sua casa. Pode ser um tapete moderno, um sof\u00e1 elegante ou um conjunto de sala de jantar estiloso, os m\u00f3veis contempor\u00e2neos se tornaram um s\u00edmbolo da simplicidade moderna.<\/p>","protected":false},"excerpt":{"rendered":"<p>Living room sofa set Item Name Living room sofa set Model No. master sofa set Material leather +solid wood frame+foam (PU, fabric option) Product Size(cm) As per the picture instruction Color black and white, brown, red, &nbsp; About the Living room sofa set Todays contemporary designs replicate the Living room sofa set use of space, [&hellip;]<\/p>\n","protected":false},"featured_media":2168,"template":"","meta":{"_seopress_robots_primary_cat":"118","_seopress_titles_title":"Living room sofa set | Jade Ant Furniture-Furniture made in China","_seopress_titles_desc":"Todays contemporary designs replicate the Living room sofa set use of space, while renewing it with the durability and comfort required by the busy new generation.","_seopress_robots_index":"","_joinchat":[]},"product_brand":[],"product_cat":[118,132],"product_tag":[],"class_list":{"0":"post-881","1":"product","2":"type-product","3":"status-publish","4":"has-post-thumbnail","6":"product_cat-livingroom-furniture","7":"product_cat-sofa","9":"first","10":"instock","11":"shipping-taxable","12":"product-type-simple"},"_links":{"self":[{"href":"https:\/\/jadeant.com\/pt\/wp-json\/wp\/v2\/product\/881","targetHints":{"allow":["GET"]}}],"collection":[{"href":"https:\/\/jadeant.com\/pt\/wp-json\/wp\/v2\/product"}],"about":[{"href":"https:\/\/jadeant.com\/pt\/wp-json\/wp\/v2\/types\/product"}],"version-history":[{"count":1,"href":"https:\/\/jadeant.com\/pt\/wp-json\/wp\/v2\/product\/881\/revisions"}],"predecessor-version":[{"id":2285,"href":"https:\/\/jadeant.com\/pt\/wp-json\/wp\/v2\/product\/881\/revisions\/2285"}],"wp:featuredmedia":[{"embeddable":true,"href":"https:\/\/jadeant.com\/pt\/wp-json\/wp\/v2\/media\/2168"}],"wp:attachment":[{"href":"https:\/\/jadeant.com\/pt\/wp-json\/wp\/v2\/media?parent=881"}],"wp:term":[{"taxonomy":"product_brand","embeddable":true,"href":"https:\/\/jadeant.com\/pt\/wp-json\/wp\/v2\/product_brand?post=881"},{"taxonomy":"product_cat","embeddable":true,"href":"https:\/\/jadeant.com\/pt\/wp-json\/wp\/v2\/product_cat?post=881"},{"taxonomy":"product_tag","embeddable":true,"href":"https:\/\/jadeant.com\/pt\/wp-json\/wp\/v2\/product_tag?post=881"}],"curies":[{"name":"wp","href":"https:\/\/api.w.org\/{rel}","templated":true}]}}