{"id":888,"date":"2020-04-10T19:05:24","date_gmt":"2020-04-10T19:05:24","guid":{"rendered":"https:\/\/www.jadeant.com\/?post_type=product&#038;p=888"},"modified":"2025-03-17T11:58:39","modified_gmt":"2025-03-17T11:58:39","slug":"tv-cabinet","status":"publish","type":"product","link":"https:\/\/jadeant.com\/pt\/produto\/tv-cabinet\/","title":{"rendered":"Arm\u00e1rio de TV"},"content":{"rendered":"<h1>Arm\u00e1rio de TV<\/h1>\n<h2><span style=\"font-size: 14pt; font-family: georgia, palatino;\">Especifica\u00e7\u00e3o do gabinete de TV<\/span><\/h2>\n<table class=\"aliDataTable\" style=\"width: 61%; height: 330px;\">\n<tbody>\n<tr style=\"height: 22px;\">\n<td style=\"height: 22px;\">\n<div data-spm-anchor-id=\"a2700.details.pronpeci14.i0.24405bca9S5xfj\">Item.<\/div>\n<\/td>\n<td style=\"height: 22px;\" colspan=\"3\">Arm\u00e1rio de TV<\/td>\n<\/tr>\n<tr style=\"height: 22px;\">\n<td style=\"height: 22px;\">\n<div>Materiais<\/div>\n<\/td>\n<td style=\"height: 22px;\" colspan=\"3\">\n<div>estrutura de madeira + MDF + a\u00e7o inoxid\u00e1vel<\/div>\n<\/td>\n<\/tr>\n<tr style=\"height: 22px;\">\n<td style=\"height: 22px;\">\n<div>Cor<\/div>\n<\/td>\n<td style=\"height: 22px;\" colspan=\"3\">\n<div>Conforme seu pedido<\/div>\n<\/td>\n<\/tr>\n<tr style=\"height: 22px;\">\n<td style=\"height: 22px;\">\n<div>N.W.<\/div>\n<\/td>\n<td style=\"height: 22px;\" colspan=\"3\">\n<div>depende do design que voc\u00ea deseja<\/div>\n<\/td>\n<\/tr>\n<tr style=\"height: 44px;\">\n<td style=\"height: 44px;\">\n<div>Tamanho<\/div>\n<\/td>\n<td style=\"height: 44px;\" colspan=\"3\">\n<div>2000*400*500<\/div>\n<\/td>\n<\/tr>\n<tr style=\"height: 22px;\">\n<td style=\"height: 22px;\">\n<div>Estilo<\/div>\n<\/td>\n<td style=\"height: 22px;\" colspan=\"3\">\n<div>Moderno<\/div>\n<\/td>\n<\/tr>\n<tr style=\"height: 22px;\">\n<td style=\"height: 22px;\">\n<div>Prazo de entrega<\/div>\n<\/td>\n<td style=\"height: 22px;\" colspan=\"3\">\n<div data-spm-anchor-id=\"a2700.details.pronpeci14.i1.24405bca9S5xfj\">45 dias ap\u00f3s o recebimento do dep\u00f3sito<\/div>\n<\/td>\n<\/tr>\n<tr style=\"height: 22px;\">\n<td style=\"height: 22px;\">\n<div>Porta de carregamento<\/div>\n<\/td>\n<td style=\"height: 22px;\" colspan=\"3\">\n<div>Xangai<\/div>\n<\/td>\n<\/tr>\n<tr style=\"height: 22px;\">\n<td style=\"height: 22px;\">\n<div>MOQ<\/div>\n<\/td>\n<td style=\"height: 22px;\" colspan=\"3\">\n<div>Entre em contato conosco<\/div>\n<\/td>\n<\/tr>\n<tr style=\"height: 22px;\">\n<td style=\"height: 66px;\" rowspan=\"3\">\n<div>Observa\u00e7\u00e3o<\/div>\n<\/td>\n<td style=\"height: 22px;\" colspan=\"3\">\n<div>1. o projeto do cliente \u00e9 aceito<\/div>\n<\/td>\n<\/tr>\n<tr style=\"height: 22px;\">\n<td style=\"height: 22px;\" colspan=\"3\">\n<div>2. certifique-se de que os produtos, como tamanho, n\u00famero do modelo, material e quantidade, sejam fornecidos na primeira vez, e voc\u00ea obter\u00e1 um bom pre\u00e7o<\/div>\n<\/td>\n<\/tr>\n<tr style=\"height: 22px;\">\n<td style=\"height: 22px;\" colspan=\"3\">\n<div>3. todos os pre\u00e7os dos produtos est\u00e3o sujeitos \u00e0 nossa confirma\u00e7\u00e3o final<\/div>\n<\/td>\n<\/tr>\n<tr style=\"height: 22px;\">\n<td style=\"height: 22px;\">\n<div>Garantia<\/div>\n<\/td>\n<td style=\"height: 22px;\" colspan=\"3\">\n<div>1 ano<\/div>\n<\/td>\n<\/tr>\n<\/tbody>\n<\/table>\n<h2>Sobre o gabinete de TV<\/h2>\n<p>Os gabinetes de TV s\u00e3o ferramentas essenciais para qualquer casa ou escrit\u00f3rio. Eles facilitam a organiza\u00e7\u00e3o de materiais, arquivos, documentos e outros itens que precisam ser mantidos para armazenamento, refer\u00eancia ou uso futuro.<\/p>\n<p>Embora o design dos gabinetes de TV, especialmente para uma casa, seja de grande import\u00e2ncia, h\u00e1 tamb\u00e9m outros aspectos que precisam ser considerados antes de comprar um ou mandar fazer um sob medida de acordo com suas especifica\u00e7\u00f5es.<\/p>\n<p>* Tamanho<\/p>\n<p>O tamanho do gabinete da TV depende de dois fatores: o tamanho do espa\u00e7o a ser alocado para o m\u00f3vel e a quantidade de materiais que ser\u00e3o colocados no gabinete da TV.<\/p>\n<p>Considere o espa\u00e7o que ser\u00e1 alocado para o gabinete da TV. Deve haver espa\u00e7o suficiente na frente do gabinete da TV para que voc\u00ea possa abri-lo facilmente e retirar o que precisar.<\/p>\n<p>Tamb\u00e9m \u00e9 aconselh\u00e1vel ter espa\u00e7o suficiente para caminhar quando o gabinete da TV estiver aberto. Isso significa que uma pessoa poder\u00e1 passar ou ficar em p\u00e9 livremente na frente do gabinete da TV enquanto pega ou coloca o conte\u00fado.<\/p>\n<p>Considere tamb\u00e9m a quantidade de materiais que ser\u00e3o colocados no gabinete da TV. \u00c9 melhor ter um arm\u00e1rio de TV para organizar os itens relacionados do que ter v\u00e1rios arm\u00e1rios de TV nos quais voc\u00ea precisa verificar quando estiver procurando por um \u00fanico item. \u00c9 melhor que seu arm\u00e1rio para TV ainda tenha espa\u00e7o suficiente caso voc\u00ea adquira mais conte\u00fados semelhantes para que possa coloc\u00e1-los todos no mesmo lugar.<\/p>\n<p>&nbsp;<\/p>","protected":false},"excerpt":{"rendered":"<p>TV cabinet Specification of TV cabinet Item. TV cabinet Materials wooden frame + MDF+stainless steel Color As your order N.W. depend on the design you want Size 2000*400*500 Style Modern Delivery time 45 days after receiving deposit Loading port Shanghai MOQ please contact us Remark 1.Customer design is accepted 2.Make sure the products such as [&hellip;]<\/p>\n","protected":false},"featured_media":1943,"template":"","meta":{"_seopress_robots_primary_cat":"118","_seopress_titles_title":"TV cabinet | make your living room unique and elegant | Jade Ant","_seopress_titles_desc":"TV cabinets are essentials tools to any household of office. These facilitate organizing materials, files, documents and other things that have to be kept for storage, reference or future use.","_seopress_robots_index":"","_joinchat":[]},"product_brand":[],"product_cat":[118,134],"product_tag":[],"class_list":{"0":"post-888","1":"product","2":"type-product","3":"status-publish","4":"has-post-thumbnail","6":"product_cat-livingroom-furniture","7":"product_cat-tv-cabinet","9":"first","10":"instock","11":"shipping-taxable","12":"product-type-simple"},"_links":{"self":[{"href":"https:\/\/jadeant.com\/pt\/wp-json\/wp\/v2\/product\/888","targetHints":{"allow":["GET"]}}],"collection":[{"href":"https:\/\/jadeant.com\/pt\/wp-json\/wp\/v2\/product"}],"about":[{"href":"https:\/\/jadeant.com\/pt\/wp-json\/wp\/v2\/types\/product"}],"version-history":[{"count":1,"href":"https:\/\/jadeant.com\/pt\/wp-json\/wp\/v2\/product\/888\/revisions"}],"predecessor-version":[{"id":2282,"href":"https:\/\/jadeant.com\/pt\/wp-json\/wp\/v2\/product\/888\/revisions\/2282"}],"wp:featuredmedia":[{"embeddable":true,"href":"https:\/\/jadeant.com\/pt\/wp-json\/wp\/v2\/media\/1943"}],"wp:attachment":[{"href":"https:\/\/jadeant.com\/pt\/wp-json\/wp\/v2\/media?parent=888"}],"wp:term":[{"taxonomy":"product_brand","embeddable":true,"href":"https:\/\/jadeant.com\/pt\/wp-json\/wp\/v2\/product_brand?post=888"},{"taxonomy":"product_cat","embeddable":true,"href":"https:\/\/jadeant.com\/pt\/wp-json\/wp\/v2\/product_cat?post=888"},{"taxonomy":"product_tag","embeddable":true,"href":"https:\/\/jadeant.com\/pt\/wp-json\/wp\/v2\/product_tag?post=888"}],"curies":[{"name":"wp","href":"https:\/\/api.w.org\/{rel}","templated":true}]}}