{"id":894,"date":"2020-04-09T22:15:03","date_gmt":"2020-04-09T22:15:03","guid":{"rendered":"https:\/\/www.jadeant.com\/?post_type=product&#038;p=894"},"modified":"2025-03-17T12:12:06","modified_gmt":"2025-03-17T12:12:06","slug":"dining-room-sets","status":"publish","type":"product","link":"https:\/\/jadeant.com\/pt\/produto\/dining-room-sets\/","title":{"rendered":"Conjuntos de sala de jantar"},"content":{"rendered":"<h1>Conjuntos de sala de jantar<\/h1>\n<h2><span style=\"font-size: 14pt; font-family: georgia, palatino;\">Especifica\u00e7\u00e3o dos conjuntos de sala de jantar<\/span><\/h2>\n<table class=\"aliDataTable\" style=\"width: 61%; height: 330px;\">\n<tbody>\n<tr style=\"height: 22px;\">\n<td style=\"height: 22px;\">\n<div data-spm-anchor-id=\"a2700.details.pronpeci14.i0.24405bca9S5xfj\">Item.<\/div>\n<\/td>\n<td style=\"height: 22px;\" colspan=\"3\">Conjuntos de sala de jantar<\/td>\n<\/tr>\n<tr style=\"height: 22px;\">\n<td style=\"height: 22px;\">\n<div>Materiais<\/div>\n<\/td>\n<td style=\"height: 22px;\" colspan=\"3\">\n<div>moldura de madeira com tampo de m\u00e1rmore<\/div>\n<\/td>\n<\/tr>\n<tr style=\"height: 22px;\">\n<td style=\"height: 22px;\">\n<div>Cor<\/div>\n<\/td>\n<td style=\"height: 22px;\" colspan=\"3\">\n<div>Conforme seu pedido<\/div>\n<\/td>\n<\/tr>\n<tr style=\"height: 22px;\">\n<td style=\"height: 22px;\">\n<div>N.W.<\/div>\n<\/td>\n<td style=\"height: 22px;\" colspan=\"3\">\n<div>depende do design que voc\u00ea deseja<\/div>\n<\/td>\n<\/tr>\n<tr style=\"height: 44px;\">\n<td style=\"height: 44px;\">\n<div>Tamanho<\/div>\n<\/td>\n<td style=\"height: 44px;\" colspan=\"3\">\n<div>Conforme as instru\u00e7\u00f5es da foto<\/div>\n<\/td>\n<\/tr>\n<tr style=\"height: 22px;\">\n<td style=\"height: 22px;\">\n<div>Cor do tubo<\/div>\n<\/td>\n<td style=\"height: 22px;\" colspan=\"3\">\n<div>N\/M<\/div>\n<\/td>\n<\/tr>\n<tr style=\"height: 22px;\">\n<td style=\"height: 22px;\">\n<div>Estilo<\/div>\n<\/td>\n<td style=\"height: 22px;\" colspan=\"3\">\n<div>Moderno<\/div>\n<\/td>\n<\/tr>\n<tr style=\"height: 22px;\">\n<td style=\"height: 22px;\">\n<div>Prazo de entrega<\/div>\n<\/td>\n<td style=\"height: 22px;\" colspan=\"3\">\n<div data-spm-anchor-id=\"a2700.details.pronpeci14.i1.24405bca9S5xfj\">45 dias ap\u00f3s o recebimento do dep\u00f3sito<\/div>\n<\/td>\n<\/tr>\n<tr style=\"height: 22px;\">\n<td style=\"height: 22px;\">\n<div>Porta de carregamento<\/div>\n<\/td>\n<td style=\"height: 22px;\" colspan=\"3\">\n<div>Xangai<\/div>\n<\/td>\n<\/tr>\n<tr style=\"height: 22px;\">\n<td style=\"height: 22px;\">\n<div>MOQ<\/div>\n<\/td>\n<td style=\"height: 22px;\" colspan=\"3\">\n<div>Entre em contato conosco<\/div>\n<\/td>\n<\/tr>\n<tr style=\"height: 22px;\">\n<td style=\"height: 66px;\" rowspan=\"3\">\n<div>Observa\u00e7\u00e3o<\/div>\n<\/td>\n<td style=\"height: 22px;\" colspan=\"3\">\n<div>1. o projeto do cliente \u00e9 aceito<\/div>\n<\/td>\n<\/tr>\n<tr style=\"height: 22px;\">\n<td style=\"height: 22px;\" colspan=\"3\">\n<div>2. certifique-se de que os produtos, como tamanho, n\u00famero do modelo, material e quantidade, sejam fornecidos na primeira vez, e voc\u00ea obter\u00e1 um bom pre\u00e7o<\/div>\n<\/td>\n<\/tr>\n<tr style=\"height: 22px;\">\n<td style=\"height: 22px;\" colspan=\"3\">\n<div>3. todos os pre\u00e7os dos produtos est\u00e3o sujeitos \u00e0 nossa confirma\u00e7\u00e3o final<\/div>\n<\/td>\n<\/tr>\n<tr style=\"height: 22px;\">\n<td style=\"height: 22px;\">\n<div>Garantia<\/div>\n<\/td>\n<td style=\"height: 22px;\" colspan=\"3\">\n<div>1 ano<\/div>\n<\/td>\n<\/tr>\n<\/tbody>\n<\/table>\n<h2>Sobre os conjuntos de sala de jantar<\/h2>\n<p>Os conjuntos de sala de jantar s\u00e3o uma das coisas mais importantes que as pessoas fazem durante o dia, embora talvez n\u00e3o percebam isso. Isso porque, al\u00e9m de saciar a fome, o jantar tamb\u00e9m serve para passar um tempo de qualidade com toda a fam\u00edlia.<\/p>\n<p>\u00c9 por isso que se deve prestar muita aten\u00e7\u00e3o para tornar a sala de jantar o mais confort\u00e1vel poss\u00edvel. Sim, isso custa muito dinheiro, mas com alguns ajustes, at\u00e9 mesmo os c\u00f4modos abandonados podem se tornar t\u00e3o satisfat\u00f3rios quanto a comida caseira da mam\u00e3e, sem prejudicar muito o bolso.<\/p>\n<p>Como fazer isso? Vamos come\u00e7ar com as mesas de sala de jantar, que \u00e9 o foco deste artigo.<\/p>\n<p>A escolha da mesa certa para a sala de jantar vai al\u00e9m da simples est\u00e9tica. Por exemplo, nas cozinhas, um tampo de madeira maci\u00e7a resistente \u00e9 fundamental; salas de jantar grandes e formais exigem uma mesa com presen\u00e7a marcante; se o seu gosto for moderno, ent\u00e3o as mesas de jantar contempor\u00e2neas e modernas funcionar\u00e3o melhor.<\/p>\n<p>Essas decis\u00f5es afetar\u00e3o a apar\u00eancia da casa e a sensa\u00e7\u00e3o de espa\u00e7o. Portanto, antes de ir \u00e0s compras, pondere sobre os seguintes pontos.<\/p>","protected":false},"excerpt":{"rendered":"<p>Dining room sets Specification of Dining room sets Item. Dining room sets Materials wooden frame with marble top Color As your order N.W. depend on the design you want Size As per photo instructions Tuble colour N\/M Style Modern Delivery time 45 days after receiving deposite Loading port Shanghai MOQ please contact us Remark 1.Customer [&hellip;]<\/p>\n","protected":false},"featured_media":1911,"template":"","meta":{"_seopress_robots_primary_cat":"119","_seopress_titles_title":"Dining room sets | Jade Ant Furniture made in China","_seopress_titles_desc":"Dining room sets is one of the most important things people do in their day, though they may not realize it. Why, because aside from quelling hunger pangs, dining is also meant to spend some quality time with the whole family.","_seopress_robots_index":"","_joinchat":[]},"product_brand":[],"product_cat":[130,119,129],"product_tag":[],"class_list":{"0":"post-894","1":"product","2":"type-product","3":"status-publish","4":"has-post-thumbnail","6":"product_cat-dining-chair","7":"product_cat-dining-room-furniture","8":"product_cat-dining-table","10":"first","11":"instock","12":"shipping-taxable","13":"product-type-simple"},"_links":{"self":[{"href":"https:\/\/jadeant.com\/pt\/wp-json\/wp\/v2\/product\/894","targetHints":{"allow":["GET"]}}],"collection":[{"href":"https:\/\/jadeant.com\/pt\/wp-json\/wp\/v2\/product"}],"about":[{"href":"https:\/\/jadeant.com\/pt\/wp-json\/wp\/v2\/types\/product"}],"version-history":[{"count":1,"href":"https:\/\/jadeant.com\/pt\/wp-json\/wp\/v2\/product\/894\/revisions"}],"predecessor-version":[{"id":2287,"href":"https:\/\/jadeant.com\/pt\/wp-json\/wp\/v2\/product\/894\/revisions\/2287"}],"wp:featuredmedia":[{"embeddable":true,"href":"https:\/\/jadeant.com\/pt\/wp-json\/wp\/v2\/media\/1911"}],"wp:attachment":[{"href":"https:\/\/jadeant.com\/pt\/wp-json\/wp\/v2\/media?parent=894"}],"wp:term":[{"taxonomy":"product_brand","embeddable":true,"href":"https:\/\/jadeant.com\/pt\/wp-json\/wp\/v2\/product_brand?post=894"},{"taxonomy":"product_cat","embeddable":true,"href":"https:\/\/jadeant.com\/pt\/wp-json\/wp\/v2\/product_cat?post=894"},{"taxonomy":"product_tag","embeddable":true,"href":"https:\/\/jadeant.com\/pt\/wp-json\/wp\/v2\/product_tag?post=894"}],"curies":[{"name":"wp","href":"https:\/\/api.w.org\/{rel}","templated":true}]}}