{"id":907,"date":"2020-04-13T05:20:00","date_gmt":"2020-04-13T05:20:00","guid":{"rendered":"https:\/\/www.jadeant.com\/?post_type=product&#038;p=907"},"modified":"2025-03-17T11:48:03","modified_gmt":"2025-03-17T11:48:03","slug":"home-office-bookcase","status":"publish","type":"product","link":"https:\/\/jadeant.com\/pt\/produto\/home-office-bookcase\/","title":{"rendered":"Estante para escrit\u00f3rio dom\u00e9stico"},"content":{"rendered":"<h1>Estante para escrit\u00f3rio dom\u00e9stico<\/h1>\n<h2><span style=\"font-size: 14pt; font-family: georgia, palatino;\">Especifica\u00e7\u00e3o da estante para escrit\u00f3rio dom\u00e9stico<\/span><\/h2>\n<table class=\"aliDataTable\" style=\"width: 61%; height: 308px;\">\n<tbody>\n<tr style=\"height: 22px;\">\n<td style=\"height: 22px;\">\n<div data-spm-anchor-id=\"a2700.details.pronpeci14.i0.24405bca9S5xfj\">Item.<\/div>\n<\/td>\n<td style=\"height: 22px;\" colspan=\"3\">Estante para escrit\u00f3rio dom\u00e9stico<\/td>\n<\/tr>\n<tr style=\"height: 22px;\">\n<td style=\"height: 22px;\">\n<div>Materiais<\/div>\n<\/td>\n<td style=\"height: 22px;\" colspan=\"3\">\n<div>Madeira maci\u00e7a +MDF+couro + vidro<\/div>\n<\/td>\n<\/tr>\n<tr style=\"height: 22px;\">\n<td style=\"height: 22px;\">\n<div>Cor<\/div>\n<\/td>\n<td style=\"height: 22px;\" colspan=\"3\">\n<div>Conforme seu pedido<\/div>\n<\/td>\n<\/tr>\n<tr style=\"height: 22px;\">\n<td style=\"height: 22px;\">\n<div>N.W.<\/div>\n<\/td>\n<td style=\"height: 22px;\" colspan=\"3\">\n<div>depende do design que voc\u00ea deseja<\/div>\n<\/td>\n<\/tr>\n<tr style=\"height: 44px;\">\n<td style=\"height: 44px;\">Tamanho<\/td>\n<td style=\"height: 44px;\" colspan=\"3\">1800*450*1800mm<\/td>\n<\/tr>\n<tr style=\"height: 22px;\">\n<td style=\"height: 22px;\">\n<div>Estilo<\/div>\n<\/td>\n<td style=\"height: 22px;\" colspan=\"3\">\n<div>Moderno<\/div>\n<\/td>\n<\/tr>\n<tr style=\"height: 22px;\">\n<td style=\"height: 22px;\">\n<div>Prazo de entrega<\/div>\n<\/td>\n<td style=\"height: 22px;\" colspan=\"3\">\n<div data-spm-anchor-id=\"a2700.details.pronpeci14.i1.24405bca9S5xfj\">45 dias ap\u00f3s o recebimento do dep\u00f3sito<\/div>\n<\/td>\n<\/tr>\n<tr style=\"height: 22px;\">\n<td style=\"height: 22px;\">\n<div>Porta de carregamento<\/div>\n<\/td>\n<td style=\"height: 22px;\" colspan=\"3\">\n<div>Xangai<\/div>\n<\/td>\n<\/tr>\n<tr style=\"height: 22px;\">\n<td style=\"height: 22px;\">\n<div>MOQ<\/div>\n<\/td>\n<td style=\"height: 22px;\" colspan=\"3\">\n<div>Entre em contato conosco<\/div>\n<\/td>\n<\/tr>\n<tr style=\"height: 22px;\">\n<td style=\"height: 66px;\" rowspan=\"3\">\n<div>Observa\u00e7\u00e3o<\/div>\n<\/td>\n<td style=\"height: 22px;\" colspan=\"3\">\n<div>1. o projeto do cliente \u00e9 aceito<\/div>\n<\/td>\n<\/tr>\n<tr style=\"height: 22px;\">\n<td style=\"height: 22px;\" colspan=\"3\">\n<div>2. certifique-se de que os produtos, como tamanho, n\u00famero do modelo, material e quantidade, sejam fornecidos na primeira vez, e voc\u00ea obter\u00e1 um bom pre\u00e7o<\/div>\n<\/td>\n<\/tr>\n<tr style=\"height: 22px;\">\n<td style=\"height: 22px;\" colspan=\"3\">\n<div>3. todos os pre\u00e7os dos produtos est\u00e3o sujeitos \u00e0 nossa confirma\u00e7\u00e3o final<\/div>\n<\/td>\n<\/tr>\n<tr style=\"height: 22px;\">\n<td style=\"height: 22px;\">\n<div>Garantia<\/div>\n<\/td>\n<td style=\"height: 22px;\" colspan=\"3\">\n<div>1 ano<\/div>\n<\/td>\n<\/tr>\n<\/tbody>\n<\/table>\n<h2>Sobre a estante de escrit\u00f3rio dom\u00e9stico<\/h2>\n<p>Estabelecer seu pr\u00f3prio neg\u00f3cio em casa tem seu pr\u00f3prio conjunto de desafios, mas pode ser uma perspectiva empolgante em sua maior parte. No entanto, n\u00e3o se deve negligenciar a necessidade de montar um escrit\u00f3rio em casa, onde voc\u00ea cuida da maioria das suas necessidades comerciais. Isso permitir\u00e1 que voc\u00ea trate seu neg\u00f3cio em casa como voc\u00ea normalmente pensa em neg\u00f3cios.<\/p>\n<p>Para montar um home office que torne o trabalho conveniente e eficiente para voc\u00ea, h\u00e1 alguns fatores essenciais que precisam ser considerados para montar o home office. Portanto, \u00e9 preciso garantir todos os equipamentos e m\u00f3veis necess\u00e1rios que ajudem a manter seu neg\u00f3cio funcionando sem problemas.<\/p>\n<p>Iniciando a configura\u00e7\u00e3o de seu escrit\u00f3rio em casa<\/p>\n<p>Antes de analisar os detalhes mais minuciosos do est\u00e1gio de configura\u00e7\u00e3o do seu home office, voc\u00ea precisa trabalhar primeiro no b\u00e1sico. Cuidar desses itens b\u00e1sicos o ajudar\u00e1 a elaborar os detalhes mais tarde.<\/p>\n<p>Em que parte da casa voc\u00ea instala seu home office? Considere as condi\u00e7\u00f5es durante todo o ano dessa \u00e1rea espec\u00edfica da casa. Certifique-se de que ela ofere\u00e7a um local conveniente para voc\u00ea cuidar dos neg\u00f3cios e dos itens essenciais de trabalho.<\/p>\n<p>Encontre um local silencioso na casa. Instalar seu home office longe de \u00e1reas que ofere\u00e7am muita distra\u00e7\u00e3o o ajudar\u00e1 a aumentar a produtividade. Essa \u00e9 uma considera\u00e7\u00e3o importante se voc\u00ea tiver crian\u00e7as pequenas em casa.<\/p>\n<p>Crie um plano de neg\u00f3cios para o home office. Como em tudo, \u00e9 sempre melhor ter um plano para poder organizar as etapas necess\u00e1rias para atingir suas metas.<\/p>","protected":false},"excerpt":{"rendered":"<p>Home office bookcase Specification of Home office bookcase Item. Home office bookcase Materials Solid wood +MDF+leather + glass Color As your order N.W. depend on the design you want Size 1800*450*1800mm Style Modern Delivery time 45 days after receiving deposit Loading port Shanghai MOQ please contact us Remark 1.Customer design is accepted 2.Make sure the [&hellip;]<\/p>\n","protected":false},"featured_media":1978,"template":"","meta":{"_seopress_robots_primary_cat":"120","_seopress_titles_title":"Home office bookcase | Bring working at home | Jade Ant","_seopress_titles_desc":"Home office bookcase:Establishing your own home business have its own set of challenges but it can be an exciting prospect for the most part. However, you must not neglect the need for setting up a home office where you take care of most your business needs.","_seopress_robots_index":"","_joinchat":[]},"product_brand":[],"product_cat":[147,139,120,121,144],"product_tag":[],"class_list":{"0":"post-907","1":"product","2":"type-product","3":"status-publish","4":"has-post-thumbnail","6":"product_cat-bookcase","7":"product_cat-home-office-table","8":"product_cat-home-office-furniture","9":"product_cat-kids-room-furniture","10":"product_cat-kids-room-study-desk","12":"first","13":"instock","14":"shipping-taxable","15":"product-type-simple"},"_links":{"self":[{"href":"https:\/\/jadeant.com\/pt\/wp-json\/wp\/v2\/product\/907","targetHints":{"allow":["GET"]}}],"collection":[{"href":"https:\/\/jadeant.com\/pt\/wp-json\/wp\/v2\/product"}],"about":[{"href":"https:\/\/jadeant.com\/pt\/wp-json\/wp\/v2\/types\/product"}],"version-history":[{"count":1,"href":"https:\/\/jadeant.com\/pt\/wp-json\/wp\/v2\/product\/907\/revisions"}],"predecessor-version":[{"id":2274,"href":"https:\/\/jadeant.com\/pt\/wp-json\/wp\/v2\/product\/907\/revisions\/2274"}],"wp:featuredmedia":[{"embeddable":true,"href":"https:\/\/jadeant.com\/pt\/wp-json\/wp\/v2\/media\/1978"}],"wp:attachment":[{"href":"https:\/\/jadeant.com\/pt\/wp-json\/wp\/v2\/media?parent=907"}],"wp:term":[{"taxonomy":"product_brand","embeddable":true,"href":"https:\/\/jadeant.com\/pt\/wp-json\/wp\/v2\/product_brand?post=907"},{"taxonomy":"product_cat","embeddable":true,"href":"https:\/\/jadeant.com\/pt\/wp-json\/wp\/v2\/product_cat?post=907"},{"taxonomy":"product_tag","embeddable":true,"href":"https:\/\/jadeant.com\/pt\/wp-json\/wp\/v2\/product_tag?post=907"}],"curies":[{"name":"wp","href":"https:\/\/api.w.org\/{rel}","templated":true}]}}