{"id":912,"date":"2020-04-13T22:39:20","date_gmt":"2020-04-13T22:39:20","guid":{"rendered":"https:\/\/www.jadeant.com\/?post_type=product&#038;p=912"},"modified":"2025-03-17T11:46:42","modified_gmt":"2025-03-17T11:46:42","slug":"sofa-and-loveseat","status":"publish","type":"product","link":"https:\/\/jadeant.com\/pt\/produto\/sofa-and-loveseat\/","title":{"rendered":"Sof\u00e1 e poltrona"},"content":{"rendered":"<h2>Sof\u00e1 e poltrona<\/h2>\n<table class=\"aliDataTable\" style=\"width: 82.9026%; height: 248px;\">\n<tbody>\n<tr>\n<td style=\"width: 23.2824%;\">\n<div data-spm-anchor-id=\"a2700.details.pronpeci14.i0.5f14f032lfZ41A\">Nome do item<\/div>\n<\/td>\n<td style=\"width: 22.4706%;\" colspan=\"3\">Sof\u00e1 e poltrona<\/td>\n<\/tr>\n<tr>\n<td style=\"width: 23.2824%;\">\n<div>Modelo n\u00ba.<\/div>\n<\/td>\n<td style=\"width: 22.4706%;\" colspan=\"3\">Sof\u00e1 e poltrona<\/td>\n<\/tr>\n<tr>\n<td style=\"width: 23.2824%;\">\n<div data-spm-anchor-id=\"a2700.details.pronpeci14.i2.5f14f032lfZ41A\">Material<\/div>\n<\/td>\n<td style=\"width: 22.4706%;\" colspan=\"3\">\n<div>couro + estrutura de madeira s\u00f3lida + espuma (PU, op\u00e7\u00e3o de tecido)<\/div>\n<\/td>\n<\/tr>\n<tr>\n<td style=\"width: 23.2824%;\">\n<div>Tamanho do produto (cm)<\/div>\n<\/td>\n<td style=\"width: 22.4706%;\" colspan=\"3\">\n<div data-spm-anchor-id=\"a2700.details.pronpeci14.i1.5f14f032lfZ41A\">Conforme as instru\u00e7\u00f5es da imagem<\/div>\n<div data-spm-anchor-id=\"a2700.details.pronpeci14.i3.5f14f032lfZ41A\"><\/div>\n<\/td>\n<\/tr>\n<tr>\n<td style=\"width: 23.2824%;\">\n<div>Cor<\/div>\n<\/td>\n<td style=\"width: 22.4706%;\" colspan=\"3\">\n<div>preto e branco, marrom, vermelho,<\/div>\n<\/td>\n<\/tr>\n<\/tbody>\n<\/table>\n<p>&nbsp;<\/p>\n<h2><span style=\"font-family: georgia, palatino;\">Sobre o sof\u00e1 e a poltrona<\/span><\/h2>\n<p>Chegou a hora de trocar os m\u00f3veis da sala de estar. Vov\u00f4 e eu t\u00ednhamos o mesmo sof\u00e1, poltrona, cadeira extra, mesas e lumin\u00e1rias de nossos trinta e cinco anos de casamento. Ainda inclinados \u00e0 nega\u00e7\u00e3o, concordamos que o azul continua sendo nossa cor favorita, nenhuma pessoa caiu no ch\u00e3o em nossa cadeira e partes dos abajures ainda bloqueiam a vis\u00e3o das l\u00e2mpadas GE de 100 watts. Al\u00e9m disso, pouco antes de os entregadores aparecerem na porta da minha casa com as pe\u00e7as rec\u00e9m-adquiridas, tive um momento para examinar nossas coisas antigas e encontrei lembretes inesperados de tempos passados, como bolinhas de gude, giz de cera, bra\u00e7os de Barbie, tampas de Chapstick e embalagens de chiclete.<\/p>\n<p>Depois que virei uma das almofadas do assento da poltrona, descobri um pequeno esbo\u00e7o do primeiro acidente de nossas filhas ap\u00f3s o treinamento com o penico. \u00c9 claro que, embaixo dessa mesma almofada, bem como das outras, coletei tesouros que pensei que tinham desaparecido para sempre. A primeira coisa que me chamou a aten\u00e7\u00e3o foi a borda amarela que aparecia no estofamento da \u00faltima chupeta do neto. Como eu me lembrava bem de ter vasculhado a casa, o quintal e o carro em busca daquele equipamento que trazia vida.<\/p>","protected":false},"excerpt":{"rendered":"<p>Sofa and loveseat Item Name Sofa and loveseat Model No. Sofa and loveseat Material leather +solid wood frame+foam (PU, fabric option) Product Size(cm) As per the picture instruction Color black and white, brown, red, &nbsp; About the Sofa and loveseat Time arrived for replacing the living room furniture. Grandpa and I had our same sofa, [&hellip;]<\/p>\n","protected":false},"featured_media":2166,"template":"","meta":{"_seopress_robots_primary_cat":"118","_seopress_titles_title":"Sofa and loveseat | Jade Ant Furniture-Furniture made in China","_seopress_titles_desc":"Time arrived for replacing the living room furniture. Grandpa and I had our same sofa, loveseat, extra chair, tables, and lamps from our thirty-five years of marriage.After I turned one of the seat cushions on the loveseat over, I discovered a dim outline of our daughters first post-potty training accident","_seopress_robots_index":"","_joinchat":[]},"product_brand":[],"product_cat":[118,132],"product_tag":[],"class_list":{"0":"post-912","1":"product","2":"type-product","3":"status-publish","4":"has-post-thumbnail","6":"product_cat-livingroom-furniture","7":"product_cat-sofa","9":"first","10":"instock","11":"shipping-taxable","12":"product-type-simple"},"_links":{"self":[{"href":"https:\/\/jadeant.com\/pt\/wp-json\/wp\/v2\/product\/912","targetHints":{"allow":["GET"]}}],"collection":[{"href":"https:\/\/jadeant.com\/pt\/wp-json\/wp\/v2\/product"}],"about":[{"href":"https:\/\/jadeant.com\/pt\/wp-json\/wp\/v2\/types\/product"}],"version-history":[{"count":1,"href":"https:\/\/jadeant.com\/pt\/wp-json\/wp\/v2\/product\/912\/revisions"}],"predecessor-version":[{"id":2272,"href":"https:\/\/jadeant.com\/pt\/wp-json\/wp\/v2\/product\/912\/revisions\/2272"}],"wp:featuredmedia":[{"embeddable":true,"href":"https:\/\/jadeant.com\/pt\/wp-json\/wp\/v2\/media\/2166"}],"wp:attachment":[{"href":"https:\/\/jadeant.com\/pt\/wp-json\/wp\/v2\/media?parent=912"}],"wp:term":[{"taxonomy":"product_brand","embeddable":true,"href":"https:\/\/jadeant.com\/pt\/wp-json\/wp\/v2\/product_brand?post=912"},{"taxonomy":"product_cat","embeddable":true,"href":"https:\/\/jadeant.com\/pt\/wp-json\/wp\/v2\/product_cat?post=912"},{"taxonomy":"product_tag","embeddable":true,"href":"https:\/\/jadeant.com\/pt\/wp-json\/wp\/v2\/product_tag?post=912"}],"curies":[{"name":"wp","href":"https:\/\/api.w.org\/{rel}","templated":true}]}}