{"id":917,"date":"2020-04-13T04:48:55","date_gmt":"2020-04-13T04:48:55","guid":{"rendered":"https:\/\/www.jadeant.com\/?post_type=product&#038;p=917"},"modified":"2025-03-17T11:49:55","modified_gmt":"2025-03-17T11:49:55","slug":"dressing-table-2","status":"publish","type":"product","link":"https:\/\/jadeant.com\/pt\/produto\/dressing-table-2\/","title":{"rendered":"Penteadeira"},"content":{"rendered":"<h1>Penteadeira<\/h1>\n<p>&nbsp;<\/p>\n<h2>Descri\u00e7\u00e3o da penteadeira<\/h2>\n<p>A chave \u00e9 escolher os m\u00f3veis certos para seu espa\u00e7o. Suas escolhas podem n\u00e3o ser exatamente o que voc\u00ea quer agora, mas ser\u00e3o as escolhas certas para voc\u00ea com o tempo. Lembre-se de que, depois de comprar os m\u00f3veis \"certos\", voc\u00ea acabar\u00e1 personalizando o espa\u00e7o com suas \"coisas\" e os m\u00f3veis se integrar\u00e3o ao espa\u00e7o. Mas, ao come\u00e7ar a comprar m\u00f3veis para o quarto, considere essas escolhas \"certas\".<\/p>\n<p>Compras desde o in\u00edcio<\/p>\n<p>Para come\u00e7ar a comprar m\u00f3veis para o quarto, considere o quarto como vazio e sua carteira como razoavelmente cheia. Afinal, o que voc\u00ea realmente precisa em um quarto? Comece com o b\u00e1sico. Voc\u00ea precisar\u00e1 de: uma cama, uma c\u00f4moda, uma ou duas mesas de cabeceira com lumin\u00e1rias e uma ou duas boas cadeiras com possivelmente uma mesa e uma lumin\u00e1ria. Isso \u00e9 realmente tudo e voc\u00ea provavelmente poderia dispensar alguns desses itens tamb\u00e9m. Comece devagar e v\u00e1 primeiro ao que \u00e9 realmente b\u00e1sico. Depois da cama (menos a cabeceira), tente escolher uma pe\u00e7a que voc\u00ea queira ter com voc\u00ea pelo resto da vida. A partir da\u00ed, construa em torno dessa pe\u00e7a. Escolha com cuidado e leve o tempo que for necess\u00e1rio. Contanto que voc\u00ea tenha a cama e uma luz de teto, voc\u00ea estar\u00e1 bem por alguns dias.<\/p>\n<p>Reagindo \u00e0 luz<\/p>\n<p>M\u00f3veis diferentes refletem a luz de maneiras diferentes. Um m\u00f3vel pesado de carvalho refletir\u00e1 a luz de forma diferente de um m\u00f3vel leve de bambu. Defina um estilo de cor para o cen\u00e1rio de ilumina\u00e7\u00e3o mais prov\u00e1vel com o qual voc\u00ea provavelmente se deparar\u00e1 em rela\u00e7\u00e3o aos seus gostos de moradia.<\/p>\n<p>Cor dos m\u00f3veis<\/p>\n<p>Se voc\u00ea estiver analisando as op\u00e7\u00f5es de cores ao escolher m\u00f3veis para quarto, \u00e9 bom que elas combinem umas com as outras quando for compr\u00e1-las pela primeira vez. Eles podem ser claros ou escuros, texturizados ou lisos, tudo \u00e9 uma quest\u00e3o de manter tudo no mesmo estilo e na mesma cor. Considere isso; no entanto, observe a constru\u00e7\u00e3o da pe\u00e7a de mobili\u00e1rio. Como ele \u00e9 feito sob o tecido? Observe e pergunte sobre a capacidade de ser estofado novamente. Algumas carca\u00e7as de m\u00f3veis n\u00e3o s\u00e3o feitas para resistir a serem desmontadas para uma reabilita\u00e7\u00e3o, enquanto outras s\u00e3o mais aptas a isso.<\/p>\n<p>F\u00e1cil do volume<\/p>\n<p>Considerar o volume de uma pe\u00e7a de mobili\u00e1rio \u00e9 uma ideia bastante importante. Talvez voc\u00ea esteja em um quarto maior no momento e uma pe\u00e7a maior se ajustar\u00e1 bem \u00e0 escala e ao espa\u00e7o. Mova-se uma ou duas vezes e essa pe\u00e7a desaparecer\u00e1 em um canto ou ocupar\u00e1 metade do c\u00f4modo, visual ou fisicamente. Essa \u00e9 uma quest\u00e3o dif\u00edcil de considerar, pois n\u00e3o h\u00e1 muitas pessoas no mundo m\u00f3vel de hoje que sabem onde estar\u00e3o daqui a 5 ou 10 anos. Na verdade, n\u00e3o h\u00e1 outra resposta para esse dilema a n\u00e3o ser tentar se manter em um espectro de tamanho razo\u00e1vel. A poltrona de amor pode parecer uma boa ideia no momento, mas ser\u00e1 que \u00e9 mesmo?<\/p>\n<p>Seja realista com rela\u00e7\u00e3o a seus gostos verdadeiros<\/p>\n<p>O mais importante na compra de m\u00f3veis \u00e9 chegar a um acordo com o que voc\u00ea realmente quer em seu espa\u00e7o mais pessoal. Isso geralmente significa chegar a um acordo com quem voc\u00ea realmente \u00e9. N\u00e3o quem voc\u00ea \u00e9 neste momento de sua vida, mas quem voc\u00ea realmente \u00e9 em seu pr\u00f3prio cora\u00e7\u00e3o e estilo. Isso n\u00e3o mudar\u00e1 ao longo de sua vida. Compre a mob\u00edlia de seu quarto nesse local e fique confort\u00e1vel quando for dormir e quando acordar.<\/p>\n<p>&nbsp;<\/p>\n<h2><span style=\"font-family: georgia, palatino, serif; font-size: 14pt;\">Especifica\u00e7\u00e3o da mesa de vestir<\/span><\/h2>\n<table style=\"width: 71.5782%; height: 413px;\" border=\"1\">\n<tbody>\n<tr style=\"height: 22px;\">\n<td style=\"height: 22px; width: 25.6579%;\" data-spm-anchor-id=\"a2700.details.pronpeci14.i0.479d3829Y92VWk\">Nome do produto<\/td>\n<td style=\"height: 22px; width: 72.5877%;\">Penteadeira<\/td>\n<\/tr>\n<tr style=\"height: 22px;\">\n<td style=\"height: 22px; width: 25.6579%;\">\u00a0Tamanho<\/td>\n<td style=\"height: 22px; width: 72.5877%;\">Penteadeira: 1250*480*760mm ou personalizada<\/p>\n<p>Cadeira de vestir: 480*480*48<span style=\"font-family: inherit; font-size: inherit;\">0 mm<\/span><\/p>\n<p>Espelho de vestir: 700*50*700mm<\/td>\n<\/tr>\n<tr style=\"height: 22px;\">\n<td style=\"height: 22px; width: 25.6579%;\">\u00a0Uso<\/td>\n<td style=\"height: 22px; width: 72.5877%;\">\u00a0 Quarto\/\u00e1rea de vestir<\/td>\n<\/tr>\n<tr style=\"height: 22px;\">\n<td style=\"height: 22px; width: 25.6579%;\">\u00a0Moldura<\/td>\n<td style=\"height: 22px; width: 72.5877%;\">\u00a0\u00a0Madeira maci\u00e7a ecologicamente correta<\/p>\n<p>a\u00e7o inoxid\u00e1vel<\/td>\n<\/tr>\n<tr style=\"height: 22px;\">\n<td style=\"height: 22px; width: 25.6579%;\">\u00a0Op\u00e7\u00e3o de capa<\/td>\n<td style=\"height: 22px; width: 72.5877%;\">\u00a0 \u00a0N\/M<\/td>\n<\/tr>\n<tr style=\"height: 22px;\">\n<td style=\"height: 22px; width: 25.6579%;\">\u00a0Cor<\/td>\n<td style=\"height: 22px; width: 72.5877%;\">\u00a0 Conforme a imagem ou personalizado<\/td>\n<\/tr>\n<\/tbody>\n<\/table>","protected":false},"excerpt":{"rendered":"<p>Dressing table &nbsp; Description of Dressing table Choosing the right furniture for your space is the key. Your choices might not be exactly what you want now, but they will be the right choices for you over time. Remember, after you buy the \u201cright\u201d furniture you will end up customizing the space with your \u201cstuff\u201d [&hellip;]<\/p>\n","protected":false},"featured_media":1931,"template":"","meta":{"_seopress_robots_primary_cat":"117","_seopress_titles_title":"Dressing table to decorate the bedroom furniture | Jade Ant","_seopress_titles_desc":"Choosing the right dressing table for your space is the key. Your choices might not be exactly what you want now, but they will be the right choices for you over time. Remember, after you buy the \u201cright\u201d furniture you will end up customizing the space with your \u201cstuff\u201d anyway and the furniture will blend into the space","_seopress_robots_index":"","_joinchat":[]},"product_brand":[],"product_cat":[117,125,124,126],"product_tag":[],"class_list":{"0":"post-917","1":"product","2":"type-product","3":"status-publish","4":"has-post-thumbnail","6":"product_cat-bedroom-furniture","7":"product_cat-dresser-mirror","8":"product_cat-dressing-table","9":"product_cat-ottoman","11":"first","12":"instock","13":"shipping-taxable","14":"product-type-simple"},"_links":{"self":[{"href":"https:\/\/jadeant.com\/pt\/wp-json\/wp\/v2\/product\/917","targetHints":{"allow":["GET"]}}],"collection":[{"href":"https:\/\/jadeant.com\/pt\/wp-json\/wp\/v2\/product"}],"about":[{"href":"https:\/\/jadeant.com\/pt\/wp-json\/wp\/v2\/types\/product"}],"version-history":[{"count":1,"href":"https:\/\/jadeant.com\/pt\/wp-json\/wp\/v2\/product\/917\/revisions"}],"predecessor-version":[{"id":2276,"href":"https:\/\/jadeant.com\/pt\/wp-json\/wp\/v2\/product\/917\/revisions\/2276"}],"wp:featuredmedia":[{"embeddable":true,"href":"https:\/\/jadeant.com\/pt\/wp-json\/wp\/v2\/media\/1931"}],"wp:attachment":[{"href":"https:\/\/jadeant.com\/pt\/wp-json\/wp\/v2\/media?parent=917"}],"wp:term":[{"taxonomy":"product_brand","embeddable":true,"href":"https:\/\/jadeant.com\/pt\/wp-json\/wp\/v2\/product_brand?post=917"},{"taxonomy":"product_cat","embeddable":true,"href":"https:\/\/jadeant.com\/pt\/wp-json\/wp\/v2\/product_cat?post=917"},{"taxonomy":"product_tag","embeddable":true,"href":"https:\/\/jadeant.com\/pt\/wp-json\/wp\/v2\/product_tag?post=917"}],"curies":[{"name":"wp","href":"https:\/\/api.w.org\/{rel}","templated":true}]}}