{"id":922,"date":"2020-04-12T23:05:41","date_gmt":"2020-04-12T23:05:41","guid":{"rendered":"https:\/\/www.jadeant.com\/?post_type=product&#038;p=922"},"modified":"2025-03-17T11:50:46","modified_gmt":"2025-03-17T11:50:46","slug":"console-cabinet-table","status":"publish","type":"product","link":"https:\/\/jadeant.com\/pt\/produto\/console-cabinet-table\/","title":{"rendered":"Mesa de arm\u00e1rio de console"},"content":{"rendered":"<h1>Mesa de arm\u00e1rio de console<\/h1>\n<h2><span style=\"font-size: 14pt; font-family: georgia, palatino;\">Especifica\u00e7\u00e3o da mesa do gabinete do console<\/span><\/h2>\n<table class=\"aliDataTable\" style=\"width: 61%; height: 330px;\">\n<tbody>\n<tr style=\"height: 22px;\">\n<td style=\"height: 22px;\">\n<div data-spm-anchor-id=\"a2700.details.pronpeci14.i0.24405bca9S5xfj\">Item.<\/div>\n<\/td>\n<td style=\"height: 22px;\" colspan=\"3\">Mesa de arm\u00e1rio de console<\/td>\n<\/tr>\n<tr style=\"height: 22px;\">\n<td style=\"height: 22px;\">\n<div>Materiais<\/div>\n<\/td>\n<td style=\"height: 22px;\" colspan=\"3\">\n<div>Estrutura de madeira maci\u00e7a +MDF<\/div>\n<\/td>\n<\/tr>\n<tr style=\"height: 22px;\">\n<td style=\"height: 22px;\">\n<div>Cor<\/div>\n<\/td>\n<td style=\"height: 22px;\" colspan=\"3\">\n<div>Conforme seu pedido<\/div>\n<\/td>\n<\/tr>\n<tr style=\"height: 22px;\">\n<td style=\"height: 22px;\">\n<div>N.W.<\/div>\n<\/td>\n<td style=\"height: 22px;\" colspan=\"3\">\n<div>depende do design que voc\u00ea deseja<\/div>\n<\/td>\n<\/tr>\n<tr style=\"height: 44px;\">\n<td style=\"height: 44px;\">Tamanho<\/td>\n<td style=\"height: 44px;\" colspan=\"3\">1600*350*820mm<\/td>\n<\/tr>\n<tr style=\"height: 22px;\">\n<td style=\"height: 22px;\">\n<div>Estilo<\/div>\n<\/td>\n<td style=\"height: 22px;\" colspan=\"3\">\n<div>Moderno<\/div>\n<\/td>\n<\/tr>\n<tr style=\"height: 22px;\">\n<td style=\"height: 22px;\">\n<div>Prazo de entrega<\/div>\n<\/td>\n<td style=\"height: 22px;\" colspan=\"3\">\n<div data-spm-anchor-id=\"a2700.details.pronpeci14.i1.24405bca9S5xfj\">45 dias ap\u00f3s o recebimento do dep\u00f3sito<\/div>\n<\/td>\n<\/tr>\n<tr style=\"height: 22px;\">\n<td style=\"height: 22px;\">\n<div>Porta de carregamento<\/div>\n<\/td>\n<td style=\"height: 22px;\" colspan=\"3\">\n<div>Xangai<\/div>\n<\/td>\n<\/tr>\n<tr style=\"height: 22px;\">\n<td style=\"height: 22px;\">\n<div>MOQ<\/div>\n<\/td>\n<td style=\"height: 22px;\" colspan=\"3\">\n<div>Entre em contato conosco<\/div>\n<\/td>\n<\/tr>\n<tr style=\"height: 22px;\">\n<td style=\"height: 66px;\" rowspan=\"3\">\n<div>Observa\u00e7\u00e3o<\/div>\n<\/td>\n<td style=\"height: 22px;\" colspan=\"3\">\n<div>1. o projeto do cliente \u00e9 aceito<\/div>\n<\/td>\n<\/tr>\n<tr style=\"height: 22px;\">\n<td style=\"height: 22px;\" colspan=\"3\">\n<div>2. certifique-se de que os produtos, como tamanho, n\u00famero do modelo, material e quantidade, sejam fornecidos na primeira vez, e voc\u00ea obter\u00e1 um bom pre\u00e7o<\/div>\n<\/td>\n<\/tr>\n<tr style=\"height: 22px;\">\n<td style=\"height: 22px;\" colspan=\"3\">\n<div>3. todos os pre\u00e7os dos produtos est\u00e3o sujeitos \u00e0 nossa confirma\u00e7\u00e3o final<\/div>\n<\/td>\n<\/tr>\n<tr style=\"height: 22px;\">\n<td style=\"height: 22px;\">\n<div>Garantia<\/div>\n<\/td>\n<td style=\"height: 22px;\" colspan=\"3\">\n<div>1 ano<\/div>\n<\/td>\n<\/tr>\n<\/tbody>\n<\/table>\n<h2>Sobre a mesa do gabinete do console<\/h2>\n<p>As mesas de arm\u00e1rio de console podem servir como uma das pe\u00e7as de mobili\u00e1rio mais importantes de toda a sua casa. Essa mesa \u00e9 caracterizada por seu formato semicircular e pela altura mais baixa do que a m\u00e9dia da mesa. Al\u00e9m disso, o estilo de mesa de arm\u00e1rio de console geralmente tem tr\u00eas pernas. Embora essas pe\u00e7as de mobili\u00e1rio tendam a ser menores do que a m\u00e9dia das mesas dom\u00e9sticas, na verdade, em muitos lares, elas podem ser as mais proeminentes.<\/p>\n<p>Por que as mesas de console s\u00e3o t\u00e3o importantes para causar uma impress\u00e3o geral da sua casa? A raz\u00e3o para isso \u00e9 que, na maioria das vezes, essas mesas est\u00e3o localizadas na entrada ou no foyer. Em outras palavras, elas s\u00e3o a primeira pe\u00e7a de mobili\u00e1rio realmente substancial que os convidados veem ao entrar em sua casa e tamb\u00e9m o \u00faltimo item que veem ao sair. \u00c9 imperativo, portanto, ter cuidado ao escolher uma mesa de console para a sua resid\u00eancia.<\/p>\n<p>H\u00e1 muitas op\u00e7\u00f5es para escolher quando se trata do design e do estilo dessas pe\u00e7as de mobili\u00e1rio. A coisa mais inteligente a fazer antes de se aventurar a comprar uma \u00e9 fazer uma pequena compra on-line ou navegar, para ver a maior variedade de mesas para seu tempo e conveni\u00eancia. Em seguida, veja algumas mesas pessoalmente em seu dep\u00f3sito de m\u00f3veis local ou em uma loja de m\u00f3veis independente especializada. Fazer compras comparativas para encontrar os melhores pre\u00e7os \u00e9 sempre inteligente, mas lembre-se de que esse item \u00e9 um dos principais pontos focais de sua casa. N\u00e3o deixe que o pre\u00e7o, por si s\u00f3, o fa\u00e7a sacrificar a qualidade.<\/p>","protected":false},"excerpt":{"rendered":"<p>Console cabinet table Specification of Console cabinet table Item. Console cabinet table Materials Solid wood frame +MDF Color As your order N.W. depend on the design you want Size 1600*350*820mm Style Modern Delivery time 45 days after receiving deposit Loading port Shanghai MOQ please contact us Remark 1.Customer design is accepted 2.Make sure the products [&hellip;]<\/p>\n","protected":false},"featured_media":1877,"template":"","meta":{"_seopress_robots_primary_cat":"118","_seopress_titles_title":"Console cabinet table | Make decoration for the entrance | Jade Ant","_seopress_titles_desc":"The usage of the concole table:to maintain the privacy of the owner,also for the purpose of decoration,The decoration of the entrance should be coordinated with the decoration style of the whole house, which plays a role of connecting the up and down.","_seopress_robots_index":"","_seopress_analysis_target_kw":"Console cabinet table","_joinchat":[]},"product_brand":[],"product_cat":[136,118],"product_tag":[],"class_list":{"0":"post-922","1":"product","2":"type-product","3":"status-publish","4":"has-post-thumbnail","6":"product_cat-console-table","7":"product_cat-livingroom-furniture","9":"first","10":"instock","11":"shipping-taxable","12":"product-type-simple"},"_links":{"self":[{"href":"https:\/\/jadeant.com\/pt\/wp-json\/wp\/v2\/product\/922","targetHints":{"allow":["GET"]}}],"collection":[{"href":"https:\/\/jadeant.com\/pt\/wp-json\/wp\/v2\/product"}],"about":[{"href":"https:\/\/jadeant.com\/pt\/wp-json\/wp\/v2\/types\/product"}],"version-history":[{"count":1,"href":"https:\/\/jadeant.com\/pt\/wp-json\/wp\/v2\/product\/922\/revisions"}],"predecessor-version":[{"id":2277,"href":"https:\/\/jadeant.com\/pt\/wp-json\/wp\/v2\/product\/922\/revisions\/2277"}],"wp:featuredmedia":[{"embeddable":true,"href":"https:\/\/jadeant.com\/pt\/wp-json\/wp\/v2\/media\/1877"}],"wp:attachment":[{"href":"https:\/\/jadeant.com\/pt\/wp-json\/wp\/v2\/media?parent=922"}],"wp:term":[{"taxonomy":"product_brand","embeddable":true,"href":"https:\/\/jadeant.com\/pt\/wp-json\/wp\/v2\/product_brand?post=922"},{"taxonomy":"product_cat","embeddable":true,"href":"https:\/\/jadeant.com\/pt\/wp-json\/wp\/v2\/product_cat?post=922"},{"taxonomy":"product_tag","embeddable":true,"href":"https:\/\/jadeant.com\/pt\/wp-json\/wp\/v2\/product_tag?post=922"}],"curies":[{"name":"wp","href":"https:\/\/api.w.org\/{rel}","templated":true}]}}